{"id":22005,"date":"2024-01-17T13:16:10","date_gmt":"2024-01-17T12:16:10","guid":{"rendered":"https:\/\/steiger-hotels.com\/produkt\/psi-patrol-pies-podrozuje-z-%f0%9f%90%95\/"},"modified":"2024-01-17T13:16:10","modified_gmt":"2024-01-17T12:16:10","slug":"psi-patrol-pies-podrozuje-z-%f0%9f%90%95","status":"publish","type":"product","link":"https:\/\/steiger-hotels.com\/pl\/produkt\/psi-patrol-pies-podrozuje-z-%f0%9f%90%95\/","title":{"rendered":"Psi Patrol: pies podr\u00f3\u017cuje z \ud83d\udc15"},"content":{"rendered":"<p><strong>Psy nie le\u017c\u0105 leniwie, psy upi\u0119kszaj\u0105 pok\u00f3j!<\/strong><\/p>\n<ul>\n<li>Prosimy koniecznie zg\u0142osi\u0107 psa (tutaj przez sklep lub mailowo). Je\u015bli przywioz\u0105 Pa\u0144stwo psa bez zg\u0142oszenia, mo\u017ce si\u0119 zdarzy\u0107, \u017ce nie b\u0119dziemy mogli Pa\u0144stwa zakwaterowa\u0107. <\/li>\n<li>na pok\u00f3j maks. 1 pies <\/li>\n<li>W hotelu czeka na Pa\u0144stwa miska na karm\u0119 i mata dla psa.<\/li>\n<li>Pies mo\u017ce oczywi\u015bcie wej\u015b\u0107 z Pa\u0144stwem do restauracji. Prosimy te\u017c dopilnowa\u0107, aby pies nie zostawa\u0142 zbyt d\u0142ugo sam w pokoju i aby inni go\u015bcie nie byli niepokojeni szczekaniem. <\/li>\n<li>Dop\u0142ata za psa zale\u017cy od wielko\u015bci i d\u0142ugo\u015bci sier\u015bci.<\/li>\n<\/ul>\n","protected":false},"excerpt":{"rendered":"<p>Cieszymy si\u0119, je\u015bli Pa\u0144stwa czworon\u00f3g b\u0119dzie Pa\u0144stwu towarzyszy\u0142 w Szwajcarii Sakso\u0144skiej. Jest tu wiele do odkrycia, a piesek mo\u017ce liczy\u0107 na d\u0142ugie spacery i w\u0119dr\u00f3wki! Aby w hotelu wszystko przebiega\u0142o sprawnie, jak najlepiej uwzgl\u0119dni\u0107 potrzeby wszystkich go\u015bci i utrzyma\u0107 w czysto\u015bci tak\u017ce nasze pokoje dla alergik\u00f3w, poni\u017cej kilka informacji.  <\/p>\n<p><strong>Prosimy zapozna\u0107 si\u0119 z informacjami z opisu <\/strong><\/p>\n","protected":false},"featured_media":11091,"template":"","meta":[],"product_brand":[],"product_cat":[65,71],"product_tag":[],"class_list":{"0":"post-22005","1":"product","2":"type-product","3":"status-publish","4":"has-post-thumbnail","6":"product_cat-dodatkowe-uslugi-podczas-panstwa-pobytu","7":"product_cat-dostawka-zwierzeta-domowe","9":"first","10":"instock","11":"taxable","12":"shipping-taxable","13":"purchasable","14":"product-type-variable"},"_links":{"self":[{"href":"https:\/\/steiger-hotels.com\/pl\/wp-json\/wp\/v2\/product\/22005","targetHints":{"allow":["GET"]}}],"collection":[{"href":"https:\/\/steiger-hotels.com\/pl\/wp-json\/wp\/v2\/product"}],"about":[{"href":"https:\/\/steiger-hotels.com\/pl\/wp-json\/wp\/v2\/types\/product"}],"wp:featuredmedia":[{"embeddable":true,"href":"https:\/\/steiger-hotels.com\/pl\/wp-json\/wp\/v2\/media\/11091"}],"wp:attachment":[{"href":"https:\/\/steiger-hotels.com\/pl\/wp-json\/wp\/v2\/media?parent=22005"}],"wp:term":[{"taxonomy":"product_brand","embeddable":true,"href":"https:\/\/steiger-hotels.com\/pl\/wp-json\/wp\/v2\/product_brand?post=22005"},{"taxonomy":"product_cat","embeddable":true,"href":"https:\/\/steiger-hotels.com\/pl\/wp-json\/wp\/v2\/product_cat?post=22005"},{"taxonomy":"product_tag","embeddable":true,"href":"https:\/\/steiger-hotels.com\/pl\/wp-json\/wp\/v2\/product_tag?post=22005"}],"curies":[{"name":"wp","href":"https:\/\/api.w.org\/{rel}","templated":true}]}}