{"id":21611,"date":"2024-01-17T13:39:49","date_gmt":"2024-01-17T12:39:49","guid":{"rendered":"https:\/\/steiger-hotels.com\/produkt\/pakiet-urodzinowy-kwiaty-i-szampan\/"},"modified":"2024-01-17T13:39:49","modified_gmt":"2024-01-17T12:39:49","slug":"pakiet-urodzinowy-kwiaty-i-szampan","status":"publish","type":"product","link":"https:\/\/steiger-hotels.com\/pl\/produkt\/pakiet-urodzinowy-kwiaty-i-szampan\/","title":{"rendered":"Pakiet urodzinowy \u2013 Kwiaty i szampan"},"content":{"rendered":"","protected":false},"excerpt":{"rendered":"<p>Je\u015bli zdecyduj\u0105 si\u0119 Pa\u0144stwo na pakiet urodzinowy, przygotujemy dla Pa\u0144stwa w dniu przyjazdu lub w dniu urodzin nast\u0119puj\u0105ce rzeczy:<\/p>\n<ul>\n<li><strong>pi\u0119kny bukiet kwiat\u00f3w, dopasowany do pory roku<\/strong><\/li>\n<li><strong>butelka musuj\u0105cego szampana w pokoju<\/strong><\/li>\n<\/ul>\n<p>Dzi\u0119ki temu mog\u0105 Pa\u0144stwo zrelaksowa\u0107 si\u0119 w prywatnej atmosferze i wznie\u015b\u0107 toast za nowy rok \u017cycia!<\/p>\n<p><strong>Uwaga, aby wszystko posz\u0142o g\u0142adko, zam\u00f3wienie nale\u017cy z\u0142o\u017cy\u0107 z 5-dniowym wyprzedzeniem!<\/strong><\/p>\n","protected":false},"featured_media":16389,"template":"","meta":[],"product_brand":[],"product_cat":[65,66],"product_tag":[],"class_list":{"0":"post-21611","1":"product","2":"type-product","3":"status-publish","4":"has-post-thumbnail","6":"product_cat-dodatkowe-uslugi-podczas-panstwa-pobytu","7":"product_cat-urodziny","9":"first","10":"instock","11":"sale","12":"taxable","13":"shipping-taxable","14":"purchasable","15":"product-type-simple"},"_links":{"self":[{"href":"https:\/\/steiger-hotels.com\/pl\/wp-json\/wp\/v2\/product\/21611","targetHints":{"allow":["GET"]}}],"collection":[{"href":"https:\/\/steiger-hotels.com\/pl\/wp-json\/wp\/v2\/product"}],"about":[{"href":"https:\/\/steiger-hotels.com\/pl\/wp-json\/wp\/v2\/types\/product"}],"wp:featuredmedia":[{"embeddable":true,"href":"https:\/\/steiger-hotels.com\/pl\/wp-json\/wp\/v2\/media\/16389"}],"wp:attachment":[{"href":"https:\/\/steiger-hotels.com\/pl\/wp-json\/wp\/v2\/media?parent=21611"}],"wp:term":[{"taxonomy":"product_brand","embeddable":true,"href":"https:\/\/steiger-hotels.com\/pl\/wp-json\/wp\/v2\/product_brand?post=21611"},{"taxonomy":"product_cat","embeddable":true,"href":"https:\/\/steiger-hotels.com\/pl\/wp-json\/wp\/v2\/product_cat?post=21611"},{"taxonomy":"product_tag","embeddable":true,"href":"https:\/\/steiger-hotels.com\/pl\/wp-json\/wp\/v2\/product_tag?post=21611"}],"curies":[{"name":"wp","href":"https:\/\/api.w.org\/{rel}","templated":true}]}}