{"id":21598,"date":"2025-06-24T10:53:04","date_gmt":"2025-06-24T08:53:04","guid":{"rendered":"https:\/\/steiger-hotels.com\/produkt\/urodziny-dziecka\/"},"modified":"2025-06-24T10:53:04","modified_gmt":"2025-06-24T08:53:04","slug":"urodziny-dziecka","status":"publish","type":"product","link":"https:\/\/steiger-hotels.com\/pl\/produkt\/urodziny-dziecka\/","title":{"rendered":"Urodziny dziecka"},"content":{"rendered":"","protected":false},"excerpt":{"rendered":"<p class=\"p1\"><b>Nasz pakiet urodzinowy dla dzieci: radosne oczy dzieci gwarantowane!<\/b><b><\/b><\/p>\n<p class=\"p2\">Podczas \u015bniadania zaskoczymy solenizanta oryginalnym tortem Benjamin Bl\u00fcmchen, kolorowymi serpentynami i ma\u0142ym napojem do toastu \u2013 tak dzie\u0144 zaczyna si\u0119 z u\u015bmiechem i mn\u00f3stwem urodzinowej magii.<\/p>\n<p><strong style=\"font-family: -apple-system, BlinkMacSystemFont, 'Segoe UI', Roboto, 'Helvetica Neue', Arial, 'Noto Sans', sans-serif, 'Apple Color Emoji', 'Segoe UI Emoji', 'Segoe UI Symbol', 'Noto Color Emoji';\">Uwaga: aby wszystko przebieg\u0142o sprawnie, zam\u00f3wienie nale\u017cy z\u0142o\u017cy\u0107 z 2-dniowym wyprzedzeniem roboczym!<\/strong><\/p>\n","protected":false},"featured_media":14872,"template":"","meta":[],"product_brand":[],"product_cat":[65,66],"product_tag":[],"class_list":{"0":"post-21598","1":"product","2":"type-product","3":"status-publish","4":"has-post-thumbnail","6":"product_cat-dodatkowe-uslugi-podczas-panstwa-pobytu","7":"product_cat-urodziny","9":"first","10":"instock","11":"taxable","12":"shipping-taxable","13":"purchasable","14":"product-type-simple"},"_links":{"self":[{"href":"https:\/\/steiger-hotels.com\/pl\/wp-json\/wp\/v2\/product\/21598","targetHints":{"allow":["GET"]}}],"collection":[{"href":"https:\/\/steiger-hotels.com\/pl\/wp-json\/wp\/v2\/product"}],"about":[{"href":"https:\/\/steiger-hotels.com\/pl\/wp-json\/wp\/v2\/types\/product"}],"wp:featuredmedia":[{"embeddable":true,"href":"https:\/\/steiger-hotels.com\/pl\/wp-json\/wp\/v2\/media\/14872"}],"wp:attachment":[{"href":"https:\/\/steiger-hotels.com\/pl\/wp-json\/wp\/v2\/media?parent=21598"}],"wp:term":[{"taxonomy":"product_brand","embeddable":true,"href":"https:\/\/steiger-hotels.com\/pl\/wp-json\/wp\/v2\/product_brand?post=21598"},{"taxonomy":"product_cat","embeddable":true,"href":"https:\/\/steiger-hotels.com\/pl\/wp-json\/wp\/v2\/product_cat?post=21598"},{"taxonomy":"product_tag","embeddable":true,"href":"https:\/\/steiger-hotels.com\/pl\/wp-json\/wp\/v2\/product_tag?post=21598"}],"curies":[{"name":"wp","href":"https:\/\/api.w.org\/{rel}","templated":true}]}}