{"id":21597,"date":"2025-06-24T11:15:24","date_gmt":"2025-06-24T09:15:24","guid":{"rendered":"https:\/\/steiger-hotels.com\/produkt\/maly-gest-wielka-radosc\/"},"modified":"2025-06-24T11:15:24","modified_gmt":"2025-06-24T09:15:24","slug":"maly-gest-wielka-radosc","status":"publish","type":"product","link":"https:\/\/steiger-hotels.com\/pl\/produkt\/maly-gest-wielka-radosc\/","title":{"rendered":"Ma\u0142y gest, wielka rado\u015b\u0107"},"content":{"rendered":"<p class=\"p2\">Dla wszystkich, kt\u00f3rzy wol\u0105 spokojne urodziny: Nasz zesp\u00f3\u0142 przygotowuje ma\u0142\u0105 dekoracj\u0119 i zaskakuje jubilata muffink\u0105 z urodzinow\u0105 \u015bwieczk\u0105 \u2013 dyskretnie, serdecznie i po prostu pi\u0119knie.<\/p>\n","protected":false},"excerpt":{"rendered":"<p>Je\u015bli nie szukaj\u0105 Pa\u0144stwo zgie\u0142ku, to jest to idealne miejsce!<\/p>\n<p>Nasz zesp\u00f3\u0142 przygotowuje ma\u0142\u0105 dekoracj\u0119 na stole \u015bniadaniowym i zaskakuje jubilata muffink\u0105 z urodzinow\u0105 \u015bwieczk\u0105 \u2013 dyskretnie, serdecznie i po prostu pi\u0119knie.<\/p>\n","protected":false},"featured_media":14881,"template":"","meta":[],"product_brand":[],"product_cat":[65,66],"product_tag":[],"class_list":{"0":"post-21597","1":"product","2":"type-product","3":"status-publish","4":"has-post-thumbnail","6":"product_cat-dodatkowe-uslugi-podczas-panstwa-pobytu","7":"product_cat-urodziny","9":"first","10":"instock","11":"taxable","12":"shipping-taxable","13":"purchasable","14":"product-type-simple"},"_links":{"self":[{"href":"https:\/\/steiger-hotels.com\/pl\/wp-json\/wp\/v2\/product\/21597","targetHints":{"allow":["GET"]}}],"collection":[{"href":"https:\/\/steiger-hotels.com\/pl\/wp-json\/wp\/v2\/product"}],"about":[{"href":"https:\/\/steiger-hotels.com\/pl\/wp-json\/wp\/v2\/types\/product"}],"wp:featuredmedia":[{"embeddable":true,"href":"https:\/\/steiger-hotels.com\/pl\/wp-json\/wp\/v2\/media\/14881"}],"wp:attachment":[{"href":"https:\/\/steiger-hotels.com\/pl\/wp-json\/wp\/v2\/media?parent=21597"}],"wp:term":[{"taxonomy":"product_brand","embeddable":true,"href":"https:\/\/steiger-hotels.com\/pl\/wp-json\/wp\/v2\/product_brand?post=21597"},{"taxonomy":"product_cat","embeddable":true,"href":"https:\/\/steiger-hotels.com\/pl\/wp-json\/wp\/v2\/product_cat?post=21597"},{"taxonomy":"product_tag","embeddable":true,"href":"https:\/\/steiger-hotels.com\/pl\/wp-json\/wp\/v2\/product_tag?post=21597"}],"curies":[{"name":"wp","href":"https:\/\/api.w.org\/{rel}","templated":true}]}}