{"id":21467,"date":"2024-01-17T15:21:38","date_gmt":"2024-01-17T14:21:38","guid":{"rendered":"https:\/\/steiger-hotels.com\/produkt\/lozeczko-turystyczne-dla-niemowlat\/"},"modified":"2026-04-08T15:36:20","modified_gmt":"2026-04-08T13:36:20","slug":"lozeczko-turystyczne-dla-niemowlat","status":"publish","type":"product","link":"https:\/\/steiger-hotels.com\/pl\/produkt\/lozeczko-turystyczne-dla-niemowlat\/","title":{"rendered":"\u0141\u00f3\u017ceczko turystyczne dla niemowl\u0105t"},"content":{"rendered":"","protected":false},"excerpt":{"rendered":"<p>Ch\u0119tnie zam\u00f3wimy dla Pa\u0144stwa \u0142\u00f3\u017ceczko turystyczne dla niemowl\u0119cia na czas pobytu. Ustawimy je w pokoju hotelowym przed Pa\u0144stwa przyjazdem. <\/p>\n","protected":false},"featured_media":11101,"template":"","meta":[],"product_brand":[],"product_cat":[65,71],"product_tag":[],"class_list":{"0":"post-21467","1":"product","2":"type-product","3":"status-publish","4":"has-post-thumbnail","6":"product_cat-dodatkowe-uslugi-podczas-panstwa-pobytu","7":"product_cat-dostawka-zwierzeta-domowe","9":"first","10":"instock","11":"sale","12":"sold-individually","13":"taxable","14":"shipping-taxable","15":"purchasable","16":"product-type-simple"},"_links":{"self":[{"href":"https:\/\/steiger-hotels.com\/pl\/wp-json\/wp\/v2\/product\/21467","targetHints":{"allow":["GET"]}}],"collection":[{"href":"https:\/\/steiger-hotels.com\/pl\/wp-json\/wp\/v2\/product"}],"about":[{"href":"https:\/\/steiger-hotels.com\/pl\/wp-json\/wp\/v2\/types\/product"}],"wp:featuredmedia":[{"embeddable":true,"href":"https:\/\/steiger-hotels.com\/pl\/wp-json\/wp\/v2\/media\/11101"}],"wp:attachment":[{"href":"https:\/\/steiger-hotels.com\/pl\/wp-json\/wp\/v2\/media?parent=21467"}],"wp:term":[{"taxonomy":"product_brand","embeddable":true,"href":"https:\/\/steiger-hotels.com\/pl\/wp-json\/wp\/v2\/product_brand?post=21467"},{"taxonomy":"product_cat","embeddable":true,"href":"https:\/\/steiger-hotels.com\/pl\/wp-json\/wp\/v2\/product_cat?post=21467"},{"taxonomy":"product_tag","embeddable":true,"href":"https:\/\/steiger-hotels.com\/pl\/wp-json\/wp\/v2\/product_tag?post=21467"}],"curies":[{"name":"wp","href":"https:\/\/api.w.org\/{rel}","templated":true}]}}