{"id":18467,"date":"2025-06-24T10:57:17","date_gmt":"2025-06-24T08:57:17","guid":{"rendered":"https:\/\/steiger-hotels.com\/produkt\/sniadanie-urodzinowe-z-szampanem\/"},"modified":"2026-02-07T15:35:05","modified_gmt":"2026-02-07T14:35:05","slug":"sniadanie-urodzinowe-z-szampanem","status":"publish","type":"product","link":"https:\/\/steiger-hotels.com\/pl\/produkt\/sniadanie-urodzinowe-z-szampanem\/","title":{"rendered":"\u015aniadanie urodzinowe z szampanem"},"content":{"rendered":"<p class=\"p1\"><b>Tak stylowo rozpoczyna si\u0119 ten wyj\u0105tkowy dzie\u0144!<\/b><\/p>\n<p class=\"p2\">Nasz zesp\u00f3\u0142 serwisowy zaskoczy Pa\u0144stwa przy stole pi\u0119knie udekorowan\u0105 tac\u0105 urodzinow\u0105, szampanem do wzniesienia toastu i ma\u0142\u0105 porcj\u0105 TamTam na idealny pocz\u0105tek tego wyj\u0105tkowego dnia.<\/p>\n<h6>* Cena obowi\u0105zuje jako dodatek do wcze\u015bniej zarezerwowanego \u015bniadania w formie bufetu<\/h6>\n","protected":false},"excerpt":{"rendered":"<p>Je\u015bli zdecydujecie si\u0119 Pa\u0144stwo na pakiet urodzinowy dla dzieci, w dniu przyjazdu lub w dniu urodzin przygotujemy dla Pa\u0144stwa:<\/p>\n<ul>\n<li><strong><strong>tort Benjamina Bl\u00fcmchena<\/strong><\/strong><\/li>\n<\/ul>\n<p><strong>Uwaga, aby wszystko posz\u0142o g\u0142adko, zam\u00f3wienie nale\u017cy z\u0142o\u017cy\u0107 z 5-dniowym wyprzedzeniem!<\/strong><\/p>\n","protected":false},"featured_media":18468,"template":"","meta":[],"product_brand":[],"product_cat":[65,66],"product_tag":[],"class_list":{"0":"post-18467","1":"product","2":"type-product","3":"status-publish","4":"has-post-thumbnail","6":"product_cat-dodatkowe-uslugi-podczas-panstwa-pobytu","7":"product_cat-urodziny","9":"first","10":"instock","11":"taxable","12":"shipping-taxable","13":"purchasable","14":"product-type-simple"},"_links":{"self":[{"href":"https:\/\/steiger-hotels.com\/pl\/wp-json\/wp\/v2\/product\/18467","targetHints":{"allow":["GET"]}}],"collection":[{"href":"https:\/\/steiger-hotels.com\/pl\/wp-json\/wp\/v2\/product"}],"about":[{"href":"https:\/\/steiger-hotels.com\/pl\/wp-json\/wp\/v2\/types\/product"}],"wp:featuredmedia":[{"embeddable":true,"href":"https:\/\/steiger-hotels.com\/pl\/wp-json\/wp\/v2\/media\/18468"}],"wp:attachment":[{"href":"https:\/\/steiger-hotels.com\/pl\/wp-json\/wp\/v2\/media?parent=18467"}],"wp:term":[{"taxonomy":"product_brand","embeddable":true,"href":"https:\/\/steiger-hotels.com\/pl\/wp-json\/wp\/v2\/product_brand?post=18467"},{"taxonomy":"product_cat","embeddable":true,"href":"https:\/\/steiger-hotels.com\/pl\/wp-json\/wp\/v2\/product_cat?post=18467"},{"taxonomy":"product_tag","embeddable":true,"href":"https:\/\/steiger-hotels.com\/pl\/wp-json\/wp\/v2\/product_tag?post=18467"}],"curies":[{"name":"wp","href":"https:\/\/api.w.org\/{rel}","templated":true}]}}