{"id":21927,"date":"2025-10-01T12:52:02","date_gmt":"2025-10-01T10:52:02","guid":{"rendered":"https:\/\/steiger-hotels.com\/kontakt\/kontakt-dojazd-i-parkowanie\/"},"modified":"2026-04-13T13:14:53","modified_gmt":"2026-04-13T11:14:53","slug":"kontakt-dojazd-i-parkowanie","status":"publish","type":"page","link":"https:\/\/steiger-hotels.com\/pl\/kontakt\/kontakt-dojazd-i-parkowanie\/","title":{"rendered":"Kontakt: Dojazd i parkowanie"},"content":{"rendered":"\t\t<div data-elementor-type=\"wp-page\" data-elementor-id=\"21927\" class=\"elementor elementor-21927 elementor-17223\" data-elementor-post-type=\"page\">\n\t\t\t\t<div class=\"elementor-element elementor-element-6e5b91b e-flex e-con-boxed e-con e-parent\" data-id=\"6e5b91b\" data-element_type=\"container\" data-e-type=\"container\" data-settings=\"{&quot;background_background&quot;:&quot;slideshow&quot;,&quot;background_slideshow_gallery&quot;:[{&quot;id&quot;:18182,&quot;url&quot;:&quot;https:\\\/\\\/steiger-hotels.com\\\/wp-content\\\/uploads\\\/2025\\\/09\\\/Blick-auf-die-Bastei-Bruecke-in-der-Saechsischen-Schweiz-scaled.jpg&quot;}],&quot;background_slideshow_slide_duration&quot;:3000,&quot;background_slideshow_loop&quot;:&quot;yes&quot;,&quot;background_slideshow_slide_transition&quot;:&quot;fade&quot;,&quot;background_slideshow_transition_duration&quot;:500}\">\n\t\t\t\t\t<div class=\"e-con-inner\">\n\t\t\t\t\t<\/div>\n\t\t\t\t<\/div>\n\t\t<div class=\"elementor-element elementor-element-26ee62a e-flex e-con-boxed e-con e-parent\" data-id=\"26ee62a\" data-element_type=\"container\" data-e-type=\"container\" data-settings=\"{&quot;background_background&quot;:&quot;classic&quot;}\">\n\t\t\t\t\t<div class=\"e-con-inner\">\n\t\t\t\t<div class=\"elementor-element elementor-element-3ef0ac4 elementor-widget elementor-widget-button\" data-id=\"3ef0ac4\" data-element_type=\"widget\" data-e-type=\"widget\" data-widget_type=\"button.default\">\n\t\t\t\t<div class=\"elementor-widget-container\">\n\t\t\t\t\t\t\t\t\t<div class=\"elementor-button-wrapper\">\n\t\t\t\t\t<a class=\"elementor-button elementor-button-link elementor-size-sm\" href=\"https:\/\/steiger-hotels.com\/pl\/kontakt\/\">\n\t\t\t\t\t\t<span class=\"elementor-button-content-wrapper\">\n\t\t\t\t\t\t<span class=\"elementor-button-icon\">\n\t\t\t\t<svg aria-hidden=\"true\" class=\"e-font-icon-svg e-fas-angle-double-left\" viewBox=\"0 0 448 512\" xmlns=\"http:\/\/www.w3.org\/2000\/svg\"><path d=\"M223.7 239l136-136c9.4-9.4 24.6-9.4 33.9 0l22.6 22.6c9.4 9.4 9.4 24.6 0 33.9L319.9 256l96.4 96.4c9.4 9.4 9.4 24.6 0 33.9L393.7 409c-9.4 9.4-24.6 9.4-33.9 0l-136-136c-9.5-9.4-9.5-24.6-.1-34zm-192 34l136 136c9.4 9.4 24.6 9.4 33.9 0l22.6-22.6c9.4-9.4 9.4-24.6 0-33.9L127.9 256l96.4-96.4c9.4-9.4 9.4-24.6 0-33.9L201.7 103c-9.4-9.4-24.6-9.4-33.9 0l-136 136c-9.5 9.4-9.5 24.6-.1 34z\"><\/path><\/svg>\t\t\t<\/span>\n\t\t\t\t\t\t\t\t\t<span class=\"elementor-button-text\">Powr\u00f3t do przegl\u0105du<\/span>\n\t\t\t\t\t<\/span>\n\t\t\t\t\t<\/a>\n\t\t\t\t<\/div>\n\t\t\t\t\t\t\t\t<\/div>\n\t\t\t\t<\/div>\n\t\t\t\t<div class=\"elementor-element elementor-element-1e5dfa7 elementor-widget elementor-widget-heading\" data-id=\"1e5dfa7\" data-element_type=\"widget\" data-e-type=\"widget\" data-widget_type=\"heading.default\">\n\t\t\t\t<div class=\"elementor-widget-container\">\n\t\t\t\t\t<h1 class=\"elementor-heading-title elementor-size-default\"><a href=\"https:\/\/steiger-hotels.com\/pl\/kontakt\/vouchery\/\">Przyjazd i parkowanie<\/a><\/h1>\t\t\t\t<\/div>\n\t\t\t\t<\/div>\n\t\t\t\t\t<\/div>\n\t\t\t\t<\/div>\n\t\t<div class=\"elementor-element elementor-element-211eca5 e-flex e-con-boxed e-con e-parent\" data-id=\"211eca5\" data-element_type=\"container\" data-e-type=\"container\">\n\t\t\t\t\t<div class=\"e-con-inner\">\n\t\t<div class=\"elementor-element elementor-element-b7780a3 e-con-full e-flex e-con e-child\" data-id=\"b7780a3\" data-element_type=\"container\" data-e-type=\"container\" data-settings=\"{&quot;background_background&quot;:&quot;classic&quot;}\">\n\t\t\t\t<div class=\"elementor-element elementor-element-5a90b5c elementor-widget elementor-widget-heading\" data-id=\"5a90b5c\" data-element_type=\"widget\" data-e-type=\"widget\" data-widget_type=\"heading.default\">\n\t\t\t\t<div class=\"elementor-widget-container\">\n\t\t\t\t\t<h2 class=\"elementor-heading-title elementor-size-default\">Czy jest parking?<\/h2>\t\t\t\t<\/div>\n\t\t\t\t<\/div>\n\t\t\t\t<div class=\"elementor-element elementor-element-56c6c08 elementor-widget elementor-widget-text-editor\" data-id=\"56c6c08\" data-element_type=\"widget\" data-e-type=\"widget\" data-widget_type=\"text-editor.default\">\n\t\t\t\t<div class=\"elementor-widget-container\">\n\t\t\t\t\t\t\t\t\t<p class=\"p1\">Tak \ud83d\ude97 \u2013 wszystkie nasze hotele oferuj\u0105 miejsca parkingowe dla go\u015bci w pobli\u017cu.<\/p><p class=\"p1\">Warunki r\u00f3\u017cni\u0105 si\u0119 w zale\u017cno\u015bci od lokalizacji:<\/p><ul><li><p class=\"p1\"><span class=\"s1\"><b>Rathener Hof<\/b><\/span> \u2192 Miejsca parkingowe po drugiej stronie \u0141aby w Oberrathen, p\u0142atne, dojazd do hotelu promem linowym Gierseilf\u00e4hre<\/p><\/li><li><p class=\"p1\"><span class=\"s1\"><b>Zeitgeist Rathen<\/b><\/span> \u2192 Miejsca parkingowe po drugiej stronie \u0141aby w Oberrathen, p\u0142atne, dojazd do hotelu promem linowym Gierseilf\u00e4hre<\/p><\/li><li><p class=\"p1\"><span class=\"s1\"><b>Parkhotel Hohnstein<\/b><\/span> \u2192 W\u0142asne miejsca parkingowe przy hotelu, 1 miejsce na pok\u00f3j wliczone w cen\u0119, dost\u0119pne wallboxy do \u0142adowania pojazd\u00f3w elektrycznych (\u20ac)<\/p><\/li><li><p class=\"p1\"><span class=\"s1\"><b>Landidyll Steiger<\/b><\/span> \u2192 Parking bezpo\u015brednio przy hotelu, 1 miejsce na pok\u00f3j wliczone w cen\u0119<\/p><\/li><li><p class=\"p1\"><span class=\"s1\"><b>Sebnitzer Hof<\/b><\/span> \u2192 Publiczne miejsca parkingowe przy hotelu, cz\u0119\u015bciowo p\u0142atne<\/p><\/li><li><p class=\"p1\"><span class=\"s1\"><b>Apparthotel Bad Schandau<\/b><\/span> \u2192 W\u0142asny parking podziemny przy hotelu, 1 miejsce na pok\u00f3j wliczone w cen\u0119, dost\u0119pne wallboxy do \u0142adowania pojazd\u00f3w elektrycznych (\u20ac)<\/p><\/li><\/ul>\t\t\t\t\t\t\t\t<\/div>\n\t\t\t\t<\/div>\n\t\t\t\t<\/div>\n\t\t<div class=\"elementor-element elementor-element-fd2fe67 e-con-full e-flex e-con e-child\" data-id=\"fd2fe67\" data-element_type=\"container\" data-e-type=\"container\">\n\t\t\t\t<div class=\"elementor-element elementor-element-4388488 elementor-widget elementor-widget-heading\" data-id=\"4388488\" data-element_type=\"widget\" data-e-type=\"widget\" data-widget_type=\"heading.default\">\n\t\t\t\t<div class=\"elementor-widget-container\">\n\t\t\t\t\t<h2 class=\"elementor-heading-title elementor-size-default\">Jak wygl\u0105da parkowanie w Rathen?<\/h2>\t\t\t\t<\/div>\n\t\t\t\t<\/div>\n\t\t\t\t<div class=\"elementor-element elementor-element-2e053c1 elementor-widget elementor-widget-text-editor\" data-id=\"2e053c1\" data-element_type=\"widget\" data-e-type=\"widget\" data-widget_type=\"text-editor.default\">\n\t\t\t\t<div class=\"elementor-widget-container\">\n\t\t\t\t\t\t\t\t\t<p class=\"p1\">W <span class=\"s1\"><b>Rathen<\/b><\/span> wyst\u0119puje pewna osobliwo\u015b\u0107: miejscowo\u015b\u0107 jest podzielona na dwie cz\u0119\u015bci. Niederrathen, strona, na kt\u00f3rej znajduj\u0105 si\u0119 nasze hotele, jest <span class=\"s1\"><b>wolna od ruchu samochodowego<\/b><\/span>. <\/p><ul><li><p class=\"p1\">Parkuj\u0105 Pa\u0144stwo sw\u00f3j samoch\u00f3d na <span class=\"s1\"><b>centralnym parkingu dla go\u015bci nad brzegiem \u0141aby w Oberrathen (Elbweg)<\/b><\/span> <\/p><\/li><li>Koszty s\u0105 zgodne z cennikiem uzdrowiska. W hotelu mo\u017cemy udzieli\u0107 50% rabatu na bilet. <\/li><li><p class=\"p1\">Stamt\u0105d dostaj\u0105 si\u0119 Pa\u0144stwo <span class=\"s1\"><b>promem linowym Gierseilf\u00e4hre<\/b><\/span> (prom dla pieszych, ok. 2 minuty przeprawy) bezpo\u015brednio przez \u0141ab\u0119 do naszych hoteli <span class=\"s1\"><b>Zeitgeist Rathen<\/b><\/span> i <span class=\"s1\"><b>Rathener Hof<\/b><\/span>.<\/p><\/li><li><p class=\"p1\">Koszt przeprawy promem jest wliczony w cen\u0119 noclegu. Przy pierwszej przeprawie prosimy okaza\u0107 potwierdzenie rezerwacji. <\/p><\/li><\/ul><p class=\"p1\">\ud83d\udc49 Wskaz\u00f3wka: Prosz\u0119 zaplanowa\u0107 kilka dodatkowych minut na dojazd \u2013 przeprawa jest jednocze\u015bnie pi\u0119knym prze\u017cyciem i cz\u0119\u015bci\u0105 pocz\u0105tku Pa\u0144stwa urlopu.<\/p>\t\t\t\t\t\t\t\t<\/div>\n\t\t\t\t<\/div>\n\t\t\t\t<div class=\"elementor-element elementor-element-9ca72d1 elementor-widget elementor-widget-image\" data-id=\"9ca72d1\" data-element_type=\"widget\" data-e-type=\"widget\" data-widget_type=\"image.default\">\n\t\t\t\t<div class=\"elementor-widget-container\">\n\t\t\t\t\t\t\t\t\t\t\t\t\t\t\t\t<a href=\"https:\/\/steiger-hotels.com\/wp-content\/uploads\/2025\/10\/Parkplatz-Faehre-in-Rathen-by-STEIGER-Hotels.jpg\" data-elementor-open-lightbox=\"yes\" data-elementor-lightbox-title=\"Parking i prom w Rathen by STEIGER Hotels\" data-e-action-hash=\"#elementor-action%3Aaction%3Dlightbox%26settings%3DeyJpZCI6MjE5MzQsInVybCI6Imh0dHBzOlwvXC9zdGVpZ2VyLWhvdGVscy5jb21cL3dwLWNvbnRlbnRcL3VwbG9hZHNcLzIwMjVcLzEwXC9QYXJrcGxhdHotRmFlaHJlLWluLVJhdGhlbi1ieS1TVEVJR0VSLUhvdGVscy5qcGcifQ%3D%3D\">\n\t\t\t\t\t\t\t<img fetchpriority=\"high\" decoding=\"async\" width=\"1920\" height=\"1463\" src=\"https:\/\/steiger-hotels.com\/wp-content\/uploads\/2025\/10\/Parkplatz-Faehre-in-Rathen-by-STEIGER-Hotels.jpg\" class=\"attachment-full size-full wp-image-21934 not-transparent\" alt=\"\" srcset=\"https:\/\/steiger-hotels.com\/wp-content\/uploads\/2025\/10\/Parkplatz-Faehre-in-Rathen-by-STEIGER-Hotels.jpg 1920w, https:\/\/steiger-hotels.com\/wp-content\/uploads\/2025\/10\/Parkplatz-Faehre-in-Rathen-by-STEIGER-Hotels-600x457.jpg 600w, https:\/\/steiger-hotels.com\/wp-content\/uploads\/2025\/10\/Parkplatz-Faehre-in-Rathen-by-STEIGER-Hotels-1417x1080.jpg 1417w, https:\/\/steiger-hotels.com\/wp-content\/uploads\/2025\/10\/Parkplatz-Faehre-in-Rathen-by-STEIGER-Hotels-768x585.jpg 768w, https:\/\/steiger-hotels.com\/wp-content\/uploads\/2025\/10\/Parkplatz-Faehre-in-Rathen-by-STEIGER-Hotels-1536x1170.jpg 1536w\" sizes=\"(max-width: 1920px) 100vw, 1920px\" data-has-transparency=\"false\" data-dominant-color=\"928e70\" style=\"--dominant-color: #928e70\" title=\"\">\t\t\t\t\t\t\t\t<\/a>\n\t\t\t\t\t\t\t\t\t\t\t\t\t\t\t<\/div>\n\t\t\t\t<\/div>\n\t\t\t\t<\/div>\n\t\t\t\t\t<\/div>\n\t\t\t\t<\/div>\n\t\t<div class=\"elementor-element elementor-element-1956153 e-flex e-con-boxed e-con e-parent\" data-id=\"1956153\" data-element_type=\"container\" data-e-type=\"container\">\n\t\t\t\t\t<div class=\"e-con-inner\">\n\t\t\t\t<div class=\"elementor-element elementor-element-06d84c6 elementor-widget elementor-widget-wpforms\" data-id=\"06d84c6\" data-element_type=\"widget\" data-e-type=\"widget\" data-widget_type=\"wpforms.default\">\n\t\t\t\t<div class=\"elementor-widget-container\">\n\t\t\t\t\t<div class=\"wpforms-container wpforms-container-full wpforms-render-modern\" id=\"wpforms-600\"><form id=\"wpforms-form-600\" class=\"wpforms-validate wpforms-form wpforms-ajax-form\" data-formid=\"600\" method=\"post\" enctype=\"multipart\/form-data\" action=\"\/pl\/wp-json\/wp\/v2\/pages\/21927\" data-token=\"9b5dcb61f7b8b06ff687c2ac5355e7a1\" data-token-time=\"1776509450\"><noscript class=\"wpforms-error-noscript\">Aby wype\u0142ni\u0107 ten formularz, w\u0142\u0105cz obs\u0142ug\u0119 JavaScript w przegl\u0105darce.<\/noscript><div id=\"wpforms-error-noscript\" style=\"display: none;\">Aby wype\u0142ni\u0107 ten formularz, w\u0142\u0105cz obs\u0142ug\u0119 JavaScript w przegl\u0105darce.<\/div><div class=\"wpforms-field-container\"><div id=\"wpforms-600-field_1-container\" class=\"wpforms-field wpforms-field-name\" data-field-id=\"1\"><fieldset><legend class=\"wpforms-field-label\">Imi\u0119 i nazwisko <span class=\"wpforms-required-label\" aria-hidden=\"true\">*<\/span><\/legend><div class=\"wpforms-field-row wpforms-field-large\"><div class=\"wpforms-field-row-block wpforms-first wpforms-one-half\"><input type=\"text\" id=\"wpforms-600-field_1\" class=\"wpforms-field-name-first wpforms-field-required\" name=\"wpforms[fields][1][first]\" aria-errormessage=\"wpforms-600-field_1-error\" required><label for=\"wpforms-600-field_1\" class=\"wpforms-field-sublabel after\">Imi\u0119<\/label><\/div><div class=\"wpforms-field-row-block wpforms-one-half\"><input type=\"text\" id=\"wpforms-600-field_1-last\" class=\"wpforms-field-name-last wpforms-field-required\" name=\"wpforms[fields][1][last]\" aria-errormessage=\"wpforms-600-field_1-last-error\" required><label for=\"wpforms-600-field_1-last\" class=\"wpforms-field-sublabel after\">Nazwisko<\/label><\/div><\/div><\/fieldset><\/div><div id=\"wpforms-600-field_2-container\" class=\"wpforms-field wpforms-field-email\" data-field-id=\"2\"><label class=\"wpforms-field-label\" for=\"wpforms-600-field_2\">Adres e-mail <span class=\"wpforms-required-label\" aria-hidden=\"true\">*<\/span><\/label><input type=\"email\" id=\"wpforms-600-field_2\" class=\"wpforms-field-large wpforms-field-required\" name=\"wpforms[fields][2]\" spellcheck=\"false\" aria-errormessage=\"wpforms-600-field_2-error\" required><\/div>\t\t<div id=\"wpforms-600-field_4-container\"\n\t\t\tclass=\"wpforms-field wpforms-field-text\"\n\t\t\tdata-field-type=\"text\"\n\t\t\tdata-field-id=\"4\"\n\t\t\t>\n\t\t\t<label class=\"wpforms-field-label\" for=\"wpforms-600-field_4\" >\ud83d\udc9c nazwisko do<\/label>\n\t\t\t<input type=\"text\" id=\"wpforms-600-field_4\" class=\"wpforms-field-medium\" name=\"wpforms[fields][4]\" >\n\t\t<\/div>\n\t\t<div id=\"wpforms-600-field_3-container\" class=\"wpforms-field wpforms-field-textarea\" data-field-id=\"3\"><label class=\"wpforms-field-label\" for=\"wpforms-600-field_3\">Wasza wiadomo\u015b\u0107 do zespo\u0142u \ud83d\udc9c <span class=\"wpforms-required-label\" aria-hidden=\"true\">*<\/span><\/label><textarea id=\"wpforms-600-field_3\" class=\"wpforms-field-large wpforms-field-required\" name=\"wpforms[fields][3]\" aria-errormessage=\"wpforms-600-field_3-error\" required><\/textarea><\/div><div id=\"wpforms-600-field_8-container\" class=\"wpforms-field wpforms-field-checkbox\" data-field-id=\"8\"><fieldset><legend class=\"wpforms-field-label wpforms-label-hide\" aria-hidden=\"false\">Zgoda RODO <span class=\"wpforms-required-label\" aria-hidden=\"true\">*<\/span><\/legend><ul id=\"wpforms-600-field_8\" class=\"wpforms-field-required\"><li class=\"choice-1 depth-1\"><input type=\"checkbox\" id=\"wpforms-600-field_8_1\" name=\"wpforms[fields][8][]\" value=\"Wyra\u017cam zgod\u0119 na przetwarzanie moich danych z formularza w celu realizacji mojego zapytania oraz ewentualnych pyta\u0144 uzupe\u0142niaj\u0105cych. Wi\u0119cej informacji znajduje si\u0119 w &lt;a href=&quot;https:\/\/steiger-hotels.com\/pl\/polityka-prywatnosci\/&quot; target=&quot;_blank&quot; rel=&quot;noopener noreferrer&quot;&gt;Polityce prywatno\u015bci&lt;\/a&gt;. \" aria-errormessage=\"wpforms-600-field_8_1-error\" required ><label class=\"wpforms-field-label-inline\" for=\"wpforms-600-field_8_1\">Wyra\u017cam zgod\u0119 na przetwarzanie moich danych z formularza w celu realizacji mojego zapytania oraz ewentualnych pyta\u0144 uzupe\u0142niaj\u0105cych. Wi\u0119cej informacji znajduje si\u0119 w <a href=\"https:\/\/steiger-hotels.com\/pl\/polityka-prywatnosci\/\" target=\"_blank\" rel=\"noopener noreferrer\">Polityce prywatno\u015bci<\/a>.<\/label><\/li><\/ul><\/fieldset><\/div><script>\n\t\t\t\t( function() {\n\t\t\t\t\tconst style = document.createElement( 'style' );\n\t\t\t\t\tstyle.appendChild( document.createTextNode( '#wpforms-600-field_4-container { position: absolute !important; overflow: hidden !important; display: inline !important; height: 1px !important; width: 1px !important; z-index: -1000 !important; padding: 0 !important; } #wpforms-600-field_4-container input { visibility: hidden; } #wpforms-conversational-form-page #wpforms-600-field_4-container label { counter-increment: none; }' ) );\n\t\t\t\t\tdocument.head.appendChild( style );\n\t\t\t\t\tdocument.currentScript?.remove();\n\t\t\t\t} )();\n\t\t\t<\/script><\/div><!-- .wpforms-field-container --><div class=\"wpforms-recaptcha-container wpforms-is-recaptcha wpforms-is-recaptcha-type-v3\" ><input type=\"hidden\" name=\"wpforms[recaptcha]\" value=\"\"><\/div><div class=\"wpforms-submit-container\" ><input type=\"hidden\" name=\"wpforms[id]\" value=\"600\"><input type=\"hidden\" name=\"page_title\" value=\"\"><input type=\"hidden\" name=\"page_url\" value=\"https:\/\/steiger-hotels.com\/pl\/wp-json\/wp\/v2\/pages\/21927\"><input type=\"hidden\" name=\"url_referer\" value=\"\"><button type=\"submit\" name=\"wpforms[submit]\" id=\"wpforms-submit-600\" class=\"wpforms-submit\" data-alt-text=\"Wysy\u0142anie\u2026\" data-submit-text=\"Wy\u015blij\" aria-live=\"assertive\" value=\"wpforms-submit\">Wy\u015blij<\/button><img decoding=\"async\" src=\"https:\/\/steiger-hotels.com\/wp-content\/plugins\/wpforms\/assets\/images\/submit-spin.svg\" class=\"wpforms-submit-spinner\" style=\"display: none;\" width=\"26\" height=\"26\" alt=\"Wczytywanie\" title=\"\"><\/div><\/form><\/div>  <!-- .wpforms-container -->\t\t\t\t<\/div>\n\t\t\t\t<\/div>\n\t\t\t\t\t<\/div>\n\t\t\t\t<\/div>\n\t\t\t\t<\/div>\n\t\t","protected":false},"excerpt":{"rendered":"<p>Powr\u00f3t do przegl\u0105du Przyjazd i parkowanie Czy jest parking? Tak \ud83d\ude97 \u2013 wszystkie nasze hotele oferuj\u0105 miejsca parkingowe dla go\u015bci w pobli\u017cu. Warunki r\u00f3\u017cni\u0105 si\u0119 w zale\u017cno\u015bci od lokalizacji: Rathener Hof \u2192 Miejsca parkingowe po drugiej stronie \u0141aby w Oberrathen, p\u0142atne, dojazd do hotelu promem linowym Gierseilf\u00e4hre Zeitgeist Rathen \u2192 Miejsca parkingowe po drugiej stronie [&hellip;]<\/p>\n","protected":false},"author":1,"featured_media":0,"parent":18355,"menu_order":0,"comment_status":"closed","ping_status":"closed","template":"","meta":{"footnotes":""},"class_list":["post-21927","page","type-page","status-publish","hentry"],"_links":{"self":[{"href":"https:\/\/steiger-hotels.com\/pl\/wp-json\/wp\/v2\/pages\/21927","targetHints":{"allow":["GET"]}}],"collection":[{"href":"https:\/\/steiger-hotels.com\/pl\/wp-json\/wp\/v2\/pages"}],"about":[{"href":"https:\/\/steiger-hotels.com\/pl\/wp-json\/wp\/v2\/types\/page"}],"author":[{"embeddable":true,"href":"https:\/\/steiger-hotels.com\/pl\/wp-json\/wp\/v2\/users\/1"}],"replies":[{"embeddable":true,"href":"https:\/\/steiger-hotels.com\/pl\/wp-json\/wp\/v2\/comments?post=21927"}],"version-history":[{"count":10,"href":"https:\/\/steiger-hotels.com\/pl\/wp-json\/wp\/v2\/pages\/21927\/revisions"}],"predecessor-version":[{"id":22497,"href":"https:\/\/steiger-hotels.com\/pl\/wp-json\/wp\/v2\/pages\/21927\/revisions\/22497"}],"up":[{"embeddable":true,"href":"https:\/\/steiger-hotels.com\/pl\/wp-json\/wp\/v2\/pages\/18355"}],"wp:attachment":[{"href":"https:\/\/steiger-hotels.com\/pl\/wp-json\/wp\/v2\/media?parent=21927"}],"curies":[{"name":"wp","href":"https:\/\/api.w.org\/{rel}","templated":true}]}}