{"id":21705,"date":"2025-09-03T22:35:27","date_gmt":"2025-09-03T20:35:27","guid":{"rendered":"https:\/\/steiger-hotels.com\/kontakt\/vouchery\/"},"modified":"2026-04-08T15:48:13","modified_gmt":"2026-04-08T13:48:13","slug":"vouchery","status":"publish","type":"page","link":"https:\/\/steiger-hotels.com\/pl\/kontakt\/vouchery\/","title":{"rendered":"Vouchery"},"content":{"rendered":"\t\t<div data-elementor-type=\"wp-page\" data-elementor-id=\"21705\" class=\"elementor elementor-21705 elementor-16384\" data-elementor-post-type=\"page\">\n\t\t\t\t<div class=\"elementor-element elementor-element-3cf9fc1 e-flex e-con-boxed e-con e-parent\" data-id=\"3cf9fc1\" data-element_type=\"container\" data-e-type=\"container\" data-settings=\"{&quot;background_background&quot;:&quot;slideshow&quot;,&quot;background_slideshow_gallery&quot;:[{&quot;id&quot;:571,&quot;url&quot;:&quot;https:\\\/\\\/steiger-hotels.com\\\/wp-content\\\/uploads\\\/2025\\\/09\\\/Terrasse-Rathener-Hof-scaled.jpg&quot;},{&quot;id&quot;:16065,&quot;url&quot;:&quot;https:\\\/\\\/steiger-hotels.com\\\/wp-content\\\/uploads\\\/2025\\\/09\\\/BAU_SU-2024-06-24-69-scaled.jpg&quot;},{&quot;id&quot;:882,&quot;url&quot;:&quot;https:\\\/\\\/steiger-hotels.com\\\/wp-content\\\/uploads\\\/2025\\\/09\\\/Landidyll-Restaurant-scaled.jpg&quot;},{&quot;id&quot;:573,&quot;url&quot;:&quot;https:\\\/\\\/steiger-hotels.com\\\/wp-content\\\/uploads\\\/2025\\\/09\\\/Terrasse-Fluss-Rathener-Hof-scaled.jpg&quot;},{&quot;id&quot;:16066,&quot;url&quot;:&quot;https:\\\/\\\/steiger-hotels.com\\\/wp-content\\\/uploads\\\/2025\\\/09\\\/BAU_SU-2024-06-24-67-scaled.jpg&quot;},{&quot;id&quot;:1489,&quot;url&quot;:&quot;https:\\\/\\\/steiger-hotels.com\\\/wp-content\\\/uploads\\\/2025\\\/09\\\/DSC1204-1.jpg&quot;},{&quot;id&quot;:896,&quot;url&quot;:&quot;https:\\\/\\\/steiger-hotels.com\\\/wp-content\\\/uploads\\\/2025\\\/09\\\/Landidyll-Wintergarten-scaled.jpg&quot;},{&quot;id&quot;:16064,&quot;url&quot;:&quot;https:\\\/\\\/steiger-hotels.com\\\/wp-content\\\/uploads\\\/2025\\\/09\\\/BAU_SU-2024-06-24-61-scaled.jpg&quot;},{&quot;id&quot;:577,&quot;url&quot;:&quot;https:\\\/\\\/steiger-hotels.com\\\/wp-content\\\/uploads\\\/2025\\\/09\\\/Speisesaal-Rathener-Hof-scaled.jpg&quot;},{&quot;id&quot;:1135,&quot;url&quot;:&quot;https:\\\/\\\/steiger-hotels.com\\\/wp-content\\\/uploads\\\/2025\\\/09\\\/BAU_SU-2024-06-24-02-scaled.jpg&quot;},{&quot;id&quot;:1129,&quot;url&quot;:&quot;https:\\\/\\\/steiger-hotels.com\\\/wp-content\\\/uploads\\\/2025\\\/09\\\/BAU_SU-2024-06-24-64-scaled.jpg&quot;},{&quot;id&quot;:814,&quot;url&quot;:&quot;https:\\\/\\\/steiger-hotels.com\\\/wp-content\\\/uploads\\\/2025\\\/09\\\/kleines-Doppelzimmer-Dachgeschoss-Steiger-Hotel-Zeitgeist-scaled.jpg&quot;},{&quot;id&quot;:16069,&quot;url&quot;:&quot;https:\\\/\\\/steiger-hotels.com\\\/wp-content\\\/uploads\\\/2025\\\/09\\\/Retusche-Steiger-SU-2023-07-30-10.jpg&quot;},{&quot;id&quot;:935,&quot;url&quot;:&quot;https:\\\/\\\/steiger-hotels.com\\\/wp-content\\\/uploads\\\/2025\\\/09\\\/Parkhotel-Wintergarten-scaled.jpg&quot;},{&quot;id&quot;:1235,&quot;url&quot;:&quot;https:\\\/\\\/steiger-hotels.com\\\/wp-content\\\/uploads\\\/2025\\\/09\\\/Steiger_SU-2025-04-14-48-scaled.jpg&quot;},{&quot;id&quot;:16068,&quot;url&quot;:&quot;https:\\\/\\\/steiger-hotels.com\\\/wp-content\\\/uploads\\\/2025\\\/09\\\/Retusche-Steiger-SU-2023-07-30-12.jpg&quot;},{&quot;id&quot;:1205,&quot;url&quot;:&quot;https:\\\/\\\/steiger-hotels.com\\\/wp-content\\\/uploads\\\/2025\\\/09\\\/Steiger_SU-2025-04-14-02-scaled.jpg&quot;},{&quot;id&quot;:1206,&quot;url&quot;:&quot;https:\\\/\\\/steiger-hotels.com\\\/wp-content\\\/uploads\\\/2025\\\/09\\\/Steiger_SU-2025-04-14-05-scaled.jpg&quot;},{&quot;id&quot;:16067,&quot;url&quot;:&quot;https:\\\/\\\/steiger-hotels.com\\\/wp-content\\\/uploads\\\/2025\\\/09\\\/BAU_SU-2024-06-24-56-scaled.jpg&quot;},{&quot;id&quot;:1244,&quot;url&quot;:&quot;https:\\\/\\\/steiger-hotels.com\\\/wp-content\\\/uploads\\\/2025\\\/09\\\/Steiger_SU-2025-04-14-74-scaled.jpg&quot;}],&quot;background_slideshow_slide_duration&quot;:3000,&quot;background_slideshow_loop&quot;:&quot;yes&quot;,&quot;background_slideshow_slide_transition&quot;:&quot;fade&quot;,&quot;background_slideshow_transition_duration&quot;:500}\">\n\t\t\t\t\t<div class=\"e-con-inner\">\n\t\t\t\t\t<\/div>\n\t\t\t\t<\/div>\n\t\t<div class=\"elementor-element elementor-element-26ee62a e-flex e-con-boxed e-con e-parent\" data-id=\"26ee62a\" data-element_type=\"container\" data-e-type=\"container\" data-settings=\"{&quot;background_background&quot;:&quot;classic&quot;}\">\n\t\t\t\t\t<div class=\"e-con-inner\">\n\t\t\t\t<div class=\"elementor-element elementor-element-ff154d2 elementor-widget elementor-widget-heading\" data-id=\"ff154d2\" data-element_type=\"widget\" data-e-type=\"widget\" data-widget_type=\"heading.default\">\n\t\t\t\t<div class=\"elementor-widget-container\">\n\t\t\t\t\t<h1 class=\"elementor-heading-title elementor-size-default\">Zam\u00f3w voucher<\/h1>\t\t\t\t<\/div>\n\t\t\t\t<\/div>\n\t\t\t\t<div class=\"elementor-element elementor-element-c976cb0 elementor-widget elementor-widget-text-editor\" data-id=\"c976cb0\" data-element_type=\"widget\" data-e-type=\"widget\" data-widget_type=\"text-editor.default\">\n\t\t\t\t<div class=\"elementor-widget-container\">\n\t\t\t\t\t\t\t\t\t<p class=\"p1\">Chcemy to Pa\u0144stwu maksymalnie u\u0142atwi\u0107: W odpowiedzi na najcz\u0119\u015bciej zadawane pytania i zg\u0142oszenia przygotowali\u015bmy kr\u00f3tkie formularze. Dzi\u0119ki nim wiele spraw za\u0142atwi\u0105 Pa\u0144stwo samodzielnie w mniej ni\u017c 5 minut \u2013 ca\u0142kowicie bez konieczno\u015bci kontaktowania si\u0119 z dzia\u0142em wsparcia. <\/p><p class=\"p1\">A je\u015bli w\u0142a\u015bnie my\u015bl\u0105 Pa\u0144stwo o kolejnym pobycie: Mog\u0105 Pa\u0144stwo dokona\u0107 rezerwacji bezpo\u015brednio na naszej stronie internetowej \u2013 znajd\u0105 tam Pa\u0144stwo zawsze pe\u0142n\u0105 dost\u0119pno\u015b\u0107 wszystkich hoteli Steiger w jednym miejscu.<\/p>\t\t\t\t\t\t\t\t<\/div>\n\t\t\t\t<\/div>\n\t\t\t\t<div class=\"elementor-element elementor-element-53d1689 elementor-widget elementor-widget-html\" data-id=\"53d1689\" data-element_type=\"widget\" data-e-type=\"widget\" data-widget_type=\"html.default\">\n\t\t\t\t<div class=\"elementor-widget-container\">\n\t\t\t\t\t<iframe src=\"https:\/\/booking.sihot.com\/SIHOTWebVoucherSteiger\/client\/voucher?HN=2\" style=\"width:100%; height:900px; border:0; display:block;\"> <\/iframe>\t\t\t\t<\/div>\n\t\t\t\t<\/div>\n\t\t\t\t\t<\/div>\n\t\t\t\t<\/div>\n\t\t\t\t<\/div>\n\t\t","protected":false},"excerpt":{"rendered":"<p>Gutschein bestellen Wir m\u00f6chten es euch so einfach wie m\u00f6glich machen: F\u00fcr die h\u00e4ufigsten Fragen und Anliegen haben wir kurze Formulare vorbereitet. Damit k\u00f6nnt ihr vieles in weniger als 5 Minuten selbst erledigen \u2013 ganz ohne Umwege \u00fcber den Support. Und falls ihr gerade an euren n\u00e4chsten Aufenthalt denkt: Auf unserer Website k\u00f6nnt ihr direkt [&hellip;]<\/p>\n","protected":false},"author":1,"featured_media":0,"parent":18355,"menu_order":0,"comment_status":"closed","ping_status":"closed","template":"","meta":{"footnotes":""},"class_list":["post-21705","page","type-page","status-publish","hentry"],"_links":{"self":[{"href":"https:\/\/steiger-hotels.com\/pl\/wp-json\/wp\/v2\/pages\/21705","targetHints":{"allow":["GET"]}}],"collection":[{"href":"https:\/\/steiger-hotels.com\/pl\/wp-json\/wp\/v2\/pages"}],"about":[{"href":"https:\/\/steiger-hotels.com\/pl\/wp-json\/wp\/v2\/types\/page"}],"author":[{"embeddable":true,"href":"https:\/\/steiger-hotels.com\/pl\/wp-json\/wp\/v2\/users\/1"}],"replies":[{"embeddable":true,"href":"https:\/\/steiger-hotels.com\/pl\/wp-json\/wp\/v2\/comments?post=21705"}],"version-history":[{"count":3,"href":"https:\/\/steiger-hotels.com\/pl\/wp-json\/wp\/v2\/pages\/21705\/revisions"}],"predecessor-version":[{"id":21802,"href":"https:\/\/steiger-hotels.com\/pl\/wp-json\/wp\/v2\/pages\/21705\/revisions\/21802"}],"up":[{"embeddable":true,"href":"https:\/\/steiger-hotels.com\/pl\/wp-json\/wp\/v2\/pages\/18355"}],"wp:attachment":[{"href":"https:\/\/steiger-hotels.com\/pl\/wp-json\/wp\/v2\/media?parent=21705"}],"curies":[{"name":"wp","href":"https:\/\/api.w.org\/{rel}","templated":true}]}}