{"id":21659,"date":"2025-10-01T11:46:46","date_gmt":"2025-10-01T09:46:46","guid":{"rendered":"https:\/\/steiger-hotels.com\/kontakt\/kontakt-platnosc-i-faktura\/"},"modified":"2026-04-10T22:16:44","modified_gmt":"2026-04-10T20:16:44","slug":"kontakt-platnosc-i-faktura","status":"publish","type":"page","link":"https:\/\/steiger-hotels.com\/pl\/kontakt\/kontakt-platnosc-i-faktura\/","title":{"rendered":"Kontakt: p\u0142atno\u015b\u0107 i faktura"},"content":{"rendered":"\t\t<div data-elementor-type=\"wp-page\" data-elementor-id=\"21659\" class=\"elementor elementor-21659 elementor-17182\" data-elementor-post-type=\"page\">\n\t\t\t\t<div class=\"elementor-element elementor-element-3cf9fc1 e-flex e-con-boxed e-con e-parent\" data-id=\"3cf9fc1\" data-element_type=\"container\" data-e-type=\"container\" data-settings=\"{&quot;background_background&quot;:&quot;slideshow&quot;,&quot;background_slideshow_gallery&quot;:[{&quot;id&quot;:18182,&quot;url&quot;:&quot;https:\\\/\\\/steiger-hotels.com\\\/wp-content\\\/uploads\\\/2025\\\/09\\\/Blick-auf-die-Bastei-Bruecke-in-der-Saechsischen-Schweiz-scaled.jpg&quot;}],&quot;background_slideshow_slide_duration&quot;:3000,&quot;background_slideshow_loop&quot;:&quot;yes&quot;,&quot;background_slideshow_slide_transition&quot;:&quot;fade&quot;,&quot;background_slideshow_transition_duration&quot;:500}\">\n\t\t\t\t\t<div class=\"e-con-inner\">\n\t\t\t\t\t<\/div>\n\t\t\t\t<\/div>\n\t\t<div class=\"elementor-element elementor-element-26ee62a e-flex e-con-boxed e-con e-parent\" data-id=\"26ee62a\" data-element_type=\"container\" data-e-type=\"container\" data-settings=\"{&quot;background_background&quot;:&quot;classic&quot;}\">\n\t\t\t\t\t<div class=\"e-con-inner\">\n\t\t\t\t<div class=\"elementor-element elementor-element-950a9f1 elementor-widget elementor-widget-button\" data-id=\"950a9f1\" data-element_type=\"widget\" data-e-type=\"widget\" data-widget_type=\"button.default\">\n\t\t\t\t<div class=\"elementor-widget-container\">\n\t\t\t\t\t\t\t\t\t<div class=\"elementor-button-wrapper\">\n\t\t\t\t\t<a class=\"elementor-button elementor-button-link elementor-size-sm\" href=\"https:\/\/steiger-hotels.com\/pl\/kontakt\/\">\n\t\t\t\t\t\t<span class=\"elementor-button-content-wrapper\">\n\t\t\t\t\t\t<span class=\"elementor-button-icon\">\n\t\t\t\t<svg aria-hidden=\"true\" class=\"e-font-icon-svg e-fas-angle-double-left\" viewBox=\"0 0 448 512\" xmlns=\"http:\/\/www.w3.org\/2000\/svg\"><path d=\"M223.7 239l136-136c9.4-9.4 24.6-9.4 33.9 0l22.6 22.6c9.4 9.4 9.4 24.6 0 33.9L319.9 256l96.4 96.4c9.4 9.4 9.4 24.6 0 33.9L393.7 409c-9.4 9.4-24.6 9.4-33.9 0l-136-136c-9.5-9.4-9.5-24.6-.1-34zm-192 34l136 136c9.4 9.4 24.6 9.4 33.9 0l22.6-22.6c9.4-9.4 9.4-24.6 0-33.9L127.9 256l96.4-96.4c9.4-9.4 9.4-24.6 0-33.9L201.7 103c-9.4-9.4-24.6-9.4-33.9 0l-136 136c-9.5 9.4-9.5 24.6-.1 34z\"><\/path><\/svg>\t\t\t<\/span>\n\t\t\t\t\t\t\t\t\t<span class=\"elementor-button-text\">Powr\u00f3t do przegl\u0105du<\/span>\n\t\t\t\t\t<\/span>\n\t\t\t\t\t<\/a>\n\t\t\t\t<\/div>\n\t\t\t\t\t\t\t\t<\/div>\n\t\t\t\t<\/div>\n\t\t\t\t<div class=\"elementor-element elementor-element-ff154d2 elementor-widget elementor-widget-heading\" data-id=\"ff154d2\" data-element_type=\"widget\" data-e-type=\"widget\" data-widget_type=\"heading.default\">\n\t\t\t\t<div class=\"elementor-widget-container\">\n\t\t\t\t\t<h1 class=\"elementor-heading-title elementor-size-default\">P\u0142atno\u015b\u0107 i faktura<\/h1>\t\t\t\t<\/div>\n\t\t\t\t<\/div>\n\t\t<div class=\"elementor-element elementor-element-bf6cfe5 e-con-full e-flex e-con e-child\" data-id=\"bf6cfe5\" data-element_type=\"container\" data-e-type=\"container\" data-settings=\"{&quot;background_background&quot;:&quot;classic&quot;}\">\n\t\t<div class=\"elementor-element elementor-element-04930c3 e-con-full e-flex e-con e-child\" data-id=\"04930c3\" data-element_type=\"container\" data-e-type=\"container\" data-settings=\"{&quot;background_background&quot;:&quot;classic&quot;}\">\n\t\t\t\t<div class=\"elementor-element elementor-element-ff9b94a elementor-widget elementor-widget-heading\" data-id=\"ff9b94a\" data-element_type=\"widget\" data-e-type=\"widget\" data-widget_type=\"heading.default\">\n\t\t\t\t<div class=\"elementor-widget-container\">\n\t\t\t\t\t<span class=\"elementor-heading-title elementor-size-default\">Mam bezpo\u015bredni\u0105 rezerwacj\u0119 w hotelu \u2013 jak wygl\u0105da kwestia p\u0142atno\u015bci?<\/span>\t\t\t\t<\/div>\n\t\t\t\t<\/div>\n\t\t\t\t<div class=\"elementor-element elementor-element-00070f7 elementor-widget elementor-widget-text-editor\" data-id=\"00070f7\" data-element_type=\"widget\" data-e-type=\"widget\" data-widget_type=\"text-editor.default\">\n\t\t\t\t<div class=\"elementor-widget-container\">\n\t\t\t\t\t\t\t\t\t<p>Po up\u0142ywie terminu bezp\u0142atnego anulowania rezerwacji p\u0142atno\u015b\u0107 za pobyt staje si\u0119 wymagalna. W tym celu otrzymaj\u0105 Pa\u0144stwo od nas e-mail z wieloma opcjami p\u0142atno\u015bci online. <\/p><p>Metody p\u0142atno\u015bci: Mastercard, Visa, Klarna, PayPal<\/p>\t\t\t\t\t\t\t\t<\/div>\n\t\t\t\t<\/div>\n\t\t\t\t<\/div>\n\t\t<div class=\"elementor-element elementor-element-afa409c e-con-full e-flex e-con e-child\" data-id=\"afa409c\" data-element_type=\"container\" data-e-type=\"container\" data-settings=\"{&quot;background_background&quot;:&quot;classic&quot;}\">\n\t\t\t\t<div class=\"elementor-element elementor-element-fc0db69 elementor-widget elementor-widget-heading\" data-id=\"fc0db69\" data-element_type=\"widget\" data-e-type=\"widget\" data-widget_type=\"heading.default\">\n\t\t\t\t<div class=\"elementor-widget-container\">\n\t\t\t\t\t<h2 class=\"elementor-heading-title elementor-size-default\">Mam rezerwacj\u0119 przez po\u015brednika, takiego jak Booking.com, Check24 lub Secret Escapes, i mam pytania dotycz\u0105ce p\u0142atno\u015bci.<\/h2>\t\t\t\t<\/div>\n\t\t\t\t<\/div>\n\t\t\t\t<div class=\"elementor-element elementor-element-bb7e63c elementor-widget elementor-widget-text-editor\" data-id=\"bb7e63c\" data-element_type=\"widget\" data-e-type=\"widget\" data-widget_type=\"text-editor.default\">\n\t\t\t\t<div class=\"elementor-widget-container\">\n\t\t\t\t\t\t\t\t\t<p>Je\u015bli dokonali Pa\u0144stwo p\u0142atno\u015bci bezpo\u015brednio u po\u015brednika rezerwacyjnego, np. Booking.com, niestety nie mo\u017cemy pom\u00f3c w tej sprawie bezpo\u015brednio w hotelu. Prosimy o kontakt bezpo\u015brednio z dzia\u0142em obs\u0142ugi klienta wybranego przez Pa\u0144stwa dostawcy. <\/p>\t\t\t\t\t\t\t\t<\/div>\n\t\t\t\t<\/div>\n\t\t\t\t<\/div>\n\t\t\t\t<\/div>\n\t\t<div class=\"elementor-element elementor-element-e748aaa e-con-full e-flex e-con e-child\" data-id=\"e748aaa\" data-element_type=\"container\" data-e-type=\"container\" data-settings=\"{&quot;background_background&quot;:&quot;classic&quot;}\">\n\t\t<div class=\"elementor-element elementor-element-e33a19c e-con-full e-flex e-con e-child\" data-id=\"e33a19c\" data-element_type=\"container\" data-e-type=\"container\" data-settings=\"{&quot;background_background&quot;:&quot;classic&quot;}\">\n\t\t\t\t<div class=\"elementor-element elementor-element-db3f217 elementor-widget elementor-widget-heading\" data-id=\"db3f217\" data-element_type=\"widget\" data-e-type=\"widget\" data-widget_type=\"heading.default\">\n\t\t\t\t<div class=\"elementor-widget-container\">\n\t\t\t\t\t<span class=\"elementor-heading-title elementor-size-default\">Nie chc\u0119 korzysta\u0107 z p\u0142atno\u015bci online, <br>tylko zap\u0142aci\u0107 przelewem bankowym.<\/span>\t\t\t\t<\/div>\n\t\t\t\t<\/div>\n\t\t\t\t<div class=\"elementor-element elementor-element-5c4c466 elementor-widget elementor-widget-text-editor\" data-id=\"5c4c466\" data-element_type=\"widget\" data-e-type=\"widget\" data-widget_type=\"text-editor.default\">\n\t\t\t\t<div class=\"elementor-widget-container\">\n\t\t\t\t\t\t\t\t\t<p>Mog\u0105 Pa\u0144stwo r\u00f3wnie\u017c op\u0142aci\u0107 pobyt przelewem bankowym. Prosimy kr\u00f3tko poda\u0107 poni\u017csze informacje, a prze\u015blemy Pa\u0144stwu e-mailem nasze dane bankowe. <\/p><p>Uwaga: w przypadku p\u0142atno\u015bci online Pa\u0144stwa wp\u0142ata jest ksi\u0119gowana natychmiast i wysy\u0142ane jest potwierdzenie. Je\u015bli dokonaj\u0105 Pa\u0144stwo przelewu \u201eklasycznie\u201d, przetwarzanie potrwa o kilka dni d\u0142u\u017cej. W tym czasie mog\u0105 Pa\u0144stwo nadal otrzymywa\u0107 e-maile z pro\u015bb\u0105 o dokonanie p\u0142atno\u015bci. B\u0119dziemy wi\u0119c naprawd\u0119 wdzi\u0119czni, je\u015bli zdecyduj\u0105 si\u0119 Pa\u0144stwo na wskazan\u0105 powy\u017cej p\u0142atno\u015b\u0107 online \ud83d\ude42   <\/p>\t\t\t\t\t\t\t\t<\/div>\n\t\t\t\t<\/div>\n\t\t\t\t<div class=\"elementor-element elementor-element-f42f5d8 elementor-widget elementor-widget-wpforms\" data-id=\"f42f5d8\" data-element_type=\"widget\" data-e-type=\"widget\" data-widget_type=\"wpforms.default\">\n\t\t\t\t<div class=\"elementor-widget-container\">\n\t\t\t\t\t<style id=\"wpforms-css-vars-elementor-widget-f42f5d8\">\n\t\t\t\t.elementor-widget-wpforms.elementor-element-f42f5d8 {\n\t\t\t\t--wpforms-field-border-color: #bfbdc1;\n--wpforms-field-border-color-spare: #bfbdc1;\n--wpforms-field-text-color: #333135;\n--wpforms-label-color: #333135;\n--wpforms-label-sublabel-color: #807b84;\n--wpforms-label-error-color: #d63636;\n--wpforms-button-border-radius: 50px;\n--wpforms-button-background-color: #543362;\n--wpforms-button-border-color: #9864c0;\n--wpforms-button-text-color: #f5eff9;\n--wpforms-page-break-color: #9864c0;\n\t\t\t}\n\t\t\t<\/style><div class=\"wpforms-container wpforms-container-full wpforms-render-modern\" id=\"wpforms-626\"><form id=\"wpforms-form-626\" class=\"wpforms-validate wpforms-form wpforms-ajax-form\" data-formid=\"626\" method=\"post\" enctype=\"multipart\/form-data\" action=\"\/pl\/wp-json\/wp\/v2\/pages\/21659\" data-token=\"fbce7be5c326955883f3819ab0699187\" data-token-time=\"1775985479\"><noscript class=\"wpforms-error-noscript\">Aby wype\u0142ni\u0107 ten formularz, w\u0142\u0105cz obs\u0142ug\u0119 JavaScript w przegl\u0105darce.<\/noscript><div id=\"wpforms-error-noscript\" style=\"display: none;\">Aby wype\u0142ni\u0107 ten formularz, w\u0142\u0105cz obs\u0142ug\u0119 JavaScript w przegl\u0105darce.<\/div><div class=\"wpforms-field-container\"><div id=\"wpforms-626-field_0-container\" class=\"wpforms-field wpforms-field-name\" data-field-id=\"0\"><label class=\"wpforms-field-label\" for=\"wpforms-626-field_0\">Nazwisko (na kt\u00f3re jest dokonana rezerwacja) <span class=\"wpforms-required-label\" aria-hidden=\"true\">*<\/span><\/label><input type=\"text\" id=\"wpforms-626-field_0\" class=\"wpforms-field-large wpforms-field-required\" name=\"wpforms[fields][0]\" aria-errormessage=\"wpforms-626-field_0-error\" required><\/div><div id=\"wpforms-626-field_17-container\" class=\"wpforms-field wpforms-field-email\" data-field-id=\"17\"><label class=\"wpforms-field-label\" for=\"wpforms-626-field_17\">Adres e-mail <span class=\"wpforms-required-label\" aria-hidden=\"true\">*<\/span><\/label><input type=\"email\" id=\"wpforms-626-field_17\" class=\"wpforms-field-large wpforms-field-required\" name=\"wpforms[fields][17]\" spellcheck=\"false\" aria-errormessage=\"wpforms-626-field_17-error\" required><\/div><div id=\"wpforms-626-field_12-container\" class=\"wpforms-field wpforms-field-date-time\" data-field-id=\"12\"><label class=\"wpforms-field-label\" for=\"wpforms-626-field_12\">Data przyjazdu <span class=\"wpforms-required-label\" aria-hidden=\"true\">*<\/span><\/label><div class=\"wpforms-datepicker-wrap\"><input type=\"text\" id=\"wpforms-626-field_12\" class=\"wpforms-field-date-time-date wpforms-datepicker wpforms-field-required wpforms-field-large\" data-date-format=\"m\/d\/Y\" data-disable-past-dates=\"0\" data-input=\"true\" name=\"wpforms[fields][12][date]\" aria-errormessage=\"wpforms-626-field_12-error\" required><a title=\"Wyczy\u015b\u0107 dat\u0119\" data-clear role=\"button\" tabindex=\"0\" class=\"wpforms-datepicker-clear\" aria-label=\"Wyczy\u015b\u0107 dat\u0119\" style=\"display:none;\"><\/a><\/div><\/div><div id=\"wpforms-626-field_13-container\" class=\"wpforms-field wpforms-field-radio\" data-field-id=\"13\"><fieldset><legend class=\"wpforms-field-label\">Zarezerwowany hotel <span class=\"wpforms-required-label\" aria-hidden=\"true\">*<\/span><\/legend><ul id=\"wpforms-626-field_13\" class=\"wpforms-field-required\"><li class=\"choice-1 depth-1\"><input type=\"radio\" id=\"wpforms-626-field_13_1\" name=\"wpforms[fields][13]\" value=\"Hotel Zeitgeist Rathen by STEIGER Hotels\" aria-errormessage=\"wpforms-626-field_13_1-error\" required ><label class=\"wpforms-field-label-inline\" for=\"wpforms-626-field_13_1\">Hotel Zeitgeist Rathen by STEIGER Hotels<\/label><\/li><li class=\"choice-2 depth-1\"><input type=\"radio\" id=\"wpforms-626-field_13_2\" name=\"wpforms[fields][13]\" value=\"Hotel Rathener Hof by STEIGER Hotels\" aria-errormessage=\"wpforms-626-field_13_2-error\" required ><label class=\"wpforms-field-label-inline\" for=\"wpforms-626-field_13_2\">Hotel Rathener Hof by STEIGER Hotels<\/label><\/li><li class=\"choice-3 depth-1\"><input type=\"radio\" id=\"wpforms-626-field_13_3\" name=\"wpforms[fields][13]\" value=\"Parkhotel Hohnstein by STEIGER Hotels\" aria-errormessage=\"wpforms-626-field_13_3-error\" required ><label class=\"wpforms-field-label-inline\" for=\"wpforms-626-field_13_3\">Parkhotel Hohnstein by STEIGER Hotels<\/label><\/li><li class=\"choice-4 depth-1\"><input type=\"radio\" id=\"wpforms-626-field_13_4\" name=\"wpforms[fields][13]\" value=\"Apparthotel Bad Schandau by STEIGER Hotels\" aria-errormessage=\"wpforms-626-field_13_4-error\" required ><label class=\"wpforms-field-label-inline\" for=\"wpforms-626-field_13_4\">Apparthotel Bad Schandau by STEIGER Hotels<\/label><\/li><li class=\"choice-5 depth-1\"><input type=\"radio\" id=\"wpforms-626-field_13_5\" name=\"wpforms[fields][13]\" value=\"Hotel Landidyll Hinterhermsdorf by STEIGER Hotels\" aria-errormessage=\"wpforms-626-field_13_5-error\" required ><label class=\"wpforms-field-label-inline\" for=\"wpforms-626-field_13_5\">Hotel Landidyll Hinterhermsdorf by STEIGER Hotels<\/label><\/li><li class=\"choice-6 depth-1\"><input type=\"radio\" id=\"wpforms-626-field_13_6\" name=\"wpforms[fields][13]\" value=\"Hotel Sebnitzer Hof by STEIGER Hotels\" aria-errormessage=\"wpforms-626-field_13_6-error\" required ><label class=\"wpforms-field-label-inline\" for=\"wpforms-626-field_13_6\">Hotel Sebnitzer Hof by STEIGER Hotels<\/label><\/li><\/ul><\/fieldset><\/div><div id=\"wpforms-626-field_14-container\" class=\"wpforms-field wpforms-field-checkbox\" data-field-id=\"14\"><fieldset><legend class=\"wpforms-field-label\">Potwierdzenie <span class=\"wpforms-required-label\" aria-hidden=\"true\">*<\/span><\/legend><ul id=\"wpforms-626-field_14\" class=\"wpforms-field-required\"><li class=\"choice-1 depth-1\"><input type=\"checkbox\" id=\"wpforms-626-field_14_1\" name=\"wpforms[fields][14][]\" value=\"Chc\u0119 zap\u0142aci\u0107 przelewem\" aria-errormessage=\"wpforms-626-field_14_1-error\" aria-describedby=\"wpforms-626-field_14-description\" required ><label class=\"wpforms-field-label-inline\" for=\"wpforms-626-field_14_1\">Chc\u0119 zap\u0142aci\u0107 przelewem<\/label><\/li><\/ul><div id=\"wpforms-626-field_14-description\" class=\"wpforms-field-description\">Po Twoim potwierdzeniu wy\u015blemy Ci e-mailem nasze dane do przelewu. Pami\u0119taj, \u017ce przelew trwa nieco d\u0142u\u017cej ni\u017c bezpo\u015brednia p\u0142atno\u015b\u0107 online. Dlatego mo\u017ce si\u0119 zdarzy\u0107, \u017ce w mi\u0119dzyczasie otrzymasz automatyczne przypomnienia o p\u0142atno\u015bci. W takim przypadku mo\u017cesz je po prostu zignorowa\u0107.   \n<\/div><\/fieldset><\/div><div id=\"wpforms-626-field_19-container\" class=\"wpforms-field wpforms-field-checkbox\" data-field-id=\"19\"><fieldset><legend class=\"wpforms-field-label wpforms-label-hide\" aria-hidden=\"false\">RODO <span class=\"wpforms-required-label\" aria-hidden=\"true\">*<\/span><\/legend><ul id=\"wpforms-626-field_19\" class=\"wpforms-field-required\"><li class=\"choice-1 depth-1\"><input type=\"checkbox\" id=\"wpforms-626-field_19_1\" name=\"wpforms[fields][19][]\" value=\"Wyra\u017cam zgod\u0119 na przetwarzanie moich danych z formularza w celu obs\u0142ugi mojego zapytania oraz ewentualnych pyta\u0144 uzupe\u0142niaj\u0105cych. Wi\u0119cej informacji znajdziesz w &lt;a href=&quot;https:\/\/steiger-hotels.com\/pl\/polityka-prywatnosci\/&quot; target=&quot;_blank&quot; rel=&quot;noopener noreferrer&quot;&gt;Polityce prywatno\u015bci&lt;\/a&gt;. \" aria-errormessage=\"wpforms-626-field_19_1-error\" required ><label class=\"wpforms-field-label-inline\" for=\"wpforms-626-field_19_1\">Wyra\u017cam zgod\u0119 na przetwarzanie moich danych z formularza w celu obs\u0142ugi mojego zapytania oraz ewentualnych pyta\u0144 uzupe\u0142niaj\u0105cych. Wi\u0119cej informacji znajdziesz w <a href=\"https:\/\/steiger-hotels.com\/pl\/polityka-prywatnosci\/\" target=\"_blank\" rel=\"noopener noreferrer\">Polityce prywatno\u015bci<\/a>.<\/label><\/li><\/ul><\/fieldset><\/div><\/div><!-- .wpforms-field-container --><div class=\"wpforms-recaptcha-container wpforms-is-recaptcha wpforms-is-recaptcha-type-v3\" ><input type=\"hidden\" name=\"wpforms[recaptcha]\" value=\"\"><\/div><div class=\"wpforms-submit-container\" ><input type=\"hidden\" name=\"wpforms[id]\" value=\"626\"><input type=\"hidden\" name=\"page_title\" value=\"\"><input type=\"hidden\" name=\"page_url\" value=\"https:\/\/steiger-hotels.com\/pl\/wp-json\/wp\/v2\/pages\/21659\"><input type=\"hidden\" name=\"url_referer\" value=\"\"><button type=\"submit\" name=\"wpforms[submit]\" id=\"wpforms-submit-626\" class=\"wpforms-submit\" data-alt-text=\"Dzi\u0119kujemy za Twoj\u0105 wiadomo\u015b\u0107!\" data-submit-text=\"Wy\u015blij\" aria-live=\"assertive\" value=\"wpforms-submit\">Wy\u015blij<\/button><img decoding=\"async\" src=\"https:\/\/steiger-hotels.com\/wp-content\/plugins\/wpforms\/assets\/images\/submit-spin.svg\" class=\"wpforms-submit-spinner\" style=\"display: none;\" width=\"26\" height=\"26\" alt=\"Wczytywanie\" title=\"\"><\/div><\/form><\/div>  <!-- .wpforms-container -->\t\t\t\t<\/div>\n\t\t\t\t<\/div>\n\t\t\t\t<\/div>\n\t\t<div class=\"elementor-element elementor-element-238e37f e-con-full e-flex e-con e-child\" data-id=\"238e37f\" data-element_type=\"container\" data-e-type=\"container\" data-settings=\"{&quot;background_background&quot;:&quot;classic&quot;}\">\n\t\t\t\t<div class=\"elementor-element elementor-element-1564deb elementor-widget elementor-widget-heading\" data-id=\"1564deb\" data-element_type=\"widget\" data-e-type=\"widget\" data-widget_type=\"heading.default\">\n\t\t\t\t<div class=\"elementor-widget-container\">\n\t\t\t\t\t<h2 class=\"elementor-heading-title elementor-size-default\">Potrzebuj\u0119 faktury.<\/h2>\t\t\t\t<\/div>\n\t\t\t\t<\/div>\n\t\t\t\t<div class=\"elementor-element elementor-element-9b54dd5 elementor-widget elementor-widget-text-editor\" data-id=\"9b54dd5\" data-element_type=\"widget\" data-e-type=\"widget\" data-widget_type=\"text-editor.default\">\n\t\t\t\t<div class=\"elementor-widget-container\">\n\t\t\t\t\t\t\t\t\t<p>Byli ju\u017c Pa\u0144stwo naszymi go\u015b\u0107mi i brakuje Pa\u0144stwu faktury hotelowej? Ch\u0119tnie prze\u015blemy dokument e-mailem. Prosimy poda\u0107 nam nast\u0119puj\u0105ce informacje:  <\/p>\t\t\t\t\t\t\t\t<\/div>\n\t\t\t\t<\/div>\n\t\t\t\t<div class=\"elementor-element elementor-element-e536836 elementor-widget elementor-widget-wpforms\" data-id=\"e536836\" data-element_type=\"widget\" data-e-type=\"widget\" data-widget_type=\"wpforms.default\">\n\t\t\t\t<div class=\"elementor-widget-container\">\n\t\t\t\t\t<style id=\"wpforms-css-vars-elementor-widget-e536836\">\n\t\t\t\t.elementor-widget-wpforms.elementor-element-e536836 {\n\t\t\t\t--wpforms-field-border-color: #bfbdc1;\n--wpforms-field-border-color-spare: #bfbdc1;\n--wpforms-field-text-color: #333135;\n--wpforms-label-color: #333135;\n--wpforms-label-sublabel-color: #807b84;\n--wpforms-label-error-color: #d63636;\n--wpforms-button-border-radius: 50px;\n--wpforms-button-background-color: #543362;\n--wpforms-button-border-color: #9864c0;\n--wpforms-button-text-color: #f5eff9;\n--wpforms-page-break-color: #9864c0;\n\t\t\t}\n\t\t\t<\/style><div class=\"wpforms-container wpforms-container-full wpforms-render-modern\" id=\"wpforms-600\"><form id=\"wpforms-form-600\" class=\"wpforms-validate wpforms-form wpforms-ajax-form\" data-formid=\"600\" method=\"post\" enctype=\"multipart\/form-data\" action=\"\/pl\/wp-json\/wp\/v2\/pages\/21659\" data-token=\"71f90dce1ec6f128cbf7e843fcd8c170\" data-token-time=\"1775985479\"><noscript class=\"wpforms-error-noscript\">Aby wype\u0142ni\u0107 ten formularz, w\u0142\u0105cz obs\u0142ug\u0119 JavaScript w przegl\u0105darce.<\/noscript><div id=\"wpforms-error-noscript\" style=\"display: none;\">Aby wype\u0142ni\u0107 ten formularz, w\u0142\u0105cz obs\u0142ug\u0119 JavaScript w przegl\u0105darce.<\/div><div class=\"wpforms-field-container\"><div id=\"wpforms-600-field_1-container\" class=\"wpforms-field wpforms-field-name\" data-field-id=\"1\"><fieldset><legend class=\"wpforms-field-label\">Imi\u0119 i nazwisko <span class=\"wpforms-required-label\" aria-hidden=\"true\">*<\/span><\/legend><div class=\"wpforms-field-row wpforms-field-large\"><div class=\"wpforms-field-row-block wpforms-first wpforms-one-half\"><input type=\"text\" id=\"wpforms-600-field_1\" class=\"wpforms-field-name-first wpforms-field-required\" name=\"wpforms[fields][1][first]\" aria-errormessage=\"wpforms-600-field_1-error\" required><label for=\"wpforms-600-field_1\" class=\"wpforms-field-sublabel after\">Imi\u0119<\/label><\/div><div class=\"wpforms-field-row-block wpforms-one-half\"><input type=\"text\" id=\"wpforms-600-field_1-last\" class=\"wpforms-field-name-last wpforms-field-required\" name=\"wpforms[fields][1][last]\" aria-errormessage=\"wpforms-600-field_1-last-error\" required><label for=\"wpforms-600-field_1-last\" class=\"wpforms-field-sublabel after\">Nazwisko<\/label><\/div><\/div><\/fieldset><\/div><div id=\"wpforms-600-field_2-container\" class=\"wpforms-field wpforms-field-email\" data-field-id=\"2\"><label class=\"wpforms-field-label\" for=\"wpforms-600-field_2\">Adres e-mail <span class=\"wpforms-required-label\" aria-hidden=\"true\">*<\/span><\/label><input type=\"email\" id=\"wpforms-600-field_2\" class=\"wpforms-field-large wpforms-field-required\" name=\"wpforms[fields][2]\" spellcheck=\"false\" aria-errormessage=\"wpforms-600-field_2-error\" required><\/div><div id=\"wpforms-600-field_3-container\" class=\"wpforms-field wpforms-field-textarea\" data-field-id=\"3\"><label class=\"wpforms-field-label\" for=\"wpforms-600-field_3\">Wasza wiadomo\u015b\u0107 do zespo\u0142u \ud83d\udc9c<\/label><textarea id=\"wpforms-600-field_3\" class=\"wpforms-field-large\" name=\"wpforms[fields][3]\" aria-errormessage=\"wpforms-600-field_3-error\" ><\/textarea><\/div><div id=\"wpforms-600-field_8-container\" class=\"wpforms-field wpforms-field-checkbox\" data-field-id=\"8\"><fieldset><legend class=\"wpforms-field-label wpforms-label-hide\" aria-hidden=\"false\">Zgoda RODO <span class=\"wpforms-required-label\" aria-hidden=\"true\">*<\/span><\/legend><ul id=\"wpforms-600-field_8\" class=\"wpforms-field-required\"><li class=\"choice-1 depth-1\"><input type=\"checkbox\" id=\"wpforms-600-field_8_1\" name=\"wpforms[fields][8][]\" value=\"Wyra\u017cam zgod\u0119 na przetwarzanie moich danych z formularza w celu realizacji mojego zapytania oraz ewentualnych pyta\u0144 uzupe\u0142niaj\u0105cych. Wi\u0119cej informacji znajduje si\u0119 w &lt;a href=&quot;https:\/\/steiger-hotels.com\/pl\/polityka-prywatnosci\/&quot; target=&quot;_blank&quot; rel=&quot;noopener noreferrer&quot;&gt;Polityce prywatno\u015bci&lt;\/a&gt;. \" aria-errormessage=\"wpforms-600-field_8_1-error\" required ><label class=\"wpforms-field-label-inline\" for=\"wpforms-600-field_8_1\">Wyra\u017cam zgod\u0119 na przetwarzanie moich danych z formularza w celu realizacji mojego zapytania oraz ewentualnych pyta\u0144 uzupe\u0142niaj\u0105cych. Wi\u0119cej informacji znajduje si\u0119 w <a href=\"https:\/\/steiger-hotels.com\/pl\/polityka-prywatnosci\/\" target=\"_blank\" rel=\"noopener noreferrer\">Polityce prywatno\u015bci<\/a>.<\/label><\/li><\/ul><\/fieldset><\/div><\/div><!-- .wpforms-field-container --><div class=\"wpforms-recaptcha-container wpforms-is-recaptcha wpforms-is-recaptcha-type-v3\" ><input type=\"hidden\" name=\"wpforms[recaptcha]\" value=\"\"><\/div><div class=\"wpforms-submit-container\" ><input type=\"hidden\" name=\"wpforms[id]\" value=\"600\"><input type=\"hidden\" name=\"page_title\" value=\"\"><input type=\"hidden\" name=\"page_url\" value=\"https:\/\/steiger-hotels.com\/pl\/wp-json\/wp\/v2\/pages\/21659\"><input type=\"hidden\" name=\"url_referer\" value=\"\"><button type=\"submit\" name=\"wpforms[submit]\" id=\"wpforms-submit-600\" class=\"wpforms-submit\" data-alt-text=\"Wysy\u0142anie\u2026\" data-submit-text=\"Wy\u015blij\" aria-live=\"assertive\" value=\"wpforms-submit\">Wy\u015blij<\/button><img decoding=\"async\" src=\"https:\/\/steiger-hotels.com\/wp-content\/plugins\/wpforms\/assets\/images\/submit-spin.svg\" class=\"wpforms-submit-spinner\" style=\"display: none;\" width=\"26\" height=\"26\" alt=\"Wczytywanie\" title=\"\"><\/div><\/form><\/div>  <!-- .wpforms-container -->\t\t\t\t<\/div>\n\t\t\t\t<\/div>\n\t\t\t\t<\/div>\n\t\t\t\t<\/div>\n\t\t\t\t\t<\/div>\n\t\t\t\t<\/div>\n\t\t\t\t<\/div>\n\t\t","protected":false},"excerpt":{"rendered":"<p>Powr\u00f3t do przegl\u0105du P\u0142atno\u015b\u0107 i faktura Mam bezpo\u015bredni\u0105 rezerwacj\u0119 w hotelu \u2013 jak wygl\u0105da kwestia p\u0142atno\u015bci? Po up\u0142ywie terminu bezp\u0142atnego anulowania rezerwacji p\u0142atno\u015b\u0107 za pobyt staje si\u0119 wymagalna. W tym celu otrzymaj\u0105 Pa\u0144stwo od nas e-mail z wieloma opcjami p\u0142atno\u015bci online. Metody p\u0142atno\u015bci: Mastercard, Visa, Klarna, PayPal Mam rezerwacj\u0119 przez po\u015brednika, takiego jak Booking.com, Check24 [&hellip;]<\/p>\n","protected":false},"author":1,"featured_media":0,"parent":18355,"menu_order":0,"comment_status":"closed","ping_status":"closed","template":"","meta":{"footnotes":""},"class_list":["post-21659","page","type-page","status-publish","hentry"],"_links":{"self":[{"href":"https:\/\/steiger-hotels.com\/pl\/wp-json\/wp\/v2\/pages\/21659","targetHints":{"allow":["GET"]}}],"collection":[{"href":"https:\/\/steiger-hotels.com\/pl\/wp-json\/wp\/v2\/pages"}],"about":[{"href":"https:\/\/steiger-hotels.com\/pl\/wp-json\/wp\/v2\/types\/page"}],"author":[{"embeddable":true,"href":"https:\/\/steiger-hotels.com\/pl\/wp-json\/wp\/v2\/users\/1"}],"replies":[{"embeddable":true,"href":"https:\/\/steiger-hotels.com\/pl\/wp-json\/wp\/v2\/comments?post=21659"}],"version-history":[{"count":8,"href":"https:\/\/steiger-hotels.com\/pl\/wp-json\/wp\/v2\/pages\/21659\/revisions"}],"predecessor-version":[{"id":22393,"href":"https:\/\/steiger-hotels.com\/pl\/wp-json\/wp\/v2\/pages\/21659\/revisions\/22393"}],"up":[{"embeddable":true,"href":"https:\/\/steiger-hotels.com\/pl\/wp-json\/wp\/v2\/pages\/18355"}],"wp:attachment":[{"href":"https:\/\/steiger-hotels.com\/pl\/wp-json\/wp\/v2\/media?parent=21659"}],"curies":[{"name":"wp","href":"https:\/\/api.w.org\/{rel}","templated":true}]}}