{"id":21567,"date":"2025-09-03T22:14:03","date_gmt":"2025-09-03T20:14:03","guid":{"rendered":"https:\/\/steiger-hotels.com\/kontakt\/kontakt-uslugi-dodatkowe-zwierzeta-domowe\/"},"modified":"2026-04-12T07:21:36","modified_gmt":"2026-04-12T05:21:36","slug":"kontakt-uslugi-dodatkowe-zwierzeta-domowe","status":"publish","type":"page","link":"https:\/\/steiger-hotels.com\/pl\/kontakt\/kontakt-uslugi-dodatkowe-zwierzeta-domowe\/","title":{"rendered":"Kontakt: us\u0142ugi dodatkowe &amp; zwierz\u0119ta domowe"},"content":{"rendered":"\t\t<div data-elementor-type=\"wp-page\" data-elementor-id=\"21567\" class=\"elementor elementor-21567 elementor-16272\" data-elementor-post-type=\"page\">\n\t\t\t\t<div class=\"elementor-element elementor-element-47729d5 e-flex e-con-boxed e-con e-parent\" data-id=\"47729d5\" data-element_type=\"container\" data-e-type=\"container\" data-settings=\"{&quot;background_background&quot;:&quot;slideshow&quot;,&quot;background_slideshow_gallery&quot;:[{&quot;id&quot;:18182,&quot;url&quot;:&quot;https:\\\/\\\/steiger-hotels.com\\\/wp-content\\\/uploads\\\/2025\\\/09\\\/Blick-auf-die-Bastei-Bruecke-in-der-Saechsischen-Schweiz-scaled.jpg&quot;}],&quot;background_slideshow_slide_duration&quot;:3000,&quot;background_slideshow_loop&quot;:&quot;yes&quot;,&quot;background_slideshow_slide_transition&quot;:&quot;fade&quot;,&quot;background_slideshow_transition_duration&quot;:500}\">\n\t\t\t\t\t<div class=\"e-con-inner\">\n\t\t\t\t\t<\/div>\n\t\t\t\t<\/div>\n\t\t<div class=\"elementor-element elementor-element-230a32f e-flex e-con-boxed e-con e-parent\" data-id=\"230a32f\" data-element_type=\"container\" data-e-type=\"container\" data-settings=\"{&quot;background_background&quot;:&quot;classic&quot;}\">\n\t\t\t\t\t<div class=\"e-con-inner\">\n\t\t\t\t<div class=\"elementor-element elementor-element-169bb33 elementor-widget elementor-widget-button\" data-id=\"169bb33\" data-element_type=\"widget\" data-e-type=\"widget\" data-widget_type=\"button.default\">\n\t\t\t\t<div class=\"elementor-widget-container\">\n\t\t\t\t\t\t\t\t\t<div class=\"elementor-button-wrapper\">\n\t\t\t\t\t<a class=\"elementor-button elementor-button-link elementor-size-sm\" href=\"https:\/\/steiger-hotels.com\/pl\/kontakt\/\">\n\t\t\t\t\t\t<span class=\"elementor-button-content-wrapper\">\n\t\t\t\t\t\t<span class=\"elementor-button-icon\">\n\t\t\t\t<svg aria-hidden=\"true\" class=\"e-font-icon-svg e-fas-angle-double-left\" viewBox=\"0 0 448 512\" xmlns=\"http:\/\/www.w3.org\/2000\/svg\"><path d=\"M223.7 239l136-136c9.4-9.4 24.6-9.4 33.9 0l22.6 22.6c9.4 9.4 9.4 24.6 0 33.9L319.9 256l96.4 96.4c9.4 9.4 9.4 24.6 0 33.9L393.7 409c-9.4 9.4-24.6 9.4-33.9 0l-136-136c-9.5-9.4-9.5-24.6-.1-34zm-192 34l136 136c9.4 9.4 24.6 9.4 33.9 0l22.6-22.6c9.4-9.4 9.4-24.6 0-33.9L127.9 256l96.4-96.4c9.4-9.4 9.4-24.6 0-33.9L201.7 103c-9.4-9.4-24.6-9.4-33.9 0l-136 136c-9.5 9.4-9.5 24.6-.1 34z\"><\/path><\/svg>\t\t\t<\/span>\n\t\t\t\t\t\t\t\t\t<span class=\"elementor-button-text\">Powr\u00f3t do przegl\u0105du<\/span>\n\t\t\t\t\t<\/span>\n\t\t\t\t\t<\/a>\n\t\t\t\t<\/div>\n\t\t\t\t\t\t\t\t<\/div>\n\t\t\t\t<\/div>\n\t\t\t\t\t<\/div>\n\t\t\t\t<\/div>\n\t\t<div class=\"elementor-element elementor-element-29a85f5 e-flex e-con-boxed e-con e-parent\" data-id=\"29a85f5\" data-element_type=\"container\" data-e-type=\"container\">\n\t\t\t\t\t<div class=\"e-con-inner\">\n\t\t<div class=\"elementor-element elementor-element-c0f9252 e-con-full e-flex e-con e-child\" data-id=\"c0f9252\" data-element_type=\"container\" data-e-type=\"container\">\n\t\t\t\t<div class=\"elementor-element elementor-element-8e6c50c elementor-widget elementor-widget-heading\" data-id=\"8e6c50c\" data-element_type=\"widget\" data-e-type=\"widget\" data-widget_type=\"heading.default\">\n\t\t\t\t<div class=\"elementor-widget-container\">\n\t\t\t\t\t<h2 class=\"elementor-heading-title elementor-size-default\"><a href=\"https:\/\/steiger-hotels.com\/pl\/sklep\/\">Ulepsz sklep<\/a><\/h2>\t\t\t\t<\/div>\n\t\t\t\t<\/div>\n\t\t\t\t<div class=\"elementor-element elementor-element-7aeb4ea elementor-widget elementor-widget-text-editor\" data-id=\"7aeb4ea\" data-element_type=\"widget\" data-e-type=\"widget\" data-widget_type=\"text-editor.default\">\n\t\t\t\t<div class=\"elementor-widget-container\">\n\t\t\t\t\t\t\t\t\t<p>Podr\u00f3\u017cuj\u0105 Pa\u0144stwo z psem, chc\u0105 zarezerwowa\u0107 wyj\u0105tkow\u0105 urodzinow\u0105 niespodziank\u0119 lub jeszcze bardziej podnie\u015b\u0107 standard pobytu? Nasz sklep z upgrade\u2019ami oferuje wszystkie mo\u017cliwo\u015bci i natychmiastowe potwierdzenie! <\/p>\t\t\t\t\t\t\t\t<\/div>\n\t\t\t\t<\/div>\n\t\t\t\t<div class=\"elementor-element elementor-element-75f5e47 elementor-widget elementor-widget-image\" data-id=\"75f5e47\" data-element_type=\"widget\" data-e-type=\"widget\" data-widget_type=\"image.default\">\n\t\t\t\t<div class=\"elementor-widget-container\">\n\t\t\t\t\t\t\t\t\t\t\t\t\t\t\t\t<a href=\"https:\/\/steiger-hotels.com\/pl\/sklep\/\">\n\t\t\t\t\t\t\t<img fetchpriority=\"high\" decoding=\"async\" width=\"528\" height=\"528\" src=\"https:\/\/steiger-hotels.com\/wp-content\/uploads\/2025\/10\/upgrades.svg\" class=\"elementor-animation-grow-rotate attachment-full size-full wp-image-21570\" alt=\"\" title=\"\">\t\t\t\t\t\t\t\t<\/a>\n\t\t\t\t\t\t\t\t\t\t\t\t\t\t\t<\/div>\n\t\t\t\t<\/div>\n\t\t\t\t<div class=\"elementor-element elementor-element-42eec77 elementor-align-center elementor-widget elementor-widget-button\" data-id=\"42eec77\" data-element_type=\"widget\" data-e-type=\"widget\" data-widget_type=\"button.default\">\n\t\t\t\t<div class=\"elementor-widget-container\">\n\t\t\t\t\t\t\t\t\t<div class=\"elementor-button-wrapper\">\n\t\t\t\t\t<a class=\"elementor-button elementor-button-link elementor-size-sm\" href=\"https:\/\/steiger-hotels.com\/pl\/sklep\/\">\n\t\t\t\t\t\t<span class=\"elementor-button-content-wrapper\">\n\t\t\t\t\t\t<span class=\"elementor-button-icon\">\n\t\t\t\t<svg aria-hidden=\"true\" class=\"e-font-icon-svg e-fas-angle-double-right\" viewBox=\"0 0 448 512\" xmlns=\"http:\/\/www.w3.org\/2000\/svg\"><path d=\"M224.3 273l-136 136c-9.4 9.4-24.6 9.4-33.9 0l-22.6-22.6c-9.4-9.4-9.4-24.6 0-33.9l96.4-96.4-96.4-96.4c-9.4-9.4-9.4-24.6 0-33.9L54.3 103c9.4-9.4 24.6-9.4 33.9 0l136 136c9.5 9.4 9.5 24.6.1 34zm192-34l-136-136c-9.4-9.4-24.6-9.4-33.9 0l-22.6 22.6c-9.4 9.4-9.4 24.6 0 33.9l96.4 96.4-96.4 96.4c-9.4 9.4-9.4 24.6 0 33.9l22.6 22.6c9.4 9.4 24.6 9.4 33.9 0l136-136c9.4-9.2 9.4-24.4 0-33.8z\"><\/path><\/svg>\t\t\t<\/span>\n\t\t\t\t\t\t\t\t\t<span class=\"elementor-button-text\">Do sklepu z upgrade\u2019ami &amp; zg\u0142oszenie psa<\/span>\n\t\t\t\t\t<\/span>\n\t\t\t\t\t<\/a>\n\t\t\t\t<\/div>\n\t\t\t\t\t\t\t\t<\/div>\n\t\t\t\t<\/div>\n\t\t\t\t<\/div>\n\t\t<div class=\"elementor-element elementor-element-5de17ed e-con-full e-flex e-con e-child\" data-id=\"5de17ed\" data-element_type=\"container\" data-e-type=\"container\">\n\t\t\t\t<div class=\"elementor-element elementor-element-352e9c5 elementor-widget elementor-widget-heading\" data-id=\"352e9c5\" data-element_type=\"widget\" data-e-type=\"widget\" data-widget_type=\"heading.default\">\n\t\t\t\t<div class=\"elementor-widget-container\">\n\t\t\t\t\t<h2 class=\"elementor-heading-title elementor-size-default\">Od urodzin po diet\u0119 bezglutenow\u0105: zajmiemy si\u0119 wszystkim!<\/h2>\t\t\t\t<\/div>\n\t\t\t\t<\/div>\n\t\t\t\t<div class=\"elementor-element elementor-element-ad42538 elementor-widget__width-initial elementor-widget elementor-widget-wpforms\" data-id=\"ad42538\" data-element_type=\"widget\" data-e-type=\"widget\" data-widget_type=\"wpforms.default\">\n\t\t\t\t<div class=\"elementor-widget-container\">\n\t\t\t\t\t<style id=\"wpforms-css-vars-elementor-widget-ad42538\">\n\t\t\t\t.elementor-widget-wpforms.elementor-element-ad42538 {\n\t\t\t\t--wpforms-field-border-color: #bfbdc1;\n--wpforms-field-border-color-spare: #bfbdc1;\n--wpforms-field-text-color: #333135;\n--wpforms-label-color: #333135;\n--wpforms-label-sublabel-color: #807b84;\n--wpforms-label-error-color: #d63636;\n--wpforms-button-border-radius: 50px;\n--wpforms-button-background-color: #543362;\n--wpforms-button-border-color: #9864c0;\n--wpforms-button-text-color: #f5eff9;\n--wpforms-page-break-color: #9864c0;\n\t\t\t}\n\t\t\t<\/style><div class=\"wpforms-container wpforms-container-full wpforms-render-modern\" id=\"wpforms-624\"><form id=\"wpforms-form-624\" class=\"wpforms-validate wpforms-form wpforms-ajax-form\" data-formid=\"624\" method=\"post\" enctype=\"multipart\/form-data\" action=\"\/pl\/wp-json\/wp\/v2\/pages\/21567\" data-token=\"f3eadce52cd48e434efd345cbe415e93\" data-token-time=\"1776509450\"><noscript class=\"wpforms-error-noscript\">Aby wype\u0142ni\u0107 ten formularz, w\u0142\u0105cz obs\u0142ug\u0119 JavaScript w przegl\u0105darce.<\/noscript><div id=\"wpforms-error-noscript\" style=\"display: none;\">Aby wype\u0142ni\u0107 ten formularz, w\u0142\u0105cz obs\u0142ug\u0119 JavaScript w przegl\u0105darce.<\/div><div class=\"wpforms-field-container\"><div id=\"wpforms-624-field_0-container\" class=\"wpforms-field wpforms-field-name\" data-field-id=\"0\"><label class=\"wpforms-field-label\" for=\"wpforms-624-field_0\">Nazwisko (na kt\u00f3re jest rezerwacja) <span class=\"wpforms-required-label\" aria-hidden=\"true\">*<\/span><\/label><input type=\"text\" id=\"wpforms-624-field_0\" class=\"wpforms-field-large wpforms-field-required\" name=\"wpforms[fields][0]\" aria-errormessage=\"wpforms-624-field_0-error\" required><\/div><div id=\"wpforms-624-field_17-container\" class=\"wpforms-field wpforms-field-email\" data-field-id=\"17\"><label class=\"wpforms-field-label\" for=\"wpforms-624-field_17\">Adres e-mail <span class=\"wpforms-required-label\" aria-hidden=\"true\">*<\/span><\/label><input type=\"email\" id=\"wpforms-624-field_17\" class=\"wpforms-field-large wpforms-field-required\" name=\"wpforms[fields][17]\" spellcheck=\"false\" aria-errormessage=\"wpforms-624-field_17-error\" required><\/div><div id=\"wpforms-624-field_12-container\" class=\"wpforms-field wpforms-field-date-time\" data-field-id=\"12\"><label class=\"wpforms-field-label\" for=\"wpforms-624-field_12\">Data przyjazdu <span class=\"wpforms-required-label\" aria-hidden=\"true\">*<\/span><\/label><div class=\"wpforms-datepicker-wrap\"><input type=\"text\" id=\"wpforms-624-field_12\" class=\"wpforms-field-date-time-date wpforms-datepicker wpforms-field-required wpforms-field-large\" data-date-format=\"m\/d\/Y\" data-disable-past-dates=\"0\" data-input=\"true\" name=\"wpforms[fields][12][date]\" aria-errormessage=\"wpforms-624-field_12-error\" required><a title=\"Wyczy\u015b\u0107 dat\u0119\" data-clear role=\"button\" tabindex=\"0\" class=\"wpforms-datepicker-clear\" aria-label=\"Wyczy\u015b\u0107 dat\u0119\" style=\"display:none;\"><\/a><\/div><\/div><div id=\"wpforms-624-field_13-container\" class=\"wpforms-field wpforms-field-radio\" data-field-id=\"13\"><fieldset><legend class=\"wpforms-field-label\">Zarezerwowany hotel <span class=\"wpforms-required-label\" aria-hidden=\"true\">*<\/span><\/legend><ul id=\"wpforms-624-field_13\" class=\"wpforms-field-required\"><li class=\"choice-1 depth-1\"><input type=\"radio\" id=\"wpforms-624-field_13_1\" name=\"wpforms[fields][13]\" value=\"Hotel Zeitgeist Rathen by STEIGER Hotels\" aria-errormessage=\"wpforms-624-field_13_1-error\" required ><label class=\"wpforms-field-label-inline\" for=\"wpforms-624-field_13_1\">Hotel Zeitgeist Rathen by STEIGER Hotels<\/label><\/li><li class=\"choice-2 depth-1\"><input type=\"radio\" id=\"wpforms-624-field_13_2\" name=\"wpforms[fields][13]\" value=\"Hotel Rathener Hof by STEIGER Hotels\" aria-errormessage=\"wpforms-624-field_13_2-error\" required ><label class=\"wpforms-field-label-inline\" for=\"wpforms-624-field_13_2\">Hotel Rathener Hof by STEIGER Hotels<\/label><\/li><li class=\"choice-3 depth-1\"><input type=\"radio\" id=\"wpforms-624-field_13_3\" name=\"wpforms[fields][13]\" value=\"Parkhotel Hohnstein by STEIGER Hotels\" aria-errormessage=\"wpforms-624-field_13_3-error\" required ><label class=\"wpforms-field-label-inline\" for=\"wpforms-624-field_13_3\">Parkhotel Hohnstein by STEIGER Hotels<\/label><\/li><li class=\"choice-4 depth-1\"><input type=\"radio\" id=\"wpforms-624-field_13_4\" name=\"wpforms[fields][13]\" value=\"Apparthotel Bad Schandau by STEIGER Hotels\" aria-errormessage=\"wpforms-624-field_13_4-error\" required ><label class=\"wpforms-field-label-inline\" for=\"wpforms-624-field_13_4\">Apparthotel Bad Schandau by STEIGER Hotels<\/label><\/li><li class=\"choice-5 depth-1\"><input type=\"radio\" id=\"wpforms-624-field_13_5\" name=\"wpforms[fields][13]\" value=\"Hotel Landidyll Hinterhermsdorf by STEIGER Hotels\" aria-errormessage=\"wpforms-624-field_13_5-error\" required ><label class=\"wpforms-field-label-inline\" for=\"wpforms-624-field_13_5\">Hotel Landidyll Hinterhermsdorf by STEIGER Hotels<\/label><\/li><li class=\"choice-6 depth-1\"><input type=\"radio\" id=\"wpforms-624-field_13_6\" name=\"wpforms[fields][13]\" value=\"Hotel Sebnitzer Hof by STEIGER Hotels\" aria-errormessage=\"wpforms-624-field_13_6-error\" required ><label class=\"wpforms-field-label-inline\" for=\"wpforms-624-field_13_6\">Hotel Sebnitzer Hof by STEIGER Hotels<\/label><\/li><\/ul><\/fieldset><\/div><div id=\"wpforms-624-field_19-container\" class=\"wpforms-field wpforms-field-radio\" data-field-id=\"19\"><fieldset><legend class=\"wpforms-field-label\">Specjalne wymagania \u017cywieniowe <span class=\"wpforms-required-label\" aria-hidden=\"true\">*<\/span><\/legend><ul id=\"wpforms-624-field_19\" class=\"wpforms-field-required\"><li class=\"choice-1 depth-1\"><input type=\"radio\" id=\"wpforms-624-field_19_1\" name=\"wpforms[fields][19]\" value=\"wega\u0144skie\" aria-errormessage=\"wpforms-624-field_19_1-error\" required ><label class=\"wpforms-field-label-inline\" for=\"wpforms-624-field_19_1\">wega\u0144skie<\/label><\/li><li class=\"choice-2 depth-1\"><input type=\"radio\" id=\"wpforms-624-field_19_2\" name=\"wpforms[fields][19]\" value=\"bez laktozy\" aria-errormessage=\"wpforms-624-field_19_2-error\" required ><label class=\"wpforms-field-label-inline\" for=\"wpforms-624-field_19_2\">bez laktozy<\/label><\/li><li class=\"choice-3 depth-1\"><input type=\"radio\" id=\"wpforms-624-field_19_3\" name=\"wpforms[fields][19]\" value=\"bezglutenowe\" aria-errormessage=\"wpforms-624-field_19_3-error\" required ><label class=\"wpforms-field-label-inline\" for=\"wpforms-624-field_19_3\">bezglutenowe<\/label><\/li><li class=\"choice-4 depth-1\"><input type=\"radio\" id=\"wpforms-624-field_19_4\" name=\"wpforms[fields][19]\" value=\"wegetaria\u0144skie\" aria-errormessage=\"wpforms-624-field_19_4-error\" required ><label class=\"wpforms-field-label-inline\" for=\"wpforms-624-field_19_4\">wegetaria\u0144skie<\/label><\/li><\/ul><\/fieldset><\/div><div id=\"wpforms-624-field_18-container\" class=\"wpforms-field wpforms-field-textarea\" data-field-id=\"18\"><label class=\"wpforms-field-label\" for=\"wpforms-624-field_18\">Specjalna okazja<\/label><textarea id=\"wpforms-624-field_18\" class=\"wpforms-field-medium\" name=\"wpforms[fields][18]\" aria-errormessage=\"wpforms-624-field_18-error\" aria-describedby=\"wpforms-624-field_18-description\" ><\/textarea><div id=\"wpforms-624-field_18-description\" class=\"wpforms-field-description\">Czy \u015bwi\u0119tuj\u0105 Pa\u0144stwo u nas co\u015b wyj\u0105tkowego \u2013 na przyk\u0142ad urodziny, rocznic\u0119 lub niespodziank\u0119? Prosimy o podanie kilku szczeg\u00f3\u0142\u00f3w: kto \u015bwi\u0119tuje, jaka jest dok\u0142adnie okazja i czy mo\u017cemy si\u0119 z Pa\u0144stwem skontaktowa\u0107 w celu uzgodnie\u0144. Je\u015bli zarezerwowali ju\u017c Pa\u0144stwo co\u015b w naszym sklepie internetowym, prosimy o dopisanie tego. Dzi\u0119ki temu b\u0119dziemy dok\u0142adnie wiedzie\u0107, jak najlepiej Pa\u0144stwa wesprze\u0107 \u2013 lub czy po prostu chc\u0105 Pa\u0144stwo spokojnie cieszy\u0107 si\u0119 pobytem.   <\/div><\/div><div id=\"wpforms-624-field_20-container\" class=\"wpforms-field wpforms-field-textarea\" data-field-id=\"20\"><label class=\"wpforms-field-label\" for=\"wpforms-624-field_20\">Dodatkowe uwagi dla naszego zespo\u0142u<\/label><textarea id=\"wpforms-624-field_20\" class=\"wpforms-field-medium\" name=\"wpforms[fields][20]\" aria-errormessage=\"wpforms-624-field_20-error\" ><\/textarea><\/div><div id=\"wpforms-624-field_22-container\" class=\"wpforms-field wpforms-field-checkbox\" data-field-id=\"22\"><fieldset><legend class=\"wpforms-field-label wpforms-label-hide\" aria-hidden=\"false\">RODO <span class=\"wpforms-required-label\" aria-hidden=\"true\">*<\/span><\/legend><ul id=\"wpforms-624-field_22\" class=\"wpforms-field-required\"><li class=\"choice-1 depth-1\"><input type=\"checkbox\" id=\"wpforms-624-field_22_1\" name=\"wpforms[fields][22][]\" value=\"Wyra\u017cam zgod\u0119 na przetwarzanie moich danych z formularza w celu realizacji mojego zapytania oraz w celu ewentualnych pyta\u0144 uzupe\u0142niaj\u0105cych. Wi\u0119cej informacji znajd\u0105 Pa\u0144stwo w &lt;a href=&quot;https:\/\/steiger-hotels.com\/pl\/polityka-prywatnosci\/&quot; target=&quot;_blank&quot; rel=&quot;noopener noreferrer&quot;&gt;polityce prywatno\u015bci&lt;\/a&gt;. \" aria-errormessage=\"wpforms-624-field_22_1-error\" required ><label class=\"wpforms-field-label-inline\" for=\"wpforms-624-field_22_1\">Wyra\u017cam zgod\u0119 na przetwarzanie moich danych z formularza w celu realizacji mojego zapytania oraz w celu ewentualnych pyta\u0144 uzupe\u0142niaj\u0105cych. Wi\u0119cej informacji znajd\u0105 Pa\u0144stwo w <a href=\"https:\/\/steiger-hotels.com\/pl\/polityka-prywatnosci\/\" target=\"_blank\" rel=\"noopener noreferrer\">polityce prywatno\u015bci<\/a>.<\/label><\/li><\/ul><\/fieldset><\/div><\/div><!-- .wpforms-field-container --><div class=\"wpforms-recaptcha-container wpforms-is-recaptcha wpforms-is-recaptcha-type-v3\" ><input type=\"hidden\" name=\"wpforms[recaptcha]\" value=\"\"><\/div><div class=\"wpforms-submit-container\" ><input type=\"hidden\" name=\"wpforms[id]\" value=\"624\"><input type=\"hidden\" name=\"page_title\" value=\"\"><input type=\"hidden\" name=\"page_url\" value=\"https:\/\/steiger-hotels.com\/pl\/wp-json\/wp\/v2\/pages\/21567\"><input type=\"hidden\" name=\"url_referer\" value=\"\"><button type=\"submit\" name=\"wpforms[submit]\" id=\"wpforms-submit-624\" class=\"wpforms-submit\" data-alt-text=\"Dzi\u0119kujemy za wiadomo\u015b\u0107!\" data-submit-text=\"Wy\u015blij\" aria-live=\"assertive\" value=\"wpforms-submit\">Wy\u015blij<\/button><img decoding=\"async\" src=\"https:\/\/steiger-hotels.com\/wp-content\/plugins\/wpforms\/assets\/images\/submit-spin.svg\" class=\"wpforms-submit-spinner\" style=\"display: none;\" width=\"26\" height=\"26\" alt=\"Wczytywanie\" title=\"\"><\/div><\/form><\/div>  <!-- .wpforms-container -->\t\t\t\t<\/div>\n\t\t\t\t<\/div>\n\t\t\t\t<div class=\"elementor-element elementor-element-d4d17a3 elementor-widget elementor-widget-text-editor\" data-id=\"d4d17a3\" data-element_type=\"widget\" data-e-type=\"widget\" data-widget_type=\"text-editor.default\">\n\t\t\t\t<div class=\"elementor-widget-container\">\n\t\t\t\t\t\t\t\t\t<p>Czy jest co\u015b, o czym powinni\u015bmy wiedzie\u0107? Specjalne potrzeby \u017cywieniowe, urodziny, alergie \u2013 prosimy da\u0107 nam tu zna\u0107 w prosty spos\u00f3b, a my wszystko przygotujemy! <\/p>\t\t\t\t\t\t\t\t<\/div>\n\t\t\t\t<\/div>\n\t\t\t\t<\/div>\n\t\t\t\t\t<\/div>\n\t\t\t\t<\/div>\n\t\t\t\t<\/div>\n\t\t","protected":false},"excerpt":{"rendered":"<p>Powr\u00f3t do przegl\u0105du Ulepsz sklep Podr\u00f3\u017cuj\u0105 Pa\u0144stwo z psem, chc\u0105 zarezerwowa\u0107 wyj\u0105tkow\u0105 urodzinow\u0105 niespodziank\u0119 lub jeszcze bardziej podnie\u015b\u0107 standard pobytu? Nasz sklep z upgrade\u2019ami oferuje wszystkie mo\u017cliwo\u015bci i natychmiastowe potwierdzenie! Do sklepu z upgrade\u2019ami &amp; zg\u0142oszenie psa Od urodzin po diet\u0119 bezglutenow\u0105: zajmiemy si\u0119 wszystkim! Bitte aktiviere JavaScript in deinem Browser, um dieses Formular fertigzustellen.Bitte [&hellip;]<\/p>\n","protected":false},"author":1,"featured_media":0,"parent":18355,"menu_order":0,"comment_status":"closed","ping_status":"closed","template":"","meta":{"footnotes":""},"class_list":["post-21567","page","type-page","status-publish","hentry"],"_links":{"self":[{"href":"https:\/\/steiger-hotels.com\/pl\/wp-json\/wp\/v2\/pages\/21567","targetHints":{"allow":["GET"]}}],"collection":[{"href":"https:\/\/steiger-hotels.com\/pl\/wp-json\/wp\/v2\/pages"}],"about":[{"href":"https:\/\/steiger-hotels.com\/pl\/wp-json\/wp\/v2\/types\/page"}],"author":[{"embeddable":true,"href":"https:\/\/steiger-hotels.com\/pl\/wp-json\/wp\/v2\/users\/1"}],"replies":[{"embeddable":true,"href":"https:\/\/steiger-hotels.com\/pl\/wp-json\/wp\/v2\/comments?post=21567"}],"version-history":[{"count":5,"href":"https:\/\/steiger-hotels.com\/pl\/wp-json\/wp\/v2\/pages\/21567\/revisions"}],"predecessor-version":[{"id":22132,"href":"https:\/\/steiger-hotels.com\/pl\/wp-json\/wp\/v2\/pages\/21567\/revisions\/22132"}],"up":[{"embeddable":true,"href":"https:\/\/steiger-hotels.com\/pl\/wp-json\/wp\/v2\/pages\/18355"}],"wp:attachment":[{"href":"https:\/\/steiger-hotels.com\/pl\/wp-json\/wp\/v2\/media?parent=21567"}],"curies":[{"name":"wp","href":"https:\/\/api.w.org\/{rel}","templated":true}]}}