{"id":18696,"date":"2025-08-13T16:18:18","date_gmt":"2025-08-13T14:18:18","guid":{"rendered":"https:\/\/steiger-hotels.com\/zrownowazony-rozwoj\/"},"modified":"2026-04-16T06:56:53","modified_gmt":"2026-04-16T04:56:53","slug":"zrownowazony-rozwoj","status":"publish","type":"page","link":"https:\/\/steiger-hotels.com\/pl\/zrownowazony-rozwoj\/","title":{"rendered":"Zr\u00f3wnowa\u017cony rozw\u00f3j"},"content":{"rendered":"\t\t<div data-elementor-type=\"wp-page\" data-elementor-id=\"18696\" class=\"elementor elementor-18696 elementor-225\" data-elementor-post-type=\"page\">\n\t\t\t\t<div class=\"elementor-element elementor-element-a38b38f e-flex e-con-boxed e-con e-parent\" data-id=\"a38b38f\" data-element_type=\"container\" data-e-type=\"container\" data-settings=\"{&quot;background_background&quot;:&quot;slideshow&quot;,&quot;background_slideshow_gallery&quot;:[{&quot;id&quot;:18697,&quot;url&quot;:&quot;https:\\\/\\\/steiger-hotels.com\\\/wp-content\\\/uploads\\\/2025\\\/09\\\/Malerweg.jpeg&quot;}],&quot;background_slideshow_slide_duration&quot;:3000,&quot;background_slideshow_loop&quot;:&quot;yes&quot;,&quot;background_slideshow_slide_transition&quot;:&quot;fade&quot;,&quot;background_slideshow_transition_duration&quot;:500}\">\n\t\t\t\t\t<div class=\"e-con-inner\">\n\t\t\t\t\t<\/div>\n\t\t\t\t<\/div>\n\t\t<div class=\"elementor-element elementor-element-8a8d3cf e-flex e-con-boxed e-con e-parent\" data-id=\"8a8d3cf\" data-element_type=\"container\" data-e-type=\"container\" data-settings=\"{&quot;background_background&quot;:&quot;classic&quot;}\">\n\t\t\t\t\t<div class=\"e-con-inner\">\n\t\t\t\t<div class=\"elementor-element elementor-element-599c89f elementor-widget elementor-widget-heading\" data-id=\"599c89f\" data-element_type=\"widget\" data-e-type=\"widget\" data-widget_type=\"heading.default\">\n\t\t\t\t<div class=\"elementor-widget-container\">\n\t\t\t\t\t<h1 class=\"elementor-heading-title elementor-size-default\">Zr\u00f3wnowa\u017cony rozw\u00f3j w Steiger Hotels<\/h1>\t\t\t\t<\/div>\n\t\t\t\t<\/div>\n\t\t\t\t<div class=\"elementor-element elementor-element-5a3969b elementor-widget elementor-widget-heading\" data-id=\"5a3969b\" data-element_type=\"widget\" data-e-type=\"widget\" data-widget_type=\"heading.default\">\n\t\t\t\t<div class=\"elementor-widget-container\">\n\t\t\t\t\t<h2 class=\"elementor-heading-title elementor-size-default\">Koniec z jednorazowymi kapciami!<\/h2>\t\t\t\t<\/div>\n\t\t\t\t<\/div>\n\t\t\t\t<div class=\"elementor-element elementor-element-aa7494f elementor-widget elementor-widget-text-editor\" data-id=\"aa7494f\" data-element_type=\"widget\" data-e-type=\"widget\" data-widget_type=\"text-editor.default\">\n\t\t\t\t<div class=\"elementor-widget-container\">\n\t\t\t\t\t\t\t\t\t<p class=\"p1\">Czasy plastikowych s\u0142omek i jednorazowych kapci min\u0119\u0142y i bardzo dobrze!!<\/p><p class=\"p1\">W hotelarstwie ponosimy odpowiedzialno\u015b\u0107 nie tylko za dobre samopoczucie naszych go\u015bci, ale tak\u017ce za \u015bwiat jutra.<\/p><p class=\"p1\">Jako firma rodzinna w samym sercu <span class=\"s1\"><b>Parku Narodowego Szwajcarii Sakso\u0144skiej<\/b><\/span> wiemy: <span class=\"s1\"><b>Las oznacza \u017cycie. <span style=\"text-decoration: underline;\">W<\/span>szyscy <span style=\"text-decoration: underline;\">\u017b<\/span>yjemy <span style=\"text-decoration: underline;\">D<\/span>zi\u0119ki <span style=\"text-decoration: underline;\">N<\/span>iemu.<\/b><\/span> Dlatego stawiamy na rozwi\u0105zania przyjazne dla \u015brodowiska, oszcz\u0119dzamy zasoby i konsekwentnie kwestionujemy stare nawyki.<\/p><p class=\"p1\">Zr\u00f3wnowa\u017cony rozw\u00f3j nie jest dla nas trendem, lecz cz\u0119\u015bci\u0105 naszego DNA. W Steiger Hotels dzie\u0144 po dniu pracujemy nad tym, aby stawa\u0107 si\u0119 bardziej przyjaznymi dla klimatu. Dla naszych dzieci, naszych go\u015bci i przysz\u0142o\u015bci naszego wyj\u0105tkowego regionu.  <\/p>\t\t\t\t\t\t\t\t<\/div>\n\t\t\t\t<\/div>\n\t\t\t\t<div class=\"elementor-element elementor-element-268f075 elementor-widget elementor-widget-ucaddon_content_ticker\" data-id=\"268f075\" data-element_type=\"widget\" data-e-type=\"widget\" data-widget_type=\"ucaddon_content_ticker.default\">\n\t\t\t\t<div class=\"elementor-widget-container\">\n\t\t\t\t\t\n<!-- start Content Ticker -->\n\t\t<link id='font-awesome-css' href='https:\/\/steiger-hotels.com\/wp-content\/plugins\/unlimited-elements-for-elementor-premium\/assets_libraries\/font-awesome6\/fontawesome-all.min.css' type='text\/css' rel='stylesheet' >\n\t\t<link id='font-awesome-4-shim-css' href='https:\/\/steiger-hotels.com\/wp-content\/plugins\/unlimited-elements-for-elementor-premium\/assets_libraries\/font-awesome6\/fontawesome-v4-shims.min.css' type='text\/css' rel='stylesheet' >\n\t\t<link id='owl-carousel-css' href='https:\/\/steiger-hotels.com\/wp-content\/plugins\/unlimited-elements-for-elementor-premium\/assets_libraries\/owl-carousel-new\/assets\/owl.carousel.css' type='text\/css' rel='stylesheet' >\n\t\t<link id='uc_ac_assets_file_uc_news_ticker_css_26402-css' href='https:\/\/steiger-hotels.com\/wp-content\/uploads\/ac_assets\/uc_content_news_tickers\/uc_news_ticker.css' type='text\/css' rel='stylesheet' >\n\t\t<link id='uc_ac_assets_file_animate_css_77907-css' href='https:\/\/steiger-hotels.com\/wp-content\/uploads\/ac_assets\/uc_content_news_tickers\/animate.css' type='text\/css' rel='stylesheet' >\n\n<style>\/* widget: Content Ticker *\/\n\n#uc_content_ticker_elementor_268f075.uc_news_ticker-holder .flex-container {\n\tbackground: #543362;\n  \tborder-radius: 25px;\n    border-style: solid;\n    border-width: 0px;\n    border-color: #D5BD92;\n}\n\n#uc_content_ticker_elementor_268f075.uc_news_ticker-holder .uc_ticker-control .uc_ticker-nav a{\n  \tbackground:#DBDBDB;\n\tcolor:#543362;\n  \tpadding: 0px 20px;\n}\n\n#uc_content_ticker_elementor_268f075.uc_news_ticker-holder .uc_ticker-control .uc_ticker-nav a:hover{\n  \tbackground:#543362;\n\tcolor:#0A0A0A;\n}\n\n#uc_content_ticker_elementor_268f075.uc_news_ticker-holder .point-arrow:after{\n\tborder-left-color: #543362;\n}\n#uc_content_ticker_elementor_268f075.uc_news_ticker-holder .uc_date{\n  \tcolor: ;\n}\n\n#uc_content_ticker_elementor_268f075 .ue-item-wrapper{\n  display:flex;\n  align-items:center;\n  gap:16px;\n}\n\n#uc_content_ticker_elementor_268f075 .ue_content_ticker_image{\n  flex-grow:0;\n  flex-shrink:0;\n}\n\n#uc_content_ticker_elementor_268f075 .ue_content_ticker_image img{\n  display:block;\n  width:100%;\n  height:100%;\n}\n\n#uc_content_ticker_elementor_268f075 .uc_ticker-box{\n  flex-grow:1;\n}\n\n#uc_content_ticker_elementor_268f075 .owl-carousel .animated   {\n-webkit-animation-duration: 500ms;\nanimation-duration: 500ms;\n}\n\n<\/style>\n\n<div class=\"uc_news_ticker-holder\" id=\"uc_content_ticker_elementor_268f075\" >\n\t<div class=\"uc_news_ticker ltr\">\n\t\t\n\t\t<div class=\"uc_diagonal-news-ticker flex-container\">\n\t\t\t<div class=\"uc_ticker-heading \">\n\t\t\t\t<div class=\"uc_heading-content\">NOWO\u015a\u0106<\/div>\n\t\t\t<\/div>\n\n\t\t\t<div class=\"uc_ticker-content\">\n\t\t\t\t<div class=\"uc_ticker-slider uc_slider uc-items-wrapper owl-carousel  \"  >\n\t\t\t\t\t<div class=\"ue-item-wrapper\">\n      \n    <div class=\"uc_ticker-box\">\n\n                              <div class=\"ue_content_ticker_title\">Steiger Hotels zmniejszaj\u0105 emisj\u0119 CO2 o 59%!<\/div>\n                  \n        <div class=\"uc_sub-title\">Nasz raport energetyczny na dzie\u0144 30.06.2025 jest gotowy. Mamy wspania\u0142e wie\u015bci! W por\u00f3wnaniu z poprzednim okresem w tym roku zaoszcz\u0119dzili\u015bmy 351 ton CO2. Te 351 zaoszcz\u0119dzonych ton CO\u2082 odpowiada oko\u0142o 2,3 milionom przejechanych kilometr\u00f3w samochodem lub rocznemu zu\u017cyciu energii elektrycznej przez ponad 70 czteroosobowych gospodarstw domowych! Osi\u0105gn\u0119li\u015bmy to przede wszystkim dzi\u0119ki naszej zawzi\u0119to\u015bci, neutralnej pod wzgl\u0119dem emisji CO2 energii elektrycznej i wielu technicznym optymalizacjom, kt\u00f3re s\u0105 niesamowicie nudne, ale du\u017co daj\u0105! YAAY!     <\/div>\n    <\/div>\n  <\/div>\n<div class=\"ue-item-wrapper\">\n      \n    <div class=\"uc_ticker-box\">\n\n                              <div class=\"ue_content_ticker_title\">Steiger Hotels zmniejszaj\u0105 emisj\u0119 CO2 o 59%!<\/div>\n                  \n        <div class=\"uc_sub-title\">Nasz raport energetyczny na dzie\u0144 30.06.2025 jest gotowy. Mamy wspania\u0142e wie\u015bci! W por\u00f3wnaniu z poprzednim okresem w tym roku zaoszcz\u0119dzili\u015bmy 351 ton CO2. Te 351 zaoszcz\u0119dzonych ton CO\u2082 odpowiada oko\u0142o 2,3 milionom przejechanych kilometr\u00f3w samochodem lub rocznemu zu\u017cyciu energii elektrycznej przez ponad 70 czteroosobowych gospodarstw domowych! Osi\u0105gn\u0119li\u015bmy to przede wszystkim dzi\u0119ki naszej zawzi\u0119to\u015bci, neutralnej pod wzgl\u0119dem emisji CO2 energii elektrycznej i wielu technicznym optymalizacjom, kt\u00f3re s\u0105 niesamowicie nudne, ale du\u017co daj\u0105! YAAY!     <\/div>\n    <\/div>\n  <\/div>\n\n\t\t\t\t<\/div>\n              \t\n              \t\t\t\t\t<div class=\"uc_ticker-control\">\n\t\t\t\t\t<span class=\"uc_ticker-nav abx-next\"><a class=\"bx-next\" href=\"javascript:void(0);\"><i class=\"fa fa-chevron-right\" aria-hidden=\"true\"><\/i><\/a><\/span>\n\t\t\t\t\t<span class=\"uc_ticker-nav abx-prev\"><a class=\"bx-prev\" href=\"javascript:void(0);\"><i class=\"fa fa-chevron-left\" aria-hidden=\"true\"><\/i><\/a><\/span>\n\t\t\t\t<\/div>\n              \t              \n              \t                    <svg preserveAspectRatio=\"none\" viewBox=\"0 0 100 100\"  height=\"100%\" width=\"30px\" fill=\"#543362\">\n                      <polygon points=\"0,100 0,0 50,0 100\" opacity=\"1\"><\/polygon>\n                    <\/svg>\n                      \n\t\t\t\t\t\t\t<\/div>\n\t\t<\/div>\n\t\t   \t\n    <\/div>\n<\/div>\n<!-- end Content Ticker -->\t\t\t\t<\/div>\n\t\t\t\t<\/div>\n\t\t\t\t\t<\/div>\n\t\t\t\t<\/div>\n\t\t<div class=\"elementor-element elementor-element-55dc095 e-flex e-con-boxed e-con e-parent\" data-id=\"55dc095\" data-element_type=\"container\" data-e-type=\"container\">\n\t\t\t\t\t<div class=\"e-con-inner\">\n\t\t\t\t<div class=\"elementor-element elementor-element-f8ed2ff elementor-widget elementor-widget-heading\" data-id=\"f8ed2ff\" data-element_type=\"widget\" data-e-type=\"widget\" data-widget_type=\"heading.default\">\n\t\t\t\t<div class=\"elementor-widget-container\">\n\t\t\t\t\t<h2 class=\"elementor-heading-title elementor-size-default\">Nasze g\u0142\u00f3wne idee<\/h2>\t\t\t\t<\/div>\n\t\t\t\t<\/div>\n\t\t\t\t\t<\/div>\n\t\t\t\t<\/div>\n\t\t<div class=\"elementor-element elementor-element-cad564c e-grid e-con-boxed e-con e-parent\" data-id=\"cad564c\" data-element_type=\"container\" data-e-type=\"container\">\n\t\t\t\t\t<div class=\"e-con-inner\">\n\t\t<div class=\"elementor-element elementor-element-31e0600 e-con-full e-flex e-con e-child\" data-id=\"31e0600\" data-element_type=\"container\" data-e-type=\"container\" data-settings=\"{&quot;background_background&quot;:&quot;classic&quot;}\">\n\t\t\t\t<div class=\"elementor-element elementor-element-50b5173 elementor-widget elementor-widget-heading\" data-id=\"50b5173\" data-element_type=\"widget\" data-e-type=\"widget\" data-widget_type=\"heading.default\">\n\t\t\t\t<div class=\"elementor-widget-container\">\n\t\t\t\t\t<h3 class=\"elementor-heading-title elementor-size-default\">Bez plastiku i z my\u015bl\u0105 o przysz\u0142o\u015bci<\/h3>\t\t\t\t<\/div>\n\t\t\t\t<\/div>\n\t\t\t\t<div class=\"elementor-element elementor-element-6523f5c elementor-widget elementor-widget-text-editor\" data-id=\"6523f5c\" data-element_type=\"widget\" data-e-type=\"widget\" data-widget_type=\"text-editor.default\">\n\t\t\t\t<div class=\"elementor-widget-container\">\n\t\t\t\t\t\t\t\t\t<p><span style=\"font-weight: 400;\">Jednorazowy plastik nie ma u nas miejsca. Jednorazowe kapcie tym bardziej.  <\/span><\/p><p>S\u0105 produkty, kt\u00f3rych lepiej by by\u0142o, gdyby nigdy nie powsta\u0142y. <\/p><p>W naszych hotelach nie u\u017cywamy pojedynczych flakon\u00f3w. W restauracji u\u017cywamy szklanych s\u0142omek, a je\u015bli zapomnicie swoich but\u00f3w do k\u0105pieli, mo\u017cecie u nas dosta\u0107 klapki wielokrotnego u\u017cytku. <\/p>\t\t\t\t\t\t\t\t<\/div>\n\t\t\t\t<\/div>\n\t\t\t\t<\/div>\n\t\t<div class=\"elementor-element elementor-element-65e3bcb e-con-full e-flex e-con e-child\" data-id=\"65e3bcb\" data-element_type=\"container\" data-e-type=\"container\" data-settings=\"{&quot;background_background&quot;:&quot;classic&quot;}\">\n\t\t\t\t<div class=\"elementor-element elementor-element-a30c5ea elementor-widget elementor-widget-heading\" data-id=\"a30c5ea\" data-element_type=\"widget\" data-e-type=\"widget\" data-widget_type=\"heading.default\">\n\t\t\t\t<div class=\"elementor-widget-container\">\n\t\t\t\t\t<h3 class=\"elementor-heading-title elementor-size-default\">Rezygnacja z codziennego sprz\u0105tania pokoju <\/h3>\t\t\t\t<\/div>\n\t\t\t\t<\/div>\n\t\t\t\t<div class=\"elementor-element elementor-element-550edea elementor-widget elementor-widget-text-editor\" data-id=\"550edea\" data-element_type=\"widget\" data-e-type=\"widget\" data-widget_type=\"text-editor.default\">\n\t\t\t\t<div class=\"elementor-widget-container\">\n\t\t\t\t\t\t\t\t\t<p class=\"p1\">Nie sprz\u0105tamy ju\u017c automatycznie codziennie Twojego pokoju \u2013 <span class=\"s1\"><b>tylko wtedy, gdy sobie tego \u017cyczysz<\/b><\/span>.<\/p><p class=\"p1\">Co dzi\u0119ki temu wsp\u00f3lnie osi\u0105gamy:<\/p><ul><li><p class=\"p1\"><b>mniejsze zu\u017cycie wody<\/b><b><\/b><\/p><\/li><li><p class=\"p1\"><b>mniej detergent\u00f3w i chemii<\/b><b><\/b><\/p><\/li><li><p class=\"p1\"><b>mniej energii i CO\u2082<\/b><\/p><\/li><\/ul><p class=\"p1\">W ten spos\u00f3b wsp\u00f3lnie oszcz\u0119dzamy zasoby. <b><\/b> Rozwa\u017cne obchodzenie si\u0119 z \u015brodowiskiem zaczyna si\u0119 od ma\u0142ych decyzji. Dzi\u0119ki temu oszcz\u0119dzamy obecnie ponad 16 000 wanien wody! <\/p>\t\t\t\t\t\t\t\t<\/div>\n\t\t\t\t<\/div>\n\t\t\t\t<\/div>\n\t\t<div class=\"elementor-element elementor-element-0678443 e-con-full e-flex e-con e-child\" data-id=\"0678443\" data-element_type=\"container\" data-e-type=\"container\" data-settings=\"{&quot;background_background&quot;:&quot;classic&quot;}\">\n\t\t\t\t<div class=\"elementor-element elementor-element-328add7 elementor-widget elementor-widget-heading\" data-id=\"328add7\" data-element_type=\"widget\" data-e-type=\"widget\" data-widget_type=\"heading.default\">\n\t\t\t\t<div class=\"elementor-widget-container\">\n\t\t\t\t\t<h3 class=\"elementor-heading-title elementor-size-default\">\u015awiadome oszcz\u0119dzanie\n<\/h3>\t\t\t\t<\/div>\n\t\t\t\t<\/div>\n\t\t\t\t<div class=\"elementor-element elementor-element-5941e07 elementor-widget elementor-widget-text-editor\" data-id=\"5941e07\" data-element_type=\"widget\" data-e-type=\"widget\" data-widget_type=\"text-editor.default\">\n\t\t\t\t<div class=\"elementor-widget-container\">\n\t\t\t\t\t\t\t\t\t<p><span style=\"font-weight: 400;\">Mniej sprz\u0105tania pokoju oznacza wi\u0119kszy zr\u00f3wnowa\u017cony rozw\u00f3j \u2013 w ten spos\u00f3b oszcz\u0119dzamy wod\u0119, energi\u0119 i CO\u2082.<\/span><\/p><p>Nikt nie chce s\u0142ysze\u0107 o oszcz\u0119dzaniu, ale mniejsze zu\u017cycie to pierwszy krok!<\/p><p>Od kilku lat towarzyszy nam biuro in\u017cynieryjne Lerche z comiesi\u0119cznym raportowaniem energii i bie\u017c\u0105cym doradztwem na drodze do naszego celu, jakim jest prowadzenie Steiger Hotels w spos\u00f3b jak najbardziej regeneratywny.<\/p>\t\t\t\t\t\t\t\t<\/div>\n\t\t\t\t<\/div>\n\t\t\t\t<\/div>\n\t\t\t\t\t<\/div>\n\t\t\t\t<\/div>\n\t\t<div class=\"elementor-element elementor-element-dde6d85 e-flex e-con-boxed e-con e-parent\" data-id=\"dde6d85\" data-element_type=\"container\" data-e-type=\"container\">\n\t\t\t\t\t<div class=\"e-con-inner\">\n\t\t\t\t<div class=\"elementor-element elementor-element-439ee4f elementor-widget elementor-widget-heading\" data-id=\"439ee4f\" data-element_type=\"widget\" data-e-type=\"widget\" data-widget_type=\"heading.default\">\n\t\t\t\t<div class=\"elementor-widget-container\">\n\t\t\t\t\t<h2 class=\"elementor-heading-title elementor-size-default\">Nasze dzia\u0142ania:<\/h2>\t\t\t\t<\/div>\n\t\t\t\t<\/div>\n\t\t\t\t\t<\/div>\n\t\t\t\t<\/div>\n\t\t<div class=\"elementor-element elementor-element-5551312 e-grid e-con-boxed e-con e-parent\" data-id=\"5551312\" data-element_type=\"container\" data-e-type=\"container\">\n\t\t\t\t\t<div class=\"e-con-inner\">\n\t\t<div class=\"elementor-element elementor-element-ff46014 e-con-full e-flex e-con e-child\" data-id=\"ff46014\" data-element_type=\"container\" data-e-type=\"container\" data-settings=\"{&quot;background_background&quot;:&quot;classic&quot;}\">\n\t\t\t\t<div class=\"elementor-element elementor-element-8b4e938 elementor-widget elementor-widget-heading\" data-id=\"8b4e938\" data-element_type=\"widget\" data-e-type=\"widget\" data-widget_type=\"heading.default\">\n\t\t\t\t<div class=\"elementor-widget-container\">\n\t\t\t\t\t<h3 class=\"elementor-heading-title elementor-size-default\">Energia i technika<\/h3>\t\t\t\t<\/div>\n\t\t\t\t<\/div>\n\t\t\t\t<div class=\"elementor-element elementor-element-e13561c elementor-widget elementor-widget-text-editor\" data-id=\"e13561c\" data-element_type=\"widget\" data-e-type=\"widget\" data-widget_type=\"text-editor.default\">\n\t\t\t\t<div class=\"elementor-widget-container\">\n\t\t\t\t\t\t\t\t\t<p><span style=\"font-weight: 400;\">Termika solarna, elektrociep\u0142ownie blokowe i fotowoltaika zapewniaj\u0105 zr\u00f3wnowa\u017cone zaopatrzenie w energi\u0119.<\/span><\/p>\t\t\t\t\t\t\t\t<\/div>\n\t\t\t\t<\/div>\n\t\t\t\t<\/div>\n\t\t<div class=\"elementor-element elementor-element-55e171b e-con-full e-flex e-con e-child\" data-id=\"55e171b\" data-element_type=\"container\" data-e-type=\"container\" data-settings=\"{&quot;background_background&quot;:&quot;classic&quot;}\">\n\t\t\t\t<div class=\"elementor-element elementor-element-22d178e elementor-widget elementor-widget-heading\" data-id=\"22d178e\" data-element_type=\"widget\" data-e-type=\"widget\" data-widget_type=\"heading.default\">\n\t\t\t\t<div class=\"elementor-widget-container\">\n\t\t\t\t\t<h3 class=\"elementor-heading-title elementor-size-default\">Cyfrowo i bez papieru<\/h3>\t\t\t\t<\/div>\n\t\t\t\t<\/div>\n\t\t\t\t<div class=\"elementor-element elementor-element-131a526 elementor-widget elementor-widget-text-editor\" data-id=\"131a526\" data-element_type=\"widget\" data-e-type=\"widget\" data-widget_type=\"text-editor.default\">\n\t\t\t\t<div class=\"elementor-widget-container\">\n\t\t\t\t\t\t\t\t\t<p><span style=\"font-weight: 400;\">Samodzielne zameldowanie, cyfrowe procesy i inteligentne systemy oszcz\u0119dzaj\u0105 zasoby w \u017cyciu codziennym.<\/span><\/p>\t\t\t\t\t\t\t\t<\/div>\n\t\t\t\t<\/div>\n\t\t\t\t<\/div>\n\t\t<div class=\"elementor-element elementor-element-eb1013e e-con-full e-flex e-con e-child\" data-id=\"eb1013e\" data-element_type=\"container\" data-e-type=\"container\" data-settings=\"{&quot;background_background&quot;:&quot;classic&quot;}\">\n\t\t\t\t<div class=\"elementor-element elementor-element-a48fc07 elementor-widget elementor-widget-heading\" data-id=\"a48fc07\" data-element_type=\"widget\" data-e-type=\"widget\" data-widget_type=\"heading.default\">\n\t\t\t\t<div class=\"elementor-widget-container\">\n\t\t\t\t\t<h3 class=\"elementor-heading-title elementor-size-default\">Budowanie w spos\u00f3b zr\u00f3wnowa\u017cony\n<\/h3>\t\t\t\t<\/div>\n\t\t\t\t<\/div>\n\t\t\t\t<div class=\"elementor-element elementor-element-63bf138 elementor-widget elementor-widget-text-editor\" data-id=\"63bf138\" data-element_type=\"widget\" data-e-type=\"widget\" data-widget_type=\"text-editor.default\">\n\t\t\t\t<div class=\"elementor-widget-container\">\n\t\t\t\t\t\t\t\t\t<p><span style=\"font-weight: 400;\">Upcykling, regionalne materia\u0142y i kr\u00f3tkie odleg\u0142o\u015bci charakteryzuj\u0105 nasze renowacje i nowe budynki.<\/span><\/p>\t\t\t\t\t\t\t\t<\/div>\n\t\t\t\t<\/div>\n\t\t\t\t<\/div>\n\t\t\t\t\t<\/div>\n\t\t\t\t<\/div>\n\t\t<div class=\"elementor-element elementor-element-729be83 e-flex e-con-boxed e-con e-parent\" data-id=\"729be83\" data-element_type=\"container\" data-e-type=\"container\">\n\t\t\t\t\t<div class=\"e-con-inner\">\n\t\t\t\t<div class=\"elementor-element elementor-element-9aea199 elementor-widget elementor-widget-heading\" data-id=\"9aea199\" data-element_type=\"widget\" data-e-type=\"widget\" data-widget_type=\"heading.default\">\n\t\t\t\t<div class=\"elementor-widget-container\">\n\t\t\t\t\t<h2 class=\"elementor-heading-title elementor-size-default\">Do\u015bwiadcz zr\u00f3wnowa\u017conego rozwoju:<\/h2>\t\t\t\t<\/div>\n\t\t\t\t<\/div>\n\t\t\t\t\t<\/div>\n\t\t\t\t<\/div>\n\t\t<div class=\"elementor-element elementor-element-3cf9610 e-grid e-con-boxed e-con e-parent\" data-id=\"3cf9610\" data-element_type=\"container\" data-e-type=\"container\">\n\t\t\t\t\t<div class=\"e-con-inner\">\n\t\t<div class=\"elementor-element elementor-element-8e4a93d e-con-full e-flex e-con e-child\" data-id=\"8e4a93d\" data-element_type=\"container\" data-e-type=\"container\" data-settings=\"{&quot;background_background&quot;:&quot;classic&quot;}\">\n\t\t\t\t<div class=\"elementor-element elementor-element-a5814e3 elementor-widget elementor-widget-heading\" data-id=\"a5814e3\" data-element_type=\"widget\" data-e-type=\"widget\" data-widget_type=\"heading.default\">\n\t\t\t\t<div class=\"elementor-widget-container\">\n\t\t\t\t\t<h3 class=\"elementor-heading-title elementor-size-default\">\u015awiadoma przyjemno\u015b\u0107\n<\/h3>\t\t\t\t<\/div>\n\t\t\t\t<\/div>\n\t\t\t\t<div class=\"elementor-element elementor-element-a6e0a55 elementor-widget elementor-widget-text-editor\" data-id=\"a6e0a55\" data-element_type=\"widget\" data-e-type=\"widget\" data-widget_type=\"text-editor.default\">\n\t\t\t\t<div class=\"elementor-widget-container\">\n\t\t\t\t\t\t\t\t\t<p><span style=\"font-weight: 400;\">Regionalne produkty, przyjazna dla \u015brodowiska obs\u0142uga i inteligentne zarz\u0105dzanie energi\u0105 s\u0105 dla nas oczywisto\u015bci\u0105.<\/span><\/p>\t\t\t\t\t\t\t\t<\/div>\n\t\t\t\t<\/div>\n\t\t\t\t<\/div>\n\t\t<div class=\"elementor-element elementor-element-d81f5e5 e-con-full e-flex e-con e-child\" data-id=\"d81f5e5\" data-element_type=\"container\" data-e-type=\"container\" data-settings=\"{&quot;background_background&quot;:&quot;classic&quot;}\">\n\t\t\t\t<div class=\"elementor-element elementor-element-3d232e4 elementor-widget elementor-widget-heading\" data-id=\"3d232e4\" data-element_type=\"widget\" data-e-type=\"widget\" data-widget_type=\"heading.default\">\n\t\t\t\t<div class=\"elementor-widget-container\">\n\t\t\t\t\t<h3 class=\"elementor-heading-title elementor-size-default\">Atrakcyjne dla go\u015bci\n<\/h3>\t\t\t\t<\/div>\n\t\t\t\t<\/div>\n\t\t\t\t<div class=\"elementor-element elementor-element-b12418a elementor-widget elementor-widget-text-editor\" data-id=\"b12418a\" data-element_type=\"widget\" data-e-type=\"widget\" data-widget_type=\"text-editor.default\">\n\t\t\t\t<div class=\"elementor-widget-container\">\n\t\t\t\t\t\t\t\t\t<p><span style=\"font-weight: 400;\">Coraz wi\u0119cej podr\u00f3\u017cnych ceni hotele przyjazne dla \u015brodowiska \u2013 i w\u0142a\u015bnie to oferujemy.<\/span><\/p>\t\t\t\t\t\t\t\t<\/div>\n\t\t\t\t<\/div>\n\t\t\t\t<\/div>\n\t\t\t\t\t<\/div>\n\t\t\t\t<\/div>\n\t\t<div class=\"elementor-element elementor-element-c52a90d e-flex e-con-boxed e-con e-parent\" data-id=\"c52a90d\" data-element_type=\"container\" data-e-type=\"container\">\n\t\t\t\t\t<div class=\"e-con-inner\">\n\t\t\t\t<div class=\"elementor-element elementor-element-883d01a elementor-align-center elementor-widget elementor-widget-button\" data-id=\"883d01a\" data-element_type=\"widget\" data-e-type=\"widget\" data-widget_type=\"button.default\">\n\t\t\t\t<div class=\"elementor-widget-container\">\n\t\t\t\t\t\t\t\t\t<div class=\"elementor-button-wrapper\">\n\t\t\t\t\t<a class=\"elementor-button elementor-button-link elementor-size-sm\" href=\"https:\/\/doktor-lerche.de\/\" target=\"_blank\" rel=\"noopener\">\n\t\t\t\t\t\t<span class=\"elementor-button-content-wrapper\">\n\t\t\t\t\t\t\t\t\t<span class=\"elementor-button-text\">Dzi\u0119ki naszemu doradcy energetycznemu jeste\u015bmy tam, gdzie jeste\u015bmy dzisiaj - najlepiej wymeldowa\u0107 si\u0119 bezpo\u015brednio tutaj<\/span>\n\t\t\t\t\t<\/span>\n\t\t\t\t\t<\/a>\n\t\t\t\t<\/div>\n\t\t\t\t\t\t\t\t<\/div>\n\t\t\t\t<\/div>\n\t\t\t\t\t<\/div>\n\t\t\t\t<\/div>\n\t\t<div class=\"elementor-element elementor-element-b8ec85a elementor-hidden-desktop jetztbuchenbtn e-flex e-con-boxed elementor-invisible e-con e-parent\" data-id=\"b8ec85a\" data-element_type=\"container\" data-e-type=\"container\" data-settings=\"{&quot;sticky&quot;:&quot;bottom&quot;,&quot;sticky_offset_tablet&quot;:15,&quot;animation&quot;:&quot;fadeInUp&quot;,&quot;sticky_on&quot;:[&quot;desktop&quot;,&quot;tablet&quot;,&quot;mobile&quot;],&quot;sticky_offset&quot;:0,&quot;sticky_effects_offset&quot;:0,&quot;sticky_anchor_link_offset&quot;:0}\">\n\t\t\t\t\t<div class=\"e-con-inner\">\n\t\t\t\t<div class=\"elementor-element elementor-element-3067070 elementor-align-justify elementor-tablet-align-center elementor-mobile-align-center elementor-widget elementor-widget-button\" data-id=\"3067070\" data-element_type=\"widget\" data-e-type=\"widget\" data-widget_type=\"button.default\">\n\t\t\t\t<div class=\"elementor-widget-container\">\n\t\t\t\t\t\t\t\t\t<div class=\"elementor-button-wrapper\">\n\t\t\t\t\t<a class=\"elementor-button elementor-button-link elementor-size-sm\" href=\"https:\/\/hotels.steiger-hotels.com\/\" target=\"_blank\">\n\t\t\t\t\t\t<span class=\"elementor-button-content-wrapper\">\n\t\t\t\t\t\t\t\t\t<span class=\"elementor-button-text\">ZAREZERWUJ TERAZ<\/span>\n\t\t\t\t\t<\/span>\n\t\t\t\t\t<\/a>\n\t\t\t\t<\/div>\n\t\t\t\t\t\t\t\t<\/div>\n\t\t\t\t<\/div>\n\t\t\t\t\t<\/div>\n\t\t\t\t<\/div>\n\t\t\t\t<\/div>\n\t\t","protected":false},"excerpt":{"rendered":"<p>Zr\u00f3wnowa\u017cony rozw\u00f3j w Steiger Hotels Koniec z jednorazowymi kapciami! Czasy plastikowych s\u0142omek i jednorazowych kapci min\u0119\u0142y i bardzo dobrze!! W hotelarstwie ponosimy odpowiedzialno\u015b\u0107 nie tylko za dobre samopoczucie naszych go\u015bci, ale tak\u017ce za \u015bwiat jutra. Jako firma rodzinna w samym sercu Parku Narodowego Szwajcarii Sakso\u0144skiej wiemy: Las oznacza \u017cycie. Wszyscy \u017byjemy Dzi\u0119ki Niemu. Dlatego stawiamy [&hellip;]<\/p>\n","protected":false},"author":1,"featured_media":0,"parent":0,"menu_order":0,"comment_status":"closed","ping_status":"closed","template":"","meta":{"footnotes":""},"class_list":["post-18696","page","type-page","status-publish","hentry"],"_links":{"self":[{"href":"https:\/\/steiger-hotels.com\/pl\/wp-json\/wp\/v2\/pages\/18696","targetHints":{"allow":["GET"]}}],"collection":[{"href":"https:\/\/steiger-hotels.com\/pl\/wp-json\/wp\/v2\/pages"}],"about":[{"href":"https:\/\/steiger-hotels.com\/pl\/wp-json\/wp\/v2\/types\/page"}],"author":[{"embeddable":true,"href":"https:\/\/steiger-hotels.com\/pl\/wp-json\/wp\/v2\/users\/1"}],"replies":[{"embeddable":true,"href":"https:\/\/steiger-hotels.com\/pl\/wp-json\/wp\/v2\/comments?post=18696"}],"version-history":[{"count":6,"href":"https:\/\/steiger-hotels.com\/pl\/wp-json\/wp\/v2\/pages\/18696\/revisions"}],"predecessor-version":[{"id":21076,"href":"https:\/\/steiger-hotels.com\/pl\/wp-json\/wp\/v2\/pages\/18696\/revisions\/21076"}],"wp:attachment":[{"href":"https:\/\/steiger-hotels.com\/pl\/wp-json\/wp\/v2\/media?parent=18696"}],"curies":[{"name":"wp","href":"https:\/\/api.w.org\/{rel}","templated":true}]}}