{"id":18586,"date":"2025-10-01T14:54:41","date_gmt":"2025-10-01T12:54:41","guid":{"rendered":"https:\/\/steiger-hotels.com\/kontakt\/kontakt-wiadomosc-do-zespolu-hotelu-formularz-kontaktowy\/"},"modified":"2026-04-08T20:08:03","modified_gmt":"2026-04-08T18:08:03","slug":"kontakt-wiadomosc-do-zespolu-hotelu-formularz-kontaktowy","status":"publish","type":"page","link":"https:\/\/steiger-hotels.com\/pl\/kontakt\/kontakt-wiadomosc-do-zespolu-hotelu-formularz-kontaktowy\/","title":{"rendered":"Kontakt: Wiadomo\u015b\u0107 do zespo\u0142u hotelu (formularz kontaktowy)"},"content":{"rendered":"\t\t<div data-elementor-type=\"wp-page\" data-elementor-id=\"18586\" class=\"elementor elementor-18586 elementor-17345\" data-elementor-post-type=\"page\">\n\t\t\t\t<div class=\"elementor-element elementor-element-3cf9fc1 e-flex e-con-boxed e-con e-parent\" data-id=\"3cf9fc1\" data-element_type=\"container\" data-e-type=\"container\" data-settings=\"{&quot;background_background&quot;:&quot;slideshow&quot;,&quot;background_slideshow_gallery&quot;:[{&quot;id&quot;:18182,&quot;url&quot;:&quot;https:\\\/\\\/steiger-hotels.com\\\/wp-content\\\/uploads\\\/2025\\\/09\\\/Blick-auf-die-Bastei-Bruecke-in-der-Saechsischen-Schweiz-scaled.jpg&quot;}],&quot;background_slideshow_slide_duration&quot;:3000,&quot;background_slideshow_loop&quot;:&quot;yes&quot;,&quot;background_slideshow_slide_transition&quot;:&quot;fade&quot;,&quot;background_slideshow_transition_duration&quot;:500}\">\n\t\t\t\t\t<div class=\"e-con-inner\">\n\t\t\t\t\t<\/div>\n\t\t\t\t<\/div>\n\t\t<div class=\"elementor-element elementor-element-26ee62a e-flex e-con-boxed e-con e-parent\" data-id=\"26ee62a\" data-element_type=\"container\" data-e-type=\"container\" data-settings=\"{&quot;background_background&quot;:&quot;classic&quot;}\">\n\t\t\t\t\t<div class=\"e-con-inner\">\n\t\t\t\t<div class=\"elementor-element elementor-element-950a9f1 elementor-widget elementor-widget-button\" data-id=\"950a9f1\" data-element_type=\"widget\" data-e-type=\"widget\" data-widget_type=\"button.default\">\n\t\t\t\t<div class=\"elementor-widget-container\">\n\t\t\t\t\t\t\t\t\t<div class=\"elementor-button-wrapper\">\n\t\t\t\t\t<a class=\"elementor-button elementor-button-link elementor-size-sm\" href=\"https:\/\/steiger-hotels.com\/pl\/kontakt\/\">\n\t\t\t\t\t\t<span class=\"elementor-button-content-wrapper\">\n\t\t\t\t\t\t<span class=\"elementor-button-icon\">\n\t\t\t\t<svg aria-hidden=\"true\" class=\"e-font-icon-svg e-fas-angle-double-left\" viewBox=\"0 0 448 512\" xmlns=\"http:\/\/www.w3.org\/2000\/svg\"><path d=\"M223.7 239l136-136c9.4-9.4 24.6-9.4 33.9 0l22.6 22.6c9.4 9.4 9.4 24.6 0 33.9L319.9 256l96.4 96.4c9.4 9.4 9.4 24.6 0 33.9L393.7 409c-9.4 9.4-24.6 9.4-33.9 0l-136-136c-9.5-9.4-9.5-24.6-.1-34zm-192 34l136 136c9.4 9.4 24.6 9.4 33.9 0l22.6-22.6c9.4-9.4 9.4-24.6 0-33.9L127.9 256l96.4-96.4c9.4-9.4 9.4-24.6 0-33.9L201.7 103c-9.4-9.4-24.6-9.4-33.9 0l-136 136c-9.5 9.4-9.5 24.6-.1 34z\"><\/path><\/svg>\t\t\t<\/span>\n\t\t\t\t\t\t\t\t\t<span class=\"elementor-button-text\">Powr\u00f3t do przegl\u0105du<\/span>\n\t\t\t\t\t<\/span>\n\t\t\t\t\t<\/a>\n\t\t\t\t<\/div>\n\t\t\t\t\t\t\t\t<\/div>\n\t\t\t\t<\/div>\n\t\t\t\t<div class=\"elementor-element elementor-element-ff154d2 elementor-widget elementor-widget-heading\" data-id=\"ff154d2\" data-element_type=\"widget\" data-e-type=\"widget\" data-widget_type=\"heading.default\">\n\t\t\t\t<div class=\"elementor-widget-container\">\n\t\t\t\t\t<h1 class=\"elementor-heading-title elementor-size-default\">Wiadomo\u015b\u0107 do zespo\u0142u hotelowego<\/h1>\t\t\t\t<\/div>\n\t\t\t\t<\/div>\n\t\t\t\t<div class=\"elementor-element elementor-element-fc0db69 elementor-widget elementor-widget-heading\" data-id=\"fc0db69\" data-element_type=\"widget\" data-e-type=\"widget\" data-widget_type=\"heading.default\">\n\t\t\t\t<div class=\"elementor-widget-container\">\n\t\t\t\t\t<span class=\"elementor-heading-title elementor-size-default\"><a href=\"#form\">Wype\u0142nij teraz formularz<\/a><\/span>\t\t\t\t<\/div>\n\t\t\t\t<\/div>\n\t\t\t\t<div class=\"elementor-element elementor-element-eb7124b elementor-view-default elementor-widget elementor-widget-icon\" data-id=\"eb7124b\" data-element_type=\"widget\" data-e-type=\"widget\" data-widget_type=\"icon.default\">\n\t\t\t\t<div class=\"elementor-widget-container\">\n\t\t\t\t\t\t\t<div class=\"elementor-icon-wrapper\">\n\t\t\t<a class=\"elementor-icon\" href=\"#form\">\n\t\t\t<svg aria-hidden=\"true\" class=\"e-font-icon-svg e-fas-caret-down\" viewBox=\"0 0 320 512\" xmlns=\"http:\/\/www.w3.org\/2000\/svg\"><path d=\"M31.3 192h257.3c17.8 0 26.7 21.5 14.1 34.1L174.1 354.8c-7.8 7.8-20.5 7.8-28.3 0L17.2 226.1C4.6 213.5 13.5 192 31.3 192z\"><\/path><\/svg>\t\t\t<\/a>\n\t\t<\/div>\n\t\t\t\t\t\t<\/div>\n\t\t\t\t<\/div>\n\t\t\t\t<div class=\"elementor-element elementor-element-0de0686 elementor-widget__width-initial elementor-widget elementor-widget-wpforms\" data-id=\"0de0686\" data-element_type=\"widget\" data-e-type=\"widget\" id=\"form\" data-widget_type=\"wpforms.default\">\n\t\t\t\t<div class=\"elementor-widget-container\">\n\t\t\t\t\t<style id=\"wpforms-css-vars-elementor-widget-0de0686\">\n\t\t\t\t.elementor-widget-wpforms.elementor-element-0de0686 {\n\t\t\t\t--wpforms-field-border-color: #bfbdc1;\n--wpforms-field-border-color-spare: #bfbdc1;\n--wpforms-field-text-color: #333135;\n--wpforms-label-color: #333135;\n--wpforms-label-sublabel-color: #807b84;\n--wpforms-label-error-color: #d63636;\n--wpforms-button-border-radius: 50px;\n--wpforms-button-background-color: #543362;\n--wpforms-button-border-color: #9864c0;\n--wpforms-button-text-color: #f5eff9;\n--wpforms-page-break-color: #9864c0;\n\t\t\t}\n\t\t\t<\/style><div class=\"wpforms-container wpforms-container-full wpforms-render-modern\" id=\"wpforms-600\"><form id=\"wpforms-form-600\" class=\"wpforms-validate wpforms-form wpforms-ajax-form\" data-formid=\"600\" method=\"post\" enctype=\"multipart\/form-data\" action=\"\/pl\/wp-json\/wp\/v2\/pages\/18586\" data-token=\"100a6e24bda8e418d8282948abdbea46\" data-token-time=\"1777630130\"><noscript class=\"wpforms-error-noscript\">Aby wype\u0142ni\u0107 ten formularz, w\u0142\u0105cz obs\u0142ug\u0119 JavaScript w przegl\u0105darce.<\/noscript><div id=\"wpforms-error-noscript\" style=\"display: none;\">Aby wype\u0142ni\u0107 ten formularz, w\u0142\u0105cz obs\u0142ug\u0119 JavaScript w przegl\u0105darce.<\/div><div class=\"wpforms-field-container\"><div id=\"wpforms-600-field_1-container\" class=\"wpforms-field wpforms-field-name\" data-field-id=\"1\"><fieldset><legend class=\"wpforms-field-label\">Imi\u0119 i nazwisko <span class=\"wpforms-required-label\" aria-hidden=\"true\">*<\/span><\/legend><div class=\"wpforms-field-row wpforms-field-large\"><div class=\"wpforms-field-row-block wpforms-first wpforms-one-half\"><input type=\"text\" id=\"wpforms-600-field_1\" class=\"wpforms-field-name-first wpforms-field-required\" name=\"wpforms[fields][1][first]\" aria-errormessage=\"wpforms-600-field_1-error\" required><label for=\"wpforms-600-field_1\" class=\"wpforms-field-sublabel after\">Imi\u0119<\/label><\/div><div class=\"wpforms-field-row-block wpforms-one-half\"><input type=\"text\" id=\"wpforms-600-field_1-last\" class=\"wpforms-field-name-last wpforms-field-required\" name=\"wpforms[fields][1][last]\" aria-errormessage=\"wpforms-600-field_1-last-error\" required><label for=\"wpforms-600-field_1-last\" class=\"wpforms-field-sublabel after\">Nazwisko<\/label><\/div><\/div><\/fieldset><\/div><div id=\"wpforms-600-field_2-container\" class=\"wpforms-field wpforms-field-email\" data-field-id=\"2\"><label class=\"wpforms-field-label\" for=\"wpforms-600-field_2\">Adres e-mail <span class=\"wpforms-required-label\" aria-hidden=\"true\">*<\/span><\/label><input type=\"email\" id=\"wpforms-600-field_2\" class=\"wpforms-field-large wpforms-field-required\" name=\"wpforms[fields][2]\" spellcheck=\"false\" aria-errormessage=\"wpforms-600-field_2-error\" required><\/div>\t\t<div id=\"wpforms-600-field_4-container\"\n\t\t\tclass=\"wpforms-field wpforms-field-text\"\n\t\t\tdata-field-type=\"text\"\n\t\t\tdata-field-id=\"4\"\n\t\t\t>\n\t\t\t<label class=\"wpforms-field-label\" for=\"wpforms-600-field_4\" >nazwisko Adres zespo\u0142u<\/label>\n\t\t\t<input type=\"text\" id=\"wpforms-600-field_4\" class=\"wpforms-field-medium\" name=\"wpforms[fields][4]\" >\n\t\t<\/div>\n\t\t<div id=\"wpforms-600-field_3-container\" class=\"wpforms-field wpforms-field-textarea\" data-field-id=\"3\"><label class=\"wpforms-field-label\" for=\"wpforms-600-field_3\">Wasza wiadomo\u015b\u0107 do zespo\u0142u \ud83d\udc9c <span class=\"wpforms-required-label\" aria-hidden=\"true\">*<\/span><\/label><textarea id=\"wpforms-600-field_3\" class=\"wpforms-field-large wpforms-field-required\" name=\"wpforms[fields][3]\" aria-errormessage=\"wpforms-600-field_3-error\" required><\/textarea><\/div><div id=\"wpforms-600-field_8-container\" class=\"wpforms-field wpforms-field-checkbox\" data-field-id=\"8\"><fieldset><legend class=\"wpforms-field-label wpforms-label-hide\" aria-hidden=\"false\">Zgoda RODO <span class=\"wpforms-required-label\" aria-hidden=\"true\">*<\/span><\/legend><ul id=\"wpforms-600-field_8\" class=\"wpforms-field-required\"><li class=\"choice-1 depth-1\"><input type=\"checkbox\" id=\"wpforms-600-field_8_1\" name=\"wpforms[fields][8][]\" value=\"Wyra\u017cam zgod\u0119 na przetwarzanie moich danych z formularza w celu realizacji mojego zapytania oraz ewentualnych pyta\u0144 uzupe\u0142niaj\u0105cych. Wi\u0119cej informacji znajduje si\u0119 w &lt;a href=&quot;https:\/\/steiger-hotels.com\/pl\/polityka-prywatnosci\/&quot; target=&quot;_blank&quot; rel=&quot;noopener noreferrer&quot;&gt;Polityce prywatno\u015bci&lt;\/a&gt;. \" aria-errormessage=\"wpforms-600-field_8_1-error\" required ><label class=\"wpforms-field-label-inline\" for=\"wpforms-600-field_8_1\">Wyra\u017cam zgod\u0119 na przetwarzanie moich danych z formularza w celu realizacji mojego zapytania oraz ewentualnych pyta\u0144 uzupe\u0142niaj\u0105cych. Wi\u0119cej informacji znajduje si\u0119 w <a href=\"https:\/\/steiger-hotels.com\/pl\/polityka-prywatnosci\/\" target=\"_blank\" rel=\"noopener noreferrer\">Polityce prywatno\u015bci<\/a>.<\/label><\/li><\/ul><\/fieldset><\/div><script>\n\t\t\t\t( function() {\n\t\t\t\t\tconst style = document.createElement( 'style' );\n\t\t\t\t\tstyle.appendChild( document.createTextNode( '#wpforms-600-field_4-container { position: absolute !important; overflow: hidden !important; display: inline !important; height: 1px !important; width: 1px !important; z-index: -1000 !important; padding: 0 !important; } #wpforms-600-field_4-container input { visibility: hidden; } #wpforms-conversational-form-page #wpforms-600-field_4-container label { counter-increment: none; }' ) );\n\t\t\t\t\tdocument.head.appendChild( style );\n\t\t\t\t\tdocument.currentScript?.remove();\n\t\t\t\t} )();\n\t\t\t<\/script><\/div><!-- .wpforms-field-container --><div class=\"wpforms-recaptcha-container wpforms-is-recaptcha wpforms-is-recaptcha-type-v3\" ><input type=\"hidden\" name=\"wpforms[recaptcha]\" value=\"\"><\/div><div class=\"wpforms-submit-container\" ><input type=\"hidden\" name=\"wpforms[id]\" value=\"600\"><input type=\"hidden\" name=\"page_title\" value=\"\"><input type=\"hidden\" name=\"page_url\" value=\"https:\/\/steiger-hotels.com\/pl\/wp-json\/wp\/v2\/pages\/18586\"><input type=\"hidden\" name=\"url_referer\" value=\"\"><button type=\"submit\" name=\"wpforms[submit]\" id=\"wpforms-submit-600\" class=\"wpforms-submit\" data-alt-text=\"Wysy\u0142anie\u2026\" data-submit-text=\"Wy\u015blij\" aria-live=\"assertive\" value=\"wpforms-submit\">Wy\u015blij<\/button><img decoding=\"async\" src=\"https:\/\/steiger-hotels.com\/wp-content\/plugins\/wpforms\/assets\/images\/submit-spin.svg\" class=\"wpforms-submit-spinner\" style=\"display: none;\" width=\"26\" height=\"26\" alt=\"Wczytywanie\" title=\"\"><\/div><\/form><\/div>  <!-- .wpforms-container -->\t\t\t\t<\/div>\n\t\t\t\t<\/div>\n\t\t\t\t\t<\/div>\n\t\t\t\t<\/div>\n\t\t\t\t<\/div>\n\t\t","protected":false},"excerpt":{"rendered":"<p>Powr\u00f3t do przegl\u0105du Wiadomo\u015b\u0107 do zespo\u0142u hotelowego Wype\u0142nij teraz formularz Bitte aktiviere JavaScript in deinem Browser, um dieses Formular fertigzustellen.Bitte aktiviere JavaScript in deinem Browser, um dieses Formular fertigzustellen. Name * VornameNachname E-Mail-Adresse *Eure Nachricht ans Team \ud83d\udc9c \ud83d\udc9c ans Eure DSGVO-Einverst\u00e4ndnis * Ich willige ein, dass meine Angaben aus dem Formular zur Bearbeitung meiner [&hellip;]<\/p>\n","protected":false},"author":1,"featured_media":0,"parent":18355,"menu_order":0,"comment_status":"closed","ping_status":"closed","template":"","meta":{"footnotes":""},"class_list":["post-18586","page","type-page","status-publish","hentry"],"_links":{"self":[{"href":"https:\/\/steiger-hotels.com\/pl\/wp-json\/wp\/v2\/pages\/18586","targetHints":{"allow":["GET"]}}],"collection":[{"href":"https:\/\/steiger-hotels.com\/pl\/wp-json\/wp\/v2\/pages"}],"about":[{"href":"https:\/\/steiger-hotels.com\/pl\/wp-json\/wp\/v2\/types\/page"}],"author":[{"embeddable":true,"href":"https:\/\/steiger-hotels.com\/pl\/wp-json\/wp\/v2\/users\/1"}],"replies":[{"embeddable":true,"href":"https:\/\/steiger-hotels.com\/pl\/wp-json\/wp\/v2\/comments?post=18586"}],"version-history":[{"count":43,"href":"https:\/\/steiger-hotels.com\/pl\/wp-json\/wp\/v2\/pages\/18586\/revisions"}],"predecessor-version":[{"id":22118,"href":"https:\/\/steiger-hotels.com\/pl\/wp-json\/wp\/v2\/pages\/18586\/revisions\/22118"}],"up":[{"embeddable":true,"href":"https:\/\/steiger-hotels.com\/pl\/wp-json\/wp\/v2\/pages\/18355"}],"wp:attachment":[{"href":"https:\/\/steiger-hotels.com\/pl\/wp-json\/wp\/v2\/media?parent=18586"}],"curies":[{"name":"wp","href":"https:\/\/api.w.org\/{rel}","templated":true}]}}