{"id":18322,"date":"2025-09-03T16:21:43","date_gmt":"2025-09-03T14:21:43","guid":{"rendered":"https:\/\/steiger-hotels.com\/kategorie-sklepu\/"},"modified":"2026-01-14T13:17:55","modified_gmt":"2026-01-14T12:17:55","slug":"kategorie-sklepu","status":"publish","type":"page","link":"https:\/\/steiger-hotels.com\/pl\/kategorie-sklepu\/","title":{"rendered":"Kategorie sklepu"},"content":{"rendered":"\t\t<div data-elementor-type=\"wp-page\" data-elementor-id=\"18322\" class=\"elementor elementor-18322 elementor-1495\" data-elementor-post-type=\"page\">\n\t\t\t\t<div class=\"elementor-element elementor-element-1286c98 e-flex e-con-boxed e-con e-parent\" data-id=\"1286c98\" data-element_type=\"container\" data-e-type=\"container\" data-settings=\"{&quot;background_background&quot;:&quot;classic&quot;}\">\n\t\t\t\t\t<div class=\"e-con-inner\">\n\t\t\t\t<div class=\"elementor-element elementor-element-a77cdfb elementor-widget elementor-widget-heading\" data-id=\"a77cdfb\" data-element_type=\"widget\" data-e-type=\"widget\" data-widget_type=\"heading.default\">\n\t\t\t\t<div class=\"elementor-widget-container\">\n\t\t\t\t\t<h1 class=\"elementor-heading-title elementor-size-default\">Ulepsz sklep<\/h1>\t\t\t\t<\/div>\n\t\t\t\t<\/div>\n\t\t\t\t\t<\/div>\n\t\t\t\t<\/div>\n\t\t<div class=\"elementor-element elementor-element-5a33d38 e-flex e-con-boxed e-con e-parent\" data-id=\"5a33d38\" data-element_type=\"container\" data-e-type=\"container\">\n\t\t\t\t\t<div class=\"e-con-inner\">\n\t\t\t\t<div class=\"elementor-element elementor-element-04b991c elementor-grid-3 elementor-product-loop-item--align-center elementor-grid-tablet-3 elementor-grid-mobile-2 elementor-products-grid elementor-wc-products elementor-widget elementor-widget-wc-categories\" data-id=\"04b991c\" data-element_type=\"widget\" data-e-type=\"widget\" data-widget_type=\"wc-categories.default\">\n\t\t\t\t<div class=\"elementor-widget-container\">\n\t\t\t\t\t<div class=\"woocommerce columns-3\"><ul class=\"products elementor-grid columns-3\">\n<li class=\"product-category product first\">\n\t<a aria-label=\"Przejd\u017a do kategorii produktu Urodziny\" href=\"https:\/\/steiger-hotels.com\/pl\/produkt-kategorie\/urodziny\/\"><img fetchpriority=\"high\" decoding=\"async\" src=\"https:\/\/steiger-hotels.com\/wp-content\/uploads\/woocommerce-placeholder-300x300.webp\" alt=\"Urodziny\" width=\"300\" height=\"300\" title=\"\">\t\t<h2 class=\"woocommerce-loop-category__title\">\n\t\t\tUrodziny <mark class=\"count\">(5)<\/mark>\t\t<\/h2>\n\t\t<\/a><\/li>\n<li class=\"product-category product\">\n\t<a aria-label=\"Przejd\u017a do kategorii produktu Dostawka \/ Zwierz\u0119ta domowe\" href=\"https:\/\/steiger-hotels.com\/pl\/produkt-kategorie\/dostawka-zwierzeta-domowe\/\"><img decoding=\"async\" src=\"https:\/\/steiger-hotels.com\/wp-content\/uploads\/woocommerce-placeholder-300x300.webp\" alt=\"Dostawka \/ Zwierz\u0119ta domowe\" width=\"300\" height=\"300\" title=\"\">\t\t<h2 class=\"woocommerce-loop-category__title\">\n\t\t\tDostawka \/ Zwierz\u0119ta domowe <mark class=\"count\">(2)<\/mark>\t\t<\/h2>\n\t\t<\/a><\/li>\n<li class=\"product-category product last\">\n\t<a aria-label=\"Przejd\u017a do kategorii produktu dodatkowe us\u0142ugi podczas Pa\u0144stwa pobytu\" href=\"https:\/\/steiger-hotels.com\/pl\/produkt-kategorie\/dodatkowe-uslugi-podczas-panstwa-pobytu\/\"><img decoding=\"async\" src=\"https:\/\/steiger-hotels.com\/wp-content\/uploads\/woocommerce-placeholder-300x300.webp\" alt=\"dodatkowe us\u0142ugi podczas Pa\u0144stwa pobytu\" width=\"300\" height=\"300\" title=\"\">\t\t<h2 class=\"woocommerce-loop-category__title\">\n\t\t\tdodatkowe us\u0142ugi podczas Pa\u0144stwa pobytu <mark class=\"count\">(7)<\/mark>\t\t<\/h2>\n\t\t<\/a><\/li>\n<\/ul>\n<\/div>\t\t\t\t<\/div>\n\t\t\t\t<\/div>\n\t\t\t\t\t<\/div>\n\t\t\t\t<\/div>\n\t\t\t\t<\/div>\n\t\t","protected":false},"excerpt":{"rendered":"<p>Ulepsz sklep<\/p>\n","protected":false},"author":1,"featured_media":0,"parent":0,"menu_order":0,"comment_status":"closed","ping_status":"closed","template":"","meta":{"footnotes":""},"class_list":["post-18322","page","type-page","status-publish","hentry"],"_links":{"self":[{"href":"https:\/\/steiger-hotels.com\/pl\/wp-json\/wp\/v2\/pages\/18322","targetHints":{"allow":["GET"]}}],"collection":[{"href":"https:\/\/steiger-hotels.com\/pl\/wp-json\/wp\/v2\/pages"}],"about":[{"href":"https:\/\/steiger-hotels.com\/pl\/wp-json\/wp\/v2\/types\/page"}],"author":[{"embeddable":true,"href":"https:\/\/steiger-hotels.com\/pl\/wp-json\/wp\/v2\/users\/1"}],"replies":[{"embeddable":true,"href":"https:\/\/steiger-hotels.com\/pl\/wp-json\/wp\/v2\/comments?post=18322"}],"version-history":[{"count":1,"href":"https:\/\/steiger-hotels.com\/pl\/wp-json\/wp\/v2\/pages\/18322\/revisions"}],"predecessor-version":[{"id":18366,"href":"https:\/\/steiger-hotels.com\/pl\/wp-json\/wp\/v2\/pages\/18322\/revisions\/18366"}],"wp:attachment":[{"href":"https:\/\/steiger-hotels.com\/pl\/wp-json\/wp\/v2\/media?parent=18322"}],"curies":[{"name":"wp","href":"https:\/\/api.w.org\/{rel}","templated":true}]}}