{"id":21460,"date":"2025-11-04T15:34:43","date_gmt":"2025-11-04T14:34:43","guid":{"rendered":"https:\/\/steiger-hotels.com\/newsletter\/"},"modified":"2026-04-18T21:07:21","modified_gmt":"2026-04-18T19:07:21","slug":"newsletter","status":"publish","type":"page","link":"https:\/\/steiger-hotels.com\/en\/newsletter\/","title":{"rendered":"Newsletter"},"content":{"rendered":"\t\t<div data-elementor-type=\"wp-page\" data-elementor-id=\"21460\" class=\"elementor elementor-21460 elementor-17585\" data-elementor-post-type=\"page\">\n\t\t\t\t<div class=\"elementor-element elementor-element-3cf9fc1 e-flex e-con-boxed e-con e-parent\" data-id=\"3cf9fc1\" data-element_type=\"container\" data-e-type=\"container\" data-settings=\"{&quot;background_background&quot;:&quot;slideshow&quot;,&quot;background_slideshow_gallery&quot;:[{&quot;id&quot;:18342,&quot;url&quot;:&quot;https:\\\/\\\/steiger-hotels.com\\\/wp-content\\\/uploads\\\/2025\\\/09\\\/BAU_SU-2024-06-24-08-scaled.jpg&quot;}],&quot;background_slideshow_slide_duration&quot;:3000,&quot;background_slideshow_loop&quot;:&quot;yes&quot;,&quot;background_slideshow_slide_transition&quot;:&quot;fade&quot;,&quot;background_slideshow_transition_duration&quot;:500}\">\n\t\t\t\t\t<div class=\"e-con-inner\">\n\t\t\t\t\t<\/div>\n\t\t\t\t<\/div>\n\t\t<div class=\"elementor-element elementor-element-26ee62a e-flex e-con-boxed e-con e-parent\" data-id=\"26ee62a\" data-element_type=\"container\" data-e-type=\"container\" data-settings=\"{&quot;background_background&quot;:&quot;classic&quot;}\">\n\t\t\t\t\t<div class=\"e-con-inner\">\n\t\t\t\t<div class=\"elementor-element elementor-element-ff154d2 elementor-widget elementor-widget-heading\" data-id=\"ff154d2\" data-element_type=\"widget\" data-e-type=\"widget\" data-widget_type=\"heading.default\">\n\t\t\t\t<div class=\"elementor-widget-container\">\n\t\t\t\t\t<h1 class=\"elementor-heading-title elementor-size-default\">Newsletter<\/h1>\t\t\t\t<\/div>\n\t\t\t\t<\/div>\n\t\t\t\t<div class=\"elementor-element elementor-element-ae68d8b elementor-widget elementor-widget-html\" data-id=\"ae68d8b\" data-element_type=\"widget\" data-e-type=\"widget\" data-widget_type=\"html.default\">\n\t\t\t\t<div class=\"elementor-widget-container\">\n\t\t\t\t\t<!-- Begin Brevo Form --> <!-- START - We recommend to place the below code in head tag of your website html --> <style> @font-face { font-display: block; font-family: Roboto; src: url(https:\/\/assets.brevo.com\/font\/Roboto\/Latin\/normal\/normal\/7529907e9eaf8ebb5220c5f9850e3811.woff2) format(\"woff2\"), url(https:\/\/assets.brevo.com\/font\/Roboto\/Latin\/normal\/normal\/25c678feafdc175a70922a116c9be3e7.woff) format(\"woff\") } @font-face { font-display: fallback; font-family: Roboto; font-weight: 600; src: url(https:\/\/assets.brevo.com\/font\/Roboto\/Latin\/medium\/normal\/6e9caeeafb1f3491be3e32744bc30440.woff2) format(\"woff2\"), url(https:\/\/assets.brevo.com\/font\/Roboto\/Latin\/medium\/normal\/71501f0d8d5aa95960f6475d5487d4c2.woff) format(\"woff\") } @font-face { font-display: fallback; font-family: Roboto; font-weight: 700; src: url(https:\/\/assets.brevo.com\/font\/Roboto\/Latin\/bold\/normal\/3ef7cf158f310cf752d5ad08cd0e7e60.woff2) format(\"woff2\"), url(https:\/\/assets.brevo.com\/font\/Roboto\/Latin\/bold\/normal\/ece3a1d82f18b60bcce0211725c476aa.woff) format(\"woff\") } #sib-container input:-ms-input-placeholder { text-align: left; font-family: Helvetica, sans-serif; color: #c0ccda; } #sib-container input::placeholder { text-align: left; font-family: Helvetica, sans-serif; color: #c0ccda; } #sib-container textarea::placeholder { text-align: left; font-family: Helvetica, sans-serif; color: #c0ccda; } #sib-container a { text-decoration: underline; color: #2BB2FC; } <\/style> <link rel=\"stylesheet\" href=\"https:\/\/sibforms.com\/forms\/end-form\/build\/sib-styles.css\"> <!-- END - We recommend to place the above code in head tag of your website html --> <!-- START - We recommend to place the below code where you want the form in your website html --> <div class=\"sib-form\" style=\"text-align: center; background-color: transparent;  \"> <div id=\"sib-form-container\" class=\"sib-form-container\"> <div id=\"error-message\" class=\"sib-form-message-panel\" style=\"font-size:16px; text-align:left; font-family:Helvetica, sans-serif; color:#661d1d; background-color:#ffeded; border-radius:3px; border-color:#ff4949;max-width:540px;\"> <div class=\"sib-form-message-panel__text sib-form-message-panel__text--center\"> <svg viewbox=\"0 0 512 512\" class=\"sib-icon sib-notification__icon\"> <path d=\"M256 40c118.621 0 216 96.075 216 216 0 119.291-96.61 216-216 216-119.244 0-216-96.562-216-216 0-119.203 96.602-216 216-216m0-32C119.043 8 8 119.083 8 256c0 136.997 111.043 248 248 248s248-111.003 248-248C504 119.083 392.957 8 256 8zm-11.49 120h22.979c6.823 0 12.274 5.682 11.99 12.5l-7 168c-.268 6.428-5.556 11.5-11.99 11.5h-8.979c-6.433 0-11.722-5.073-11.99-11.5l-7-168c-.283-6.818 5.167-12.5 11.99-12.5zM256 340c-15.464 0-28 12.536-28 28s12.536 28 28 28 28-12.536 28-28-12.536-28-28-28z\"\/> <\/svg> <span class=\"sib-form-message-panel__inner-text\"> Oh dear, that didn\u2019t work. Something seems to be stuck. Please try again \u2014 and if it still doesn\u2019t work, just let us know. We\u2019ll take care of it.    <\/span> <\/div> <\/div> <div><\/div> <div id=\"success-message\" class=\"sib-form-message-panel\" style=\"font-size:16px; text-align:left; font-family:Helvetica, sans-serif; color:#085229; background-color:#e7faf0; border-radius:3px; border-color:#13ce66;max-width:540px;\"> <div class=\"sib-form-message-panel__text sib-form-message-panel__text--center\"> <svg viewbox=\"0 0 512 512\" class=\"sib-icon sib-notification__icon\"> <path d=\"M256 8C119.033 8 8 119.033 8 256s111.033 248 248 248 248-111.033 248-248S392.967 8 256 8zm0 464c-118.664 0-216-96.055-216-216 0-118.663 96.055-216 216-216 118.664 0 216 96.055 216 216 0 118.663-96.055 216-216 216zm141.63-274.961L217.15 376.071c-4.705 4.667-12.303 4.637-16.97-.068l-85.878-86.572c-4.667-4.705-4.637-12.303.068-16.97l8.52-8.451c4.705-4.667 12.303-4.637 16.97.068l68.976 69.533 163.441-162.13c4.705-4.667 12.303-4.637 16.97.068l8.451 8.52c4.668 4.705 4.637 12.303-.068 16.97z\"\/> <\/svg> <span class=\"sib-form-message-panel__inner-text\"> Your spot is reserved! Welcome to \u201cSteiger dich rein!\u201d \u2014 great to have you with us. Your confirmation email will arrive shortly. And the 20% voucher? That\u2019s already waiting for you, too.      <\/span> <\/div> <\/div> <div><\/div> <div id=\"sib-container\" class=\"sib-container--large sib-container--vertical\" style=\"text-align:center; background-color:transparent; max-width:540px; border-radius:3px; border-width:0px; border-color:#C0CCD9; border-style:solid; direction:ltr\"> <form id=\"sib-form\" method=\"POST\" action=\"https:\/\/30378c96.sibforms.com\/serve\/MUIFANvYxgYQ9ebfn7LmZUD5mvz0jsfVaiyk-pUXWHtksXRw71dP7TMklme_Dc-9WNpJZFIZXUwEsd7xhsXkZf8ysICTYpX-08NfdlPjtc-2F-5Q1CXW79UDgkx0enY8qJ0LpQmoJt20XhgnlEjiuKL7lh1qfR1ZyQvQwlM9_gn1wCp0NEmbBtbDkCk_ij_-SDpsDjjuRO_1OGnj\" data-type=\"subscription\"> <div style=\"padding: 8px 0;\"> <div class=\"sib-form-block\" style=\"font-size:32px; text-align:left; font-weight:700; font-family:Helvetica, sans-serif; color:#3C4858; background-color:transparent; text-align:left\"> <p><strong>STEIGER DICH REIN!<\/strong><\/p> <\/div> <\/div> <div style=\"padding: 8px 0;\"> <div class=\"sib-form-block\" style=\"font-size:16px; text-align:left; font-family:Helvetica, sans-serif; color:#3C4858; background-color:transparent; text-align:left\"> <div class=\"sib-text-form-block\"> <p><strong>Our newsletter for everyone who deserves a break.<\/strong><\/p> <\/div> <\/div> <\/div> <div style=\"padding: 8px 0;\"> <div class=\"sib-form-block\" style=\"font-size:16px; text-align:left; font-family:Helvetica, sans-serif; color:#3C4858; background-color:transparent; text-align:left\"> <div class=\"sib-text-form-block\"> <p>Let\u2019s be honest: nobody needs another newsletter.<\/p> <p>Unless it brings real getaways, exclusive offers, surprisingly honest insights, and 20% off your next booking.<\/p> <\/div> <\/div> <\/div> <div style=\"padding: 8px 0;\"> <div class=\"sib-input sib-form-block\"> <div class=\"form__entry entry_block\"> <div class=\"form__label-row \"> <div class=\"entry__field\"> <input class=\"input \" maxlength=\"200\" type=\"text\" id=\"VORNAME\" name=\"VORNAME\" autocomplete=\"off\" placeholder=\"FIRST NAME\" data-required=\"true\" required=\"\"> <\/div> <\/div> <label class=\"entry__error entry__error--primary\" style=\"font-size:16px; text-align:left; font-family:Helvetica, sans-serif; color:#661d1d; background-color:#ffeded; border-radius:3px; border-color:#ff4949;\"> <\/label> <\/div> <\/div> <\/div> <div style=\"padding: 8px 0;\"> <div class=\"sib-input sib-form-block\"> <div class=\"form__entry entry_block\"> <div class=\"form__label-row \"> <div class=\"entry__field\"> <input class=\"input \" type=\"text\" id=\"EMAIL\" name=\"EMAIL\" autocomplete=\"off\" placeholder=\"EMAIL\" data-required=\"true\" required=\"\"> <\/div> <\/div> <label class=\"entry__error entry__error--primary\" style=\"font-size:16px; text-align:left; font-family:Helvetica, sans-serif; color:#661d1d; background-color:#ffeded; border-radius:3px; border-color:#ff4949;\"> <\/label> <\/div> <\/div> <\/div> <div style=\"padding: 8px 0;\"> <div class=\"sib-optin sib-form-block\" data-required=\"true\"> <div class=\"form__entry entry_mcq\"> <div class=\"form__label-row \"> <div class=\"entry__choice\" style=\"\"> <label> <input type=\"checkbox\" class=\"input_replaced\" value=\"1\" id=\"OPT_IN\" name=\"OPT_IN\" required=\"\"> <span class=\"checkbox checkbox_tick_positive\" style=\"margin-left:\"><\/span><span style=\"font-size:14px; text-align:left; font-family:Helvetica, sans-serif; color:#3C4858; background-color:transparent;\"><p>I would like to receive the newsletter and consent to the processing of my data in accordance with the <a style=\"color:#000\" href=\"https:\/\/steiger-hotels.com\/en\/privacy-policy\/#newsletter\" title=\"View the newsletter privacy policy\" target=\"_blank\">Privacy Policy<\/a>.<\/p><span data-required=\"*\" style=\"display: inline;\" class=\"entry__label entry__label_optin\"><\/span><\/span> <\/label> <\/div> <\/div> <label class=\"entry__error entry__error--primary\" style=\"font-size:16px; text-align:left; font-family:Helvetica, sans-serif; color:#661d1d; background-color:#ffeded; border-radius:3px; border-color:#ff4949;\"> <\/label> <\/div> \n\n<div style=\"font-size:10px;margin-top:10px;\"><p>Note: If you subscribe to our newsletter, you will receive an email asking you to confirm your subscription (double opt-in).\nBy registering, you agree that we may use your email address to send our newsletter.\nProcessing is based on your consent pursuant to Art. 6(1)(a) GDPR.\nThe newsletter is sent via the provider Brevo (Sendinblue). Further information can be found in our <a style=\"color:#000\" href=\"https:\/\/steiger-hotels.com\/en\/privacy-policy\/#newsletter\" title=\"View the newsletter privacy policy\">Privacy Policy<\/a>.   <\/p><\/div><\/div> <\/div> \n\n\n<div style=\"padding: 8px 0;\"> <div class=\"sib-form-block\" style=\"text-align: left\"> <button class=\"sib-form-block__button sib-form-block__button-with-loader\" style=\"font-size:16px; text-align:left; font-weight:700; font-family:Helvetica, sans-serif; color:#FFFFFF; background-color:#3E4857; border-radius:3px; border-width:0px;\" form=\"sib-form\" type=\"submit\"> <svg class=\"icon clickable__icon progress-indicator__icon sib-hide-loader-icon\" viewbox=\"0 0 512 512\" style=\"\"> <path d=\"M460.116 373.846l-20.823-12.022c-5.541-3.199-7.54-10.159-4.663-15.874 30.137-59.886 28.343-131.652-5.386-189.946-33.641-58.394-94.896-95.833-161.827-99.676C261.028 55.961 256 50.751 256 44.352V20.309c0-6.904 5.808-12.337 12.703-11.982 83.556 4.306 160.163 50.864 202.11 123.677 42.063 72.696 44.079 162.316 6.031 236.832-3.14 6.148-10.75 8.461-16.728 5.01z\"\/> <\/svg> SIGN UP <\/button> <\/div> <\/div> <input type=\"text\" name=\"email_address_check\" value=\"\" class=\"input--hidden\"> <input type=\"hidden\" name=\"locale\" value=\"de\"> <\/form> <\/div> <\/div> <\/div> <!-- END - We recommend to place the above code where you want the form in your website html --> <!-- START - We recommend to place the below code in footer or bottom of your website html --> <script> window.REQUIRED_CODE_ERROR_MESSAGE = 'W\u00e4hle bitte einen L\u00e4ndervorwahl aus.'; window.LOCALE = 'de'; window.EMAIL_INVALID_MESSAGE = window.SMS_INVALID_MESSAGE = \"Hm\u2026 da ist was schiefgelaufen. Bitte pr\u00fcf nochmal deine Eingabe \u2013 vielleicht hat sich ein Tippfehler eingeschlichen?\"; window.REQUIRED_ERROR_MESSAGE = \"Da fehlt noch was. Dieses Feld kann nicht leer bleiben \u2013 sonst wissen wir ja gar nicht, wohin wir unsere guten Neuigkeiten schicken sollen. \ud83d\ude09 \"; window.GENERIC_INVALID_MESSAGE = \"Hm\u2026 da ist was schiefgelaufen. Bitte pr\u00fcf nochmal deine Eingabe \u2013 vielleicht hat sich ein Tippfehler eingeschlichen?\"; window.translation = { common: { selectedList: '{quantity} Liste ausgew\u00e4hlt', selectedLists: '{quantity} Listen ausgew\u00e4hlt', selectedOption: '{quantity} ausgew\u00e4hlt', selectedOptions: '{quantity} ausgew\u00e4hlt', } }; var AUTOHIDE = Boolean(1); <\/script> <script defer src=\"https:\/\/sibforms.com\/forms\/end-form\/build\/main.js\"><\/script> <!-- END - We recommend to place the above code in footer or bottom of your website html --> <!-- End Brevo Form -->\n\n\t\t\t\t<\/div>\n\t\t\t\t<\/div>\n\t\t\t\t\t<\/div>\n\t\t\t\t<\/div>\n\t\t<div class=\"elementor-element elementor-element-ba44fe2 elementor-hidden-desktop jetztbuchenbtn e-flex e-con-boxed elementor-invisible e-con e-parent\" data-id=\"ba44fe2\" data-element_type=\"container\" data-e-type=\"container\" data-settings=\"{&quot;sticky&quot;:&quot;bottom&quot;,&quot;sticky_offset_tablet&quot;:15,&quot;animation&quot;:&quot;fadeInUp&quot;,&quot;sticky_on&quot;:[&quot;desktop&quot;,&quot;tablet&quot;,&quot;mobile&quot;],&quot;sticky_offset&quot;:0,&quot;sticky_effects_offset&quot;:0,&quot;sticky_anchor_link_offset&quot;:0}\">\n\t\t\t\t\t<div class=\"e-con-inner\">\n\t\t\t\t<div class=\"elementor-element elementor-element-be80317 elementor-align-justify elementor-tablet-align-center elementor-mobile-align-center elementor-widget elementor-widget-button\" data-id=\"be80317\" data-element_type=\"widget\" data-e-type=\"widget\" data-widget_type=\"button.default\">\n\t\t\t\t<div class=\"elementor-widget-container\">\n\t\t\t\t\t\t\t\t\t<div class=\"elementor-button-wrapper\">\n\t\t\t\t\t<a class=\"elementor-button elementor-button-link elementor-size-sm\" href=\"https:\/\/hotels.steiger-hotels.com\/\" target=\"_blank\">\n\t\t\t\t\t\t<span class=\"elementor-button-content-wrapper\">\n\t\t\t\t\t\t\t\t\t<span class=\"elementor-button-text\">BOOK NOW<\/span>\n\t\t\t\t\t<\/span>\n\t\t\t\t\t<\/a>\n\t\t\t\t<\/div>\n\t\t\t\t\t\t\t\t<\/div>\n\t\t\t\t<\/div>\n\t\t\t\t\t<\/div>\n\t\t\t\t<\/div>\n\t\t\t\t<\/div>\n\t\t","protected":false},"excerpt":{"rendered":"<p>Newsletter @font-face { font-display: block; font-family: Roboto; src: url(https:\/\/assets.brevo.com\/font\/Roboto\/Latin\/normal\/normal\/7529907e9eaf8ebb5220c5f9850e3811.woff2) format(&#8220;woff2&#8221;), url(https:\/\/assets.brevo.com\/font\/Roboto\/Latin\/normal\/normal\/25c678feafdc175a70922a116c9be3e7.woff) format(&#8220;woff&#8221;) } @font-face { font-display: fallback; font-family: Roboto; font-weight: 600; src: url(https:\/\/assets.brevo.com\/font\/Roboto\/Latin\/medium\/normal\/6e9caeeafb1f3491be3e32744bc30440.woff2) format(&#8220;woff2&#8221;), url(https:\/\/assets.brevo.com\/font\/Roboto\/Latin\/medium\/normal\/71501f0d8d5aa95960f6475d5487d4c2.woff) format(&#8220;woff&#8221;) } @font-face { font-display: fallback; font-family: Roboto; font-weight: 700; src: url(https:\/\/assets.brevo.com\/font\/Roboto\/Latin\/bold\/normal\/3ef7cf158f310cf752d5ad08cd0e7e60.woff2) format(&#8220;woff2&#8221;), url(https:\/\/assets.brevo.com\/font\/Roboto\/Latin\/bold\/normal\/ece3a1d82f18b60bcce0211725c476aa.woff) format(&#8220;woff&#8221;) } #sib-container input:-ms-input-placeholder { text-align: left; font-family: Helvetica, sans-serif; color: #c0ccda; } #sib-container input::placeholder { [&hellip;]<\/p>\n","protected":false},"author":1,"featured_media":0,"parent":0,"menu_order":0,"comment_status":"closed","ping_status":"closed","template":"","meta":{"footnotes":""},"class_list":["post-21460","page","type-page","status-publish","hentry"],"_links":{"self":[{"href":"https:\/\/steiger-hotels.com\/en\/wp-json\/wp\/v2\/pages\/21460","targetHints":{"allow":["GET"]}}],"collection":[{"href":"https:\/\/steiger-hotels.com\/en\/wp-json\/wp\/v2\/pages"}],"about":[{"href":"https:\/\/steiger-hotels.com\/en\/wp-json\/wp\/v2\/types\/page"}],"author":[{"embeddable":true,"href":"https:\/\/steiger-hotels.com\/en\/wp-json\/wp\/v2\/users\/1"}],"replies":[{"embeddable":true,"href":"https:\/\/steiger-hotels.com\/en\/wp-json\/wp\/v2\/comments?post=21460"}],"version-history":[{"count":2,"href":"https:\/\/steiger-hotels.com\/en\/wp-json\/wp\/v2\/pages\/21460\/revisions"}],"predecessor-version":[{"id":22575,"href":"https:\/\/steiger-hotels.com\/en\/wp-json\/wp\/v2\/pages\/21460\/revisions\/22575"}],"wp:attachment":[{"href":"https:\/\/steiger-hotels.com\/en\/wp-json\/wp\/v2\/media?parent=21460"}],"curies":[{"name":"wp","href":"https:\/\/api.w.org\/{rel}","templated":true}]}}