{"id":18018,"date":"2025-09-03T16:01:14","date_gmt":"2025-09-03T14:01:14","guid":{"rendered":"https:\/\/steiger-hotels.com\/muj-ucet\/"},"modified":"2026-01-16T09:30:52","modified_gmt":"2026-01-16T08:30:52","slug":"muj-ucet","status":"publish","type":"page","link":"https:\/\/steiger-hotels.com\/en\/muj-ucet\/","title":{"rendered":"M\u016fj \u00fa\u010det"},"content":{"rendered":"<div class=\"woocommerce\"><\/div>\n","protected":false},"excerpt":{"rendered":"","protected":false},"author":1,"featured_media":0,"parent":0,"menu_order":0,"comment_status":"closed","ping_status":"closed","template":"","meta":{"footnotes":""},"class_list":["post-18018","page","type-page","status-publish","hentry"],"_links":{"self":[{"href":"https:\/\/steiger-hotels.com\/en\/wp-json\/wp\/v2\/pages\/18018","targetHints":{"allow":["GET"]}}],"collection":[{"href":"https:\/\/steiger-hotels.com\/en\/wp-json\/wp\/v2\/pages"}],"about":[{"href":"https:\/\/steiger-hotels.com\/en\/wp-json\/wp\/v2\/types\/page"}],"author":[{"embeddable":true,"href":"https:\/\/steiger-hotels.com\/en\/wp-json\/wp\/v2\/users\/1"}],"replies":[{"embeddable":true,"href":"https:\/\/steiger-hotels.com\/en\/wp-json\/wp\/v2\/comments?post=18018"}],"version-history":[{"count":1,"href":"https:\/\/steiger-hotels.com\/en\/wp-json\/wp\/v2\/pages\/18018\/revisions"}],"predecessor-version":[{"id":19191,"href":"https:\/\/steiger-hotels.com\/en\/wp-json\/wp\/v2\/pages\/18018\/revisions\/19191"}],"wp:attachment":[{"href":"https:\/\/steiger-hotels.com\/en\/wp-json\/wp\/v2\/media?parent=18018"}],"curies":[{"name":"wp","href":"https:\/\/api.w.org\/{rel}","templated":true}]}}