{"id":21918,"date":"2024-01-17T13:16:10","date_gmt":"2024-01-17T12:16:10","guid":{"rendered":"https:\/\/steiger-hotels.com\/produkt\/paw-patrol-pes-cestuje-s-vami-%f0%9f%90%95\/"},"modified":"2024-01-17T13:16:10","modified_gmt":"2024-01-17T12:16:10","slug":"paw-patrol-pes-cestuje-s-vami-%f0%9f%90%95","status":"publish","type":"product","link":"https:\/\/steiger-hotels.com\/cs\/produkt\/paw-patrol-pes-cestuje-s-vami-%f0%9f%90%95\/","title":{"rendered":"Paw Patrol: Pes cestuje s v\u00e1mi \ud83d\udc15"},"content":{"rendered":"<p><strong>Psi se nev\u00e1lej\u00ed, psi zkr\u00e1\u0161luj\u00ed prostor!<\/strong><\/p>\n<ul>\n<li>Pros\u00edm, ur\u010dit\u011b nahlaste sv\u00e9ho psa (zde p\u0159es e-shop nebo e-mailem). Pokud s sebou p\u0159ivezete psa bez nahl\u00e1\u0161en\u00ed, m\u016f\u017ee se st\u00e1t, \u017ee V\u00e1s nebudeme moci ubytovat. <\/li>\n<li>na pokoj je mo\u017en\u00fd max. 1 pes <\/li>\n<li>V hotelu pro V\u00e1s m\u00e1me p\u0159ipravenou misku na krmivo a podlo\u017eku pro psa.<\/li>\n<li>Pes m\u016f\u017ee j\u00edt s V\u00e1mi do restaurace. Pros\u00edm, dbejte tak\u00e9 na to, aby pes nebyl p\u0159\u00edli\u0161 dlouho s\u00e1m na pokoji, p\u0159\u00edpadn\u011b aby \u0161t\u011bk\u00e1n\u00edm neru\u0161il ostatn\u00ed hosty. <\/li>\n<li>P\u0159\u00edplatek za psa z\u00e1vis\u00ed na jeho velikosti a d\u00e9lce srsti.<\/li>\n<\/ul>\n","protected":false},"excerpt":{"rendered":"<p>Budeme r\u00e1di, kdy\u017e V\u00e1s V\u00e1\u0161 \u010dty\u0159noh\u00fd p\u0159\u00edtel doprovod\u00ed do Sask\u00e9ho \u0160v\u00fdcarska. Je zde mnoho k objevov\u00e1n\u00ed a pejsek se m\u016f\u017ee t\u011b\u0161it na rozs\u00e1hl\u00e9 proch\u00e1zky a t\u00fary! Aby v hotelu v\u0161e prob\u011bhlo hladce a abychom co nejl\u00e9pe vyhov\u011bli pot\u0159eb\u00e1m v\u0161ech host\u016f a udr\u017eeli na\u0161e pokoje pro alergiky \u010dist\u00e9, zde jsou n\u00e1sleduj\u00edc\u00ed informace:  <\/p>\n<p><strong>Pros\u00edm, p\u0159e\u010dt\u011bte si na\u0161e informace z popisu <\/strong><\/p>\n","protected":false},"featured_media":11091,"template":"","meta":[],"product_brand":[],"product_cat":[69,73],"product_tag":[],"class_list":{"0":"post-21918","1":"product","2":"type-product","3":"status-publish","4":"has-post-thumbnail","6":"product_cat-dalsi-sluzby-pro-vas-pobyt","7":"product_cat-pristylka-domaci-zvirata","9":"first","10":"instock","11":"taxable","12":"shipping-taxable","13":"purchasable","14":"product-type-variable"},"_links":{"self":[{"href":"https:\/\/steiger-hotels.com\/cs\/wp-json\/wp\/v2\/product\/21918","targetHints":{"allow":["GET"]}}],"collection":[{"href":"https:\/\/steiger-hotels.com\/cs\/wp-json\/wp\/v2\/product"}],"about":[{"href":"https:\/\/steiger-hotels.com\/cs\/wp-json\/wp\/v2\/types\/product"}],"wp:featuredmedia":[{"embeddable":true,"href":"https:\/\/steiger-hotels.com\/cs\/wp-json\/wp\/v2\/media\/11091"}],"wp:attachment":[{"href":"https:\/\/steiger-hotels.com\/cs\/wp-json\/wp\/v2\/media?parent=21918"}],"wp:term":[{"taxonomy":"product_brand","embeddable":true,"href":"https:\/\/steiger-hotels.com\/cs\/wp-json\/wp\/v2\/product_brand?post=21918"},{"taxonomy":"product_cat","embeddable":true,"href":"https:\/\/steiger-hotels.com\/cs\/wp-json\/wp\/v2\/product_cat?post=21918"},{"taxonomy":"product_tag","embeddable":true,"href":"https:\/\/steiger-hotels.com\/cs\/wp-json\/wp\/v2\/product_tag?post=21918"}],"curies":[{"name":"wp","href":"https:\/\/api.w.org\/{rel}","templated":true}]}}