{"id":21622,"date":"2024-01-17T13:39:49","date_gmt":"2024-01-17T12:39:49","guid":{"rendered":"https:\/\/steiger-hotels.com\/produkt\/narozeninovy-balicek-kvetiny-sekt\/"},"modified":"2024-01-17T13:39:49","modified_gmt":"2024-01-17T12:39:49","slug":"narozeninovy-balicek-kvetiny-sekt","status":"publish","type":"product","link":"https:\/\/steiger-hotels.com\/cs\/produkt\/narozeninovy-balicek-kvetiny-sekt\/","title":{"rendered":"Narozeninov\u00fd bal\u00ed\u010dek \u2013 kv\u011btiny &amp; sekt"},"content":{"rendered":"","protected":false},"excerpt":{"rendered":"<p>Pokud se rozhodnete pro narozeninov\u00fd bal\u00ed\u010dek, p\u0159i p\u0159\u00edjezdu, resp. v den narozenin pro V\u00e1s p\u0159iprav\u00edme:<\/p>\n<ul>\n<li><strong>kr\u00e1snou kytici odpov\u00eddaj\u00edc\u00ed ro\u010dn\u00edmu obdob\u00ed<\/strong><\/li>\n<li><strong>jisk\u0159ivou l\u00e1hev sektu na pokoji<\/strong><\/li>\n<\/ul>\n<p>Tak si m\u016f\u017eete u\u017e\u00edt soukromou atmosf\u00e9ru a p\u0159ip\u00edt si na nov\u00fd rok \u017eivota!<\/p>\n<p><strong>Pozor, aby v\u0161e prob\u011bhlo hladce, je nutn\u00e9 objednat 5 pracovn\u00edch dn\u016f p\u0159edem!<\/strong><\/p>\n","protected":false},"featured_media":16389,"template":"","meta":[],"product_brand":[],"product_cat":[69,70],"product_tag":[],"class_list":{"0":"post-21622","1":"product","2":"type-product","3":"status-publish","4":"has-post-thumbnail","6":"product_cat-dalsi-sluzby-pro-vas-pobyt","7":"product_cat-narozeniny","9":"first","10":"instock","11":"sale","12":"taxable","13":"shipping-taxable","14":"purchasable","15":"product-type-simple"},"_links":{"self":[{"href":"https:\/\/steiger-hotels.com\/cs\/wp-json\/wp\/v2\/product\/21622","targetHints":{"allow":["GET"]}}],"collection":[{"href":"https:\/\/steiger-hotels.com\/cs\/wp-json\/wp\/v2\/product"}],"about":[{"href":"https:\/\/steiger-hotels.com\/cs\/wp-json\/wp\/v2\/types\/product"}],"wp:featuredmedia":[{"embeddable":true,"href":"https:\/\/steiger-hotels.com\/cs\/wp-json\/wp\/v2\/media\/16389"}],"wp:attachment":[{"href":"https:\/\/steiger-hotels.com\/cs\/wp-json\/wp\/v2\/media?parent=21622"}],"wp:term":[{"taxonomy":"product_brand","embeddable":true,"href":"https:\/\/steiger-hotels.com\/cs\/wp-json\/wp\/v2\/product_brand?post=21622"},{"taxonomy":"product_cat","embeddable":true,"href":"https:\/\/steiger-hotels.com\/cs\/wp-json\/wp\/v2\/product_cat?post=21622"},{"taxonomy":"product_tag","embeddable":true,"href":"https:\/\/steiger-hotels.com\/cs\/wp-json\/wp\/v2\/product_tag?post=21622"}],"curies":[{"name":"wp","href":"https:\/\/api.w.org\/{rel}","templated":true}]}}