{"id":21610,"date":"2025-06-24T10:53:04","date_gmt":"2025-06-24T08:53:04","guid":{"rendered":"https:\/\/steiger-hotels.com\/produkt\/detska-oslava-narozenin\/"},"modified":"2025-06-24T10:53:04","modified_gmt":"2025-06-24T08:53:04","slug":"detska-oslava-narozenin","status":"publish","type":"product","link":"https:\/\/steiger-hotels.com\/cs\/produkt\/detska-oslava-narozenin\/","title":{"rendered":"D\u011btsk\u00e1 oslava narozenin"},"content":{"rendered":"","protected":false},"excerpt":{"rendered":"<p class=\"p1\"><b>N\u00e1\u0161 narozeninov\u00fd bal\u00ed\u010dek pro d\u011bti: \u0160\u0165astn\u00e9 d\u011btsk\u00e9 o\u010di zaru\u010deny!<\/b><b><\/b><\/p>\n<p class=\"p2\">U sn\u00eddan\u011b p\u0159ekvap\u00edme oslavence origin\u00e1ln\u00edm dortem Benjamin Bl\u00fcmchen, barevn\u00fdmi serpent\u00fdnami a mal\u00fdm n\u00e1pojem na p\u0159\u00edpitek \u2013 tak za\u010d\u00edn\u00e1 den s \u00fasm\u011bvem a spoustou narozeninov\u00e9ho kouzla.<\/p>\n<p><strong style=\"font-family: -apple-system, BlinkMacSystemFont, 'Segoe UI', Roboto, 'Helvetica Neue', Arial, 'Noto Sans', sans-serif, 'Apple Color Emoji', 'Segoe UI Emoji', 'Segoe UI Symbol', 'Noto Color Emoji';\">Pozor, aby v\u0161e prob\u011bhlo hladce, je nutn\u00e9 prov\u00e9st objedn\u00e1vku alespo\u0148 2 pracovn\u00ed dny p\u0159edem!<\/strong><\/p>\n","protected":false},"featured_media":14872,"template":"","meta":[],"product_brand":[],"product_cat":[69,70],"product_tag":[],"class_list":{"0":"post-21610","1":"product","2":"type-product","3":"status-publish","4":"has-post-thumbnail","6":"product_cat-dalsi-sluzby-pro-vas-pobyt","7":"product_cat-narozeniny","9":"first","10":"instock","11":"taxable","12":"shipping-taxable","13":"purchasable","14":"product-type-simple"},"_links":{"self":[{"href":"https:\/\/steiger-hotels.com\/cs\/wp-json\/wp\/v2\/product\/21610","targetHints":{"allow":["GET"]}}],"collection":[{"href":"https:\/\/steiger-hotels.com\/cs\/wp-json\/wp\/v2\/product"}],"about":[{"href":"https:\/\/steiger-hotels.com\/cs\/wp-json\/wp\/v2\/types\/product"}],"wp:featuredmedia":[{"embeddable":true,"href":"https:\/\/steiger-hotels.com\/cs\/wp-json\/wp\/v2\/media\/14872"}],"wp:attachment":[{"href":"https:\/\/steiger-hotels.com\/cs\/wp-json\/wp\/v2\/media?parent=21610"}],"wp:term":[{"taxonomy":"product_brand","embeddable":true,"href":"https:\/\/steiger-hotels.com\/cs\/wp-json\/wp\/v2\/product_brand?post=21610"},{"taxonomy":"product_cat","embeddable":true,"href":"https:\/\/steiger-hotels.com\/cs\/wp-json\/wp\/v2\/product_cat?post=21610"},{"taxonomy":"product_tag","embeddable":true,"href":"https:\/\/steiger-hotels.com\/cs\/wp-json\/wp\/v2\/product_tag?post=21610"}],"curies":[{"name":"wp","href":"https:\/\/api.w.org\/{rel}","templated":true}]}}