{"id":21489,"date":"2024-01-17T15:21:38","date_gmt":"2024-01-17T14:21:38","guid":{"rendered":"https:\/\/steiger-hotels.com\/produkt\/detska-cestovni-postylka\/"},"modified":"2024-01-17T15:21:38","modified_gmt":"2024-01-17T14:21:38","slug":"detska-cestovni-postylka","status":"publish","type":"product","link":"https:\/\/steiger-hotels.com\/cs\/produkt\/detska-cestovni-postylka\/","title":{"rendered":"D\u011btsk\u00e1 cestovn\u00ed post\u00fdlka"},"content":{"rendered":"","protected":false},"excerpt":{"rendered":"<p>Pro sv\u016fj pobyt si m\u016f\u017eete objednat d\u011btskou cestovn\u00ed post\u00fdlku. P\u0159ed va\u0161\u00edm p\u0159\u00edjezdem ji p\u0159iprav\u00edme p\u0159\u00edmo ve va\u0161em hotelov\u00e9m pokoji. <\/p>\n","protected":false},"featured_media":11101,"template":"","meta":[],"product_brand":[],"product_cat":[69,73],"product_tag":[],"class_list":{"0":"post-21489","1":"product","2":"type-product","3":"status-publish","4":"has-post-thumbnail","6":"product_cat-dalsi-sluzby-pro-vas-pobyt","7":"product_cat-pristylka-domaci-zvirata","9":"first","10":"instock","11":"sale","12":"sold-individually","13":"taxable","14":"shipping-taxable","15":"purchasable","16":"product-type-simple"},"_links":{"self":[{"href":"https:\/\/steiger-hotels.com\/cs\/wp-json\/wp\/v2\/product\/21489","targetHints":{"allow":["GET"]}}],"collection":[{"href":"https:\/\/steiger-hotels.com\/cs\/wp-json\/wp\/v2\/product"}],"about":[{"href":"https:\/\/steiger-hotels.com\/cs\/wp-json\/wp\/v2\/types\/product"}],"wp:featuredmedia":[{"embeddable":true,"href":"https:\/\/steiger-hotels.com\/cs\/wp-json\/wp\/v2\/media\/11101"}],"wp:attachment":[{"href":"https:\/\/steiger-hotels.com\/cs\/wp-json\/wp\/v2\/media?parent=21489"}],"wp:term":[{"taxonomy":"product_brand","embeddable":true,"href":"https:\/\/steiger-hotels.com\/cs\/wp-json\/wp\/v2\/product_brand?post=21489"},{"taxonomy":"product_cat","embeddable":true,"href":"https:\/\/steiger-hotels.com\/cs\/wp-json\/wp\/v2\/product_cat?post=21489"},{"taxonomy":"product_tag","embeddable":true,"href":"https:\/\/steiger-hotels.com\/cs\/wp-json\/wp\/v2\/product_tag?post=21489"}],"curies":[{"name":"wp","href":"https:\/\/api.w.org\/{rel}","templated":true}]}}