{"id":18471,"date":"2025-06-24T10:57:17","date_gmt":"2025-06-24T08:57:17","guid":{"rendered":"https:\/\/steiger-hotels.com\/produkt\/narozeninova-snidane-se-sektem\/"},"modified":"2026-02-07T15:34:43","modified_gmt":"2026-02-07T14:34:43","slug":"narozeninova-snidane-se-sektem","status":"publish","type":"product","link":"https:\/\/steiger-hotels.com\/cs\/produkt\/narozeninova-snidane-se-sektem\/","title":{"rendered":"Narozeninov\u00e1 sn\u00eddan\u011b se sektem"},"content":{"rendered":"<p class=\"p1\"><b>Stylov\u00fd za\u010d\u00e1tek v\u00fdznamn\u00e9ho dne!<\/b><\/p>\n<p class=\"p2\">N\u00e1\u0161 t\u00fdm v\u00e1s u stolu p\u0159ekvap\u00ed s l\u00e1skou nazdoben\u00fdm narozeninov\u00fdm podnosem, sektem na p\u0159\u00edpitek a malou porc\u00ed TamTam pro dokonal\u00fd start do va\u0161eho v\u00fdjime\u010dn\u00e9ho dne.<\/p>\n<h6>* Cena plat\u00ed jako dopln\u011bk k ji\u017e rezervovan\u00e9 sn\u00eddani formou bufetu<\/h6>\n","protected":false},"excerpt":{"rendered":"<p>Pokud se rozhodnete pro d\u011btsk\u00fd narozeninov\u00fd bal\u00ed\u010dek, p\u0159iprav\u00edme pro v\u00e1s p\u0159i p\u0159\u00edjezdu, respektive v den narozenin, n\u00e1sleduj\u00edc\u00ed:<\/p>\n<ul>\n<li><strong><strong>dort Benjamin Bl\u00fcmchen<\/strong><\/strong><\/li>\n<\/ul>\n<p><strong>Pozor, aby v\u0161e prob\u011bhlo hladce, je nutn\u00e9 objednat 5 pracovn\u00edch dn\u016f p\u0159edem!<\/strong><\/p>\n","protected":false},"featured_media":18472,"template":"","meta":[],"product_brand":[],"product_cat":[69,70],"product_tag":[],"class_list":{"0":"post-18471","1":"product","2":"type-product","3":"status-publish","4":"has-post-thumbnail","6":"product_cat-dalsi-sluzby-pro-vas-pobyt","7":"product_cat-narozeniny","9":"first","10":"instock","11":"taxable","12":"shipping-taxable","13":"purchasable","14":"product-type-simple"},"_links":{"self":[{"href":"https:\/\/steiger-hotels.com\/cs\/wp-json\/wp\/v2\/product\/18471","targetHints":{"allow":["GET"]}}],"collection":[{"href":"https:\/\/steiger-hotels.com\/cs\/wp-json\/wp\/v2\/product"}],"about":[{"href":"https:\/\/steiger-hotels.com\/cs\/wp-json\/wp\/v2\/types\/product"}],"wp:featuredmedia":[{"embeddable":true,"href":"https:\/\/steiger-hotels.com\/cs\/wp-json\/wp\/v2\/media\/18472"}],"wp:attachment":[{"href":"https:\/\/steiger-hotels.com\/cs\/wp-json\/wp\/v2\/media?parent=18471"}],"wp:term":[{"taxonomy":"product_brand","embeddable":true,"href":"https:\/\/steiger-hotels.com\/cs\/wp-json\/wp\/v2\/product_brand?post=18471"},{"taxonomy":"product_cat","embeddable":true,"href":"https:\/\/steiger-hotels.com\/cs\/wp-json\/wp\/v2\/product_cat?post=18471"},{"taxonomy":"product_tag","embeddable":true,"href":"https:\/\/steiger-hotels.com\/cs\/wp-json\/wp\/v2\/product_tag?post=18471"}],"curies":[{"name":"wp","href":"https:\/\/api.w.org\/{rel}","templated":true}]}}