{"id":21890,"date":"2025-10-01T12:52:02","date_gmt":"2025-10-01T10:52:02","guid":{"rendered":"https:\/\/steiger-hotels.com\/kontakt\/kontakt-prijezd-a-parkovani\/"},"modified":"2026-04-17T18:00:51","modified_gmt":"2026-04-17T16:00:51","slug":"kontakt-prijezd-a-parkovani","status":"publish","type":"page","link":"https:\/\/steiger-hotels.com\/cs\/kontakt\/kontakt-prijezd-a-parkovani\/","title":{"rendered":"Kontakt: P\u0159\u00edjezd a parkov\u00e1n\u00ed"},"content":{"rendered":"\t\t<div data-elementor-type=\"wp-page\" data-elementor-id=\"21890\" class=\"elementor elementor-21890 elementor-17223\" data-elementor-post-type=\"page\">\n\t\t\t\t<div class=\"elementor-element elementor-element-6e5b91b e-flex e-con-boxed e-con e-parent\" data-id=\"6e5b91b\" data-element_type=\"container\" data-e-type=\"container\" data-settings=\"{&quot;background_background&quot;:&quot;slideshow&quot;,&quot;background_slideshow_gallery&quot;:[{&quot;id&quot;:18123,&quot;url&quot;:&quot;https:\\\/\\\/steiger-hotels.com\\\/wp-content\\\/uploads\\\/2025\\\/09\\\/Blick-auf-die-Bastei-Bruecke-in-der-Saechsischen-Schweiz-scaled.jpg&quot;}],&quot;background_slideshow_slide_duration&quot;:3000,&quot;background_slideshow_loop&quot;:&quot;yes&quot;,&quot;background_slideshow_slide_transition&quot;:&quot;fade&quot;,&quot;background_slideshow_transition_duration&quot;:500}\">\n\t\t\t\t\t<div class=\"e-con-inner\">\n\t\t\t\t\t<\/div>\n\t\t\t\t<\/div>\n\t\t<div class=\"elementor-element elementor-element-26ee62a e-flex e-con-boxed e-con e-parent\" data-id=\"26ee62a\" data-element_type=\"container\" data-e-type=\"container\" data-settings=\"{&quot;background_background&quot;:&quot;classic&quot;}\">\n\t\t\t\t\t<div class=\"e-con-inner\">\n\t\t\t\t<div class=\"elementor-element elementor-element-3ef0ac4 elementor-widget elementor-widget-button\" data-id=\"3ef0ac4\" data-element_type=\"widget\" data-e-type=\"widget\" data-widget_type=\"button.default\">\n\t\t\t\t<div class=\"elementor-widget-container\">\n\t\t\t\t\t\t\t\t\t<div class=\"elementor-button-wrapper\">\n\t\t\t\t\t<a class=\"elementor-button elementor-button-link elementor-size-sm\" href=\"https:\/\/steiger-hotels.com\/cs\/kontakt\/\">\n\t\t\t\t\t\t<span class=\"elementor-button-content-wrapper\">\n\t\t\t\t\t\t<span class=\"elementor-button-icon\">\n\t\t\t\t<svg aria-hidden=\"true\" class=\"e-font-icon-svg e-fas-angle-double-left\" viewBox=\"0 0 448 512\" xmlns=\"http:\/\/www.w3.org\/2000\/svg\"><path d=\"M223.7 239l136-136c9.4-9.4 24.6-9.4 33.9 0l22.6 22.6c9.4 9.4 9.4 24.6 0 33.9L319.9 256l96.4 96.4c9.4 9.4 9.4 24.6 0 33.9L393.7 409c-9.4 9.4-24.6 9.4-33.9 0l-136-136c-9.5-9.4-9.5-24.6-.1-34zm-192 34l136 136c9.4 9.4 24.6 9.4 33.9 0l22.6-22.6c9.4-9.4 9.4-24.6 0-33.9L127.9 256l96.4-96.4c9.4-9.4 9.4-24.6 0-33.9L201.7 103c-9.4-9.4-24.6-9.4-33.9 0l-136 136c-9.5 9.4-9.5 24.6-.1 34z\"><\/path><\/svg>\t\t\t<\/span>\n\t\t\t\t\t\t\t\t\t<span class=\"elementor-button-text\">Zp\u011bt na p\u0159ehled<\/span>\n\t\t\t\t\t<\/span>\n\t\t\t\t\t<\/a>\n\t\t\t\t<\/div>\n\t\t\t\t\t\t\t\t<\/div>\n\t\t\t\t<\/div>\n\t\t\t\t<div class=\"elementor-element elementor-element-1e5dfa7 elementor-widget elementor-widget-heading\" data-id=\"1e5dfa7\" data-element_type=\"widget\" data-e-type=\"widget\" data-widget_type=\"heading.default\">\n\t\t\t\t<div class=\"elementor-widget-container\">\n\t\t\t\t\t<h1 class=\"elementor-heading-title elementor-size-default\"><a href=\"https:\/\/steiger-hotels.com\/cs\/kontakt\/poukazy\/\">P\u0159\u00edjezd a parkov\u00e1n\u00ed<\/a><\/h1>\t\t\t\t<\/div>\n\t\t\t\t<\/div>\n\t\t\t\t\t<\/div>\n\t\t\t\t<\/div>\n\t\t<div class=\"elementor-element elementor-element-211eca5 e-flex e-con-boxed e-con e-parent\" data-id=\"211eca5\" data-element_type=\"container\" data-e-type=\"container\">\n\t\t\t\t\t<div class=\"e-con-inner\">\n\t\t<div class=\"elementor-element elementor-element-b7780a3 e-con-full e-flex e-con e-child\" data-id=\"b7780a3\" data-element_type=\"container\" data-e-type=\"container\" data-settings=\"{&quot;background_background&quot;:&quot;classic&quot;}\">\n\t\t\t\t<div class=\"elementor-element elementor-element-5a90b5c elementor-widget elementor-widget-heading\" data-id=\"5a90b5c\" data-element_type=\"widget\" data-e-type=\"widget\" data-widget_type=\"heading.default\">\n\t\t\t\t<div class=\"elementor-widget-container\">\n\t\t\t\t\t<h2 class=\"elementor-heading-title elementor-size-default\">Je k dispozici parkovi\u0161t\u011b?<\/h2>\t\t\t\t<\/div>\n\t\t\t\t<\/div>\n\t\t\t\t<div class=\"elementor-element elementor-element-56c6c08 elementor-widget elementor-widget-text-editor\" data-id=\"56c6c08\" data-element_type=\"widget\" data-e-type=\"widget\" data-widget_type=\"text-editor.default\">\n\t\t\t\t<div class=\"elementor-widget-container\">\n\t\t\t\t\t\t\t\t\t<p class=\"p1\">Ano \ud83d\ude97 \u2013 v\u0161echny na\u0161e hotely nab\u00edzej\u00ed parkovac\u00ed m\u00edsta pro hosty v bl\u00edzkosti.<\/p><p class=\"p1\">Podm\u00ednky se li\u0161\u00ed podle lokality:<\/p><ul><li><p class=\"p1\"><span class=\"s1\"><b>Rathener Hof<\/b><\/span> \u2192 Parkovi\u0161t\u011b na druh\u00e9 stran\u011b Labe v Oberrathenu, zpoplatn\u011bn\u00e9, p\u0159\u00edjezd k hotelu p\u0159es lanov\u00fd p\u0159\u00edvoz Gierseilf\u00e4hre<\/p><\/li><li><p class=\"p1\"><span class=\"s1\"><b>Zeitgeist Rathen<\/b><\/span> \u2192 Parkovi\u0161t\u011b na druh\u00e9 stran\u011b Labe v Oberrathenu, zpoplatn\u011bn\u00e9, p\u0159\u00edjezd k hotelu p\u0159es lanov\u00fd p\u0159\u00edvoz Gierseilf\u00e4hre<\/p><\/li><li><p class=\"p1\"><span class=\"s1\"><b>Parkhotel Hohnstein<\/b><\/span> \u2192 Vlastn\u00ed parkovi\u0161t\u011b u hotelu, 1 parkovac\u00ed m\u00edsto na pokoj v cen\u011b, k dispozici wallboxy pro nab\u00edjen\u00ed elektromobil\u016f (\u20ac)<\/p><\/li><li><p class=\"p1\"><span class=\"s1\"><b>Landidyll Steiger<\/b><\/span> \u2192 Parkov\u00e1n\u00ed p\u0159\u00edmo u hotelu, 1 parkovac\u00ed m\u00edsto na pokoj v cen\u011b<\/p><\/li><li><p class=\"p1\"><span class=\"s1\"><b>Sebnitzer Hof<\/b><\/span> \u2192 Ve\u0159ejn\u00e1 parkovi\u0161t\u011b u hotelu, \u010d\u00e1ste\u010dn\u011b za poplatek<\/p><\/li><li><p class=\"p1\"><span class=\"s1\"><b>Apparthotel Bad Schandau<\/b><\/span> \u2192 Vlastn\u00ed podzemn\u00ed gar\u00e1\u017e u hotelu, 1 parkovac\u00ed m\u00edsto na pokoj v cen\u011b, k dispozici wallboxy pro nab\u00edjen\u00ed elektromobil\u016f (\u20ac)<\/p><\/li><\/ul>\t\t\t\t\t\t\t\t<\/div>\n\t\t\t\t<\/div>\n\t\t\t\t<\/div>\n\t\t<div class=\"elementor-element elementor-element-fd2fe67 e-con-full e-flex e-con e-child\" data-id=\"fd2fe67\" data-element_type=\"container\" data-e-type=\"container\">\n\t\t\t\t<div class=\"elementor-element elementor-element-4388488 elementor-widget elementor-widget-heading\" data-id=\"4388488\" data-element_type=\"widget\" data-e-type=\"widget\" data-widget_type=\"heading.default\">\n\t\t\t\t<div class=\"elementor-widget-container\">\n\t\t\t\t\t<h2 class=\"elementor-heading-title elementor-size-default\">Jak funguje parkov\u00e1n\u00ed v Rathenu?<\/h2>\t\t\t\t<\/div>\n\t\t\t\t<\/div>\n\t\t\t\t<div class=\"elementor-element elementor-element-2e053c1 elementor-widget elementor-widget-text-editor\" data-id=\"2e053c1\" data-element_type=\"widget\" data-e-type=\"widget\" data-widget_type=\"text-editor.default\">\n\t\t\t\t<div class=\"elementor-widget-container\">\n\t\t\t\t\t\t\t\t\t<p class=\"p1\">V <span class=\"s1\"><b>Rathenu<\/b><\/span> je jedna zvl\u00e1\u0161tnost: Obec je rozd\u011blena na dv\u011b \u010d\u00e1sti. Niederrathen, strana, kde se nach\u00e1zej\u00ed na\u0161e hotely, je <span class=\"s1\"><b>bez aut<\/b><\/span>. <\/p><ul><li><p class=\"p1\">Sv\u00e9 auto zaparkujete na <span class=\"s1\"><b>centr\u00e1ln\u00edm parkovi\u0161ti pro hosty na b\u0159ehu Labe v Oberrathenu (Elbweg)<\/b><\/span> <\/p><\/li><li>Ceny se \u0159\u00edd\u00ed podle sazeb l\u00e1ze\u0148sk\u00e9ho m\u00edsta. V hotelu m\u016f\u017eeme poskytnout slevu 50% na parkovac\u00ed l\u00edstek. <\/li><li><p class=\"p1\">Odtud se dostanete <span class=\"s1\"><b>lanov\u00fdm p\u0159\u00edvozem Gierseilf\u00e4hre<\/b><\/span> (p\u0159\u00edvoz pro p\u011b\u0161\u00ed, cca 2 minuty j\u00edzdy) p\u0159\u00edmo p\u0159es Labe k na\u0161im hotel\u016fm <span class=\"s1\"><b>Zeitgeist Rathen<\/b><\/span> a <span class=\"s1\"><b>Rathener Hof<\/b><\/span>.<\/p><\/li><li><p class=\"p1\">N\u00e1klady na p\u0159\u00edvoz jsou zahrnuty v cen\u011b ubytov\u00e1n\u00ed. Pro prvn\u00ed plavbu p\u0159\u00edvozem pros\u00edm p\u0159edlo\u017ete potvrzen\u00ed o rezervaci. <\/p><\/li><\/ul><p class=\"p1\">\ud83d\udc49 Tip: Napl\u00e1nujte si na p\u0159\u00edjezd o p\u00e1r minut nav\u00edc \u2013 plavba p\u0159\u00edvozem je z\u00e1rove\u0148 kr\u00e1sn\u00fdm z\u00e1\u017eitkem a sou\u010d\u00e1st\u00ed za\u010d\u00e1tku va\u0161\u00ed dovolen\u00e9.<\/p>\t\t\t\t\t\t\t\t<\/div>\n\t\t\t\t<\/div>\n\t\t\t\t<div class=\"elementor-element elementor-element-9ca72d1 elementor-widget elementor-widget-image\" data-id=\"9ca72d1\" data-element_type=\"widget\" data-e-type=\"widget\" data-widget_type=\"image.default\">\n\t\t\t\t<div class=\"elementor-widget-container\">\n\t\t\t\t\t\t\t\t\t\t\t\t\t\t\t\t<a href=\"https:\/\/steiger-hotels.com\/wp-content\/uploads\/2025\/10\/Parkplatz-Faehre-in-Rathen-by-STEIGER-Hotels.jpg\" data-elementor-open-lightbox=\"yes\" data-elementor-lightbox-title=\"Parkovi\u0161t\u011b a p\u0159\u00edvoz v Rathenu od STEIGER Hotels\" data-e-action-hash=\"#elementor-action%3Aaction%3Dlightbox%26settings%3DeyJpZCI6MjE4OTcsInVybCI6Imh0dHBzOlwvXC9zdGVpZ2VyLWhvdGVscy5jb21cL3dwLWNvbnRlbnRcL3VwbG9hZHNcLzIwMjVcLzEwXC9QYXJrcGxhdHotRmFlaHJlLWluLVJhdGhlbi1ieS1TVEVJR0VSLUhvdGVscy5qcGcifQ%3D%3D\">\n\t\t\t\t\t\t\t<img fetchpriority=\"high\" decoding=\"async\" width=\"1920\" height=\"1463\" src=\"https:\/\/steiger-hotels.com\/wp-content\/uploads\/2025\/10\/Parkplatz-Faehre-in-Rathen-by-STEIGER-Hotels.jpg\" class=\"attachment-full size-full wp-image-21897 not-transparent\" alt=\"\" srcset=\"https:\/\/steiger-hotels.com\/wp-content\/uploads\/2025\/10\/Parkplatz-Faehre-in-Rathen-by-STEIGER-Hotels.jpg 1920w, https:\/\/steiger-hotels.com\/wp-content\/uploads\/2025\/10\/Parkplatz-Faehre-in-Rathen-by-STEIGER-Hotels-600x457.jpg 600w, https:\/\/steiger-hotels.com\/wp-content\/uploads\/2025\/10\/Parkplatz-Faehre-in-Rathen-by-STEIGER-Hotels-1417x1080.jpg 1417w, https:\/\/steiger-hotels.com\/wp-content\/uploads\/2025\/10\/Parkplatz-Faehre-in-Rathen-by-STEIGER-Hotels-768x585.jpg 768w, https:\/\/steiger-hotels.com\/wp-content\/uploads\/2025\/10\/Parkplatz-Faehre-in-Rathen-by-STEIGER-Hotels-1536x1170.jpg 1536w\" sizes=\"(max-width: 1920px) 100vw, 1920px\" data-has-transparency=\"false\" data-dominant-color=\"928e70\" style=\"--dominant-color: #928e70\" title=\"\">\t\t\t\t\t\t\t\t<\/a>\n\t\t\t\t\t\t\t\t\t\t\t\t\t\t\t<\/div>\n\t\t\t\t<\/div>\n\t\t\t\t<\/div>\n\t\t\t\t\t<\/div>\n\t\t\t\t<\/div>\n\t\t<div class=\"elementor-element elementor-element-1956153 e-flex e-con-boxed e-con e-parent\" data-id=\"1956153\" data-element_type=\"container\" data-e-type=\"container\">\n\t\t\t\t\t<div class=\"e-con-inner\">\n\t\t\t\t<div class=\"elementor-element elementor-element-06d84c6 elementor-widget elementor-widget-wpforms\" data-id=\"06d84c6\" data-element_type=\"widget\" data-e-type=\"widget\" data-widget_type=\"wpforms.default\">\n\t\t\t\t<div class=\"elementor-widget-container\">\n\t\t\t\t\t<div class=\"wpforms-container wpforms-container-full wpforms-render-modern\" id=\"wpforms-600\"><form id=\"wpforms-form-600\" class=\"wpforms-validate wpforms-form wpforms-ajax-form\" data-formid=\"600\" method=\"post\" enctype=\"multipart\/form-data\" action=\"\/cs\/wp-json\/wp\/v2\/pages\/21890\" data-token=\"9b5dcb61f7b8b06ff687c2ac5355e7a1\" data-token-time=\"1776509357\"><noscript class=\"wpforms-error-noscript\">Chcete-li vyplnit tento formul\u00e1\u0159, pros\u00edm povolte v prohl\u00ed\u017ee\u010di JavaScript.<\/noscript><div id=\"wpforms-error-noscript\" style=\"display: none;\">Chcete-li vyplnit tento formul\u00e1\u0159, pros\u00edm povolte v prohl\u00ed\u017ee\u010di JavaScript.<\/div><div class=\"wpforms-field-container\"><div id=\"wpforms-600-field_1-container\" class=\"wpforms-field wpforms-field-name\" data-field-id=\"1\"><fieldset><legend class=\"wpforms-field-label\">Jm\u00e9no <span class=\"wpforms-required-label\" aria-hidden=\"true\">*<\/span><\/legend><div class=\"wpforms-field-row wpforms-field-large\"><div class=\"wpforms-field-row-block wpforms-first wpforms-one-half\"><input type=\"text\" id=\"wpforms-600-field_1\" class=\"wpforms-field-name-first wpforms-field-required\" name=\"wpforms[fields][1][first]\" aria-errormessage=\"wpforms-600-field_1-error\" required><label for=\"wpforms-600-field_1\" class=\"wpforms-field-sublabel after\">Jm\u00e9no<\/label><\/div><div class=\"wpforms-field-row-block wpforms-one-half\"><input type=\"text\" id=\"wpforms-600-field_1-last\" class=\"wpforms-field-name-last wpforms-field-required\" name=\"wpforms[fields][1][last]\" aria-errormessage=\"wpforms-600-field_1-last-error\" required><label for=\"wpforms-600-field_1-last\" class=\"wpforms-field-sublabel after\">P\u0159\u00edjmen\u00ed<\/label><\/div><\/div><\/fieldset><\/div>\t\t<div id=\"wpforms-600-field_4-container\"\n\t\t\tclass=\"wpforms-field wpforms-field-text\"\n\t\t\tdata-field-type=\"text\"\n\t\t\tdata-field-id=\"4\"\n\t\t\t>\n\t\t\t<label class=\"wpforms-field-label\" for=\"wpforms-600-field_4\" >t\u00fdmu Va\u0161e zpr\u00e1va<\/label>\n\t\t\t<input type=\"text\" id=\"wpforms-600-field_4\" class=\"wpforms-field-medium\" name=\"wpforms[fields][4]\" >\n\t\t<\/div>\n\t\t<div id=\"wpforms-600-field_2-container\" class=\"wpforms-field wpforms-field-email\" data-field-id=\"2\"><label class=\"wpforms-field-label\" for=\"wpforms-600-field_2\">E-mailov\u00e1 adresa <span class=\"wpforms-required-label\" aria-hidden=\"true\">*<\/span><\/label><input type=\"email\" id=\"wpforms-600-field_2\" class=\"wpforms-field-large wpforms-field-required\" name=\"wpforms[fields][2]\" spellcheck=\"false\" aria-errormessage=\"wpforms-600-field_2-error\" required><\/div><div id=\"wpforms-600-field_3-container\" class=\"wpforms-field wpforms-field-textarea\" data-field-id=\"3\"><label class=\"wpforms-field-label\" for=\"wpforms-600-field_3\">Va\u0161e zpr\u00e1va t\u00fdmu \ud83d\udc9c <span class=\"wpforms-required-label\" aria-hidden=\"true\">*<\/span><\/label><textarea id=\"wpforms-600-field_3\" class=\"wpforms-field-large wpforms-field-required\" name=\"wpforms[fields][3]\" aria-errormessage=\"wpforms-600-field_3-error\" required><\/textarea><\/div><div id=\"wpforms-600-field_8-container\" class=\"wpforms-field wpforms-field-checkbox\" data-field-id=\"8\"><fieldset><legend class=\"wpforms-field-label wpforms-label-hide\" aria-hidden=\"false\">Souhlas s GDPR <span class=\"wpforms-required-label\" aria-hidden=\"true\">*<\/span><\/legend><ul id=\"wpforms-600-field_8\" class=\"wpforms-field-required\"><li class=\"choice-1 depth-1\"><input type=\"checkbox\" id=\"wpforms-600-field_8_1\" name=\"wpforms[fields][8][]\" value=\"Souhlas\u00edm s t\u00edm, aby m\u00e9 \u00fadaje z formul\u00e1\u0159e byly zpracov\u00e1ny za \u00fa\u010delem vy\u0159\u00edzen\u00ed m\u00e9ho dotazu a pro p\u0159\u00edpadn\u00e9 dopl\u0148uj\u00edc\u00ed ot\u00e1zky. Dal\u0161\u00ed informace naleznu v &lt;a href=&quot;https:\/\/steiger-hotels.com\/cs\/zasady-ochrany-osobnich-udaju\/&quot; target=&quot;_blank&quot; rel=&quot;noopener noreferrer&quot;&gt;z\u00e1sad\u00e1ch ochrany osobn\u00edch \u00fadaj\u016f&lt;\/a&gt;. \" aria-errormessage=\"wpforms-600-field_8_1-error\" required ><label class=\"wpforms-field-label-inline\" for=\"wpforms-600-field_8_1\">Souhlas\u00edm s t\u00edm, aby m\u00e9 \u00fadaje z formul\u00e1\u0159e byly zpracov\u00e1ny za \u00fa\u010delem vy\u0159\u00edzen\u00ed m\u00e9ho dotazu a pro p\u0159\u00edpadn\u00e9 dopl\u0148uj\u00edc\u00ed ot\u00e1zky. Dal\u0161\u00ed informace naleznu v <a href=\"https:\/\/steiger-hotels.com\/cs\/zasady-ochrany-osobnich-udaju\/\" target=\"_blank\" rel=\"noopener noreferrer\">z\u00e1sad\u00e1ch ochrany osobn\u00edch \u00fadaj\u016f<\/a>.<\/label><\/li><\/ul><\/fieldset><\/div><script>\n\t\t\t\t( function() {\n\t\t\t\t\tconst style = document.createElement( 'style' );\n\t\t\t\t\tstyle.appendChild( document.createTextNode( '#wpforms-600-field_4-container { position: absolute !important; overflow: hidden !important; display: inline !important; height: 1px !important; width: 1px !important; z-index: -1000 !important; padding: 0 !important; } #wpforms-600-field_4-container input { visibility: hidden; } #wpforms-conversational-form-page #wpforms-600-field_4-container label { counter-increment: none; }' ) );\n\t\t\t\t\tdocument.head.appendChild( style );\n\t\t\t\t\tdocument.currentScript?.remove();\n\t\t\t\t} )();\n\t\t\t<\/script><\/div><!-- .wpforms-field-container --><div class=\"wpforms-recaptcha-container wpforms-is-recaptcha wpforms-is-recaptcha-type-v3\" ><input type=\"hidden\" name=\"wpforms[recaptcha]\" value=\"\"><\/div><div class=\"wpforms-submit-container\" ><input type=\"hidden\" name=\"wpforms[id]\" value=\"600\"><input type=\"hidden\" name=\"page_title\" value=\"\"><input type=\"hidden\" name=\"page_url\" value=\"https:\/\/steiger-hotels.com\/cs\/wp-json\/wp\/v2\/pages\/21890\"><input type=\"hidden\" name=\"url_referer\" value=\"\"><button type=\"submit\" name=\"wpforms[submit]\" id=\"wpforms-submit-600\" class=\"wpforms-submit\" data-alt-text=\"Odes\u00edl\u00e1 se\u2026\" data-submit-text=\"Odeslat\" aria-live=\"assertive\" value=\"wpforms-submit\">Odeslat<\/button><img decoding=\"async\" src=\"https:\/\/steiger-hotels.com\/wp-content\/plugins\/wpforms\/assets\/images\/submit-spin.svg\" class=\"wpforms-submit-spinner\" style=\"display: none;\" width=\"26\" height=\"26\" alt=\"Na\u010d\u00edt\u00e1n\u00ed\" title=\"\"><\/div><\/form><\/div>  <!-- .wpforms-container -->\t\t\t\t<\/div>\n\t\t\t\t<\/div>\n\t\t\t\t\t<\/div>\n\t\t\t\t<\/div>\n\t\t\t\t<\/div>\n\t\t","protected":false},"excerpt":{"rendered":"<p>Zp\u011bt na p\u0159ehled P\u0159\u00edjezd a parkov\u00e1n\u00ed Je k dispozici parkovi\u0161t\u011b? Ano \ud83d\ude97 \u2013 v\u0161echny na\u0161e hotely nab\u00edzej\u00ed parkovac\u00ed m\u00edsta pro hosty v bl\u00edzkosti. Podm\u00ednky se li\u0161\u00ed podle lokality: Rathener Hof \u2192 Parkovi\u0161t\u011b na druh\u00e9 stran\u011b Labe v Oberrathenu, zpoplatn\u011bn\u00e9, p\u0159\u00edjezd k hotelu p\u0159es lanov\u00fd p\u0159\u00edvoz Gierseilf\u00e4hre Zeitgeist Rathen \u2192 Parkovi\u0161t\u011b na druh\u00e9 stran\u011b Labe v [&hellip;]<\/p>\n","protected":false},"author":1,"featured_media":0,"parent":18126,"menu_order":0,"comment_status":"closed","ping_status":"closed","template":"","meta":{"footnotes":""},"class_list":["post-21890","page","type-page","status-publish","hentry"],"_links":{"self":[{"href":"https:\/\/steiger-hotels.com\/cs\/wp-json\/wp\/v2\/pages\/21890","targetHints":{"allow":["GET"]}}],"collection":[{"href":"https:\/\/steiger-hotels.com\/cs\/wp-json\/wp\/v2\/pages"}],"about":[{"href":"https:\/\/steiger-hotels.com\/cs\/wp-json\/wp\/v2\/types\/page"}],"author":[{"embeddable":true,"href":"https:\/\/steiger-hotels.com\/cs\/wp-json\/wp\/v2\/users\/1"}],"replies":[{"embeddable":true,"href":"https:\/\/steiger-hotels.com\/cs\/wp-json\/wp\/v2\/comments?post=21890"}],"version-history":[{"count":45,"href":"https:\/\/steiger-hotels.com\/cs\/wp-json\/wp\/v2\/pages\/21890\/revisions"}],"predecessor-version":[{"id":22816,"href":"https:\/\/steiger-hotels.com\/cs\/wp-json\/wp\/v2\/pages\/21890\/revisions\/22816"}],"up":[{"embeddable":true,"href":"https:\/\/steiger-hotels.com\/cs\/wp-json\/wp\/v2\/pages\/18126"}],"wp:attachment":[{"href":"https:\/\/steiger-hotels.com\/cs\/wp-json\/wp\/v2\/media?parent=21890"}],"curies":[{"name":"wp","href":"https:\/\/api.w.org\/{rel}","templated":true}]}}