{"id":21793,"date":"2025-09-03T21:17:52","date_gmt":"2025-09-03T19:17:52","guid":{"rendered":"https:\/\/steiger-hotels.com\/kontakt\/kontakt-sprava-rezervaci\/"},"modified":"2026-04-17T17:58:30","modified_gmt":"2026-04-17T15:58:30","slug":"kontakt-sprava-rezervaci","status":"publish","type":"page","link":"https:\/\/steiger-hotels.com\/cs\/kontakt\/kontakt-sprava-rezervaci\/","title":{"rendered":"Kontakt: Spr\u00e1va rezervac\u00ed"},"content":{"rendered":"\t\t<div data-elementor-type=\"wp-page\" data-elementor-id=\"21793\" class=\"elementor elementor-21793 elementor-16244\" data-elementor-post-type=\"page\">\n\t\t\t\t<div class=\"elementor-element elementor-element-3cf9fc1 e-flex e-con-boxed e-con e-parent\" data-id=\"3cf9fc1\" data-element_type=\"container\" data-e-type=\"container\" data-settings=\"{&quot;background_background&quot;:&quot;slideshow&quot;,&quot;background_slideshow_gallery&quot;:[{&quot;id&quot;:18123,&quot;url&quot;:&quot;https:\\\/\\\/steiger-hotels.com\\\/wp-content\\\/uploads\\\/2025\\\/09\\\/Blick-auf-die-Bastei-Bruecke-in-der-Saechsischen-Schweiz-scaled.jpg&quot;}],&quot;background_slideshow_slide_duration&quot;:3000,&quot;background_slideshow_loop&quot;:&quot;yes&quot;,&quot;background_slideshow_slide_transition&quot;:&quot;fade&quot;,&quot;background_slideshow_transition_duration&quot;:500}\">\n\t\t\t\t\t<div class=\"e-con-inner\">\n\t\t\t\t\t<\/div>\n\t\t\t\t<\/div>\n\t\t<div class=\"elementor-element elementor-element-26ee62a e-flex e-con-boxed e-con e-parent\" data-id=\"26ee62a\" data-element_type=\"container\" data-e-type=\"container\" data-settings=\"{&quot;background_background&quot;:&quot;classic&quot;}\">\n\t\t\t\t\t<div class=\"e-con-inner\">\n\t\t\t\t<div class=\"elementor-element elementor-element-950a9f1 elementor-widget elementor-widget-button\" data-id=\"950a9f1\" data-element_type=\"widget\" data-e-type=\"widget\" data-widget_type=\"button.default\">\n\t\t\t\t<div class=\"elementor-widget-container\">\n\t\t\t\t\t\t\t\t\t<div class=\"elementor-button-wrapper\">\n\t\t\t\t\t<a class=\"elementor-button elementor-button-link elementor-size-sm\" href=\"https:\/\/steiger-hotels.com\/cs\/kontakt\/\">\n\t\t\t\t\t\t<span class=\"elementor-button-content-wrapper\">\n\t\t\t\t\t\t<span class=\"elementor-button-icon\">\n\t\t\t\t<svg aria-hidden=\"true\" class=\"e-font-icon-svg e-fas-angle-double-left\" viewBox=\"0 0 448 512\" xmlns=\"http:\/\/www.w3.org\/2000\/svg\"><path d=\"M223.7 239l136-136c9.4-9.4 24.6-9.4 33.9 0l22.6 22.6c9.4 9.4 9.4 24.6 0 33.9L319.9 256l96.4 96.4c9.4 9.4 9.4 24.6 0 33.9L393.7 409c-9.4 9.4-24.6 9.4-33.9 0l-136-136c-9.5-9.4-9.5-24.6-.1-34zm-192 34l136 136c9.4 9.4 24.6 9.4 33.9 0l22.6-22.6c9.4-9.4 9.4-24.6 0-33.9L127.9 256l96.4-96.4c9.4-9.4 9.4-24.6 0-33.9L201.7 103c-9.4-9.4-24.6-9.4-33.9 0l-136 136c-9.5 9.4-9.5 24.6-.1 34z\"><\/path><\/svg>\t\t\t<\/span>\n\t\t\t\t\t\t\t\t\t<span class=\"elementor-button-text\">Zp\u011bt na p\u0159ehled<\/span>\n\t\t\t\t\t<\/span>\n\t\t\t\t\t<\/a>\n\t\t\t\t<\/div>\n\t\t\t\t\t\t\t\t<\/div>\n\t\t\t\t<\/div>\n\t\t\t\t<div class=\"elementor-element elementor-element-ff154d2 elementor-widget elementor-widget-heading\" data-id=\"ff154d2\" data-element_type=\"widget\" data-e-type=\"widget\" data-widget_type=\"heading.default\">\n\t\t\t\t<div class=\"elementor-widget-container\">\n\t\t\t\t\t<h1 class=\"elementor-heading-title elementor-size-default\">Zde m\u016f\u017eete spravovat svou p\u0159\u00edmou rezervaci<\/h1>\t\t\t\t<\/div>\n\t\t\t\t<\/div>\n\t\t\t\t<div class=\"elementor-element elementor-element-fc0db69 elementor-widget elementor-widget-heading\" data-id=\"fc0db69\" data-element_type=\"widget\" data-e-type=\"widget\" data-widget_type=\"heading.default\">\n\t\t\t\t<div class=\"elementor-widget-container\">\n\t\t\t\t\t<span class=\"elementor-heading-title elementor-size-default\">Vypl\u0148te nyn\u00ed formul\u00e1\u0159<\/span>\t\t\t\t<\/div>\n\t\t\t\t<\/div>\n\t\t\t\t<div class=\"elementor-element elementor-element-eb7124b elementor-view-default elementor-widget elementor-widget-icon\" data-id=\"eb7124b\" data-element_type=\"widget\" data-e-type=\"widget\" data-widget_type=\"icon.default\">\n\t\t\t\t<div class=\"elementor-widget-container\">\n\t\t\t\t\t\t\t<div class=\"elementor-icon-wrapper\">\n\t\t\t<div class=\"elementor-icon\">\n\t\t\t<svg aria-hidden=\"true\" class=\"e-font-icon-svg e-fas-caret-down\" viewBox=\"0 0 320 512\" xmlns=\"http:\/\/www.w3.org\/2000\/svg\"><path d=\"M31.3 192h257.3c17.8 0 26.7 21.5 14.1 34.1L174.1 354.8c-7.8 7.8-20.5 7.8-28.3 0L17.2 226.1C4.6 213.5 13.5 192 31.3 192z\"><\/path><\/svg>\t\t\t<\/div>\n\t\t<\/div>\n\t\t\t\t\t\t<\/div>\n\t\t\t\t<\/div>\n\t\t\t\t<div class=\"elementor-element elementor-element-0de0686 elementor-widget__width-initial elementor-widget elementor-widget-wpforms\" data-id=\"0de0686\" data-element_type=\"widget\" data-e-type=\"widget\" data-widget_type=\"wpforms.default\">\n\t\t\t\t<div class=\"elementor-widget-container\">\n\t\t\t\t\t<style id=\"wpforms-css-vars-elementor-widget-0de0686\">\n\t\t\t\t.elementor-widget-wpforms.elementor-element-0de0686 {\n\t\t\t\t--wpforms-field-border-color: #bfbdc1;\n--wpforms-field-border-color-spare: #bfbdc1;\n--wpforms-field-text-color: #333135;\n--wpforms-label-color: #333135;\n--wpforms-label-sublabel-color: #807b84;\n--wpforms-label-error-color: #d63636;\n--wpforms-button-border-radius: 50px;\n--wpforms-button-background-color: #543362;\n--wpforms-button-border-color: #9864c0;\n--wpforms-button-text-color: #f5eff9;\n--wpforms-page-break-color: #9864c0;\n\t\t\t}\n\t\t\t<\/style><div class=\"wpforms-container wpforms-container-full wpforms-render-modern\" id=\"wpforms-17133\"><form id=\"wpforms-form-17133\" class=\"wpforms-validate wpforms-form wpforms-ajax-form\" data-formid=\"17133\" method=\"post\" enctype=\"multipart\/form-data\" action=\"\/cs\/wp-json\/wp\/v2\/pages\/21793\" data-token=\"19b1e81e361ec0fdc97d18f667dee840\" data-token-time=\"1776509434\"><noscript class=\"wpforms-error-noscript\">Chcete-li vyplnit tento formul\u00e1\u0159, pros\u00edm povolte v prohl\u00ed\u017ee\u010di JavaScript.<\/noscript><div id=\"wpforms-error-noscript\" style=\"display: none;\">Chcete-li vyplnit tento formul\u00e1\u0159, pros\u00edm povolte v prohl\u00ed\u017ee\u010di JavaScript.<\/div><div class=\"wpforms-field-container\"><div id=\"wpforms-17133-field_8-container\" class=\"wpforms-field wpforms-field-number\" data-field-id=\"8\"><label class=\"wpforms-field-label\" for=\"wpforms-17133-field_8\">Rezerva\u010dn\u00ed \u010d\u00edslo <span class=\"wpforms-required-label\" aria-hidden=\"true\">*<\/span><\/label><input type=\"number\" id=\"wpforms-17133-field_8\" class=\"wpforms-field-large wpforms-field-required\" name=\"wpforms[fields][8]\" step=\"any\" aria-errormessage=\"wpforms-17133-field_8-error\" required><\/div>\t\t<div id=\"wpforms-17133-field_4-container\"\n\t\t\tclass=\"wpforms-field wpforms-field-text\"\n\t\t\tdata-field-type=\"text\"\n\t\t\tdata-field-id=\"4\"\n\t\t\t>\n\t\t\t<label class=\"wpforms-field-label\" for=\"wpforms-17133-field_4\" >dotaz M\u00e1m host\u016f<\/label>\n\t\t\t<input type=\"text\" id=\"wpforms-17133-field_4\" class=\"wpforms-field-medium\" name=\"wpforms[fields][4]\" >\n\t\t<\/div>\n\t\t<div id=\"wpforms-17133-field_1-container\" class=\"wpforms-field wpforms-field-name\" data-field-id=\"1\"><label class=\"wpforms-field-label\" for=\"wpforms-17133-field_1\">Jm\u00e9no <span class=\"wpforms-required-label\" aria-hidden=\"true\">*<\/span><\/label><input type=\"text\" id=\"wpforms-17133-field_1\" class=\"wpforms-field-large wpforms-field-required\" name=\"wpforms[fields][1]\" aria-errormessage=\"wpforms-17133-field_1-error\" required><\/div><div id=\"wpforms-17133-field_2-container\" class=\"wpforms-field wpforms-field-email\" data-field-id=\"2\"><label class=\"wpforms-field-label\" for=\"wpforms-17133-field_2\">E-mailov\u00e1 adresa <span class=\"wpforms-required-label\" aria-hidden=\"true\">*<\/span><\/label><input type=\"email\" id=\"wpforms-17133-field_2\" class=\"wpforms-field-large wpforms-field-required\" name=\"wpforms[fields][2]\" spellcheck=\"false\" aria-errormessage=\"wpforms-17133-field_2-error\" required><\/div><div id=\"wpforms-17133-field_11-container\" class=\"wpforms-field wpforms-field-radio wpforms-conditional-trigger\" data-field-id=\"11\"><fieldset><legend class=\"wpforms-field-label\">Co pro tebe m\u016f\u017eeme ud\u011blat? <span class=\"wpforms-required-label\" aria-hidden=\"true\">*<\/span><\/legend><ul id=\"wpforms-17133-field_11\" class=\"wpforms-field-required\"><li class=\"choice-1 depth-1 wpforms-selected\"><input type=\"radio\" id=\"wpforms-17133-field_11_1\" name=\"wpforms[fields][11]\" value=\"Nemohu naj\u00edt potvrzen\u00ed, pros\u00edm, po\u0161lete mi ho znovu.\" aria-errormessage=\"wpforms-17133-field_11_1-error\" required  checked='checked'><label class=\"wpforms-field-label-inline\" for=\"wpforms-17133-field_11_1\">Nemohu naj\u00edt potvrzen\u00ed, pros\u00edm, po\u0161lete mi ho znovu.<\/label><\/li><li class=\"choice-2 depth-1\"><input type=\"radio\" id=\"wpforms-17133-field_11_2\" name=\"wpforms[fields][11]\" value=\"Chci zm\u011bnit \u00fadaje o pobytu.\" aria-errormessage=\"wpforms-17133-field_11_2-error\" required ><label class=\"wpforms-field-label-inline\" for=\"wpforms-17133-field_11_2\">Chci zm\u011bnit \u00fadaje o pobytu.<\/label><\/li><li class=\"choice-3 depth-1\"><input type=\"radio\" id=\"wpforms-17133-field_11_3\" name=\"wpforms[fields][11]\" value=\"Chci zru\u0161it rezervaci.\" aria-errormessage=\"wpforms-17133-field_11_3-error\" required ><label class=\"wpforms-field-label-inline\" for=\"wpforms-17133-field_11_3\">Chci zru\u0161it rezervaci.<\/label><\/li><li class=\"choice-4 depth-1\"><input type=\"radio\" id=\"wpforms-17133-field_11_4\" name=\"wpforms[fields][11]\" value=\"Chci upravit jm\u00e9na nebo po\u010det host\u016f.\" aria-errormessage=\"wpforms-17133-field_11_4-error\" required ><label class=\"wpforms-field-label-inline\" for=\"wpforms-17133-field_11_4\">Chci upravit jm\u00e9na nebo po\u010det host\u016f.<\/label><\/li><li class=\"choice-5 depth-1\"><input type=\"radio\" id=\"wpforms-17133-field_11_5\" name=\"wpforms[fields][11]\" value=\"M\u00e1m jin\u00fd dotaz.\" aria-errormessage=\"wpforms-17133-field_11_5-error\" required ><label class=\"wpforms-field-label-inline\" for=\"wpforms-17133-field_11_5\">M\u00e1m jin\u00fd dotaz.<\/label><\/li><\/ul><\/fieldset><\/div><div id=\"wpforms-17133-field_3-container\" class=\"wpforms-field wpforms-field-textarea wpforms-conditional-field wpforms-conditional-show\" data-field-id=\"3\" style=\"display:none;\"><label class=\"wpforms-field-label\" for=\"wpforms-17133-field_3\">Jak\u00e1 jsou nov\u00e1, po\u017eadovan\u00e1 data cesty? <span class=\"wpforms-required-label\" aria-hidden=\"true\">*<\/span><\/label><textarea id=\"wpforms-17133-field_3\" class=\"wpforms-field-medium wpforms-field-required\" name=\"wpforms[fields][3]\" placeholder=\"nov\u00e1, po\u017eadovan\u00e1 data cesty &amp; mo\u017enost zru\u0161en\u00ed zvolen\u00e1 p\u0159i rezervaci\" aria-errormessage=\"wpforms-17133-field_3-error\" aria-describedby=\"wpforms-17133-field_3-description\" required><\/textarea><div id=\"wpforms-17133-field_3-description\" class=\"wpforms-field-description\">Zm\u011bny dat pobytu jsou u p\u0159\u00edm\u00fdch rezervac\u00ed s flexibiln\u00ed mo\u017enost\u00ed zru\u0161en\u00ed mo\u017en\u00e9 v z\u00e1vislosti na dostupnosti. Pokud jste si rezervovali pobyt p\u0159es cestovn\u00ed port\u00e1l, nap\u0159. Booking.com, pros\u00edme, prove\u010fte zm\u011bny p\u0159\u00edmo tam.  <\/div><\/div><div id=\"wpforms-17133-field_12-container\" class=\"wpforms-field wpforms-field-textarea wpforms-conditional-field wpforms-conditional-show\" data-field-id=\"12\" style=\"display:none;\"><label class=\"wpforms-field-label\" for=\"wpforms-17133-field_12\">\u017d\u00e1dost o zru\u0161en\u00ed rezervace hotelu <span class=\"wpforms-required-label\" aria-hidden=\"true\">*<\/span><\/label><textarea id=\"wpforms-17133-field_12\" class=\"wpforms-field-medium wpforms-field-required\" name=\"wpforms[fields][12]\" placeholder=\"P\u0159eji si zru\u0161it svou cestu od... do... P\u0159\u00edpadn\u00e9 storno poplatky dle rezerva\u010dn\u00ed smlouvy jsou mi zn\u00e1my. \" aria-errormessage=\"wpforms-17133-field_12-error\" aria-describedby=\"wpforms-17133-field_12-description\" required><\/textarea><div id=\"wpforms-17133-field_12-description\" class=\"wpforms-field-description\">Bezplatn\u00e9 zru\u0161en\u00ed je zde mo\u017en\u00e9, pokud jste si u n\u00e1s p\u0159\u00edmo zarezervovali cestu, kter\u00e1 umo\u017e\u0148uje bezplatn\u00e9 zru\u0161en\u00ed. Upozorn\u011bn\u00ed: Nezru\u0161iteln\u00e9 sazby a rezervace p\u0159es t\u0159et\u00ed strany (nap\u0159. Booking.com) nem\u016f\u017eeme t\u00edmto zp\u016fsobem zpracovat. <\/div><\/div><div id=\"wpforms-17133-field_13-container\" class=\"wpforms-field wpforms-field-textarea wpforms-conditional-field wpforms-conditional-show\" data-field-id=\"13\" style=\"display:none;\"><label class=\"wpforms-field-label\" for=\"wpforms-17133-field_13\">Zm\u011bnit jm\u00e9na &amp; po\u010det host\u016f <span class=\"wpforms-required-label\" aria-hidden=\"true\">*<\/span><\/label><textarea id=\"wpforms-17133-field_13\" class=\"wpforms-field-medium wpforms-field-required\" name=\"wpforms[fields][13]\" aria-errormessage=\"wpforms-17133-field_13-error\" aria-describedby=\"wpforms-17133-field_13-description\" required><\/textarea><div id=\"wpforms-17133-field_13-description\" class=\"wpforms-field-description\">Pros\u00edm, sd\u011blte n\u00e1m jm\u00e9na p\u0159ij\u00ed\u017ed\u011bj\u00edc\u00edch host\u016f. Pokud chcete nahl\u00e1sit dal\u0161\u00ed osoby do ji\u017e rezervovan\u00fdch pokoj\u016f, m\u016f\u017eete tak u\u010dinit zde. Rezerva\u010dn\u00ed t\u00fdm se v\u00e1m v takov\u00e9m p\u0159\u00edpad\u011b ozve.   <\/div><\/div><div id=\"wpforms-17133-field_14-container\" class=\"wpforms-field wpforms-field-textarea wpforms-conditional-field wpforms-conditional-show\" data-field-id=\"14\" style=\"display:none;\"><label class=\"wpforms-field-label\" for=\"wpforms-17133-field_14\">M\u00e1m jin\u00fd dotaz <span class=\"wpforms-required-label\" aria-hidden=\"true\">*<\/span><\/label><textarea id=\"wpforms-17133-field_14\" class=\"wpforms-field-medium wpforms-field-required\" name=\"wpforms[fields][14]\" aria-errormessage=\"wpforms-17133-field_14-error\" aria-describedby=\"wpforms-17133-field_14-description\" required><\/textarea><div id=\"wpforms-17133-field_14-description\" class=\"wpforms-field-description\">M\u00e1te jin\u00fd dotaz t\u00fdkaj\u00edc\u00ed se ji\u017e proveden\u00e9 rezervace? Pros\u00edm, sd\u011blte n\u00e1m ho zde. N\u00e1\u0161 rezerva\u010dn\u00ed t\u00fdm se v\u00e1m pot\u00e9 ozve. Upozorn\u011bn\u00ed: Rezervace p\u0159es t\u0159et\u00ed strany (nap\u0159. Booking.com) pros\u00edm p\u0159ednostn\u011b \u0159e\u0161te prost\u0159ednictv\u00edm s\u00edt\u011b poskytovatele.    <\/div><\/div><div id=\"wpforms-17133-field_16-container\" class=\"wpforms-field wpforms-field-checkbox\" data-field-id=\"16\"><fieldset><legend class=\"wpforms-field-label wpforms-label-hide\" aria-hidden=\"false\">GDPR <span class=\"wpforms-required-label\" aria-hidden=\"true\">*<\/span><\/legend><ul id=\"wpforms-17133-field_16\" class=\"wpforms-field-required\"><li class=\"choice-1 depth-1\"><input type=\"checkbox\" id=\"wpforms-17133-field_16_1\" name=\"wpforms[fields][16][]\" value=\"Souhlas\u00edm s t\u00edm, \u017ee m\u00e9 \u00fadaje z formul\u00e1\u0159e budou zpracov\u00e1ny pro vy\u0159\u00edzen\u00ed m\u00e9ho dotazu a pro p\u0159\u00edpadn\u00e9 n\u00e1sledn\u00e9 dotazy. Dal\u0161\u00ed informace naleznete v &lt;a href=&quot;https:\/\/steiger-hotels.com\/cs\/zasady-ochrany-osobnich-udaju\/&quot; target=&quot;_blank&quot; rel=&quot;noopener noreferrer&quot;&gt;z\u00e1sad\u00e1ch ochrany osobn\u00edch \u00fadaj\u016f&lt;\/a&gt;. \" aria-errormessage=\"wpforms-17133-field_16_1-error\" required ><label class=\"wpforms-field-label-inline\" for=\"wpforms-17133-field_16_1\">Souhlas\u00edm s t\u00edm, \u017ee m\u00e9 \u00fadaje z formul\u00e1\u0159e budou zpracov\u00e1ny pro vy\u0159\u00edzen\u00ed m\u00e9ho dotazu a pro p\u0159\u00edpadn\u00e9 n\u00e1sledn\u00e9 dotazy. Dal\u0161\u00ed informace naleznete v <a href=\"https:\/\/steiger-hotels.com\/cs\/zasady-ochrany-osobnich-udaju\/\" target=\"_blank\" rel=\"noopener noreferrer\">z\u00e1sad\u00e1ch ochrany osobn\u00edch \u00fadaj\u016f<\/a>.<\/label><\/li><\/ul><\/fieldset><\/div><script>\n\t\t\t\t( function() {\n\t\t\t\t\tconst style = document.createElement( 'style' );\n\t\t\t\t\tstyle.appendChild( document.createTextNode( '#wpforms-17133-field_4-container { position: absolute !important; overflow: hidden !important; display: inline !important; height: 1px !important; width: 1px !important; z-index: -1000 !important; padding: 0 !important; } #wpforms-17133-field_4-container input { visibility: hidden; } #wpforms-conversational-form-page #wpforms-17133-field_4-container label { counter-increment: none; }' ) );\n\t\t\t\t\tdocument.head.appendChild( style );\n\t\t\t\t\tdocument.currentScript?.remove();\n\t\t\t\t} )();\n\t\t\t<\/script><\/div><!-- .wpforms-field-container --><div class=\"wpforms-recaptcha-container wpforms-is-recaptcha wpforms-is-recaptcha-type-v3\" ><input type=\"hidden\" name=\"wpforms[recaptcha]\" value=\"\"><\/div><div class=\"wpforms-submit-container\" ><input type=\"hidden\" name=\"wpforms[id]\" value=\"17133\"><input type=\"hidden\" name=\"page_title\" value=\"\"><input type=\"hidden\" name=\"page_url\" value=\"https:\/\/steiger-hotels.com\/cs\/wp-json\/wp\/v2\/pages\/21793\"><input type=\"hidden\" name=\"url_referer\" value=\"\"><button type=\"submit\" name=\"wpforms[submit]\" id=\"wpforms-submit-17133\" class=\"wpforms-submit\" data-alt-text=\"Odes\u00edl\u00e1m\u2026\" data-submit-text=\"Odeslat\" aria-live=\"assertive\" value=\"wpforms-submit\">Odeslat<\/button><img decoding=\"async\" src=\"https:\/\/steiger-hotels.com\/wp-content\/plugins\/wpforms\/assets\/images\/submit-spin.svg\" class=\"wpforms-submit-spinner\" style=\"display: none;\" width=\"26\" height=\"26\" alt=\"Na\u010d\u00edt\u00e1n\u00ed\" title=\"\"><\/div><\/form><\/div>  <!-- .wpforms-container -->\t\t\t\t<\/div>\n\t\t\t\t<\/div>\n\t\t\t\t\t<\/div>\n\t\t\t\t<\/div>\n\t\t\t\t<\/div>\n\t\t","protected":false},"excerpt":{"rendered":"<p>Zp\u011bt na p\u0159ehled Zde m\u016f\u017eete spravovat svou p\u0159\u00edmou rezervaci Vypl\u0148te nyn\u00ed formul\u00e1\u0159 Bitte aktiviere JavaScript in deinem Browser, um dieses Formular fertigzustellen.Bitte aktiviere JavaScript in deinem Browser, um dieses Formular fertigzustellen. Stornierungsanfrage tun? wir Reservierungsnummer *Name *E-Mail-Adresse * Was k\u00f6nnen wir f\u00fcr dich tun? * Ich finde die Best\u00e4tigung nicht mehr, bitte erneut senden. Ich [&hellip;]<\/p>\n","protected":false},"author":1,"featured_media":0,"parent":18126,"menu_order":0,"comment_status":"closed","ping_status":"closed","template":"","meta":{"footnotes":""},"class_list":["post-21793","page","type-page","status-publish","hentry"],"_links":{"self":[{"href":"https:\/\/steiger-hotels.com\/cs\/wp-json\/wp\/v2\/pages\/21793","targetHints":{"allow":["GET"]}}],"collection":[{"href":"https:\/\/steiger-hotels.com\/cs\/wp-json\/wp\/v2\/pages"}],"about":[{"href":"https:\/\/steiger-hotels.com\/cs\/wp-json\/wp\/v2\/types\/page"}],"author":[{"embeddable":true,"href":"https:\/\/steiger-hotels.com\/cs\/wp-json\/wp\/v2\/users\/1"}],"replies":[{"embeddable":true,"href":"https:\/\/steiger-hotels.com\/cs\/wp-json\/wp\/v2\/comments?post=21793"}],"version-history":[{"count":44,"href":"https:\/\/steiger-hotels.com\/cs\/wp-json\/wp\/v2\/pages\/21793\/revisions"}],"predecessor-version":[{"id":22811,"href":"https:\/\/steiger-hotels.com\/cs\/wp-json\/wp\/v2\/pages\/21793\/revisions\/22811"}],"up":[{"embeddable":true,"href":"https:\/\/steiger-hotels.com\/cs\/wp-json\/wp\/v2\/pages\/18126"}],"wp:attachment":[{"href":"https:\/\/steiger-hotels.com\/cs\/wp-json\/wp\/v2\/media?parent=21793"}],"curies":[{"name":"wp","href":"https:\/\/api.w.org\/{rel}","templated":true}]}}