{"id":21666,"date":"2025-10-01T11:46:46","date_gmt":"2025-10-01T09:46:46","guid":{"rendered":"https:\/\/steiger-hotels.com\/kontakt\/kontakt-platba-a-faktura\/"},"modified":"2026-04-10T16:03:24","modified_gmt":"2026-04-10T14:03:24","slug":"kontakt-platba-a-faktura","status":"publish","type":"page","link":"https:\/\/steiger-hotels.com\/cs\/kontakt\/kontakt-platba-a-faktura\/","title":{"rendered":"Kontakt: Platba a faktura"},"content":{"rendered":"\t\t<div data-elementor-type=\"wp-page\" data-elementor-id=\"21666\" class=\"elementor elementor-21666 elementor-17182\" data-elementor-post-type=\"page\">\n\t\t\t\t<div class=\"elementor-element elementor-element-3cf9fc1 e-flex e-con-boxed e-con e-parent\" data-id=\"3cf9fc1\" data-element_type=\"container\" data-e-type=\"container\" data-settings=\"{&quot;background_background&quot;:&quot;slideshow&quot;,&quot;background_slideshow_gallery&quot;:[{&quot;id&quot;:18123,&quot;url&quot;:&quot;https:\\\/\\\/steiger-hotels.com\\\/wp-content\\\/uploads\\\/2025\\\/09\\\/Blick-auf-die-Bastei-Bruecke-in-der-Saechsischen-Schweiz-scaled.jpg&quot;}],&quot;background_slideshow_slide_duration&quot;:3000,&quot;background_slideshow_loop&quot;:&quot;yes&quot;,&quot;background_slideshow_slide_transition&quot;:&quot;fade&quot;,&quot;background_slideshow_transition_duration&quot;:500}\">\n\t\t\t\t\t<div class=\"e-con-inner\">\n\t\t\t\t\t<\/div>\n\t\t\t\t<\/div>\n\t\t<div class=\"elementor-element elementor-element-26ee62a e-flex e-con-boxed e-con e-parent\" data-id=\"26ee62a\" data-element_type=\"container\" data-e-type=\"container\" data-settings=\"{&quot;background_background&quot;:&quot;classic&quot;}\">\n\t\t\t\t\t<div class=\"e-con-inner\">\n\t\t\t\t<div class=\"elementor-element elementor-element-950a9f1 elementor-widget elementor-widget-button\" data-id=\"950a9f1\" data-element_type=\"widget\" data-e-type=\"widget\" data-widget_type=\"button.default\">\n\t\t\t\t<div class=\"elementor-widget-container\">\n\t\t\t\t\t\t\t\t\t<div class=\"elementor-button-wrapper\">\n\t\t\t\t\t<a class=\"elementor-button elementor-button-link elementor-size-sm\" href=\"https:\/\/steiger-hotels.com\/cs\/kontakt\/\">\n\t\t\t\t\t\t<span class=\"elementor-button-content-wrapper\">\n\t\t\t\t\t\t<span class=\"elementor-button-icon\">\n\t\t\t\t<svg aria-hidden=\"true\" class=\"e-font-icon-svg e-fas-angle-double-left\" viewBox=\"0 0 448 512\" xmlns=\"http:\/\/www.w3.org\/2000\/svg\"><path d=\"M223.7 239l136-136c9.4-9.4 24.6-9.4 33.9 0l22.6 22.6c9.4 9.4 9.4 24.6 0 33.9L319.9 256l96.4 96.4c9.4 9.4 9.4 24.6 0 33.9L393.7 409c-9.4 9.4-24.6 9.4-33.9 0l-136-136c-9.5-9.4-9.5-24.6-.1-34zm-192 34l136 136c9.4 9.4 24.6 9.4 33.9 0l22.6-22.6c9.4-9.4 9.4-24.6 0-33.9L127.9 256l96.4-96.4c9.4-9.4 9.4-24.6 0-33.9L201.7 103c-9.4-9.4-24.6-9.4-33.9 0l-136 136c-9.5 9.4-9.5 24.6-.1 34z\"><\/path><\/svg>\t\t\t<\/span>\n\t\t\t\t\t\t\t\t\t<span class=\"elementor-button-text\">Zp\u011bt na p\u0159ehled<\/span>\n\t\t\t\t\t<\/span>\n\t\t\t\t\t<\/a>\n\t\t\t\t<\/div>\n\t\t\t\t\t\t\t\t<\/div>\n\t\t\t\t<\/div>\n\t\t\t\t<div class=\"elementor-element elementor-element-ff154d2 elementor-widget elementor-widget-heading\" data-id=\"ff154d2\" data-element_type=\"widget\" data-e-type=\"widget\" data-widget_type=\"heading.default\">\n\t\t\t\t<div class=\"elementor-widget-container\">\n\t\t\t\t\t<h1 class=\"elementor-heading-title elementor-size-default\">Platba a faktura<\/h1>\t\t\t\t<\/div>\n\t\t\t\t<\/div>\n\t\t<div class=\"elementor-element elementor-element-bf6cfe5 e-con-full e-flex e-con e-child\" data-id=\"bf6cfe5\" data-element_type=\"container\" data-e-type=\"container\" data-settings=\"{&quot;background_background&quot;:&quot;classic&quot;}\">\n\t\t<div class=\"elementor-element elementor-element-04930c3 e-con-full e-flex e-con e-child\" data-id=\"04930c3\" data-element_type=\"container\" data-e-type=\"container\" data-settings=\"{&quot;background_background&quot;:&quot;classic&quot;}\">\n\t\t\t\t<div class=\"elementor-element elementor-element-ff9b94a elementor-widget elementor-widget-heading\" data-id=\"ff9b94a\" data-element_type=\"widget\" data-e-type=\"widget\" data-widget_type=\"heading.default\">\n\t\t\t\t<div class=\"elementor-widget-container\">\n\t\t\t\t\t<span class=\"elementor-heading-title elementor-size-default\">M\u00e1m p\u0159\u00edmou rezervaci v hotelu \u2013 jak prob\u00edh\u00e1 platba?<\/span>\t\t\t\t<\/div>\n\t\t\t\t<\/div>\n\t\t\t\t<div class=\"elementor-element elementor-element-00070f7 elementor-widget elementor-widget-text-editor\" data-id=\"00070f7\" data-element_type=\"widget\" data-e-type=\"widget\" data-widget_type=\"text-editor.default\">\n\t\t\t\t<div class=\"elementor-widget-container\">\n\t\t\t\t\t\t\t\t\t<p>Va\u0161e cesta je splatn\u00e1 po uplynut\u00ed lh\u016fty pro bezplatn\u00e9 storno. K tomu od n\u00e1s obdr\u017e\u00edte e-mail s mnoha mo\u017enostmi online platby. <\/p><p>Mo\u017enosti platby: Mastercard, Visa, Klarna, PayPal<\/p>\t\t\t\t\t\t\t\t<\/div>\n\t\t\t\t<\/div>\n\t\t\t\t<\/div>\n\t\t<div class=\"elementor-element elementor-element-afa409c e-con-full e-flex e-con e-child\" data-id=\"afa409c\" data-element_type=\"container\" data-e-type=\"container\" data-settings=\"{&quot;background_background&quot;:&quot;classic&quot;}\">\n\t\t\t\t<div class=\"elementor-element elementor-element-fc0db69 elementor-widget elementor-widget-heading\" data-id=\"fc0db69\" data-element_type=\"widget\" data-e-type=\"widget\" data-widget_type=\"heading.default\">\n\t\t\t\t<div class=\"elementor-widget-container\">\n\t\t\t\t\t<h2 class=\"elementor-heading-title elementor-size-default\">M\u00e1m rezervaci p\u0159es t\u0159et\u00ed stranu, jako je Booking.com, Check24 nebo Secret Escapes, a m\u00e1m dotazy k platb\u011b.<\/h2>\t\t\t\t<\/div>\n\t\t\t\t<\/div>\n\t\t\t\t<div class=\"elementor-element elementor-element-bb7e63c elementor-widget elementor-widget-text-editor\" data-id=\"bb7e63c\" data-element_type=\"widget\" data-e-type=\"widget\" data-widget_type=\"text-editor.default\">\n\t\t\t\t<div class=\"elementor-widget-container\">\n\t\t\t\t\t\t\t\t\t<p>Pokud jste platbu provedli p\u0159\u00edmo poskytovateli rezervace, nap\u0159. Booking.com, nem\u016f\u017eeme v\u00e1m s t\u00edm v hotelu bohu\u017eel pomoci. Obra\u0165te se pros\u00edm p\u0159\u00edmo na z\u00e1kaznick\u00fd servis poskytovatele, kter\u00e9mu d\u016fv\u011b\u0159ujete. <\/p>\t\t\t\t\t\t\t\t<\/div>\n\t\t\t\t<\/div>\n\t\t\t\t<\/div>\n\t\t\t\t<\/div>\n\t\t<div class=\"elementor-element elementor-element-e748aaa e-con-full e-flex e-con e-child\" data-id=\"e748aaa\" data-element_type=\"container\" data-e-type=\"container\" data-settings=\"{&quot;background_background&quot;:&quot;classic&quot;}\">\n\t\t<div class=\"elementor-element elementor-element-e33a19c e-con-full e-flex e-con e-child\" data-id=\"e33a19c\" data-element_type=\"container\" data-e-type=\"container\" data-settings=\"{&quot;background_background&quot;:&quot;classic&quot;}\">\n\t\t\t\t<div class=\"elementor-element elementor-element-db3f217 elementor-widget elementor-widget-heading\" data-id=\"db3f217\" data-element_type=\"widget\" data-e-type=\"widget\" data-widget_type=\"heading.default\">\n\t\t\t\t<div class=\"elementor-widget-container\">\n\t\t\t\t\t<span class=\"elementor-heading-title elementor-size-default\">Nechci vyu\u017e\u00edt online platbu,<br>ale zaplatit bankovn\u00edm p\u0159evodem.<\/span>\t\t\t\t<\/div>\n\t\t\t\t<\/div>\n\t\t\t\t<div class=\"elementor-element elementor-element-5c4c466 elementor-widget elementor-widget-text-editor\" data-id=\"5c4c466\" data-element_type=\"widget\" data-e-type=\"widget\" data-widget_type=\"text-editor.default\">\n\t\t\t\t<div class=\"elementor-widget-container\">\n\t\t\t\t\t\t\t\t\t<p>Svou cestu m\u016f\u017eete samoz\u0159ejm\u011b zaplatit i bankovn\u00edm p\u0159evodem. Sd\u011blte n\u00e1m pros\u00edm n\u00e1sleduj\u00edc\u00ed informace a my v\u00e1m e-mailem za\u0161leme na\u0161e bankovn\u00ed \u00fadaje. <\/p><p>Upozorn\u011bn\u00ed: P\u0159i platb\u011b online bude va\u0161e platba okam\u017eit\u011b za\u00fa\u010dtov\u00e1na a bude v\u00e1m zasl\u00e1no potvrzen\u00ed. Pokud zvol\u00edte \u201eklasick\u00fd\u201c p\u0159evod, trv\u00e1 zpracov\u00e1n\u00ed o n\u011bkolik dn\u00ed d\u00e9le. B\u011bhem t\u00e9to doby se m\u016f\u017ee st\u00e1t, \u017ee budete i nad\u00e1le dost\u00e1vat e-mailem upom\u00ednky k platb\u011b. Byli bychom v\u00e1m proto velmi vd\u011b\u010dni, pokud se rozhodnete pro v\u00fd\u0161e uvedenou online platbu \ud83d\ude42   <\/p>\t\t\t\t\t\t\t\t<\/div>\n\t\t\t\t<\/div>\n\t\t\t\t<div class=\"elementor-element elementor-element-f42f5d8 elementor-widget elementor-widget-wpforms\" data-id=\"f42f5d8\" data-element_type=\"widget\" data-e-type=\"widget\" data-widget_type=\"wpforms.default\">\n\t\t\t\t<div class=\"elementor-widget-container\">\n\t\t\t\t\t<style id=\"wpforms-css-vars-elementor-widget-f42f5d8\">\n\t\t\t\t.elementor-widget-wpforms.elementor-element-f42f5d8 {\n\t\t\t\t--wpforms-field-border-color: #bfbdc1;\n--wpforms-field-border-color-spare: #bfbdc1;\n--wpforms-field-text-color: #333135;\n--wpforms-label-color: #333135;\n--wpforms-label-sublabel-color: #807b84;\n--wpforms-label-error-color: #d63636;\n--wpforms-button-border-radius: 50px;\n--wpforms-button-background-color: #543362;\n--wpforms-button-border-color: #9864c0;\n--wpforms-button-text-color: #f5eff9;\n--wpforms-page-break-color: #9864c0;\n\t\t\t}\n\t\t\t<\/style><div class=\"wpforms-container wpforms-container-full wpforms-render-modern\" id=\"wpforms-626\"><form id=\"wpforms-form-626\" class=\"wpforms-validate wpforms-form wpforms-ajax-form\" data-formid=\"626\" method=\"post\" enctype=\"multipart\/form-data\" action=\"\/cs\/wp-json\/wp\/v2\/pages\/21666\" data-token=\"ae11a2017f64085270b2fa5ed7d9a7ff\" data-token-time=\"1775836882\"><noscript class=\"wpforms-error-noscript\">Chcete-li vyplnit tento formul\u00e1\u0159, pros\u00edm povolte v prohl\u00ed\u017ee\u010di JavaScript.<\/noscript><div id=\"wpforms-error-noscript\" style=\"display: none;\">Chcete-li vyplnit tento formul\u00e1\u0159, pros\u00edm povolte v prohl\u00ed\u017ee\u010di JavaScript.<\/div><div class=\"wpforms-field-container\"><div id=\"wpforms-626-field_0-container\" class=\"wpforms-field wpforms-field-name\" data-field-id=\"0\"><label class=\"wpforms-field-label\" for=\"wpforms-626-field_0\">P\u0159\u00edjmen\u00ed (na kter\u00e9 je rezervace) <span class=\"wpforms-required-label\" aria-hidden=\"true\">*<\/span><\/label><input type=\"text\" id=\"wpforms-626-field_0\" class=\"wpforms-field-large wpforms-field-required\" name=\"wpforms[fields][0]\" aria-errormessage=\"wpforms-626-field_0-error\" required><\/div><div id=\"wpforms-626-field_17-container\" class=\"wpforms-field wpforms-field-email\" data-field-id=\"17\"><label class=\"wpforms-field-label\" for=\"wpforms-626-field_17\">E-mailov\u00e1 adresa <span class=\"wpforms-required-label\" aria-hidden=\"true\">*<\/span><\/label><input type=\"email\" id=\"wpforms-626-field_17\" class=\"wpforms-field-large wpforms-field-required\" name=\"wpforms[fields][17]\" spellcheck=\"false\" aria-errormessage=\"wpforms-626-field_17-error\" required><\/div><div id=\"wpforms-626-field_12-container\" class=\"wpforms-field wpforms-field-date-time\" data-field-id=\"12\"><label class=\"wpforms-field-label\" for=\"wpforms-626-field_12\">Datum p\u0159\u00edjezdu <span class=\"wpforms-required-label\" aria-hidden=\"true\">*<\/span><\/label><div class=\"wpforms-datepicker-wrap\"><input type=\"text\" id=\"wpforms-626-field_12\" class=\"wpforms-field-date-time-date wpforms-datepicker wpforms-field-required wpforms-field-large\" data-date-format=\"m\/d\/Y\" data-disable-past-dates=\"0\" data-input=\"true\" name=\"wpforms[fields][12][date]\" aria-errormessage=\"wpforms-626-field_12-error\" required><a title=\"Clear Date\" data-clear role=\"button\" tabindex=\"0\" class=\"wpforms-datepicker-clear\" aria-label=\"Clear Date\" style=\"display:none;\"><\/a><\/div><\/div><div id=\"wpforms-626-field_13-container\" class=\"wpforms-field wpforms-field-radio\" data-field-id=\"13\"><fieldset><legend class=\"wpforms-field-label\">Rezervovan\u00fd hotel <span class=\"wpforms-required-label\" aria-hidden=\"true\">*<\/span><\/legend><ul id=\"wpforms-626-field_13\" class=\"wpforms-field-required\"><li class=\"choice-1 depth-1\"><input type=\"radio\" id=\"wpforms-626-field_13_1\" name=\"wpforms[fields][13]\" value=\"Hotel Zeitgeist Rathen by STEIGER Hotels\" aria-errormessage=\"wpforms-626-field_13_1-error\" required ><label class=\"wpforms-field-label-inline\" for=\"wpforms-626-field_13_1\">Hotel Zeitgeist Rathen by STEIGER Hotels<\/label><\/li><li class=\"choice-2 depth-1\"><input type=\"radio\" id=\"wpforms-626-field_13_2\" name=\"wpforms[fields][13]\" value=\"Hotel Rathener Hof by STEIGER Hotels\" aria-errormessage=\"wpforms-626-field_13_2-error\" required ><label class=\"wpforms-field-label-inline\" for=\"wpforms-626-field_13_2\">Hotel Rathener Hof by STEIGER Hotels<\/label><\/li><li class=\"choice-3 depth-1\"><input type=\"radio\" id=\"wpforms-626-field_13_3\" name=\"wpforms[fields][13]\" value=\"Parkhotel Hohnstein by STEIGER Hotels\" aria-errormessage=\"wpforms-626-field_13_3-error\" required ><label class=\"wpforms-field-label-inline\" for=\"wpforms-626-field_13_3\">Parkhotel Hohnstein by STEIGER Hotels<\/label><\/li><li class=\"choice-4 depth-1\"><input type=\"radio\" id=\"wpforms-626-field_13_4\" name=\"wpforms[fields][13]\" value=\"Apparthotel Bad Schandau by STEIGER Hotels\" aria-errormessage=\"wpforms-626-field_13_4-error\" required ><label class=\"wpforms-field-label-inline\" for=\"wpforms-626-field_13_4\">Apparthotel Bad Schandau by STEIGER Hotels<\/label><\/li><li class=\"choice-5 depth-1\"><input type=\"radio\" id=\"wpforms-626-field_13_5\" name=\"wpforms[fields][13]\" value=\"Hotel Landidyll Hinterhermsdorf by STEIGER Hotels\" aria-errormessage=\"wpforms-626-field_13_5-error\" required ><label class=\"wpforms-field-label-inline\" for=\"wpforms-626-field_13_5\">Hotel Landidyll Hinterhermsdorf by STEIGER Hotels<\/label><\/li><li class=\"choice-6 depth-1\"><input type=\"radio\" id=\"wpforms-626-field_13_6\" name=\"wpforms[fields][13]\" value=\"Hotel Sebnitzer Hof by STEIGER Hotels\" aria-errormessage=\"wpforms-626-field_13_6-error\" required ><label class=\"wpforms-field-label-inline\" for=\"wpforms-626-field_13_6\">Hotel Sebnitzer Hof by STEIGER Hotels<\/label><\/li><\/ul><\/fieldset><\/div><div id=\"wpforms-626-field_14-container\" class=\"wpforms-field wpforms-field-checkbox\" data-field-id=\"14\"><fieldset><legend class=\"wpforms-field-label\">Potvrzen\u00ed <span class=\"wpforms-required-label\" aria-hidden=\"true\">*<\/span><\/legend><ul id=\"wpforms-626-field_14\" class=\"wpforms-field-required\"><li class=\"choice-1 depth-1\"><input type=\"checkbox\" id=\"wpforms-626-field_14_1\" name=\"wpforms[fields][14][]\" value=\"Chci platit bankovn\u00edm p\u0159evodem\" aria-errormessage=\"wpforms-626-field_14_1-error\" aria-describedby=\"wpforms-626-field_14-description\" required ><label class=\"wpforms-field-label-inline\" for=\"wpforms-626-field_14_1\">Chci platit bankovn\u00edm p\u0159evodem<\/label><\/li><\/ul><div id=\"wpforms-626-field_14-description\" class=\"wpforms-field-description\">Po Va\u0161em potvrzen\u00ed V\u00e1m za\u0161leme na\u0161e bankovn\u00ed \u00fadaje e-mailem. Vezm\u011bte pros\u00edm na v\u011bdom\u00ed, \u017ee bankovn\u00ed p\u0159evod trv\u00e1 d\u00e9le ne\u017e p\u0159\u00edm\u00e1 online platba. Proto se m\u016f\u017ee st\u00e1t, \u017ee mezit\u00edm obdr\u017e\u00edte automatick\u00e9 upom\u00ednky k platb\u011b. Ty v takov\u00e9m p\u0159\u00edpad\u011b m\u016f\u017eete jednodu\u0161e ignorovat.   \n<\/div><\/fieldset><\/div><div id=\"wpforms-626-field_19-container\" class=\"wpforms-field wpforms-field-checkbox\" data-field-id=\"19\"><fieldset><legend class=\"wpforms-field-label wpforms-label-hide\" aria-hidden=\"false\">GDPR <span class=\"wpforms-required-label\" aria-hidden=\"true\">*<\/span><\/legend><ul id=\"wpforms-626-field_19\" class=\"wpforms-field-required\"><li class=\"choice-1 depth-1\"><input type=\"checkbox\" id=\"wpforms-626-field_19_1\" name=\"wpforms[fields][19][]\" value=\"Souhlas\u00edm s t\u00edm, aby m\u00e9 \u00fadaje z formul\u00e1\u0159e byly zpracov\u00e1ny pro vy\u0159\u00edzen\u00ed m\u00e9ho dotazu a pro p\u0159\u00edpadn\u00e9 n\u00e1sledn\u00e9 dotazy. Dal\u0161\u00ed informace naleznete v &lt;a href=&quot;https:\/\/steiger-hotels.com\/cs\/zasady-ochrany-osobnich-udaju\/&quot; target=&quot;_blank&quot; rel=&quot;noopener noreferrer&quot;&gt;Z\u00e1sad\u00e1ch ochrany osobn\u00edch \u00fadaj\u016f&lt;\/a&gt;. \" aria-errormessage=\"wpforms-626-field_19_1-error\" required ><label class=\"wpforms-field-label-inline\" for=\"wpforms-626-field_19_1\">Souhlas\u00edm s t\u00edm, aby m\u00e9 \u00fadaje z formul\u00e1\u0159e byly zpracov\u00e1ny pro vy\u0159\u00edzen\u00ed m\u00e9ho dotazu a pro p\u0159\u00edpadn\u00e9 n\u00e1sledn\u00e9 dotazy. Dal\u0161\u00ed informace naleznete v <a href=\"https:\/\/steiger-hotels.com\/cs\/zasady-ochrany-osobnich-udaju\/\" target=\"_blank\" rel=\"noopener noreferrer\">Z\u00e1sad\u00e1ch ochrany osobn\u00edch \u00fadaj\u016f<\/a>.<\/label><\/li><\/ul><\/fieldset><\/div><\/div><!-- .wpforms-field-container --><div class=\"wpforms-recaptcha-container wpforms-is-recaptcha wpforms-is-recaptcha-type-v3\" ><input type=\"hidden\" name=\"wpforms[recaptcha]\" value=\"\"><\/div><div class=\"wpforms-submit-container\" ><input type=\"hidden\" name=\"wpforms[id]\" value=\"626\"><input type=\"hidden\" name=\"page_title\" value=\"\"><input type=\"hidden\" name=\"page_url\" value=\"https:\/\/steiger-hotels.com\/cs\/wp-json\/wp\/v2\/pages\/21666\"><input type=\"hidden\" name=\"url_referer\" value=\"\"><button type=\"submit\" name=\"wpforms[submit]\" id=\"wpforms-submit-626\" class=\"wpforms-submit\" data-alt-text=\"D\u011bkujeme za Va\u0161i zpr\u00e1vu!\" data-submit-text=\"Odeslat\" aria-live=\"assertive\" value=\"wpforms-submit\">Odeslat<\/button><img decoding=\"async\" src=\"https:\/\/steiger-hotels.com\/wp-content\/plugins\/wpforms\/assets\/images\/submit-spin.svg\" class=\"wpforms-submit-spinner\" style=\"display: none;\" width=\"26\" height=\"26\" alt=\"Na\u010d\u00edt\u00e1n\u00ed\" title=\"\"><\/div><\/form><\/div>  <!-- .wpforms-container -->\t\t\t\t<\/div>\n\t\t\t\t<\/div>\n\t\t\t\t<\/div>\n\t\t<div class=\"elementor-element elementor-element-238e37f e-con-full e-flex e-con e-child\" data-id=\"238e37f\" data-element_type=\"container\" data-e-type=\"container\" data-settings=\"{&quot;background_background&quot;:&quot;classic&quot;}\">\n\t\t\t\t<div class=\"elementor-element elementor-element-1564deb elementor-widget elementor-widget-heading\" data-id=\"1564deb\" data-element_type=\"widget\" data-e-type=\"widget\" data-widget_type=\"heading.default\">\n\t\t\t\t<div class=\"elementor-widget-container\">\n\t\t\t\t\t<h2 class=\"elementor-heading-title elementor-size-default\">Pot\u0159ebuji fakturu.<\/h2>\t\t\t\t<\/div>\n\t\t\t\t<\/div>\n\t\t\t\t<div class=\"elementor-element elementor-element-9b54dd5 elementor-widget elementor-widget-text-editor\" data-id=\"9b54dd5\" data-element_type=\"widget\" data-e-type=\"widget\" data-widget_type=\"text-editor.default\">\n\t\t\t\t<div class=\"elementor-widget-container\">\n\t\t\t\t\t\t\t\t\t<p>Byli jste ji\u017e na\u0161\u00edm hostem a chyb\u00ed v\u00e1m hotelov\u00e1 faktura? R\u00e1di v\u00e1m doklad za\u0161leme e-mailem. Sd\u011blte n\u00e1m pros\u00edm n\u00e1sleduj\u00edc\u00ed informace:  <\/p>\t\t\t\t\t\t\t\t<\/div>\n\t\t\t\t<\/div>\n\t\t\t\t<div class=\"elementor-element elementor-element-e536836 elementor-widget elementor-widget-wpforms\" data-id=\"e536836\" data-element_type=\"widget\" data-e-type=\"widget\" data-widget_type=\"wpforms.default\">\n\t\t\t\t<div class=\"elementor-widget-container\">\n\t\t\t\t\t<style id=\"wpforms-css-vars-elementor-widget-e536836\">\n\t\t\t\t.elementor-widget-wpforms.elementor-element-e536836 {\n\t\t\t\t--wpforms-field-border-color: #bfbdc1;\n--wpforms-field-border-color-spare: #bfbdc1;\n--wpforms-field-text-color: #333135;\n--wpforms-label-color: #333135;\n--wpforms-label-sublabel-color: #807b84;\n--wpforms-label-error-color: #d63636;\n--wpforms-button-border-radius: 50px;\n--wpforms-button-background-color: #543362;\n--wpforms-button-border-color: #9864c0;\n--wpforms-button-text-color: #f5eff9;\n--wpforms-page-break-color: #9864c0;\n\t\t\t}\n\t\t\t<\/style><div class=\"wpforms-container wpforms-container-full wpforms-render-modern\" id=\"wpforms-600\"><form id=\"wpforms-form-600\" class=\"wpforms-validate wpforms-form wpforms-ajax-form\" data-formid=\"600\" method=\"post\" enctype=\"multipart\/form-data\" action=\"\/cs\/wp-json\/wp\/v2\/pages\/21666\" data-token=\"03223fd29281324e9926f68124a4af6c\" data-token-time=\"1775836882\"><noscript class=\"wpforms-error-noscript\">Chcete-li vyplnit tento formul\u00e1\u0159, pros\u00edm povolte v prohl\u00ed\u017ee\u010di JavaScript.<\/noscript><div id=\"wpforms-error-noscript\" style=\"display: none;\">Chcete-li vyplnit tento formul\u00e1\u0159, pros\u00edm povolte v prohl\u00ed\u017ee\u010di JavaScript.<\/div><div class=\"wpforms-field-container\"><div id=\"wpforms-600-field_1-container\" class=\"wpforms-field wpforms-field-name\" data-field-id=\"1\"><fieldset><legend class=\"wpforms-field-label\">Jm\u00e9no <span class=\"wpforms-required-label\" aria-hidden=\"true\">*<\/span><\/legend><div class=\"wpforms-field-row wpforms-field-large\"><div class=\"wpforms-field-row-block wpforms-first wpforms-one-half\"><input type=\"text\" id=\"wpforms-600-field_1\" class=\"wpforms-field-name-first wpforms-field-required\" name=\"wpforms[fields][1][first]\" aria-errormessage=\"wpforms-600-field_1-error\" required><label for=\"wpforms-600-field_1\" class=\"wpforms-field-sublabel after\">Jm\u00e9no<\/label><\/div><div class=\"wpforms-field-row-block wpforms-one-half\"><input type=\"text\" id=\"wpforms-600-field_1-last\" class=\"wpforms-field-name-last wpforms-field-required\" name=\"wpforms[fields][1][last]\" aria-errormessage=\"wpforms-600-field_1-last-error\" required><label for=\"wpforms-600-field_1-last\" class=\"wpforms-field-sublabel after\">P\u0159\u00edjmen\u00ed<\/label><\/div><\/div><\/fieldset><\/div><div id=\"wpforms-600-field_2-container\" class=\"wpforms-field wpforms-field-email\" data-field-id=\"2\"><label class=\"wpforms-field-label\" for=\"wpforms-600-field_2\">E-mailov\u00e1 adresa <span class=\"wpforms-required-label\" aria-hidden=\"true\">*<\/span><\/label><input type=\"email\" id=\"wpforms-600-field_2\" class=\"wpforms-field-large wpforms-field-required\" name=\"wpforms[fields][2]\" spellcheck=\"false\" aria-errormessage=\"wpforms-600-field_2-error\" required><\/div><div id=\"wpforms-600-field_3-container\" class=\"wpforms-field wpforms-field-textarea\" data-field-id=\"3\"><label class=\"wpforms-field-label\" for=\"wpforms-600-field_3\">Va\u0161e zpr\u00e1va t\u00fdmu \ud83d\udc9c<\/label><textarea id=\"wpforms-600-field_3\" class=\"wpforms-field-large\" name=\"wpforms[fields][3]\" aria-errormessage=\"wpforms-600-field_3-error\" ><\/textarea><\/div><div id=\"wpforms-600-field_8-container\" class=\"wpforms-field wpforms-field-checkbox\" data-field-id=\"8\"><fieldset><legend class=\"wpforms-field-label wpforms-label-hide\" aria-hidden=\"false\">Souhlas s GDPR <span class=\"wpforms-required-label\" aria-hidden=\"true\">*<\/span><\/legend><ul id=\"wpforms-600-field_8\" class=\"wpforms-field-required\"><li class=\"choice-1 depth-1\"><input type=\"checkbox\" id=\"wpforms-600-field_8_1\" name=\"wpforms[fields][8][]\" value=\"Souhlas\u00edm s t\u00edm, aby m\u00e9 \u00fadaje z formul\u00e1\u0159e byly zpracov\u00e1ny za \u00fa\u010delem vy\u0159\u00edzen\u00ed m\u00e9ho dotazu a pro p\u0159\u00edpadn\u00e9 dopl\u0148uj\u00edc\u00ed ot\u00e1zky. Dal\u0161\u00ed informace naleznu v &lt;a href=&quot;https:\/\/steiger-hotels.com\/cs\/zasady-ochrany-osobnich-udaju\/&quot; target=&quot;_blank&quot; rel=&quot;noopener noreferrer&quot;&gt;z\u00e1sad\u00e1ch ochrany osobn\u00edch \u00fadaj\u016f&lt;\/a&gt;. \" aria-errormessage=\"wpforms-600-field_8_1-error\" required ><label class=\"wpforms-field-label-inline\" for=\"wpforms-600-field_8_1\">Souhlas\u00edm s t\u00edm, aby m\u00e9 \u00fadaje z formul\u00e1\u0159e byly zpracov\u00e1ny za \u00fa\u010delem vy\u0159\u00edzen\u00ed m\u00e9ho dotazu a pro p\u0159\u00edpadn\u00e9 dopl\u0148uj\u00edc\u00ed ot\u00e1zky. Dal\u0161\u00ed informace naleznu v <a href=\"https:\/\/steiger-hotels.com\/cs\/zasady-ochrany-osobnich-udaju\/\" target=\"_blank\" rel=\"noopener noreferrer\">z\u00e1sad\u00e1ch ochrany osobn\u00edch \u00fadaj\u016f<\/a>.<\/label><\/li><\/ul><\/fieldset><\/div><\/div><!-- .wpforms-field-container --><div class=\"wpforms-recaptcha-container wpforms-is-recaptcha wpforms-is-recaptcha-type-v3\" ><input type=\"hidden\" name=\"wpforms[recaptcha]\" value=\"\"><\/div><div class=\"wpforms-submit-container\" ><input type=\"hidden\" name=\"wpforms[id]\" value=\"600\"><input type=\"hidden\" name=\"page_title\" value=\"\"><input type=\"hidden\" name=\"page_url\" value=\"https:\/\/steiger-hotels.com\/cs\/wp-json\/wp\/v2\/pages\/21666\"><input type=\"hidden\" name=\"url_referer\" value=\"\"><button type=\"submit\" name=\"wpforms[submit]\" id=\"wpforms-submit-600\" class=\"wpforms-submit\" data-alt-text=\"Odes\u00edl\u00e1 se\u2026\" data-submit-text=\"Odeslat\" aria-live=\"assertive\" value=\"wpforms-submit\">Odeslat<\/button><img decoding=\"async\" src=\"https:\/\/steiger-hotels.com\/wp-content\/plugins\/wpforms\/assets\/images\/submit-spin.svg\" class=\"wpforms-submit-spinner\" style=\"display: none;\" width=\"26\" height=\"26\" alt=\"Na\u010d\u00edt\u00e1n\u00ed\" title=\"\"><\/div><\/form><\/div>  <!-- .wpforms-container -->\t\t\t\t<\/div>\n\t\t\t\t<\/div>\n\t\t\t\t<\/div>\n\t\t\t\t<\/div>\n\t\t\t\t\t<\/div>\n\t\t\t\t<\/div>\n\t\t\t\t<\/div>\n\t\t","protected":false},"excerpt":{"rendered":"<p>Zp\u011bt na p\u0159ehled Platba a faktura M\u00e1m p\u0159\u00edmou rezervaci v hotelu \u2013 jak prob\u00edh\u00e1 platba? Va\u0161e cesta je splatn\u00e1 po uplynut\u00ed lh\u016fty pro bezplatn\u00e9 storno. K tomu od n\u00e1s obdr\u017e\u00edte e-mail s mnoha mo\u017enostmi online platby. Mo\u017enosti platby: Mastercard, Visa, Klarna, PayPal M\u00e1m rezervaci p\u0159es t\u0159et\u00ed stranu, jako je Booking.com, Check24 nebo Secret Escapes, a [&hellip;]<\/p>\n","protected":false},"author":1,"featured_media":0,"parent":18126,"menu_order":0,"comment_status":"closed","ping_status":"closed","template":"","meta":{"footnotes":""},"class_list":["post-21666","page","type-page","status-publish","hentry"],"_links":{"self":[{"href":"https:\/\/steiger-hotels.com\/cs\/wp-json\/wp\/v2\/pages\/21666","targetHints":{"allow":["GET"]}}],"collection":[{"href":"https:\/\/steiger-hotels.com\/cs\/wp-json\/wp\/v2\/pages"}],"about":[{"href":"https:\/\/steiger-hotels.com\/cs\/wp-json\/wp\/v2\/types\/page"}],"author":[{"embeddable":true,"href":"https:\/\/steiger-hotels.com\/cs\/wp-json\/wp\/v2\/users\/1"}],"replies":[{"embeddable":true,"href":"https:\/\/steiger-hotels.com\/cs\/wp-json\/wp\/v2\/comments?post=21666"}],"version-history":[{"count":18,"href":"https:\/\/steiger-hotels.com\/cs\/wp-json\/wp\/v2\/pages\/21666\/revisions"}],"predecessor-version":[{"id":22351,"href":"https:\/\/steiger-hotels.com\/cs\/wp-json\/wp\/v2\/pages\/21666\/revisions\/22351"}],"up":[{"embeddable":true,"href":"https:\/\/steiger-hotels.com\/cs\/wp-json\/wp\/v2\/pages\/18126"}],"wp:attachment":[{"href":"https:\/\/steiger-hotels.com\/cs\/wp-json\/wp\/v2\/media?parent=21666"}],"curies":[{"name":"wp","href":"https:\/\/api.w.org\/{rel}","templated":true}]}}