{"id":21583,"date":"2025-09-03T22:14:03","date_gmt":"2025-09-03T20:14:03","guid":{"rendered":"https:\/\/steiger-hotels.com\/kontakt\/kontakt-doplnkove-sluzby-a-domaci-mazlicci\/"},"modified":"2026-04-17T17:59:23","modified_gmt":"2026-04-17T15:59:23","slug":"kontakt-doplnkove-sluzby-a-domaci-mazlicci","status":"publish","type":"page","link":"https:\/\/steiger-hotels.com\/cs\/kontakt\/kontakt-doplnkove-sluzby-a-domaci-mazlicci\/","title":{"rendered":"Kontakt: Dopl\u0148kov\u00e9 slu\u017eby a dom\u00e1c\u00ed mazl\u00ed\u010dci"},"content":{"rendered":"\t\t<div data-elementor-type=\"wp-page\" data-elementor-id=\"21583\" class=\"elementor elementor-21583 elementor-16272\" data-elementor-post-type=\"page\">\n\t\t\t\t<div class=\"elementor-element elementor-element-47729d5 e-flex e-con-boxed e-con e-parent\" data-id=\"47729d5\" data-element_type=\"container\" data-e-type=\"container\" data-settings=\"{&quot;background_background&quot;:&quot;slideshow&quot;,&quot;background_slideshow_gallery&quot;:[{&quot;id&quot;:18123,&quot;url&quot;:&quot;https:\\\/\\\/steiger-hotels.com\\\/wp-content\\\/uploads\\\/2025\\\/09\\\/Blick-auf-die-Bastei-Bruecke-in-der-Saechsischen-Schweiz-scaled.jpg&quot;}],&quot;background_slideshow_slide_duration&quot;:3000,&quot;background_slideshow_loop&quot;:&quot;yes&quot;,&quot;background_slideshow_slide_transition&quot;:&quot;fade&quot;,&quot;background_slideshow_transition_duration&quot;:500}\">\n\t\t\t\t\t<div class=\"e-con-inner\">\n\t\t\t\t\t<\/div>\n\t\t\t\t<\/div>\n\t\t<div class=\"elementor-element elementor-element-230a32f e-flex e-con-boxed e-con e-parent\" data-id=\"230a32f\" data-element_type=\"container\" data-e-type=\"container\" data-settings=\"{&quot;background_background&quot;:&quot;classic&quot;}\">\n\t\t\t\t\t<div class=\"e-con-inner\">\n\t\t\t\t<div class=\"elementor-element elementor-element-169bb33 elementor-widget elementor-widget-button\" data-id=\"169bb33\" data-element_type=\"widget\" data-e-type=\"widget\" data-widget_type=\"button.default\">\n\t\t\t\t<div class=\"elementor-widget-container\">\n\t\t\t\t\t\t\t\t\t<div class=\"elementor-button-wrapper\">\n\t\t\t\t\t<a class=\"elementor-button elementor-button-link elementor-size-sm\" href=\"https:\/\/steiger-hotels.com\/cs\/kontakt\/\">\n\t\t\t\t\t\t<span class=\"elementor-button-content-wrapper\">\n\t\t\t\t\t\t<span class=\"elementor-button-icon\">\n\t\t\t\t<svg aria-hidden=\"true\" class=\"e-font-icon-svg e-fas-angle-double-left\" viewBox=\"0 0 448 512\" xmlns=\"http:\/\/www.w3.org\/2000\/svg\"><path d=\"M223.7 239l136-136c9.4-9.4 24.6-9.4 33.9 0l22.6 22.6c9.4 9.4 9.4 24.6 0 33.9L319.9 256l96.4 96.4c9.4 9.4 9.4 24.6 0 33.9L393.7 409c-9.4 9.4-24.6 9.4-33.9 0l-136-136c-9.5-9.4-9.5-24.6-.1-34zm-192 34l136 136c9.4 9.4 24.6 9.4 33.9 0l22.6-22.6c9.4-9.4 9.4-24.6 0-33.9L127.9 256l96.4-96.4c9.4-9.4 9.4-24.6 0-33.9L201.7 103c-9.4-9.4-24.6-9.4-33.9 0l-136 136c-9.5 9.4-9.5 24.6-.1 34z\"><\/path><\/svg>\t\t\t<\/span>\n\t\t\t\t\t\t\t\t\t<span class=\"elementor-button-text\">Zp\u011bt na p\u0159ehled<\/span>\n\t\t\t\t\t<\/span>\n\t\t\t\t\t<\/a>\n\t\t\t\t<\/div>\n\t\t\t\t\t\t\t\t<\/div>\n\t\t\t\t<\/div>\n\t\t\t\t\t<\/div>\n\t\t\t\t<\/div>\n\t\t<div class=\"elementor-element elementor-element-29a85f5 e-flex e-con-boxed e-con e-parent\" data-id=\"29a85f5\" data-element_type=\"container\" data-e-type=\"container\">\n\t\t\t\t\t<div class=\"e-con-inner\">\n\t\t<div class=\"elementor-element elementor-element-c0f9252 e-con-full e-flex e-con e-child\" data-id=\"c0f9252\" data-element_type=\"container\" data-e-type=\"container\">\n\t\t\t\t<div class=\"elementor-element elementor-element-8e6c50c elementor-widget elementor-widget-heading\" data-id=\"8e6c50c\" data-element_type=\"widget\" data-e-type=\"widget\" data-widget_type=\"heading.default\">\n\t\t\t\t<div class=\"elementor-widget-container\">\n\t\t\t\t\t<h2 class=\"elementor-heading-title elementor-size-default\"><a href=\"https:\/\/steiger-hotels.com\/cs\/obchod\/\">Upgradovat obchod<\/a><\/h2>\t\t\t\t<\/div>\n\t\t\t\t<\/div>\n\t\t\t\t<div class=\"elementor-element elementor-element-7aeb4ea elementor-widget elementor-widget-text-editor\" data-id=\"7aeb4ea\" data-element_type=\"widget\" data-e-type=\"widget\" data-widget_type=\"text-editor.default\">\n\t\t\t\t<div class=\"elementor-widget-container\">\n\t\t\t\t\t\t\t\t\t<p>Cestujete se psem, chcete si rezervovat speci\u00e1ln\u00ed narozeninov\u00e9 p\u0159ekvapen\u00ed nebo si sv\u016fj pobyt je\u0161t\u011b v\u00edce vylep\u0161it? N\u00e1\u0161 Upgrade Shop v\u00e1m nab\u00edz\u00ed v\u0161echny mo\u017enosti a okam\u017eit\u00e9 potvrzen\u00ed! <\/p>\t\t\t\t\t\t\t\t<\/div>\n\t\t\t\t<\/div>\n\t\t\t\t<div class=\"elementor-element elementor-element-75f5e47 elementor-widget elementor-widget-image\" data-id=\"75f5e47\" data-element_type=\"widget\" data-e-type=\"widget\" data-widget_type=\"image.default\">\n\t\t\t\t<div class=\"elementor-widget-container\">\n\t\t\t\t\t\t\t\t\t\t\t\t\t\t\t\t<a href=\"https:\/\/steiger-hotels.com\/cs\/obchod\/\">\n\t\t\t\t\t\t\t<img fetchpriority=\"high\" decoding=\"async\" width=\"528\" height=\"528\" src=\"https:\/\/steiger-hotels.com\/wp-content\/uploads\/2025\/10\/upgrades.svg\" class=\"elementor-animation-grow-rotate attachment-full size-full wp-image-21589\" alt=\"\" title=\"\">\t\t\t\t\t\t\t\t<\/a>\n\t\t\t\t\t\t\t\t\t\t\t\t\t\t\t<\/div>\n\t\t\t\t<\/div>\n\t\t\t\t<div class=\"elementor-element elementor-element-42eec77 elementor-align-center elementor-widget elementor-widget-button\" data-id=\"42eec77\" data-element_type=\"widget\" data-e-type=\"widget\" data-widget_type=\"button.default\">\n\t\t\t\t<div class=\"elementor-widget-container\">\n\t\t\t\t\t\t\t\t\t<div class=\"elementor-button-wrapper\">\n\t\t\t\t\t<a class=\"elementor-button elementor-button-link elementor-size-sm\" href=\"https:\/\/steiger-hotels.com\/cs\/obchod\/\">\n\t\t\t\t\t\t<span class=\"elementor-button-content-wrapper\">\n\t\t\t\t\t\t<span class=\"elementor-button-icon\">\n\t\t\t\t<svg aria-hidden=\"true\" class=\"e-font-icon-svg e-fas-angle-double-right\" viewBox=\"0 0 448 512\" xmlns=\"http:\/\/www.w3.org\/2000\/svg\"><path d=\"M224.3 273l-136 136c-9.4 9.4-24.6 9.4-33.9 0l-22.6-22.6c-9.4-9.4-9.4-24.6 0-33.9l96.4-96.4-96.4-96.4c-9.4-9.4-9.4-24.6 0-33.9L54.3 103c9.4-9.4 24.6-9.4 33.9 0l136 136c9.5 9.4 9.5 24.6.1 34zm192-34l-136-136c-9.4-9.4-24.6-9.4-33.9 0l-22.6 22.6c-9.4 9.4-9.4 24.6 0 33.9l96.4 96.4-96.4 96.4c-9.4 9.4-9.4 24.6 0 33.9l22.6 22.6c9.4 9.4 24.6 9.4 33.9 0l136-136c9.4-9.2 9.4-24.4 0-33.8z\"><\/path><\/svg>\t\t\t<\/span>\n\t\t\t\t\t\t\t\t\t<span class=\"elementor-button-text\">Do Upgrade Shopu a registrace ps\u016f<\/span>\n\t\t\t\t\t<\/span>\n\t\t\t\t\t<\/a>\n\t\t\t\t<\/div>\n\t\t\t\t\t\t\t\t<\/div>\n\t\t\t\t<\/div>\n\t\t\t\t<\/div>\n\t\t<div class=\"elementor-element elementor-element-5de17ed e-con-full e-flex e-con e-child\" data-id=\"5de17ed\" data-element_type=\"container\" data-e-type=\"container\">\n\t\t\t\t<div class=\"elementor-element elementor-element-352e9c5 elementor-widget elementor-widget-heading\" data-id=\"352e9c5\" data-element_type=\"widget\" data-e-type=\"widget\" data-widget_type=\"heading.default\">\n\t\t\t\t<div class=\"elementor-widget-container\">\n\t\t\t\t\t<h2 class=\"elementor-heading-title elementor-size-default\">Od narozenin a\u017e po bezlepkovou dietu: Postar\u00e1me se o v\u00e1s!<\/h2>\t\t\t\t<\/div>\n\t\t\t\t<\/div>\n\t\t\t\t<div class=\"elementor-element elementor-element-ad42538 elementor-widget__width-initial elementor-widget elementor-widget-wpforms\" data-id=\"ad42538\" data-element_type=\"widget\" data-e-type=\"widget\" data-widget_type=\"wpforms.default\">\n\t\t\t\t<div class=\"elementor-widget-container\">\n\t\t\t\t\t<style id=\"wpforms-css-vars-elementor-widget-ad42538\">\n\t\t\t\t.elementor-widget-wpforms.elementor-element-ad42538 {\n\t\t\t\t--wpforms-field-border-color: #bfbdc1;\n--wpforms-field-border-color-spare: #bfbdc1;\n--wpforms-field-text-color: #333135;\n--wpforms-label-color: #333135;\n--wpforms-label-sublabel-color: #807b84;\n--wpforms-label-error-color: #d63636;\n--wpforms-button-border-radius: 50px;\n--wpforms-button-background-color: #543362;\n--wpforms-button-border-color: #9864c0;\n--wpforms-button-text-color: #f5eff9;\n--wpforms-page-break-color: #9864c0;\n\t\t\t}\n\t\t\t<\/style><div class=\"wpforms-container wpforms-container-full wpforms-render-modern\" id=\"wpforms-624\"><form id=\"wpforms-form-624\" class=\"wpforms-validate wpforms-form wpforms-ajax-form\" data-formid=\"624\" method=\"post\" enctype=\"multipart\/form-data\" action=\"\/cs\/wp-json\/wp\/v2\/pages\/21583\" data-token=\"f3eadce52cd48e434efd345cbe415e93\" data-token-time=\"1776509434\"><noscript class=\"wpforms-error-noscript\">Chcete-li vyplnit tento formul\u00e1\u0159, pros\u00edm povolte v prohl\u00ed\u017ee\u010di JavaScript.<\/noscript><div id=\"wpforms-error-noscript\" style=\"display: none;\">Chcete-li vyplnit tento formul\u00e1\u0159, pros\u00edm povolte v prohl\u00ed\u017ee\u010di JavaScript.<\/div><div class=\"wpforms-field-container\"><div id=\"wpforms-624-field_0-container\" class=\"wpforms-field wpforms-field-name\" data-field-id=\"0\"><label class=\"wpforms-field-label\" for=\"wpforms-624-field_0\">P\u0159\u00edjmen\u00ed (na kter\u00e9 je rezervace vedena) <span class=\"wpforms-required-label\" aria-hidden=\"true\">*<\/span><\/label><input type=\"text\" id=\"wpforms-624-field_0\" class=\"wpforms-field-large wpforms-field-required\" name=\"wpforms[fields][0]\" aria-errormessage=\"wpforms-624-field_0-error\" required><\/div><div id=\"wpforms-624-field_17-container\" class=\"wpforms-field wpforms-field-email\" data-field-id=\"17\"><label class=\"wpforms-field-label\" for=\"wpforms-624-field_17\">E-mailov\u00e1 adresa <span class=\"wpforms-required-label\" aria-hidden=\"true\">*<\/span><\/label><input type=\"email\" id=\"wpforms-624-field_17\" class=\"wpforms-field-large wpforms-field-required\" name=\"wpforms[fields][17]\" spellcheck=\"false\" aria-errormessage=\"wpforms-624-field_17-error\" required><\/div><div id=\"wpforms-624-field_12-container\" class=\"wpforms-field wpforms-field-date-time\" data-field-id=\"12\"><label class=\"wpforms-field-label\" for=\"wpforms-624-field_12\">Datum p\u0159\u00edjezdu <span class=\"wpforms-required-label\" aria-hidden=\"true\">*<\/span><\/label><div class=\"wpforms-datepicker-wrap\"><input type=\"text\" id=\"wpforms-624-field_12\" class=\"wpforms-field-date-time-date wpforms-datepicker wpforms-field-required wpforms-field-large\" data-date-format=\"m\/d\/Y\" data-disable-past-dates=\"0\" data-input=\"true\" name=\"wpforms[fields][12][date]\" aria-errormessage=\"wpforms-624-field_12-error\" required><a title=\"Clear Date\" data-clear role=\"button\" tabindex=\"0\" class=\"wpforms-datepicker-clear\" aria-label=\"Clear Date\" style=\"display:none;\"><\/a><\/div><\/div><div id=\"wpforms-624-field_13-container\" class=\"wpforms-field wpforms-field-radio\" data-field-id=\"13\"><fieldset><legend class=\"wpforms-field-label\">Rezervovan\u00fd hotel <span class=\"wpforms-required-label\" aria-hidden=\"true\">*<\/span><\/legend><ul id=\"wpforms-624-field_13\" class=\"wpforms-field-required\"><li class=\"choice-1 depth-1\"><input type=\"radio\" id=\"wpforms-624-field_13_1\" name=\"wpforms[fields][13]\" value=\"Hotel Zeitgeist Rathen by STEIGER Hotels\" aria-errormessage=\"wpforms-624-field_13_1-error\" required ><label class=\"wpforms-field-label-inline\" for=\"wpforms-624-field_13_1\">Hotel Zeitgeist Rathen by STEIGER Hotels<\/label><\/li><li class=\"choice-2 depth-1\"><input type=\"radio\" id=\"wpforms-624-field_13_2\" name=\"wpforms[fields][13]\" value=\"Hotel Rathener Hof by STEIGER Hotels\" aria-errormessage=\"wpforms-624-field_13_2-error\" required ><label class=\"wpforms-field-label-inline\" for=\"wpforms-624-field_13_2\">Hotel Rathener Hof by STEIGER Hotels<\/label><\/li><li class=\"choice-3 depth-1\"><input type=\"radio\" id=\"wpforms-624-field_13_3\" name=\"wpforms[fields][13]\" value=\"Parkhotel Hohnstein by STEIGER Hotels\" aria-errormessage=\"wpforms-624-field_13_3-error\" required ><label class=\"wpforms-field-label-inline\" for=\"wpforms-624-field_13_3\">Parkhotel Hohnstein by STEIGER Hotels<\/label><\/li><li class=\"choice-4 depth-1\"><input type=\"radio\" id=\"wpforms-624-field_13_4\" name=\"wpforms[fields][13]\" value=\"Apparthotel Bad Schandau by STEIGER Hotels\" aria-errormessage=\"wpforms-624-field_13_4-error\" required ><label class=\"wpforms-field-label-inline\" for=\"wpforms-624-field_13_4\">Apparthotel Bad Schandau by STEIGER Hotels<\/label><\/li><li class=\"choice-5 depth-1\"><input type=\"radio\" id=\"wpforms-624-field_13_5\" name=\"wpforms[fields][13]\" value=\"Hotel Landidyll Hinterhermsdorf by STEIGER Hotels\" aria-errormessage=\"wpforms-624-field_13_5-error\" required ><label class=\"wpforms-field-label-inline\" for=\"wpforms-624-field_13_5\">Hotel Landidyll Hinterhermsdorf by STEIGER Hotels<\/label><\/li><li class=\"choice-6 depth-1\"><input type=\"radio\" id=\"wpforms-624-field_13_6\" name=\"wpforms[fields][13]\" value=\"Hotel Sebnitzer Hof by STEIGER Hotels\" aria-errormessage=\"wpforms-624-field_13_6-error\" required ><label class=\"wpforms-field-label-inline\" for=\"wpforms-624-field_13_6\">Hotel Sebnitzer Hof by STEIGER Hotels<\/label><\/li><\/ul><\/fieldset><\/div><div id=\"wpforms-624-field_19-container\" class=\"wpforms-field wpforms-field-radio\" data-field-id=\"19\"><fieldset><legend class=\"wpforms-field-label\">Dietn\u00ed po\u017eadavky <span class=\"wpforms-required-label\" aria-hidden=\"true\">*<\/span><\/legend><ul id=\"wpforms-624-field_19\" class=\"wpforms-field-required\"><li class=\"choice-1 depth-1\"><input type=\"radio\" id=\"wpforms-624-field_19_1\" name=\"wpforms[fields][19]\" value=\"vegansk\u00e9\" aria-errormessage=\"wpforms-624-field_19_1-error\" required ><label class=\"wpforms-field-label-inline\" for=\"wpforms-624-field_19_1\">vegansk\u00e9<\/label><\/li><li class=\"choice-2 depth-1\"><input type=\"radio\" id=\"wpforms-624-field_19_2\" name=\"wpforms[fields][19]\" value=\"bezlakt\u00f3zov\u00e9\" aria-errormessage=\"wpforms-624-field_19_2-error\" required ><label class=\"wpforms-field-label-inline\" for=\"wpforms-624-field_19_2\">bezlakt\u00f3zov\u00e9<\/label><\/li><li class=\"choice-3 depth-1\"><input type=\"radio\" id=\"wpforms-624-field_19_3\" name=\"wpforms[fields][19]\" value=\"bezlepkov\u00e9\" aria-errormessage=\"wpforms-624-field_19_3-error\" required ><label class=\"wpforms-field-label-inline\" for=\"wpforms-624-field_19_3\">bezlepkov\u00e9<\/label><\/li><li class=\"choice-4 depth-1\"><input type=\"radio\" id=\"wpforms-624-field_19_4\" name=\"wpforms[fields][19]\" value=\"vegetari\u00e1nsk\u00e9\" aria-errormessage=\"wpforms-624-field_19_4-error\" required ><label class=\"wpforms-field-label-inline\" for=\"wpforms-624-field_19_4\">vegetari\u00e1nsk\u00e9<\/label><\/li><\/ul><\/fieldset><\/div><div id=\"wpforms-624-field_18-container\" class=\"wpforms-field wpforms-field-textarea\" data-field-id=\"18\"><label class=\"wpforms-field-label\" for=\"wpforms-624-field_18\">Zvl\u00e1\u0161tn\u00ed p\u0159\u00edle\u017eitost<\/label><textarea id=\"wpforms-624-field_18\" class=\"wpforms-field-medium\" name=\"wpforms[fields][18]\" aria-errormessage=\"wpforms-624-field_18-error\" aria-describedby=\"wpforms-624-field_18-description\" ><\/textarea><div id=\"wpforms-624-field_18-description\" class=\"wpforms-field-description\">Slav\u00edte u n\u00e1s n\u011bco speci\u00e1ln\u00edho \u2013 nap\u0159\u00edklad narozeniny, v\u00fdro\u010d\u00ed nebo p\u0159ekvapen\u00ed? Pak n\u00e1m pros\u00edm sd\u011blte n\u011bkolik podrobnost\u00ed: Kdo slav\u00ed, co p\u0159esn\u011b je p\u0159\u00edle\u017eitost\u00ed a zda V\u00e1s m\u016f\u017eeme kontaktovat ohledn\u011b domluvy. Pokud jste si ji\u017e n\u011bco rezervovali v na\u0161em e-shopu, m\u016f\u017eete to sem klidn\u011b dopsat. Tak budeme p\u0159esn\u011b v\u011bd\u011bt, jak V\u00e1s nejl\u00e9pe podpo\u0159it \u2013 nebo zda si jen p\u0159ejete v klidu u\u017e\u00edvat.   <\/div><\/div><div id=\"wpforms-624-field_20-container\" class=\"wpforms-field wpforms-field-textarea\" data-field-id=\"20\"><label class=\"wpforms-field-label\" for=\"wpforms-624-field_20\">Dal\u0161\u00ed pokyny pro n\u00e1\u0161 t\u00fdm<\/label><textarea id=\"wpforms-624-field_20\" class=\"wpforms-field-medium\" name=\"wpforms[fields][20]\" aria-errormessage=\"wpforms-624-field_20-error\" ><\/textarea><\/div><div id=\"wpforms-624-field_22-container\" class=\"wpforms-field wpforms-field-checkbox\" data-field-id=\"22\"><fieldset><legend class=\"wpforms-field-label wpforms-label-hide\" aria-hidden=\"false\">GDPR <span class=\"wpforms-required-label\" aria-hidden=\"true\">*<\/span><\/legend><ul id=\"wpforms-624-field_22\" class=\"wpforms-field-required\"><li class=\"choice-1 depth-1\"><input type=\"checkbox\" id=\"wpforms-624-field_22_1\" name=\"wpforms[fields][22][]\" value=\"Souhlas\u00edm s t\u00edm, \u017ee m\u00e9 \u00fadaje z formul\u00e1\u0159e budou zpracov\u00e1ny pro vy\u0159\u00edzen\u00ed m\u00e9ho dotazu a pro p\u0159\u00edpadn\u00e9 n\u00e1sledn\u00e9 ot\u00e1zky. Dal\u0161\u00ed informace naleznete v &lt;a href=&quot;https:\/\/steiger-hotels.com\/cs\/zasady-ochrany-osobnich-udaju\/&quot; target=&quot;_blank&quot; rel=&quot;noopener noreferrer&quot;&gt;prohl\u00e1\u0161en\u00ed o ochran\u011b osobn\u00edch \u00fadaj\u016f&lt;\/a&gt;. \" aria-errormessage=\"wpforms-624-field_22_1-error\" required ><label class=\"wpforms-field-label-inline\" for=\"wpforms-624-field_22_1\">Souhlas\u00edm s t\u00edm, \u017ee m\u00e9 \u00fadaje z formul\u00e1\u0159e budou zpracov\u00e1ny pro vy\u0159\u00edzen\u00ed m\u00e9ho dotazu a pro p\u0159\u00edpadn\u00e9 n\u00e1sledn\u00e9 ot\u00e1zky. Dal\u0161\u00ed informace naleznete v <a href=\"https:\/\/steiger-hotels.com\/cs\/zasady-ochrany-osobnich-udaju\/\" target=\"_blank\" rel=\"noopener noreferrer\">prohl\u00e1\u0161en\u00ed o ochran\u011b osobn\u00edch \u00fadaj\u016f<\/a>.<\/label><\/li><\/ul><\/fieldset><\/div><\/div><!-- .wpforms-field-container --><div class=\"wpforms-recaptcha-container wpforms-is-recaptcha wpforms-is-recaptcha-type-v3\" ><input type=\"hidden\" name=\"wpforms[recaptcha]\" value=\"\"><\/div><div class=\"wpforms-submit-container\" ><input type=\"hidden\" name=\"wpforms[id]\" value=\"624\"><input type=\"hidden\" name=\"page_title\" value=\"\"><input type=\"hidden\" name=\"page_url\" value=\"https:\/\/steiger-hotels.com\/cs\/wp-json\/wp\/v2\/pages\/21583\"><input type=\"hidden\" name=\"url_referer\" value=\"\"><button type=\"submit\" name=\"wpforms[submit]\" id=\"wpforms-submit-624\" class=\"wpforms-submit\" data-alt-text=\"D\u011bkujeme za Va\u0161i zpr\u00e1vu!\" data-submit-text=\"Odeslat\" aria-live=\"assertive\" value=\"wpforms-submit\">Odeslat<\/button><img decoding=\"async\" src=\"https:\/\/steiger-hotels.com\/wp-content\/plugins\/wpforms\/assets\/images\/submit-spin.svg\" class=\"wpforms-submit-spinner\" style=\"display: none;\" width=\"26\" height=\"26\" alt=\"Na\u010d\u00edt\u00e1n\u00ed\" title=\"\"><\/div><\/form><\/div>  <!-- .wpforms-container -->\t\t\t\t<\/div>\n\t\t\t\t<\/div>\n\t\t\t\t<div class=\"elementor-element elementor-element-d4d17a3 elementor-widget elementor-widget-text-editor\" data-id=\"d4d17a3\" data-element_type=\"widget\" data-e-type=\"widget\" data-widget_type=\"text-editor.default\">\n\t\t\t\t<div class=\"elementor-widget-container\">\n\t\t\t\t\t\t\t\t\t<p>Je n\u011bco, co bychom m\u011bli v\u011bd\u011bt? Speci\u00e1ln\u00ed dietn\u00ed po\u017eadavky, narozeniny, alergie \u2013 dejte n\u00e1m zde jednodu\u0161e v\u011bd\u011bt a my pro v\u00e1s v\u0161e p\u0159iprav\u00edme! <\/p>\t\t\t\t\t\t\t\t<\/div>\n\t\t\t\t<\/div>\n\t\t\t\t<\/div>\n\t\t\t\t\t<\/div>\n\t\t\t\t<\/div>\n\t\t\t\t<\/div>\n\t\t","protected":false},"excerpt":{"rendered":"<p>Zp\u011bt na p\u0159ehled Upgradovat obchod Cestujete se psem, chcete si rezervovat speci\u00e1ln\u00ed narozeninov\u00e9 p\u0159ekvapen\u00ed nebo si sv\u016fj pobyt je\u0161t\u011b v\u00edce vylep\u0161it? N\u00e1\u0161 Upgrade Shop v\u00e1m nab\u00edz\u00ed v\u0161echny mo\u017enosti a okam\u017eit\u00e9 potvrzen\u00ed! Do Upgrade Shopu a registrace ps\u016f Od narozenin a\u017e po bezlepkovou dietu: Postar\u00e1me se o v\u00e1s! Bitte aktiviere JavaScript in deinem Browser, um dieses [&hellip;]<\/p>\n","protected":false},"author":1,"featured_media":0,"parent":18126,"menu_order":0,"comment_status":"closed","ping_status":"closed","template":"","meta":{"footnotes":""},"class_list":["post-21583","page","type-page","status-publish","hentry"],"_links":{"self":[{"href":"https:\/\/steiger-hotels.com\/cs\/wp-json\/wp\/v2\/pages\/21583","targetHints":{"allow":["GET"]}}],"collection":[{"href":"https:\/\/steiger-hotels.com\/cs\/wp-json\/wp\/v2\/pages"}],"about":[{"href":"https:\/\/steiger-hotels.com\/cs\/wp-json\/wp\/v2\/types\/page"}],"author":[{"embeddable":true,"href":"https:\/\/steiger-hotels.com\/cs\/wp-json\/wp\/v2\/users\/1"}],"replies":[{"embeddable":true,"href":"https:\/\/steiger-hotels.com\/cs\/wp-json\/wp\/v2\/comments?post=21583"}],"version-history":[{"count":43,"href":"https:\/\/steiger-hotels.com\/cs\/wp-json\/wp\/v2\/pages\/21583\/revisions"}],"predecessor-version":[{"id":22813,"href":"https:\/\/steiger-hotels.com\/cs\/wp-json\/wp\/v2\/pages\/21583\/revisions\/22813"}],"up":[{"embeddable":true,"href":"https:\/\/steiger-hotels.com\/cs\/wp-json\/wp\/v2\/pages\/18126"}],"wp:attachment":[{"href":"https:\/\/steiger-hotels.com\/cs\/wp-json\/wp\/v2\/media?parent=21583"}],"curies":[{"name":"wp","href":"https:\/\/api.w.org\/{rel}","templated":true}]}}