{"id":21487,"date":"2025-09-03T21:27:50","date_gmt":"2025-09-03T19:27:50","guid":{"rendered":"https:\/\/steiger-hotels.com\/kontakt\/kontakt-uplatneni-poukazu\/"},"modified":"2026-04-17T17:58:56","modified_gmt":"2026-04-17T15:58:56","slug":"kontakt-uplatneni-poukazu","status":"publish","type":"page","link":"https:\/\/steiger-hotels.com\/cs\/kontakt\/kontakt-uplatneni-poukazu\/","title":{"rendered":"Kontakt: Uplatn\u011bn\u00ed poukazu"},"content":{"rendered":"\t\t<div data-elementor-type=\"wp-page\" data-elementor-id=\"21487\" class=\"elementor elementor-21487 elementor-16267\" data-elementor-post-type=\"page\">\n\t\t\t\t<div class=\"elementor-element elementor-element-6e5b91b e-flex e-con-boxed e-con e-parent\" data-id=\"6e5b91b\" data-element_type=\"container\" data-e-type=\"container\" data-settings=\"{&quot;background_background&quot;:&quot;slideshow&quot;,&quot;background_slideshow_gallery&quot;:[{&quot;id&quot;:18123,&quot;url&quot;:&quot;https:\\\/\\\/steiger-hotels.com\\\/wp-content\\\/uploads\\\/2025\\\/09\\\/Blick-auf-die-Bastei-Bruecke-in-der-Saechsischen-Schweiz-scaled.jpg&quot;}],&quot;background_slideshow_slide_duration&quot;:3000,&quot;background_slideshow_loop&quot;:&quot;yes&quot;,&quot;background_slideshow_slide_transition&quot;:&quot;fade&quot;,&quot;background_slideshow_transition_duration&quot;:500}\">\n\t\t\t\t\t<div class=\"e-con-inner\">\n\t\t\t\t\t<\/div>\n\t\t\t\t<\/div>\n\t\t<div class=\"elementor-element elementor-element-26ee62a e-flex e-con-boxed e-con e-parent\" data-id=\"26ee62a\" data-element_type=\"container\" data-e-type=\"container\" data-settings=\"{&quot;background_background&quot;:&quot;classic&quot;}\">\n\t\t\t\t\t<div class=\"e-con-inner\">\n\t\t\t\t<div class=\"elementor-element elementor-element-3ef0ac4 elementor-widget elementor-widget-button\" data-id=\"3ef0ac4\" data-element_type=\"widget\" data-e-type=\"widget\" data-widget_type=\"button.default\">\n\t\t\t\t<div class=\"elementor-widget-container\">\n\t\t\t\t\t\t\t\t\t<div class=\"elementor-button-wrapper\">\n\t\t\t\t\t<a class=\"elementor-button elementor-button-link elementor-size-sm\" href=\"https:\/\/steiger-hotels.com\/cs\/kontakt\/\">\n\t\t\t\t\t\t<span class=\"elementor-button-content-wrapper\">\n\t\t\t\t\t\t<span class=\"elementor-button-icon\">\n\t\t\t\t<svg aria-hidden=\"true\" class=\"e-font-icon-svg e-fas-angle-double-left\" viewBox=\"0 0 448 512\" xmlns=\"http:\/\/www.w3.org\/2000\/svg\"><path d=\"M223.7 239l136-136c9.4-9.4 24.6-9.4 33.9 0l22.6 22.6c9.4 9.4 9.4 24.6 0 33.9L319.9 256l96.4 96.4c9.4 9.4 9.4 24.6 0 33.9L393.7 409c-9.4 9.4-24.6 9.4-33.9 0l-136-136c-9.5-9.4-9.5-24.6-.1-34zm-192 34l136 136c9.4 9.4 24.6 9.4 33.9 0l22.6-22.6c9.4-9.4 9.4-24.6 0-33.9L127.9 256l96.4-96.4c9.4-9.4 9.4-24.6 0-33.9L201.7 103c-9.4-9.4-24.6-9.4-33.9 0l-136 136c-9.5 9.4-9.5 24.6-.1 34z\"><\/path><\/svg>\t\t\t<\/span>\n\t\t\t\t\t\t\t\t\t<span class=\"elementor-button-text\">Zp\u011bt na p\u0159ehled<\/span>\n\t\t\t\t\t<\/span>\n\t\t\t\t\t<\/a>\n\t\t\t\t<\/div>\n\t\t\t\t\t\t\t\t<\/div>\n\t\t\t\t<\/div>\n\t\t\t\t\t<\/div>\n\t\t\t\t<\/div>\n\t\t<div class=\"elementor-element elementor-element-211eca5 e-flex e-con-boxed e-con e-parent\" data-id=\"211eca5\" data-element_type=\"container\" data-e-type=\"container\">\n\t\t\t\t\t<div class=\"e-con-inner\">\n\t\t<div class=\"elementor-element elementor-element-fd2fe67 e-con-full e-flex e-con e-child\" data-id=\"fd2fe67\" data-element_type=\"container\" data-e-type=\"container\">\n\t\t\t\t<div class=\"elementor-element elementor-element-1e5dfa7 elementor-widget elementor-widget-heading\" data-id=\"1e5dfa7\" data-element_type=\"widget\" data-e-type=\"widget\" data-widget_type=\"heading.default\">\n\t\t\t\t<div class=\"elementor-widget-container\">\n\t\t\t\t\t<h2 class=\"elementor-heading-title elementor-size-default\"><a href=\"https:\/\/steiger-hotels.com\/cs\/kontakt\/poukazy\/\">Koupit poukaz<\/a><\/h2>\t\t\t\t<\/div>\n\t\t\t\t<\/div>\n\t\t\t\t<div class=\"elementor-element elementor-element-e44990a elementor-widget elementor-widget-image\" data-id=\"e44990a\" data-element_type=\"widget\" data-e-type=\"widget\" data-widget_type=\"image.default\">\n\t\t\t\t<div class=\"elementor-widget-container\">\n\t\t\t\t\t\t\t\t\t\t\t\t\t\t\t\t<a href=\"https:\/\/steiger-hotels.com\/cs\/kontakt\/poukazy\/\">\n\t\t\t\t\t\t\t<img fetchpriority=\"high\" decoding=\"async\" width=\"800\" height=\"610\" src=\"https:\/\/steiger-hotels.com\/wp-content\/uploads\/2025\/10\/gutschein-steiger-hotels.png\" class=\"elementor-animation-grow-rotate attachment-large size-large wp-image-21490 has-transparency\" alt=\"\" srcset=\"https:\/\/steiger-hotels.com\/wp-content\/uploads\/2025\/10\/gutschein-steiger-hotels.png 996w, https:\/\/steiger-hotels.com\/wp-content\/uploads\/2025\/10\/gutschein-steiger-hotels-600x458.png 600w, https:\/\/steiger-hotels.com\/wp-content\/uploads\/2025\/10\/gutschein-steiger-hotels-768x586.png 768w\" sizes=\"(max-width: 800px) 100vw, 800px\" data-has-transparency=\"true\" data-dominant-color=\"241829\" style=\"--dominant-color: #241829\" title=\"\">\t\t\t\t\t\t\t\t<\/a>\n\t\t\t\t\t\t\t\t\t\t\t\t\t\t\t<\/div>\n\t\t\t\t<\/div>\n\t\t\t\t<div class=\"elementor-element elementor-element-ff2ba7c elementor-align-center elementor-widget elementor-widget-button\" data-id=\"ff2ba7c\" data-element_type=\"widget\" data-e-type=\"widget\" data-widget_type=\"button.default\">\n\t\t\t\t<div class=\"elementor-widget-container\">\n\t\t\t\t\t\t\t\t\t<div class=\"elementor-button-wrapper\">\n\t\t\t\t\t<a class=\"elementor-button elementor-button-link elementor-size-sm\" href=\"https:\/\/steiger-hotels.com\/cs\/kontakt\/poukazy\/\">\n\t\t\t\t\t\t<span class=\"elementor-button-content-wrapper\">\n\t\t\t\t\t\t<span class=\"elementor-button-icon\">\n\t\t\t\t<svg aria-hidden=\"true\" class=\"e-font-icon-svg e-fas-angle-double-left\" viewBox=\"0 0 448 512\" xmlns=\"http:\/\/www.w3.org\/2000\/svg\"><path d=\"M223.7 239l136-136c9.4-9.4 24.6-9.4 33.9 0l22.6 22.6c9.4 9.4 9.4 24.6 0 33.9L319.9 256l96.4 96.4c9.4 9.4 9.4 24.6 0 33.9L393.7 409c-9.4 9.4-24.6 9.4-33.9 0l-136-136c-9.5-9.4-9.5-24.6-.1-34zm-192 34l136 136c9.4 9.4 24.6 9.4 33.9 0l22.6-22.6c9.4-9.4 9.4-24.6 0-33.9L127.9 256l96.4-96.4c9.4-9.4 9.4-24.6 0-33.9L201.7 103c-9.4-9.4-24.6-9.4-33.9 0l-136 136c-9.5 9.4-9.5 24.6-.1 34z\"><\/path><\/svg>\t\t\t<\/span>\n\t\t\t\t\t\t\t\t\t<span class=\"elementor-button-text\">Do obchodu s poukazy a n\u00e1kup poukaz\u016f<\/span>\n\t\t\t\t\t<\/span>\n\t\t\t\t\t<\/a>\n\t\t\t\t<\/div>\n\t\t\t\t\t\t\t\t<\/div>\n\t\t\t\t<\/div>\n\t\t\t\t<\/div>\n\t\t<div class=\"elementor-element elementor-element-b7780a3 e-con-full e-flex e-con e-child\" data-id=\"b7780a3\" data-element_type=\"container\" data-e-type=\"container\">\n\t\t\t\t<div class=\"elementor-element elementor-element-5a90b5c elementor-widget elementor-widget-heading\" data-id=\"5a90b5c\" data-element_type=\"widget\" data-e-type=\"widget\" data-widget_type=\"heading.default\">\n\t\t\t\t<div class=\"elementor-widget-container\">\n\t\t\t\t\t<h2 class=\"elementor-heading-title elementor-size-default\">Uplatnit poukaz <\/h2>\t\t\t\t<\/div>\n\t\t\t\t<\/div>\n\t\t\t\t<div class=\"elementor-element elementor-element-0de0686 elementor-widget__width-initial elementor-widget elementor-widget-wpforms\" data-id=\"0de0686\" data-element_type=\"widget\" data-e-type=\"widget\" data-widget_type=\"wpforms.default\">\n\t\t\t\t<div class=\"elementor-widget-container\">\n\t\t\t\t\t<style id=\"wpforms-css-vars-elementor-widget-0de0686\">\n\t\t\t\t.elementor-widget-wpforms.elementor-element-0de0686 {\n\t\t\t\t--wpforms-field-border-color: #bfbdc1;\n--wpforms-field-border-color-spare: #bfbdc1;\n--wpforms-field-text-color: #333135;\n--wpforms-label-color: #333135;\n--wpforms-label-sublabel-color: #807b84;\n--wpforms-label-error-color: #d63636;\n--wpforms-button-border-radius: 50px;\n--wpforms-button-background-color: #543362;\n--wpforms-button-border-color: #9864c0;\n--wpforms-button-text-color: #f5eff9;\n--wpforms-page-break-color: #9864c0;\n\t\t\t}\n\t\t\t<\/style><div class=\"wpforms-container wpforms-container-full wpforms-render-modern\" id=\"wpforms-17163\"><form id=\"wpforms-form-17163\" class=\"wpforms-validate wpforms-form wpforms-ajax-form\" data-formid=\"17163\" method=\"post\" enctype=\"multipart\/form-data\" action=\"\/cs\/wp-json\/wp\/v2\/pages\/21487\" data-token=\"7308ff1af03e019aff338cd2871452a3\" data-token-time=\"1776502551\"><noscript class=\"wpforms-error-noscript\">Chcete-li vyplnit tento formul\u00e1\u0159, pros\u00edm povolte v prohl\u00ed\u017ee\u010di JavaScript.<\/noscript><div id=\"wpforms-error-noscript\" style=\"display: none;\">Chcete-li vyplnit tento formul\u00e1\u0159, pros\u00edm povolte v prohl\u00ed\u017ee\u010di JavaScript.<\/div><div class=\"wpforms-field-container\"><div id=\"wpforms-17163-field_8-container\" class=\"wpforms-field wpforms-field-number\" data-field-id=\"8\"><label class=\"wpforms-field-label\" for=\"wpforms-17163-field_8\">pokud je k dispozici: \u010d\u00edslo rezervace<\/label><input type=\"number\" id=\"wpforms-17163-field_8\" class=\"wpforms-field-large\" name=\"wpforms[fields][8]\" step=\"any\" aria-errormessage=\"wpforms-17163-field_8-error\" ><\/div><div id=\"wpforms-17163-field_1-container\" class=\"wpforms-field wpforms-field-name\" data-field-id=\"1\"><label class=\"wpforms-field-label\" for=\"wpforms-17163-field_1\">Jm\u00e9no <span class=\"wpforms-required-label\" aria-hidden=\"true\">*<\/span><\/label><input type=\"text\" id=\"wpforms-17163-field_1\" class=\"wpforms-field-large wpforms-field-required\" name=\"wpforms[fields][1]\" aria-errormessage=\"wpforms-17163-field_1-error\" required><\/div><div id=\"wpforms-17163-field_2-container\" class=\"wpforms-field wpforms-field-email\" data-field-id=\"2\"><label class=\"wpforms-field-label\" for=\"wpforms-17163-field_2\">E-mailov\u00e1 adresa <span class=\"wpforms-required-label\" aria-hidden=\"true\">*<\/span><\/label><input type=\"email\" id=\"wpforms-17163-field_2\" class=\"wpforms-field-large wpforms-field-required\" name=\"wpforms[fields][2]\" spellcheck=\"false\" aria-errormessage=\"wpforms-17163-field_2-error\" required><\/div>\t\t<div id=\"wpforms-17163-field_4-container\"\n\t\t\tclass=\"wpforms-field wpforms-field-text\"\n\t\t\tdata-field-type=\"text\"\n\t\t\tdata-field-id=\"4\"\n\t\t\t>\n\t\t\t<label class=\"wpforms-field-label\" for=\"wpforms-17163-field_4\" >fakturu Jm\u00e9no rezervaci<\/label>\n\t\t\t<input type=\"text\" id=\"wpforms-17163-field_4\" class=\"wpforms-field-medium\" name=\"wpforms[fields][4]\" >\n\t\t<\/div>\n\t\t<div id=\"wpforms-17163-field_11-container\" class=\"wpforms-field wpforms-field-radio wpforms-conditional-trigger\" data-field-id=\"11\"><fieldset><legend class=\"wpforms-field-label\">Co pro V\u00e1s m\u016f\u017eeme ud\u011blat? <span class=\"wpforms-required-label\" aria-hidden=\"true\">*<\/span><\/legend><ul id=\"wpforms-17163-field_11\" class=\"wpforms-field-required\"><li class=\"choice-1 depth-1 wpforms-selected\"><input type=\"radio\" id=\"wpforms-17163-field_11_1\" name=\"wpforms[fields][11]\" value=\"Ji\u017e m\u00e1m rezervaci a chci uplatnit poukaz.\" aria-errormessage=\"wpforms-17163-field_11_1-error\" required  checked='checked'><label class=\"wpforms-field-label-inline\" for=\"wpforms-17163-field_11_1\">Ji\u017e m\u00e1m rezervaci a chci uplatnit poukaz.<\/label><\/li><li class=\"choice-2 depth-1\"><input type=\"radio\" id=\"wpforms-17163-field_11_2\" name=\"wpforms[fields][11]\" value=\"Je\u0161t\u011b NEM\u00c1M rezervaci a chci uplatnit poukaz.\" aria-errormessage=\"wpforms-17163-field_11_2-error\" required ><label class=\"wpforms-field-label-inline\" for=\"wpforms-17163-field_11_2\">Je\u0161t\u011b NEM\u00c1M rezervaci a chci uplatnit poukaz.<\/label><\/li><li class=\"choice-4 depth-1\"><input type=\"radio\" id=\"wpforms-17163-field_11_4\" name=\"wpforms[fields][11]\" value=\"Obdr\u017eel(a) jsem fakturu a m\u016fj poukaz nebyl zohledn\u011bn.\" aria-errormessage=\"wpforms-17163-field_11_4-error\" required ><label class=\"wpforms-field-label-inline\" for=\"wpforms-17163-field_11_4\">Obdr\u017eel(a) jsem fakturu a m\u016fj poukaz nebyl zohledn\u011bn.<\/label><\/li><\/ul><\/fieldset><\/div><div id=\"wpforms-17163-field_3-container\" class=\"wpforms-field wpforms-field-textarea wpforms-conditional-field wpforms-conditional-show\" data-field-id=\"3\" style=\"display:none;\"><label class=\"wpforms-field-label\" for=\"wpforms-17163-field_3\">Ji\u017e m\u00e1m rezervaci a chci uplatnit poukaz. <span class=\"wpforms-required-label\" aria-hidden=\"true\">*<\/span><\/label><textarea id=\"wpforms-17163-field_3\" class=\"wpforms-field-medium wpforms-field-required\" name=\"wpforms[fields][3]\" placeholder=\"nov\u00e9, po\u017eadovan\u00e9 term\u00edny cesty &amp; zvolen\u00e1 mo\u017enost zru\u0161en\u00ed p\u0159i rezervaci\" aria-errormessage=\"wpforms-17163-field_3-error\" aria-describedby=\"wpforms-17163-field_3-description\" required><\/textarea><div id=\"wpforms-17163-field_3-description\" class=\"wpforms-field-description\">Uve\u010fte pros\u00edm \u00fadaje o sv\u00e9m poukazu (\u010d\u00edslo + datum platnosti), abychom mohli upravit Va\u0161i st\u00e1vaj\u00edc\u00ed rezervaci.<\/div><\/div><div id=\"wpforms-17163-field_12-container\" class=\"wpforms-field wpforms-field-textarea wpforms-conditional-field wpforms-conditional-show\" data-field-id=\"12\" style=\"display:none;\"><label class=\"wpforms-field-label\" for=\"wpforms-17163-field_12\">Je\u0161t\u011b NEM\u00c1M rezervaci a chci uplatnit poukaz. <span class=\"wpforms-required-label\" aria-hidden=\"true\">*<\/span><\/label><textarea id=\"wpforms-17163-field_12\" class=\"wpforms-field-medium wpforms-field-required\" name=\"wpforms[fields][12]\" placeholder=\"Chci si rezervovat dvoul\u016f\u017ekov\u00fd pokoj od ... do ... v hotelu ... a uplatnit sv\u016fj poukaz \u010d. ..... (platn\u00fd do xx\/xx). \" aria-errormessage=\"wpforms-17163-field_12-error\" aria-describedby=\"wpforms-17163-field_12-description\" required><\/textarea><div id=\"wpforms-17163-field_12-description\" class=\"wpforms-field-description\">Co od V\u00e1s pot\u0159ebujeme: po\u017eadovan\u00fd hotel, term\u00edn pobytu, kategorii pokoje &amp; \u010d\u00edslo poukazu + datum platnosti<\/div><\/div><div id=\"wpforms-17163-field_13-container\" class=\"wpforms-field wpforms-field-textarea wpforms-conditional-field wpforms-conditional-show\" data-field-id=\"13\" style=\"display:none;\"><label class=\"wpforms-field-label\" for=\"wpforms-17163-field_13\">Obdr\u017eel(a) jsem fakturu a m\u016fj poukaz nebyl zohledn\u011bn. <span class=\"wpforms-required-label\" aria-hidden=\"true\">*<\/span><\/label><textarea id=\"wpforms-17163-field_13\" class=\"wpforms-field-medium wpforms-field-required\" name=\"wpforms[fields][13]\" aria-errormessage=\"wpforms-17163-field_13-error\" aria-describedby=\"wpforms-17163-field_13-description\" required><\/textarea><div id=\"wpforms-17163-field_13-description\" class=\"wpforms-field-description\">Uve\u010fte pros\u00edm \u010d\u00edslo faktury a \u010d\u00edslo poukazu s datem platnosti, pot\u00e9 V\u00e1m za\u0161leme upravenou fakturu.<\/div><\/div><div id=\"wpforms-17163-field_16-container\" class=\"wpforms-field wpforms-field-checkbox\" data-field-id=\"16\"><fieldset><legend class=\"wpforms-field-label wpforms-label-hide\" aria-hidden=\"false\">gdpr <span class=\"wpforms-required-label\" aria-hidden=\"true\">*<\/span><\/legend><ul id=\"wpforms-17163-field_16\" class=\"wpforms-field-required\"><li class=\"choice-1 depth-1\"><input type=\"checkbox\" id=\"wpforms-17163-field_16_1\" name=\"wpforms[fields][16][]\" value=\"Souhlas\u00edm s t\u00edm, aby m\u00e9 \u00fadaje z formul\u00e1\u0159e byly zpracov\u00e1ny za \u00fa\u010delem vy\u0159\u00edzen\u00ed m\u00e9ho dotazu a pro p\u0159\u00edpadn\u00e9 n\u00e1sledn\u00e9 dotazy. Dal\u0161\u00ed informace naleznete v &lt;a href=&quot;https:\/\/steiger-hotels.com\/cs\/zasady-ochrany-osobnich-udaju\/&quot; target=&quot;_blank&quot; rel=&quot;noopener noreferrer&quot;&gt;Z\u00e1sad\u00e1ch ochrany osobn\u00edch \u00fadaj\u016f&lt;\/a&gt;. \" aria-errormessage=\"wpforms-17163-field_16_1-error\" required ><label class=\"wpforms-field-label-inline\" for=\"wpforms-17163-field_16_1\">Souhlas\u00edm s t\u00edm, aby m\u00e9 \u00fadaje z formul\u00e1\u0159e byly zpracov\u00e1ny za \u00fa\u010delem vy\u0159\u00edzen\u00ed m\u00e9ho dotazu a pro p\u0159\u00edpadn\u00e9 n\u00e1sledn\u00e9 dotazy. Dal\u0161\u00ed informace naleznete v <a href=\"https:\/\/steiger-hotels.com\/cs\/zasady-ochrany-osobnich-udaju\/\" target=\"_blank\" rel=\"noopener noreferrer\">Z\u00e1sad\u00e1ch ochrany osobn\u00edch \u00fadaj\u016f<\/a>.<\/label><\/li><\/ul><\/fieldset><\/div><script>\n\t\t\t\t( function() {\n\t\t\t\t\tconst style = document.createElement( 'style' );\n\t\t\t\t\tstyle.appendChild( document.createTextNode( '#wpforms-17163-field_4-container { position: absolute !important; overflow: hidden !important; display: inline !important; height: 1px !important; width: 1px !important; z-index: -1000 !important; padding: 0 !important; } #wpforms-17163-field_4-container input { visibility: hidden; } #wpforms-conversational-form-page #wpforms-17163-field_4-container label { counter-increment: none; }' ) );\n\t\t\t\t\tdocument.head.appendChild( style );\n\t\t\t\t\tdocument.currentScript?.remove();\n\t\t\t\t} )();\n\t\t\t<\/script><\/div><!-- .wpforms-field-container --><div class=\"wpforms-recaptcha-container wpforms-is-recaptcha wpforms-is-recaptcha-type-v3\" ><input type=\"hidden\" name=\"wpforms[recaptcha]\" value=\"\"><\/div><div class=\"wpforms-submit-container\" ><input type=\"hidden\" name=\"wpforms[id]\" value=\"17163\"><input type=\"hidden\" name=\"page_title\" value=\"\"><input type=\"hidden\" name=\"page_url\" value=\"https:\/\/steiger-hotels.com\/cs\/wp-json\/wp\/v2\/pages\/21487\"><input type=\"hidden\" name=\"url_referer\" value=\"\"><button type=\"submit\" name=\"wpforms[submit]\" id=\"wpforms-submit-17163\" class=\"wpforms-submit\" data-alt-text=\"Odes\u00edl\u00e1 se \u2026\" data-submit-text=\"Odeslat\" aria-live=\"assertive\" value=\"wpforms-submit\">Odeslat<\/button><img decoding=\"async\" src=\"https:\/\/steiger-hotels.com\/wp-content\/plugins\/wpforms\/assets\/images\/submit-spin.svg\" class=\"wpforms-submit-spinner\" style=\"display: none;\" width=\"26\" height=\"26\" alt=\"Na\u010d\u00edt\u00e1n\u00ed\" title=\"\"><\/div><\/form><\/div>  <!-- .wpforms-container -->\t\t\t\t<\/div>\n\t\t\t\t<\/div>\n\t\t\t\t<\/div>\n\t\t\t\t\t<\/div>\n\t\t\t\t<\/div>\n\t\t\t\t<\/div>\n\t\t","protected":false},"excerpt":{"rendered":"<p>Zp\u011bt na p\u0159ehled Koupit poukaz Do obchodu s poukazy a n\u00e1kup poukaz\u016f Uplatnit poukaz Bitte aktiviere JavaScript in deinem Browser, um dieses Formular fertigzustellen.Bitte aktiviere JavaScript in deinem Browser, um dieses Formular fertigzustellen.falls vorhanden: ReservierungsnummerName *E-Mail-Adresse * Was k\u00f6nnen wir f\u00fcr dich tun? * Ich habe schon eine Reservierung und m\u00f6chte einen Gutschein einl\u00f6sen. Ich [&hellip;]<\/p>\n","protected":false},"author":1,"featured_media":0,"parent":18126,"menu_order":0,"comment_status":"closed","ping_status":"closed","template":"","meta":{"footnotes":""},"class_list":["post-21487","page","type-page","status-publish","hentry"],"_links":{"self":[{"href":"https:\/\/steiger-hotels.com\/cs\/wp-json\/wp\/v2\/pages\/21487","targetHints":{"allow":["GET"]}}],"collection":[{"href":"https:\/\/steiger-hotels.com\/cs\/wp-json\/wp\/v2\/pages"}],"about":[{"href":"https:\/\/steiger-hotels.com\/cs\/wp-json\/wp\/v2\/types\/page"}],"author":[{"embeddable":true,"href":"https:\/\/steiger-hotels.com\/cs\/wp-json\/wp\/v2\/users\/1"}],"replies":[{"embeddable":true,"href":"https:\/\/steiger-hotels.com\/cs\/wp-json\/wp\/v2\/comments?post=21487"}],"version-history":[{"count":44,"href":"https:\/\/steiger-hotels.com\/cs\/wp-json\/wp\/v2\/pages\/21487\/revisions"}],"predecessor-version":[{"id":22812,"href":"https:\/\/steiger-hotels.com\/cs\/wp-json\/wp\/v2\/pages\/21487\/revisions\/22812"}],"up":[{"embeddable":true,"href":"https:\/\/steiger-hotels.com\/cs\/wp-json\/wp\/v2\/pages\/18126"}],"wp:attachment":[{"href":"https:\/\/steiger-hotels.com\/cs\/wp-json\/wp\/v2\/media?parent=21487"}],"curies":[{"name":"wp","href":"https:\/\/api.w.org\/{rel}","templated":true}]}}