{"id":19013,"date":"2025-09-03T22:35:27","date_gmt":"2025-09-03T20:35:27","guid":{"rendered":"https:\/\/steiger-hotels.com\/kontakt\/poukazy\/"},"modified":"2026-04-14T21:07:32","modified_gmt":"2026-04-14T19:07:32","slug":"poukazy","status":"publish","type":"page","link":"https:\/\/steiger-hotels.com\/cs\/kontakt\/poukazy\/","title":{"rendered":"Poukazy"},"content":{"rendered":"\t\t<div data-elementor-type=\"wp-page\" data-elementor-id=\"19013\" class=\"elementor elementor-19013 elementor-16384\" data-elementor-post-type=\"page\">\n\t\t\t\t<div class=\"elementor-element elementor-element-3cf9fc1 e-flex e-con-boxed e-con e-parent\" data-id=\"3cf9fc1\" data-element_type=\"container\" data-e-type=\"container\" data-settings=\"{&quot;background_background&quot;:&quot;slideshow&quot;,&quot;background_slideshow_gallery&quot;:[{&quot;id&quot;:18091,&quot;url&quot;:&quot;https:\\\/\\\/steiger-hotels.com\\\/wp-content\\\/uploads\\\/2025\\\/09\\\/Terrasse-Rathener-Hof-scaled.jpg&quot;},{&quot;id&quot;:18792,&quot;url&quot;:&quot;https:\\\/\\\/steiger-hotels.com\\\/wp-content\\\/uploads\\\/2025\\\/09\\\/BAU_SU-2024-06-24-69-scaled.jpg&quot;},{&quot;id&quot;:18799,&quot;url&quot;:&quot;https:\\\/\\\/steiger-hotels.com\\\/wp-content\\\/uploads\\\/2025\\\/09\\\/Landidyll-Restaurant-scaled.jpg&quot;},{&quot;id&quot;:18104,&quot;url&quot;:&quot;https:\\\/\\\/steiger-hotels.com\\\/wp-content\\\/uploads\\\/2025\\\/09\\\/Terrasse-Fluss-Rathener-Hof-scaled.jpg&quot;},{&quot;id&quot;:18793,&quot;url&quot;:&quot;https:\\\/\\\/steiger-hotels.com\\\/wp-content\\\/uploads\\\/2025\\\/09\\\/BAU_SU-2024-06-24-67-scaled.jpg&quot;},{&quot;id&quot;:18800,&quot;url&quot;:&quot;https:\\\/\\\/steiger-hotels.com\\\/wp-content\\\/uploads\\\/2025\\\/09\\\/DSC1204-1.jpg&quot;},{&quot;id&quot;:18801,&quot;url&quot;:&quot;https:\\\/\\\/steiger-hotels.com\\\/wp-content\\\/uploads\\\/2025\\\/09\\\/Landidyll-Wintergarten-scaled.jpg&quot;},{&quot;id&quot;:18791,&quot;url&quot;:&quot;https:\\\/\\\/steiger-hotels.com\\\/wp-content\\\/uploads\\\/2025\\\/09\\\/BAU_SU-2024-06-24-61-scaled.jpg&quot;},{&quot;id&quot;:18087,&quot;url&quot;:&quot;https:\\\/\\\/steiger-hotels.com\\\/wp-content\\\/uploads\\\/2025\\\/09\\\/Speisesaal-Rathener-Hof-scaled.jpg&quot;},{&quot;id&quot;:18508,&quot;url&quot;:&quot;https:\\\/\\\/steiger-hotels.com\\\/wp-content\\\/uploads\\\/2025\\\/09\\\/BAU_SU-2024-06-24-02-scaled.jpg&quot;},{&quot;id&quot;:18506,&quot;url&quot;:&quot;https:\\\/\\\/steiger-hotels.com\\\/wp-content\\\/uploads\\\/2025\\\/09\\\/BAU_SU-2024-06-24-64-scaled.jpg&quot;},{&quot;id&quot;:18048,&quot;url&quot;:&quot;https:\\\/\\\/steiger-hotels.com\\\/wp-content\\\/uploads\\\/2025\\\/09\\\/kleines-Doppelzimmer-Dachgeschoss-Steiger-Hotel-Zeitgeist-scaled.jpg&quot;},{&quot;id&quot;:18796,&quot;url&quot;:&quot;https:\\\/\\\/steiger-hotels.com\\\/wp-content\\\/uploads\\\/2025\\\/09\\\/Retusche-Steiger-SU-2023-07-30-10.jpg&quot;},{&quot;id&quot;:18050,&quot;url&quot;:&quot;https:\\\/\\\/steiger-hotels.com\\\/wp-content\\\/uploads\\\/2025\\\/09\\\/Parkhotel-Wintergarten-scaled.jpg&quot;},{&quot;id&quot;:18802,&quot;url&quot;:&quot;https:\\\/\\\/steiger-hotels.com\\\/wp-content\\\/uploads\\\/2025\\\/09\\\/Steiger_SU-2025-04-14-48-scaled.jpg&quot;},{&quot;id&quot;:18795,&quot;url&quot;:&quot;https:\\\/\\\/steiger-hotels.com\\\/wp-content\\\/uploads\\\/2025\\\/09\\\/Retusche-Steiger-SU-2023-07-30-12.jpg&quot;},{&quot;id&quot;:18803,&quot;url&quot;:&quot;https:\\\/\\\/steiger-hotels.com\\\/wp-content\\\/uploads\\\/2025\\\/09\\\/Steiger_SU-2025-04-14-02-scaled.jpg&quot;},{&quot;id&quot;:18804,&quot;url&quot;:&quot;https:\\\/\\\/steiger-hotels.com\\\/wp-content\\\/uploads\\\/2025\\\/09\\\/Steiger_SU-2025-04-14-05-scaled.jpg&quot;},{&quot;id&quot;:18794,&quot;url&quot;:&quot;https:\\\/\\\/steiger-hotels.com\\\/wp-content\\\/uploads\\\/2025\\\/09\\\/BAU_SU-2024-06-24-56-scaled.jpg&quot;},{&quot;id&quot;:18805,&quot;url&quot;:&quot;https:\\\/\\\/steiger-hotels.com\\\/wp-content\\\/uploads\\\/2025\\\/09\\\/Steiger_SU-2025-04-14-74-scaled.jpg&quot;}],&quot;background_slideshow_slide_duration&quot;:3000,&quot;background_slideshow_loop&quot;:&quot;yes&quot;,&quot;background_slideshow_slide_transition&quot;:&quot;fade&quot;,&quot;background_slideshow_transition_duration&quot;:500}\">\n\t\t\t\t\t<div class=\"e-con-inner\">\n\t\t\t\t\t<\/div>\n\t\t\t\t<\/div>\n\t\t<div class=\"elementor-element elementor-element-26ee62a e-flex e-con-boxed e-con e-parent\" data-id=\"26ee62a\" data-element_type=\"container\" data-e-type=\"container\" data-settings=\"{&quot;background_background&quot;:&quot;classic&quot;}\">\n\t\t\t\t\t<div class=\"e-con-inner\">\n\t\t\t\t<div class=\"elementor-element elementor-element-ff154d2 elementor-widget elementor-widget-heading\" data-id=\"ff154d2\" data-element_type=\"widget\" data-e-type=\"widget\" data-widget_type=\"heading.default\">\n\t\t\t\t<div class=\"elementor-widget-container\">\n\t\t\t\t\t<h1 class=\"elementor-heading-title elementor-size-default\">Objednat poukaz<\/h1>\t\t\t\t<\/div>\n\t\t\t\t<\/div>\n\t\t\t\t<div class=\"elementor-element elementor-element-c976cb0 elementor-widget elementor-widget-text-editor\" data-id=\"c976cb0\" data-element_type=\"widget\" data-e-type=\"widget\" data-widget_type=\"text-editor.default\">\n\t\t\t\t<div class=\"elementor-widget-container\">\n\t\t\t\t\t\t\t\t\t<p class=\"p1\">Chceme v\u00e1m to co nejv\u00edce usnadnit: Pro nej\u010dast\u011bj\u0161\u00ed dotazy a po\u017eadavky jsme p\u0159ipravili kr\u00e1tk\u00e9 formul\u00e1\u0159e. S nimi m\u016f\u017eete mnoho v\u011bc\u00ed vy\u0159\u00eddit sami za m\u00e9n\u011b ne\u017e 5 minut \u2013 zcela bez oklik p\u0159es podporu. <\/p><p class=\"p1\">A pokud pr\u00e1v\u011b p\u0159em\u00fd\u0161l\u00edte o sv\u00e9m p\u0159\u00ed\u0161t\u00edm pobytu: Na na\u0161ich webov\u00fdch str\u00e1nk\u00e1ch m\u016f\u017eete rezervovat p\u0159\u00edmo \u2013 tam v\u017edy najdete kompletn\u00ed p\u0159ehled dostupnosti v\u0161ech Steiger Hotels.<\/p>\t\t\t\t\t\t\t\t<\/div>\n\t\t\t\t<\/div>\n\t\t\t\t<div class=\"elementor-element elementor-element-53d1689 elementor-widget elementor-widget-html\" data-id=\"53d1689\" data-element_type=\"widget\" data-e-type=\"widget\" data-widget_type=\"html.default\">\n\t\t\t\t<div class=\"elementor-widget-container\">\n\t\t\t\t\t<iframe src=\"https:\/\/booking.sihot.com\/SIHOTWebVoucherSteiger\/client\/voucher?HN=2\" style=\"width:100%; height:900px; border:0; display:block;\"> <\/iframe>\t\t\t\t<\/div>\n\t\t\t\t<\/div>\n\t\t\t\t\t<\/div>\n\t\t\t\t<\/div>\n\t\t\t\t<\/div>\n\t\t","protected":false},"excerpt":{"rendered":"<p>Objednat poukaz Chceme v\u00e1m to co nejv\u00edce usnadnit: Pro nej\u010dast\u011bj\u0161\u00ed dotazy a po\u017eadavky jsme p\u0159ipravili kr\u00e1tk\u00e9 formul\u00e1\u0159e. S nimi m\u016f\u017eete mnoho v\u011bc\u00ed vy\u0159\u00eddit sami za m\u00e9n\u011b ne\u017e 5 minut \u2013 zcela bez oklik p\u0159es podporu. A pokud pr\u00e1v\u011b p\u0159em\u00fd\u0161l\u00edte o sv\u00e9m p\u0159\u00ed\u0161t\u00edm pobytu: Na na\u0161ich webov\u00fdch str\u00e1nk\u00e1ch m\u016f\u017eete rezervovat p\u0159\u00edmo \u2013 tam v\u017edy najdete kompletn\u00ed [&hellip;]<\/p>\n","protected":false},"author":1,"featured_media":0,"parent":18126,"menu_order":0,"comment_status":"closed","ping_status":"closed","template":"","meta":{"footnotes":""},"class_list":["post-19013","page","type-page","status-publish","hentry"],"_links":{"self":[{"href":"https:\/\/steiger-hotels.com\/cs\/wp-json\/wp\/v2\/pages\/19013","targetHints":{"allow":["GET"]}}],"collection":[{"href":"https:\/\/steiger-hotels.com\/cs\/wp-json\/wp\/v2\/pages"}],"about":[{"href":"https:\/\/steiger-hotels.com\/cs\/wp-json\/wp\/v2\/types\/page"}],"author":[{"embeddable":true,"href":"https:\/\/steiger-hotels.com\/cs\/wp-json\/wp\/v2\/users\/1"}],"replies":[{"embeddable":true,"href":"https:\/\/steiger-hotels.com\/cs\/wp-json\/wp\/v2\/comments?post=19013"}],"version-history":[{"count":2,"href":"https:\/\/steiger-hotels.com\/cs\/wp-json\/wp\/v2\/pages\/19013\/revisions"}],"predecessor-version":[{"id":19307,"href":"https:\/\/steiger-hotels.com\/cs\/wp-json\/wp\/v2\/pages\/19013\/revisions\/19307"}],"up":[{"embeddable":true,"href":"https:\/\/steiger-hotels.com\/cs\/wp-json\/wp\/v2\/pages\/18126"}],"wp:attachment":[{"href":"https:\/\/steiger-hotels.com\/cs\/wp-json\/wp\/v2\/media?parent=19013"}],"curies":[{"name":"wp","href":"https:\/\/api.w.org\/{rel}","templated":true}]}}