{"id":18412,"date":"2025-09-02T17:15:34","date_gmt":"2025-09-02T15:15:34","guid":{"rendered":"https:\/\/steiger-hotels.com\/impresum\/"},"modified":"2026-04-16T09:29:36","modified_gmt":"2026-04-16T07:29:36","slug":"impresum","status":"publish","type":"page","link":"https:\/\/steiger-hotels.com\/cs\/impresum\/","title":{"rendered":"Impresum"},"content":{"rendered":"\t\t<div data-elementor-type=\"wp-page\" data-elementor-id=\"18412\" class=\"elementor elementor-18412 elementor-737\" data-elementor-post-type=\"page\">\n\t\t\t\t<div class=\"elementor-element elementor-element-c6bd34a e-flex e-con-boxed e-con e-parent\" data-id=\"c6bd34a\" data-element_type=\"container\" data-e-type=\"container\">\n\t\t\t\t\t<div class=\"e-con-inner\">\n\t\t\t\t<div class=\"elementor-element elementor-element-15c3882 elementor-widget elementor-widget-heading\" data-id=\"15c3882\" data-element_type=\"widget\" data-e-type=\"widget\" data-widget_type=\"heading.default\">\n\t\t\t\t<div class=\"elementor-widget-container\">\n\t\t\t\t\t<h1 class=\"elementor-heading-title elementor-size-default\">Impresum<\/h1>\t\t\t\t<\/div>\n\t\t\t\t<\/div>\n\t\t\t\t<div class=\"elementor-element elementor-element-091fe04 elementor-widget elementor-widget-heading\" data-id=\"091fe04\" data-element_type=\"widget\" data-e-type=\"widget\" data-widget_type=\"heading.default\">\n\t\t\t\t<div class=\"elementor-widget-container\">\n\t\t\t\t\t<h3 class=\"elementor-heading-title elementor-size-default\">Provozovatel webov\u00fdch str\u00e1nek \/ Poskytovatel\n\u00dadaje podle \u00a7 5 TMG:<\/h3>\t\t\t\t<\/div>\n\t\t\t\t<\/div>\n\t\t\t\t\t<\/div>\n\t\t\t\t<\/div>\n\t\t<div class=\"elementor-element elementor-element-4f029e0 e-flex e-con-boxed e-con e-parent\" data-id=\"4f029e0\" data-element_type=\"container\" data-e-type=\"container\">\n\t\t\t\t\t<div class=\"e-con-inner\">\n\t\t\t\t<div class=\"elementor-element elementor-element-7a784d8 elementor-widget elementor-widget-text-editor\" data-id=\"7a784d8\" data-element_type=\"widget\" data-e-type=\"widget\" data-widget_type=\"text-editor.default\">\n\t\t\t\t<div class=\"elementor-widget-container\">\n\t\t\t\t\t\t\t\t\t<div class=\"elementor-element elementor-element-89f5f5c elementor-widget elementor-widget-text-editor\" data-id=\"89f5f5c\" data-element_type=\"widget\" data-widget_type=\"text-editor.default\"><div class=\"elementor-widget-container\"><h5>PROVOZOVATEL STR\u00c1NEK<\/h5><p>Margaux Steiger<\/p><h5>ODPOV\u011aDN\u00cd REDAKTO\u0158I<\/h5><p>Margaux Steiger<\/p><\/div><\/div><div class=\"elementor-element elementor-element-3e12910 elementor-widget elementor-widget-text-editor\" data-id=\"3e12910\" data-element_type=\"widget\" data-widget_type=\"text-editor.default\"><div class=\"elementor-widget-container\"><h5>FINAN\u010cN\u00cd PROST\u0158EDKY<\/h5><p>Z Evropsk\u00e9ho fondu pro region\u00e1ln\u00ed rozvoj EFRE \/ ESF jsme obdr\u017eeli finan\u010dn\u00ed prost\u0159edky (E-Business\/Veletrhy &amp; Zahrani\u010dn\u00ed obchod). <br> <\/p><h5>Pro na\u0161e stavebn\u00ed projekty:<\/h5><p>Parkhotel Steiger Hohnstein \/ Apparthotel Steiger Bad Schandau \/ Hotel Landidyll Steiger jsme obdr\u017eeli finan\u010dn\u00ed prost\u0159edky Svobodn\u00e9ho st\u00e1tu Sasko. Tyto opat\u0159en\u00ed jsou spolufinancov\u00e1ny z da\u0148ov\u00fdch prost\u0159edk\u016f na z\u00e1klad\u011b rozpo\u010dtu schv\u00e1len\u00e9ho Sask\u00fdm zemsk\u00fdm sn\u011bmem <\/p><\/div><\/div><div class=\"elementor-element elementor-element-8fe4768 elementor-widget elementor-widget-text-editor\" data-id=\"8fe4768\" data-element_type=\"widget\" data-widget_type=\"text-editor.default\"><div class=\"elementor-widget-container\"><div class=\"elementor-element elementor-element-4affa14 elementor-widget elementor-widget-text-editor\" data-id=\"4affa14\" data-element_type=\"widget\" data-widget_type=\"text-editor.default\"><div class=\"elementor-widget-container\"><h5>Toto impresum plat\u00ed tak\u00e9 pro n\u00e1sleduj\u00edc\u00ed online prezentace:<\/h5><div><p><a href=\"https:\/\/www.steiger-hotels.com\/\" target=\"_blank\" rel=\"noopener\">www.Steiger-Hotels.com<\/a><\/p><p><a href=\"http:\/\/www.dein-hotelassistent.de\/\" target=\"_blank\" rel=\"noopener\">www.Dein-Hotelassistent.de<\/a> <\/p><\/div><div><a href=\"https:\/\/www.instagram.com\/steiger_hotels\/\" target=\"_blank\" rel=\"noopener\">Instagram: STEIGER HOTELS (@steiger_hotels)<\/a><\/div><div>  <a href=\"https:\/\/www.facebook.com\/steigerhotels\/\" target=\"_blank\" rel=\"noopener\">Steiger Hotels Sask\u00e9 \u0160v\u00fdcarsko | Facebook<\/a><\/div><div><p><a href=\"https:\/\/www.sebnitzer-hof.de\/\" target=\"_blank\" rel=\"noreferrer noopener\">www.Sebnitzer-Hof.de<\/a><\/p><p><a href=\"http:\/\/www.apparthotel-bad-schandau.de\/\" data-type=\"URL\" data-id=\"www.apparthotel-bad-schandau.de\" target=\"_blank\" rel=\"noopener\">www.apparthotel-bad-schandau.de<\/a><\/p><p><a href=\"http:\/\/www.parkhotel-hohnstein.de\/\" target=\"_blank\" rel=\"noreferrer noopener\">www.Parkhotel-Hohnstein.de<\/a><\/p><p><a href=\"http:\/\/www.elbiente.de\/\" target=\"_blank\" rel=\"noopener\">www.elbiente.de<\/a><\/p><p><a href=\"http:\/\/www.hotel-elbiente.de\/\" target=\"_blank\" rel=\"noopener\">www.hotel-elbiente.de<\/a><\/p><p><a href=\"http:\/\/www.hotelelbiente.de\/\" target=\"_blank\" rel=\"noopener\">www.hotelelbiente.de<\/a><\/p><p><a href=\"http:\/\/www.hotelelbschloesschen.de\/\" target=\"_blank\" rel=\"noopener\">www.hotelelbschloesschen.de<\/a><\/p><\/div><\/div><\/div><div class=\"elementor-element elementor-element-1c40b53 elementor-widget elementor-widget-text-editor\" data-id=\"1c40b53\" data-element_type=\"widget\" data-widget_type=\"text-editor.default\"><div class=\"elementor-widget-container\"><h4>Adresa<strong> &amp; Kontakt Pr\u00e1vn\u00ed \u00fadaje<\/strong><\/h4><p><strong>STEIGER HOTELS S\u00c4CHSISCHE SCHWEIZ<br><\/strong>registrovan\u00e1 zna\u010dka<\/p><p><strong>Steiger Hotels e.K.<\/strong><\/p><p><strong>Majitelka: Margaux Paulin Steiger <\/strong><\/p><p><strong>Markt 13 \/ 01855 Sebnitz<\/strong><br>Tel +49 (0)35971 \u2013 9010<br>E-mail: info@steiger-hotels.de<br>DI\u010c: DE296961471, Da\u0148ov\u00e9 \u010d\u00edslo: 210\/277\/04872 <\/p><p>Obchodn\u00ed rejst\u0159\u00edk Dr\u00e1\u017e\u010fany, HRA4736 <\/p><p><b>s n\u00e1sleduj\u00edc\u00edmi provozovnami:<br><\/b><\/p><p><b>Steiger Hotel Sebnitzer Hof<\/b><\/p><p>Markt 13 \u2013 01855 Sebnitz<\/p><p><strong>Parkhotel Steiger Hohnstein<\/strong><\/p><p>Waldstr. 26 \u2013 01848 Hohnstein <\/p><p><strong>Apparthotel Steiger Bad Schandau<\/strong><\/p><p>Majitelka: Margaux Paulin Steiger<br>Elbstr. 6 \u2013 01814 Bad Schandau  <\/p><p> <strong> <br>Hotel Landidyll Steiger Hinterhermsdorf<\/strong><br>Schandauer Str. 1 <\/p><p>01855 Sebnitz OT Hinterhermsdorf <\/p><p><strong>Hotel Steiger Rathener Hof<\/strong><br>Wehlener Weg 1<br>01824 Kurort Rathen <\/p><p><strong>Hotel Steiger Elbschl\u00f6sschen<\/strong><br>Kotte Steig 5<br>01824 Kurort Rathen <\/p><p><strong>P\u0159\u00edslu\u0161n\u00fd dozorov\u00fd \u00fa\u0159ad:<\/strong><br>Landesdirektion Dresden, PF 1000653, 01076 Dresden <\/p><p><strong>KLASIFIKACE Na\u0161e hotely jsou ofici\u00e1ln\u011b klasifikov\u00e1ny organizac\u00ed DEHOGA 4****.<br><\/strong>Doklad obdr\u017e\u00edte na vy\u017e\u00e1d\u00e1n\u00ed.<\/p><\/div><\/div><\/div><\/div>\t\t\t\t\t\t\t\t<\/div>\n\t\t\t\t<\/div>\n\t\t\t\t\t<\/div>\n\t\t\t\t<\/div>\n\t\t<div class=\"elementor-element elementor-element-57528b4 e-flex e-con-boxed e-con e-parent\" data-id=\"57528b4\" data-element_type=\"container\" data-e-type=\"container\">\n\t\t\t\t\t<div class=\"e-con-inner\">\n\t\t\t\t<div class=\"elementor-element elementor-element-486094f elementor-widget elementor-widget-text-editor\" data-id=\"486094f\" data-element_type=\"widget\" data-e-type=\"widget\" data-widget_type=\"text-editor.default\">\n\t\t\t\t<div class=\"elementor-widget-container\">\n\t\t\t\t\t\t\t\t\t<div class=\"elementor-element elementor-element-89f5f5c elementor-widget elementor-widget-text-editor\" data-id=\"89f5f5c\" data-element_type=\"widget\" data-widget_type=\"text-editor.default\"><div class=\"elementor-widget-container\"><h5>Zdroje obr\u00e1zk\u016f<\/h5><p>Podstr\u00e1nka: Poukazy: \u00a9 StockMediaProduction \/ Adobe Stock (<a href=\"https:\/\/stock.adobe.com\/de\/video\/funny-red-kitten-unpacks-gifts-looks-into-the-box\/510757437\" target=\"_blank\" rel=\"noopener\">Funny red kitten unpacks gifts, looks into the box Stock-Video | Adobe Stock<\/a>)<\/p><p>\u00davodn\u00ed str\u00e1nka: \u00davodn\u00ed video: \u00a9 LangFilms \/ Adobe Stock (<a href=\"https:\/\/stock.adobe.com\/de\/video\/saxon-switzerland-sachsische-schweiz-germany-aerial-view-by-day-beautiful-tourist-destination-and-attraction-from-above-4k-drone-fall-2021-original-4k\/514660205\" target=\"_blank\" rel=\"noopener\">SAXON SWITZERLAND, S\u00e4chsische Schweiz, GERMANY. Aerial View by day. Beautiful tourist destination and attraction from above. 4K drone. (Fall 2021, Original 4K) Stock-Video | Adobe Stock     <\/a>)<\/p><p>\u00davodn\u00ed str\u00e1nka: \u00davodn\u00ed video: \u00a9 Sunny studio \/ Adobe Stock (<a href=\"https:\/\/stock.adobe.com\/de\/video\/happy-child-having-fun-on-summer-vacation-slow-motion-4k\/478094601\" target=\"_blank\" rel=\"noopener\">Happy child having fun on summer vacation. Slow motion 4K Stock-Video | Adobe Stock <\/a>)<\/p><p>\u00davodn\u00ed str\u00e1nka: \u00davodn\u00ed video: \u00a9 Bettencourt\/peopleimages.com \/ Adobe Stock (<a href=\"https:\/\/stock.adobe.com\/de\/video\/hiking-high-five-and-couple-hug-in-in-a-forest-for-fitness-travel-and-freedom-celebration-in-nature-backpacking-success-and-people-with-hands-together-for-victory-achievement-or-jungle-milestone\/634950271\" target=\"_blank\" rel=\"noopener\">Hiking, high five and couple hug in in a forest for fitness, travel and freedom celebration in nature. Backpacking, success and people with hands together for victory, achievement or jungle milestone Stock-Video | Adobe Stock <\/a>)<\/p><p>Podstr\u00e1nka: Udr\u017eitelnost: \u00davodn\u00ed video \u00a9 Elizaveta \/ Adobe Stock (<a href=\"https:\/\/stock.adobe.com\/de\/video\/sportsman-volunteer-collect-trash-in-trash-bag-in-a-national-park-during-workout-training-on-mountain-biking-csr-activities-environmental-problems-pollution-and-plastic-recycling-forest-cleaning\/459364171\" target=\"_blank\" rel=\"noopener\">Sportsman volunteer collect trash in trash bag in a national park during workout training on mountain biking. CSR activities, environmental problems, pollution and plastic recycling. Forest cleaning. Stock-Video | Adobe Stock   <\/a>)<\/p><p>Hotelov\u00e9 podstr\u00e1nky: \u00a9 Studio Romantic \/ Adobe Stock (<a href=\"https:\/\/stock.adobe.com\/de\/images\/studio-shot-of-funny-ginger-man-in-striped-swimsuit-sun-glasses-and-orange-inflatable-ring-pointing-at-blank-empty-copy-space-background-on-right-side-summer-holiday-fun-sale-discount-concept\/586640631\" target=\"_blank\" rel=\"noopener\">Studio shot of funny ginger man in striped swimsuit, sun glasses and orange inflatable ring pointing at blank empty copy space background on right side. Summer holiday, fun, sale, discount concept Stock-Foto | Adobe Stock <\/a>)<\/p><p>\u00davodn\u00ed str\u00e1nka: Kontakt, Podstr\u00e1nka: Kontakt \u00a9 Steven \/ Adobe Stock (<a href=\"https:\/\/stock.adobe.com\/de\/images\/llama-head-dont-call-me-ned\/427096334\" target=\"_blank\" rel=\"noopener\">Llama head, dont call me Ned Stock-Foto | Adobe Stock<\/a>)<\/p><p>Landydill \u00a9 Robert Ahner \/ Adobe Stock (<a href=\"https:\/\/stock.adobe.com\/de\/images\/bootsfahrt-auf-der-oberen-schleuse-bei-hinterhermsdorf-in-der-sachsischen-schweiz\/626666298\" target=\"_blank\" rel=\"noopener\">Bootsfahrt auf der Oberen Schleuse bei Hinterhermsdorf in der S\u00e4chsischen Schweiz Stock-Foto | Adobe Stock<\/a>)<\/p><p>Hotelov\u00e9 podstr\u00e1nky: Tipy na v\u00fdlety \u00a9 JenkoAtaman \/ Adobe Stock (<a href=\"https:\/\/stock.adobe.com\/de\/images\/happy-family-mother-and-children-with-backpacks-went-hiking-in-forest\/528303572\" target=\"_blank\" rel=\"noopener\">happy family mother and children with backpacks went hiking in forest Stock-Foto | Adobe Stock<\/a>)<\/p><p>Hotelov\u00e9 podstr\u00e1nky: Tipy na v\u00fdlety \u00a9 stockphoto-graf \/ Adobe Stock (<a href=\"https:\/\/stock.adobe.com\/de\/images\/group-of-people-family-on-cycling-tour\/169377231\" target=\"_blank\" rel=\"noopener\">group of people family on cycling tour Stock-Foto | Adobe Stock<\/a>)<\/p><p>Hotelov\u00e9 podstr\u00e1nky: Tipy na v\u00fdlety \u00a9 pavelgulea \/ Adobe Stock (<a href=\"https:\/\/stock.adobe.com\/de\/images\/large-retro-tourist-steamer-with-a-pipe-is-full-of-people-and-sails-along-the-calm-elbe-river-next-to-a-green-wild-coast-on-a-sunny-day-at-sunset-in-the-city-of-dresden-travel-concept\/427366440\" target=\"_blank\" rel=\"noopener\">Large retro tourist steamer with a pipe is full of people and sails along the calm Elbe river next to a green wild coast on a sunny day at sunset in the city of Dresden. Travel concept Stock-Foto | Adobe Stock <\/a>)<\/p><p>Hotelov\u00e9 podstr\u00e1nky: Tipy na v\u00fdlety \u00a9 Animaflora PicsStock \/ Adobe Stock(<a href=\"https:\/\/stock.adobe.com\/de\/images\/kleine-bastei-elbsandsteingebirge-sachsen\/180719441\" target=\"_blank\" rel=\"noopener\">Kleine Bastei Elbsandsteingebirge,Sachsen Stock-Foto | Adobe Stock<\/a>)<\/p><p>Hotelov\u00e9 podstr\u00e1nky: Tipy na v\u00fdlety \u00a9 Animaflora PicsStock \/ Adobe Stock(<a href=\"https:\/\/stock.adobe.com\/de\/images\/kurort-rathen-in-sachsen\/168515387\" target=\"_blank\" rel=\"noopener\">Kurort Rathen in Sachsen Stock-Foto | Adobe Stock<\/a>)<\/p><p>Hotelov\u00e9 podstr\u00e1nky: Tipy na v\u00fdlety \u00a9 Animaflora PicsStock \/ Adobe Stock(<a href=\"https:\/\/stock.adobe.com\/de\/images\/blick-auf-das-elbufer-in-rathen-elbsandsteingebirge\/176866867\" target=\"_blank\" rel=\"noopener\">Blick auf das Elbufer in Rathen Elbsandsteingebirge Stock-Foto | Adobe Stock<\/a>)<\/p><p>Hotelov\u00e9 podstr\u00e1nky: Tipy na v\u00fdlety \u00a9 Comofoto PicsStock \/ Adobe Stock (<a href=\"https:\/\/stock.adobe.com\/de\/images\/rathen-an-der-elbe\/319197569\" target=\"_blank\" rel=\"noopener\">Rathen an der Elbe Stock-Foto | Adobe Stock<\/a>)<\/p><p>Hotelov\u00e9 podstr\u00e1nky: Tipy na v\u00fdlety \u00a9 Comofoto PicsStock \/ Adobe Stock (<a href=\"https:\/\/stock.adobe.com\/de\/images\/rathen-an-der-elbe\/319197503\" target=\"_blank\" rel=\"noopener\">Rathen an der Elbe Stock-Foto | Adobe Stock<\/a>)<\/p><p>Hotelov\u00e9 podstr\u00e1nky: Tipy na v\u00fdlety \u00a9 Gehkah PicsStock \/ Adobe Stock (<a href=\"https:\/\/stock.adobe.com\/de\/images\/kurort-rathen-sachsen\/285762161\" target=\"_blank\" rel=\"noopener\">Kurort Rathen, Sachsen Stock-Foto | Adobe Stock<\/a>)<\/p><p>Hotelov\u00ed asistenti: \u00davodn\u00ed str\u00e1nka \u00a9 Zenturio Designs \/ Adobe Stock (<a href=\"https:\/\/stock.adobe.com\/de\/images\/happy-mature-couple-has-fun-in-the-pool-and-enjoys-the-summer-smiling-and-laughin-at-sunshine-generative-ai\/599652998\" target=\"_blank\" rel=\"noopener\">Happy mature couple has fun in the pool and enjoys the summer. Smiling and laughin at sunshine. Generative Ai Stock-Illustration | Adobe Stock  <\/a>)<\/p><p>Shop: \u00a9 \u0410\u043b\u0435\u043a\u0441 \u0420\u0435\u043d\u043a\u043e \/ Adobe Stock (<a href=\"https:\/\/stock.adobe.com\/de\/images\/an-adult-red-haired-dachshund-is-resting-in-a-white-bed-and-wearing-pink-glasses-for-sleeping\/451003614\" target=\"_blank\" rel=\"noopener\">An adult red-haired dachshund is resting in a white bed and wearing pink glasses for sleeping. Stock-Foto | Adobe Stock <\/a>)<\/p><p>Shop: \u00a9 Daria17 \/ Adobe Stock (<a href=\"https:\/\/stock.adobe.com\/de\/images\/dog-with-glasses-reads-a-book-on-an-orange-background-with-space-for-text-banner-copyspace\/636322697\" target=\"_blank\" rel=\"noopener\">Dog with glasses reads a book on an orange background with space for text. Banner, copyspace Stock-Foto | Adobe Stock <\/a>)<\/p><p>Shop: \u00a9 Alexandra \/ Adobe Stock (<a href=\"https:\/\/stock.adobe.com\/de\/images\/raccoon-holding-balloons-over-yellow-background-happy-birthday-concept-generative-ai\/637802661\" target=\"_blank\" rel=\"noopener\">raccoon holding balloons over yellow background, happy birthday concept. Generative Ai Stock-Foto | Adobe Stock <\/a>)<\/p><p>Shop: \u00a9 JenkoAtaman \/ Adobe Stock (<a href=\"https:\/\/stock.adobe.com\/de\/images\/grandmother-birthday-party\/688874198\" target=\"_blank\" rel=\"noopener\">Grandmother birthday party Stock-Foto | Adobe Stock<\/a>)<\/p><p>Shop: \u00a9 Valeriia \/ Adobe Stock (<a href=\"https:\/\/stock.adobe.com\/de\/images\/toddler-little-baby-superman-superhero-with-a-red-cape-flying-th\/107633483\" target=\"_blank\" rel=\"noopener\">toddler little baby superman superhero with a red cape flying th Stock-Foto | Adobe Stock<\/a>)<\/p><\/div><\/div>\t\t\t\t\t\t\t\t<\/div>\n\t\t\t\t<\/div>\n\t\t\t\t\t<\/div>\n\t\t\t\t<\/div>\n\t\t<div class=\"elementor-element elementor-element-f1b9819 elementor-hidden-desktop jetztbuchenbtn e-flex e-con-boxed elementor-invisible e-con e-parent\" data-id=\"f1b9819\" data-element_type=\"container\" data-e-type=\"container\" data-settings=\"{&quot;sticky&quot;:&quot;bottom&quot;,&quot;sticky_offset_tablet&quot;:15,&quot;animation&quot;:&quot;fadeInUp&quot;,&quot;sticky_on&quot;:[&quot;desktop&quot;,&quot;tablet&quot;,&quot;mobile&quot;],&quot;sticky_offset&quot;:0,&quot;sticky_effects_offset&quot;:0,&quot;sticky_anchor_link_offset&quot;:0}\">\n\t\t\t\t\t<div class=\"e-con-inner\">\n\t\t\t\t<div class=\"elementor-element elementor-element-0c53367 elementor-align-justify elementor-tablet-align-center elementor-mobile-align-center elementor-widget elementor-widget-button\" data-id=\"0c53367\" data-element_type=\"widget\" data-e-type=\"widget\" data-widget_type=\"button.default\">\n\t\t\t\t<div class=\"elementor-widget-container\">\n\t\t\t\t\t\t\t\t\t<div class=\"elementor-button-wrapper\">\n\t\t\t\t\t<a class=\"elementor-button elementor-button-link elementor-size-sm\" href=\"https:\/\/hotels.steiger-hotels.com\/\" target=\"_blank\">\n\t\t\t\t\t\t<span class=\"elementor-button-content-wrapper\">\n\t\t\t\t\t\t\t\t\t<span class=\"elementor-button-text\">REZERVOVAT NYN\u00cd<\/span>\n\t\t\t\t\t<\/span>\n\t\t\t\t\t<\/a>\n\t\t\t\t<\/div>\n\t\t\t\t\t\t\t\t<\/div>\n\t\t\t\t<\/div>\n\t\t\t\t\t<\/div>\n\t\t\t\t<\/div>\n\t\t\t\t<\/div>\n\t\t","protected":false},"excerpt":{"rendered":"<p>Impresum Provozovatel webov\u00fdch str\u00e1nek \/ Poskytovatel \u00dadaje podle \u00a7 5 TMG: PROVOZOVATEL STR\u00c1NEK Margaux Steiger ODPOV\u011aDN\u00cd REDAKTO\u0158I Margaux Steiger FINAN\u010cN\u00cd PROST\u0158EDKY Z Evropsk\u00e9ho fondu pro region\u00e1ln\u00ed rozvoj EFRE \/ ESF jsme obdr\u017eeli finan\u010dn\u00ed prost\u0159edky (E-Business\/Veletrhy &amp; Zahrani\u010dn\u00ed obchod). Pro na\u0161e stavebn\u00ed projekty: Parkhotel Steiger Hohnstein \/ Apparthotel Steiger Bad Schandau \/ Hotel Landidyll Steiger jsme [&hellip;]<\/p>\n","protected":false},"author":1,"featured_media":0,"parent":0,"menu_order":0,"comment_status":"closed","ping_status":"closed","template":"","meta":{"footnotes":""},"class_list":["post-18412","page","type-page","status-publish","hentry"],"_links":{"self":[{"href":"https:\/\/steiger-hotels.com\/cs\/wp-json\/wp\/v2\/pages\/18412","targetHints":{"allow":["GET"]}}],"collection":[{"href":"https:\/\/steiger-hotels.com\/cs\/wp-json\/wp\/v2\/pages"}],"about":[{"href":"https:\/\/steiger-hotels.com\/cs\/wp-json\/wp\/v2\/types\/page"}],"author":[{"embeddable":true,"href":"https:\/\/steiger-hotels.com\/cs\/wp-json\/wp\/v2\/users\/1"}],"replies":[{"embeddable":true,"href":"https:\/\/steiger-hotels.com\/cs\/wp-json\/wp\/v2\/comments?post=18412"}],"version-history":[{"count":1,"href":"https:\/\/steiger-hotels.com\/cs\/wp-json\/wp\/v2\/pages\/18412\/revisions"}],"predecessor-version":[{"id":18416,"href":"https:\/\/steiger-hotels.com\/cs\/wp-json\/wp\/v2\/pages\/18412\/revisions\/18416"}],"wp:attachment":[{"href":"https:\/\/steiger-hotels.com\/cs\/wp-json\/wp\/v2\/media?parent=18412"}],"curies":[{"name":"wp","href":"https:\/\/api.w.org\/{rel}","templated":true}]}}