{"id":18316,"date":"2025-09-03T16:21:43","date_gmt":"2025-09-03T14:21:43","guid":{"rendered":"https:\/\/steiger-hotels.com\/kategorie-obchodu\/"},"modified":"2026-01-14T13:18:21","modified_gmt":"2026-01-14T12:18:21","slug":"kategorie-obchodu","status":"publish","type":"page","link":"https:\/\/steiger-hotels.com\/cs\/kategorie-obchodu\/","title":{"rendered":"Kategorie obchodu"},"content":{"rendered":"\t\t<div data-elementor-type=\"wp-page\" data-elementor-id=\"18316\" class=\"elementor elementor-18316 elementor-1495\" data-elementor-post-type=\"page\">\n\t\t\t\t<div class=\"elementor-element elementor-element-1286c98 e-flex e-con-boxed e-con e-parent\" data-id=\"1286c98\" data-element_type=\"container\" data-e-type=\"container\" data-settings=\"{&quot;background_background&quot;:&quot;classic&quot;}\">\n\t\t\t\t\t<div class=\"e-con-inner\">\n\t\t\t\t<div class=\"elementor-element elementor-element-a77cdfb elementor-widget elementor-widget-heading\" data-id=\"a77cdfb\" data-element_type=\"widget\" data-e-type=\"widget\" data-widget_type=\"heading.default\">\n\t\t\t\t<div class=\"elementor-widget-container\">\n\t\t\t\t\t<h1 class=\"elementor-heading-title elementor-size-default\">Upgradovat obchod<\/h1>\t\t\t\t<\/div>\n\t\t\t\t<\/div>\n\t\t\t\t\t<\/div>\n\t\t\t\t<\/div>\n\t\t<div class=\"elementor-element elementor-element-5a33d38 e-flex e-con-boxed e-con e-parent\" data-id=\"5a33d38\" data-element_type=\"container\" data-e-type=\"container\">\n\t\t\t\t\t<div class=\"e-con-inner\">\n\t\t\t\t<div class=\"elementor-element elementor-element-04b991c elementor-grid-3 elementor-product-loop-item--align-center elementor-grid-tablet-3 elementor-grid-mobile-2 elementor-products-grid elementor-wc-products elementor-widget elementor-widget-wc-categories\" data-id=\"04b991c\" data-element_type=\"widget\" data-e-type=\"widget\" data-widget_type=\"wc-categories.default\">\n\t\t\t\t<div class=\"elementor-widget-container\">\n\t\t\t\t\t<div class=\"woocommerce columns-3\"><ul class=\"products elementor-grid columns-3\">\n<li class=\"product-category product first\">\n\t<a aria-label=\"Nav\u0161tivte kategorii produktu P\u0159ist\u00fdlka \/ Dom\u00e1c\u00ed zv\u00ed\u0159ata\" href=\"https:\/\/steiger-hotels.com\/cs\/produkt-kategorie\/pristylka-domaci-zvirata\/\"><img fetchpriority=\"high\" decoding=\"async\" src=\"https:\/\/steiger-hotels.com\/wp-content\/uploads\/woocommerce-placeholder-300x300.webp\" alt=\"P\u0159ist\u00fdlka \/ Dom\u00e1c\u00ed zv\u00ed\u0159ata\" width=\"300\" height=\"300\" title=\"\">\t\t<h2 class=\"woocommerce-loop-category__title\">\n\t\t\tP\u0159ist\u00fdlka \/ Dom\u00e1c\u00ed zv\u00ed\u0159ata <mark class=\"count\">(2)<\/mark>\t\t<\/h2>\n\t\t<\/a><\/li>\n<li class=\"product-category product\">\n\t<a aria-label=\"Nav\u0161tivte kategorii produktu Narozeniny\" href=\"https:\/\/steiger-hotels.com\/cs\/produkt-kategorie\/narozeniny\/\"><img decoding=\"async\" src=\"https:\/\/steiger-hotels.com\/wp-content\/uploads\/woocommerce-placeholder-300x300.webp\" alt=\"Narozeniny\" width=\"300\" height=\"300\" title=\"\">\t\t<h2 class=\"woocommerce-loop-category__title\">\n\t\t\tNarozeniny <mark class=\"count\">(3)<\/mark>\t\t<\/h2>\n\t\t<\/a><\/li>\n<li class=\"product-category product last\">\n\t<a aria-label=\"Nav\u0161tivte kategorii produktu dal\u0161\u00ed slu\u017eby pro v\u00e1\u0161 pobyt\" href=\"https:\/\/steiger-hotels.com\/cs\/produkt-kategorie\/dalsi-sluzby-pro-vas-pobyt\/\"><img decoding=\"async\" src=\"https:\/\/steiger-hotels.com\/wp-content\/uploads\/woocommerce-placeholder-300x300.webp\" alt=\"dal\u0161\u00ed slu\u017eby pro v\u00e1\u0161 pobyt\" width=\"300\" height=\"300\" title=\"\">\t\t<h2 class=\"woocommerce-loop-category__title\">\n\t\t\tdal\u0161\u00ed slu\u017eby pro v\u00e1\u0161 pobyt <mark class=\"count\">(5)<\/mark>\t\t<\/h2>\n\t\t<\/a><\/li>\n<\/ul>\n<\/div>\t\t\t\t<\/div>\n\t\t\t\t<\/div>\n\t\t\t\t\t<\/div>\n\t\t\t\t<\/div>\n\t\t\t\t<\/div>\n\t\t","protected":false},"excerpt":{"rendered":"<p>Upgradovat obchod<\/p>\n","protected":false},"author":1,"featured_media":0,"parent":0,"menu_order":0,"comment_status":"closed","ping_status":"closed","template":"","meta":{"footnotes":""},"class_list":["post-18316","page","type-page","status-publish","hentry"],"_links":{"self":[{"href":"https:\/\/steiger-hotels.com\/cs\/wp-json\/wp\/v2\/pages\/18316","targetHints":{"allow":["GET"]}}],"collection":[{"href":"https:\/\/steiger-hotels.com\/cs\/wp-json\/wp\/v2\/pages"}],"about":[{"href":"https:\/\/steiger-hotels.com\/cs\/wp-json\/wp\/v2\/types\/page"}],"author":[{"embeddable":true,"href":"https:\/\/steiger-hotels.com\/cs\/wp-json\/wp\/v2\/users\/1"}],"replies":[{"embeddable":true,"href":"https:\/\/steiger-hotels.com\/cs\/wp-json\/wp\/v2\/comments?post=18316"}],"version-history":[{"count":3,"href":"https:\/\/steiger-hotels.com\/cs\/wp-json\/wp\/v2\/pages\/18316\/revisions"}],"predecessor-version":[{"id":18399,"href":"https:\/\/steiger-hotels.com\/cs\/wp-json\/wp\/v2\/pages\/18316\/revisions\/18399"}],"wp:attachment":[{"href":"https:\/\/steiger-hotels.com\/cs\/wp-json\/wp\/v2\/media?parent=18316"}],"curies":[{"name":"wp","href":"https:\/\/api.w.org\/{rel}","templated":true}]}}